{"id":586,"date":"2022-07-15T20:47:31","date_gmt":"2022-07-15T20:47:31","guid":{"rendered":"https:\/\/librosdeoro.cafam.com.co\/libro2025\/?page_id=586"},"modified":"2022-07-16T00:05:45","modified_gmt":"2022-07-16T00:05:45","slug":"josefina-klinger-zuniga","status":"publish","type":"page","link":"https:\/\/librosdeoro.cafam.com.co\/libro2025\/josefina-klinger-zuniga\/","title":{"rendered":"JOSEFINA KLINGER Z\u00da\u00d1IGA"},"content":{"rendered":"","protected":false},"excerpt":{"rendered":"","protected":false},"author":3,"featured_media":340,"parent":0,"menu_order":0,"comment_status":"closed","ping_status":"closed","template":"","meta":{"footnotes":""},"class_list":["post-586","page","type-page","status-publish","has-post-thumbnail","hentry"],"yoast_head":"<!-- This site is optimized with the Yoast SEO plugin v23.1 - https:\/\/yoast.com\/wordpress\/plugins\/seo\/ -->\n<title>Josefina Klinger Z\u00fa\u00f1iga 2015 - Libros de Oro 2025<\/title>\n<meta name=\"description\" content=\"Representante de Choc\u00f3, ganadora en 2015. Corporaci\u00f3n Mano Cambiada, ecoturismo, ni\u00f1ez, juventud, cultura, medio ambiente y la producci\u00f3n.\" \/>\n<meta name=\"robots\" content=\"index, follow, max-snippet:-1, max-image-preview:large, max-video-preview:-1\" \/>\n<link rel=\"canonical\" href=\"https:\/\/librosdeoro.cafam.com.co\/libro2025\/josefina-klinger-zuniga\/\" \/>\n<meta property=\"og:locale\" content=\"en_US\" \/>\n<meta property=\"og:type\" content=\"article\" \/>\n<meta property=\"og:title\" content=\"Josefina Klinger Z\u00fa\u00f1iga 2015 - Libros de Oro 2025\" \/>\n<meta property=\"og:description\" content=\"Representante de Choc\u00f3, ganadora en 2015. Corporaci\u00f3n Mano Cambiada, ecoturismo, ni\u00f1ez, juventud, cultura, medio ambiente y la producci\u00f3n.\" \/>\n<meta property=\"og:url\" content=\"https:\/\/librosdeoro.cafam.com.co\/libro2025\/josefina-klinger-zuniga\/\" \/>\n<meta property=\"og:site_name\" content=\"Libros de Oro 2025\" \/>\n<meta property=\"article:modified_time\" content=\"2022-07-16T00:05:45+00:00\" \/>\n<meta property=\"og:image\" content=\"https:\/\/librosdeoro.cafam.com.co\/libro2025\/wp-content\/uploads\/sites\/13\/2022\/07\/27-Josefina-Klinger-Zuniga-1.jpg\" \/>\n\t<meta property=\"og:image:width\" content=\"500\" \/>\n\t<meta property=\"og:image:height\" content=\"638\" \/>\n\t<meta property=\"og:image:type\" content=\"image\/jpeg\" \/>\n<meta name=\"twitter:card\" content=\"summary_large_image\" \/>\n<script type=\"application\/ld+json\" class=\"yoast-schema-graph\">{\"@context\":\"https:\/\/schema.org\",\"@graph\":[{\"@type\":\"WebPage\",\"@id\":\"https:\/\/librosdeoro.cafam.com.co\/libro2025\/josefina-klinger-zuniga\/\",\"url\":\"https:\/\/librosdeoro.cafam.com.co\/libro2025\/josefina-klinger-zuniga\/\",\"name\":\"Josefina Klinger Z\u00fa\u00f1iga 2015 - Libros de Oro 2025\",\"isPartOf\":{\"@id\":\"https:\/\/librosdeoro.cafam.com.co\/libro2025\/#website\"},\"primaryImageOfPage\":{\"@id\":\"https:\/\/librosdeoro.cafam.com.co\/libro2025\/josefina-klinger-zuniga\/#primaryimage\"},\"image\":{\"@id\":\"https:\/\/librosdeoro.cafam.com.co\/libro2025\/josefina-klinger-zuniga\/#primaryimage\"},\"thumbnailUrl\":\"https:\/\/librosdeoro.cafam.com.co\/libro2025\/wp-content\/uploads\/sites\/13\/2022\/07\/27-Josefina-Klinger-Zuniga-1.jpg\",\"datePublished\":\"2022-07-15T20:47:31+00:00\",\"dateModified\":\"2022-07-16T00:05:45+00:00\",\"description\":\"Representante de Choc\u00f3, ganadora en 2015. Corporaci\u00f3n Mano Cambiada, ecoturismo, ni\u00f1ez, juventud, cultura, medio ambiente y la producci\u00f3n.\",\"breadcrumb\":{\"@id\":\"https:\/\/librosdeoro.cafam.com.co\/libro2025\/josefina-klinger-zuniga\/#breadcrumb\"},\"inLanguage\":\"en-US\",\"potentialAction\":[{\"@type\":\"ReadAction\",\"target\":[\"https:\/\/librosdeoro.cafam.com.co\/libro2025\/josefina-klinger-zuniga\/\"]}]},{\"@type\":\"ImageObject\",\"inLanguage\":\"en-US\",\"@id\":\"https:\/\/librosdeoro.cafam.com.co\/libro2025\/josefina-klinger-zuniga\/#primaryimage\",\"url\":\"https:\/\/librosdeoro.cafam.com.co\/libro2025\/wp-content\/uploads\/sites\/13\/2022\/07\/27-Josefina-Klinger-Zuniga-1.jpg\",\"contentUrl\":\"https:\/\/librosdeoro.cafam.com.co\/libro2025\/wp-content\/uploads\/sites\/13\/2022\/07\/27-Josefina-Klinger-Zuniga-1.jpg\",\"width\":500,\"height\":638,\"caption\":\"Josefina Klinger Z\u00fa\u00f1iga\"},{\"@type\":\"BreadcrumbList\",\"@id\":\"https:\/\/librosdeoro.cafam.com.co\/libro2025\/josefina-klinger-zuniga\/#breadcrumb\",\"itemListElement\":[{\"@type\":\"ListItem\",\"position\":1,\"name\":\"Home\",\"item\":\"https:\/\/librosdeoro.cafam.com.co\/libro2025\/\"},{\"@type\":\"ListItem\",\"position\":2,\"name\":\"JOSEFINA KLINGER Z\u00da\u00d1IGA\"}]},{\"@type\":\"WebSite\",\"@id\":\"https:\/\/librosdeoro.cafam.com.co\/libro2025\/#website\",\"url\":\"https:\/\/librosdeoro.cafam.com.co\/libro2025\/\",\"name\":\"Libros de Oro 2025\",\"description\":\"\",\"potentialAction\":[{\"@type\":\"SearchAction\",\"target\":{\"@type\":\"EntryPoint\",\"urlTemplate\":\"https:\/\/librosdeoro.cafam.com.co\/libro2025\/?s={search_term_string}\"},\"query-input\":\"required name=search_term_string\"}],\"inLanguage\":\"en-US\"}]}<\/script>\n<!-- \/ Yoast SEO plugin. -->","yoast_head_json":{"title":"Josefina Klinger Z\u00fa\u00f1iga 2015 - Libros de Oro 2025","description":"Representante de Choc\u00f3, ganadora en 2015. Corporaci\u00f3n Mano Cambiada, ecoturismo, ni\u00f1ez, juventud, cultura, medio ambiente y la producci\u00f3n.","robots":{"index":"index","follow":"follow","max-snippet":"max-snippet:-1","max-image-preview":"max-image-preview:large","max-video-preview":"max-video-preview:-1"},"canonical":"https:\/\/librosdeoro.cafam.com.co\/libro2025\/josefina-klinger-zuniga\/","og_locale":"en_US","og_type":"article","og_title":"Josefina Klinger Z\u00fa\u00f1iga 2015 - Libros de Oro 2025","og_description":"Representante de Choc\u00f3, ganadora en 2015. Corporaci\u00f3n Mano Cambiada, ecoturismo, ni\u00f1ez, juventud, cultura, medio ambiente y la producci\u00f3n.","og_url":"https:\/\/librosdeoro.cafam.com.co\/libro2025\/josefina-klinger-zuniga\/","og_site_name":"Libros de Oro 2025","article_modified_time":"2022-07-16T00:05:45+00:00","og_image":[{"width":500,"height":638,"url":"https:\/\/librosdeoro.cafam.com.co\/libro2025\/wp-content\/uploads\/sites\/13\/2022\/07\/27-Josefina-Klinger-Zuniga-1.jpg","type":"image\/jpeg"}],"twitter_card":"summary_large_image","schema":{"@context":"https:\/\/schema.org","@graph":[{"@type":"WebPage","@id":"https:\/\/librosdeoro.cafam.com.co\/libro2025\/josefina-klinger-zuniga\/","url":"https:\/\/librosdeoro.cafam.com.co\/libro2025\/josefina-klinger-zuniga\/","name":"Josefina Klinger Z\u00fa\u00f1iga 2015 - Libros de Oro 2025","isPartOf":{"@id":"https:\/\/librosdeoro.cafam.com.co\/libro2025\/#website"},"primaryImageOfPage":{"@id":"https:\/\/librosdeoro.cafam.com.co\/libro2025\/josefina-klinger-zuniga\/#primaryimage"},"image":{"@id":"https:\/\/librosdeoro.cafam.com.co\/libro2025\/josefina-klinger-zuniga\/#primaryimage"},"thumbnailUrl":"https:\/\/librosdeoro.cafam.com.co\/libro2025\/wp-content\/uploads\/sites\/13\/2022\/07\/27-Josefina-Klinger-Zuniga-1.jpg","datePublished":"2022-07-15T20:47:31+00:00","dateModified":"2022-07-16T00:05:45+00:00","description":"Representante de Choc\u00f3, ganadora en 2015. Corporaci\u00f3n Mano Cambiada, ecoturismo, ni\u00f1ez, juventud, cultura, medio ambiente y la producci\u00f3n.","breadcrumb":{"@id":"https:\/\/librosdeoro.cafam.com.co\/libro2025\/josefina-klinger-zuniga\/#breadcrumb"},"inLanguage":"en-US","potentialAction":[{"@type":"ReadAction","target":["https:\/\/librosdeoro.cafam.com.co\/libro2025\/josefina-klinger-zuniga\/"]}]},{"@type":"ImageObject","inLanguage":"en-US","@id":"https:\/\/librosdeoro.cafam.com.co\/libro2025\/josefina-klinger-zuniga\/#primaryimage","url":"https:\/\/librosdeoro.cafam.com.co\/libro2025\/wp-content\/uploads\/sites\/13\/2022\/07\/27-Josefina-Klinger-Zuniga-1.jpg","contentUrl":"https:\/\/librosdeoro.cafam.com.co\/libro2025\/wp-content\/uploads\/sites\/13\/2022\/07\/27-Josefina-Klinger-Zuniga-1.jpg","width":500,"height":638,"caption":"Josefina Klinger Z\u00fa\u00f1iga"},{"@type":"BreadcrumbList","@id":"https:\/\/librosdeoro.cafam.com.co\/libro2025\/josefina-klinger-zuniga\/#breadcrumb","itemListElement":[{"@type":"ListItem","position":1,"name":"Home","item":"https:\/\/librosdeoro.cafam.com.co\/libro2025\/"},{"@type":"ListItem","position":2,"name":"JOSEFINA KLINGER Z\u00da\u00d1IGA"}]},{"@type":"WebSite","@id":"https:\/\/librosdeoro.cafam.com.co\/libro2025\/#website","url":"https:\/\/librosdeoro.cafam.com.co\/libro2025\/","name":"Libros de Oro 2025","description":"","potentialAction":[{"@type":"SearchAction","target":{"@type":"EntryPoint","urlTemplate":"https:\/\/librosdeoro.cafam.com.co\/libro2025\/?s={search_term_string}"},"query-input":"required name=search_term_string"}],"inLanguage":"en-US"}]}},"_links":{"self":[{"href":"https:\/\/librosdeoro.cafam.com.co\/libro2025\/wp-json\/wp\/v2\/pages\/586","targetHints":{"allow":["GET"]}}],"collection":[{"href":"https:\/\/librosdeoro.cafam.com.co\/libro2025\/wp-json\/wp\/v2\/pages"}],"about":[{"href":"https:\/\/librosdeoro.cafam.com.co\/libro2025\/wp-json\/wp\/v2\/types\/page"}],"author":[{"embeddable":true,"href":"https:\/\/librosdeoro.cafam.com.co\/libro2025\/wp-json\/wp\/v2\/users\/3"}],"replies":[{"embeddable":true,"href":"https:\/\/librosdeoro.cafam.com.co\/libro2025\/wp-json\/wp\/v2\/comments?post=586"}],"version-history":[{"count":1,"href":"https:\/\/librosdeoro.cafam.com.co\/libro2025\/wp-json\/wp\/v2\/pages\/586\/revisions"}],"predecessor-version":[{"id":587,"href":"https:\/\/librosdeoro.cafam.com.co\/libro2025\/wp-json\/wp\/v2\/pages\/586\/revisions\/587"}],"wp:featuredmedia":[{"embeddable":true,"href":"https:\/\/librosdeoro.cafam.com.co\/libro2025\/wp-json\/wp\/v2\/media\/340"}],"wp:attachment":[{"href":"https:\/\/librosdeoro.cafam.com.co\/libro2025\/wp-json\/wp\/v2\/media?parent=586"}],"curies":[{"name":"wp","href":"https:\/\/api.w.org\/{rel}","templated":true}]}}