{"id":579,"date":"2022-07-15T20:29:08","date_gmt":"2022-07-15T20:29:08","guid":{"rendered":"https:\/\/librosdeoro.cafam.com.co\/libro2025\/?page_id=579"},"modified":"2022-07-16T00:00:14","modified_gmt":"2022-07-16T00:00:14","slug":"aydee-liliana-meza-henao","status":"publish","type":"page","link":"https:\/\/librosdeoro.cafam.com.co\/libro2025\/aydee-liliana-meza-henao\/","title":{"rendered":"AYDEE LILIANA MEZA HENAO"},"content":{"rendered":"","protected":false},"excerpt":{"rendered":"","protected":false},"author":3,"featured_media":343,"parent":0,"menu_order":0,"comment_status":"closed","ping_status":"closed","template":"","meta":{"footnotes":""},"class_list":["post-579","page","type-page","status-publish","has-post-thumbnail","hentry"],"yoast_head":"<!-- This site is optimized with the Yoast SEO plugin v23.1 - https:\/\/yoast.com\/wordpress\/plugins\/seo\/ -->\n<title>Aydee Liliana Meza Henao 2012 - Libros de Oro 2025<\/title>\n<meta name=\"description\" content=\"Representante de Risaralda, ganadora en 2012. Fundaci\u00f3n Nuez, musicoterapia para rehabilitar cognitiva y f\u00edsicamente a ni\u00f1os discapacitados.\" \/>\n<meta name=\"robots\" content=\"index, follow, max-snippet:-1, max-image-preview:large, max-video-preview:-1\" \/>\n<link rel=\"canonical\" href=\"https:\/\/librosdeoro.cafam.com.co\/libro2025\/aydee-liliana-meza-henao\/\" \/>\n<meta property=\"og:locale\" content=\"en_US\" \/>\n<meta property=\"og:type\" content=\"article\" \/>\n<meta property=\"og:title\" content=\"Aydee Liliana Meza Henao 2012 - Libros de Oro 2025\" \/>\n<meta property=\"og:description\" content=\"Representante de Risaralda, ganadora en 2012. Fundaci\u00f3n Nuez, musicoterapia para rehabilitar cognitiva y f\u00edsicamente a ni\u00f1os discapacitados.\" \/>\n<meta property=\"og:url\" content=\"https:\/\/librosdeoro.cafam.com.co\/libro2025\/aydee-liliana-meza-henao\/\" \/>\n<meta property=\"og:site_name\" content=\"Libros de Oro 2025\" \/>\n<meta property=\"article:modified_time\" content=\"2022-07-16T00:00:14+00:00\" \/>\n<meta property=\"og:image\" content=\"https:\/\/librosdeoro.cafam.com.co\/libro2025\/wp-content\/uploads\/sites\/13\/2022\/07\/24-Aydee-Liliana-Meza-Henao-1.jpg\" \/>\n\t<meta property=\"og:image:width\" content=\"500\" \/>\n\t<meta property=\"og:image:height\" content=\"638\" \/>\n\t<meta property=\"og:image:type\" content=\"image\/jpeg\" \/>\n<meta name=\"twitter:card\" content=\"summary_large_image\" \/>\n<script type=\"application\/ld+json\" class=\"yoast-schema-graph\">{\"@context\":\"https:\/\/schema.org\",\"@graph\":[{\"@type\":\"WebPage\",\"@id\":\"https:\/\/librosdeoro.cafam.com.co\/libro2025\/aydee-liliana-meza-henao\/\",\"url\":\"https:\/\/librosdeoro.cafam.com.co\/libro2025\/aydee-liliana-meza-henao\/\",\"name\":\"Aydee Liliana Meza Henao 2012 - Libros de Oro 2025\",\"isPartOf\":{\"@id\":\"https:\/\/librosdeoro.cafam.com.co\/libro2025\/#website\"},\"primaryImageOfPage\":{\"@id\":\"https:\/\/librosdeoro.cafam.com.co\/libro2025\/aydee-liliana-meza-henao\/#primaryimage\"},\"image\":{\"@id\":\"https:\/\/librosdeoro.cafam.com.co\/libro2025\/aydee-liliana-meza-henao\/#primaryimage\"},\"thumbnailUrl\":\"https:\/\/librosdeoro.cafam.com.co\/libro2025\/wp-content\/uploads\/sites\/13\/2022\/07\/24-Aydee-Liliana-Meza-Henao-1.jpg\",\"datePublished\":\"2022-07-15T20:29:08+00:00\",\"dateModified\":\"2022-07-16T00:00:14+00:00\",\"description\":\"Representante de Risaralda, ganadora en 2012. Fundaci\u00f3n Nuez, musicoterapia para rehabilitar cognitiva y f\u00edsicamente a ni\u00f1os discapacitados.\",\"breadcrumb\":{\"@id\":\"https:\/\/librosdeoro.cafam.com.co\/libro2025\/aydee-liliana-meza-henao\/#breadcrumb\"},\"inLanguage\":\"en-US\",\"potentialAction\":[{\"@type\":\"ReadAction\",\"target\":[\"https:\/\/librosdeoro.cafam.com.co\/libro2025\/aydee-liliana-meza-henao\/\"]}]},{\"@type\":\"ImageObject\",\"inLanguage\":\"en-US\",\"@id\":\"https:\/\/librosdeoro.cafam.com.co\/libro2025\/aydee-liliana-meza-henao\/#primaryimage\",\"url\":\"https:\/\/librosdeoro.cafam.com.co\/libro2025\/wp-content\/uploads\/sites\/13\/2022\/07\/24-Aydee-Liliana-Meza-Henao-1.jpg\",\"contentUrl\":\"https:\/\/librosdeoro.cafam.com.co\/libro2025\/wp-content\/uploads\/sites\/13\/2022\/07\/24-Aydee-Liliana-Meza-Henao-1.jpg\",\"width\":500,\"height\":638,\"caption\":\"Aydee Liliana Meza Henao\"},{\"@type\":\"BreadcrumbList\",\"@id\":\"https:\/\/librosdeoro.cafam.com.co\/libro2025\/aydee-liliana-meza-henao\/#breadcrumb\",\"itemListElement\":[{\"@type\":\"ListItem\",\"position\":1,\"name\":\"Home\",\"item\":\"https:\/\/librosdeoro.cafam.com.co\/libro2025\/\"},{\"@type\":\"ListItem\",\"position\":2,\"name\":\"AYDEE LILIANA MEZA HENAO\"}]},{\"@type\":\"WebSite\",\"@id\":\"https:\/\/librosdeoro.cafam.com.co\/libro2025\/#website\",\"url\":\"https:\/\/librosdeoro.cafam.com.co\/libro2025\/\",\"name\":\"Libros de Oro 2025\",\"description\":\"\",\"potentialAction\":[{\"@type\":\"SearchAction\",\"target\":{\"@type\":\"EntryPoint\",\"urlTemplate\":\"https:\/\/librosdeoro.cafam.com.co\/libro2025\/?s={search_term_string}\"},\"query-input\":\"required name=search_term_string\"}],\"inLanguage\":\"en-US\"}]}<\/script>\n<!-- \/ Yoast SEO plugin. -->","yoast_head_json":{"title":"Aydee Liliana Meza Henao 2012 - Libros de Oro 2025","description":"Representante de Risaralda, ganadora en 2012. Fundaci\u00f3n Nuez, musicoterapia para rehabilitar cognitiva y f\u00edsicamente a ni\u00f1os discapacitados.","robots":{"index":"index","follow":"follow","max-snippet":"max-snippet:-1","max-image-preview":"max-image-preview:large","max-video-preview":"max-video-preview:-1"},"canonical":"https:\/\/librosdeoro.cafam.com.co\/libro2025\/aydee-liliana-meza-henao\/","og_locale":"en_US","og_type":"article","og_title":"Aydee Liliana Meza Henao 2012 - Libros de Oro 2025","og_description":"Representante de Risaralda, ganadora en 2012. Fundaci\u00f3n Nuez, musicoterapia para rehabilitar cognitiva y f\u00edsicamente a ni\u00f1os discapacitados.","og_url":"https:\/\/librosdeoro.cafam.com.co\/libro2025\/aydee-liliana-meza-henao\/","og_site_name":"Libros de Oro 2025","article_modified_time":"2022-07-16T00:00:14+00:00","og_image":[{"width":500,"height":638,"url":"https:\/\/librosdeoro.cafam.com.co\/libro2025\/wp-content\/uploads\/sites\/13\/2022\/07\/24-Aydee-Liliana-Meza-Henao-1.jpg","type":"image\/jpeg"}],"twitter_card":"summary_large_image","schema":{"@context":"https:\/\/schema.org","@graph":[{"@type":"WebPage","@id":"https:\/\/librosdeoro.cafam.com.co\/libro2025\/aydee-liliana-meza-henao\/","url":"https:\/\/librosdeoro.cafam.com.co\/libro2025\/aydee-liliana-meza-henao\/","name":"Aydee Liliana Meza Henao 2012 - Libros de Oro 2025","isPartOf":{"@id":"https:\/\/librosdeoro.cafam.com.co\/libro2025\/#website"},"primaryImageOfPage":{"@id":"https:\/\/librosdeoro.cafam.com.co\/libro2025\/aydee-liliana-meza-henao\/#primaryimage"},"image":{"@id":"https:\/\/librosdeoro.cafam.com.co\/libro2025\/aydee-liliana-meza-henao\/#primaryimage"},"thumbnailUrl":"https:\/\/librosdeoro.cafam.com.co\/libro2025\/wp-content\/uploads\/sites\/13\/2022\/07\/24-Aydee-Liliana-Meza-Henao-1.jpg","datePublished":"2022-07-15T20:29:08+00:00","dateModified":"2022-07-16T00:00:14+00:00","description":"Representante de Risaralda, ganadora en 2012. Fundaci\u00f3n Nuez, musicoterapia para rehabilitar cognitiva y f\u00edsicamente a ni\u00f1os discapacitados.","breadcrumb":{"@id":"https:\/\/librosdeoro.cafam.com.co\/libro2025\/aydee-liliana-meza-henao\/#breadcrumb"},"inLanguage":"en-US","potentialAction":[{"@type":"ReadAction","target":["https:\/\/librosdeoro.cafam.com.co\/libro2025\/aydee-liliana-meza-henao\/"]}]},{"@type":"ImageObject","inLanguage":"en-US","@id":"https:\/\/librosdeoro.cafam.com.co\/libro2025\/aydee-liliana-meza-henao\/#primaryimage","url":"https:\/\/librosdeoro.cafam.com.co\/libro2025\/wp-content\/uploads\/sites\/13\/2022\/07\/24-Aydee-Liliana-Meza-Henao-1.jpg","contentUrl":"https:\/\/librosdeoro.cafam.com.co\/libro2025\/wp-content\/uploads\/sites\/13\/2022\/07\/24-Aydee-Liliana-Meza-Henao-1.jpg","width":500,"height":638,"caption":"Aydee Liliana Meza Henao"},{"@type":"BreadcrumbList","@id":"https:\/\/librosdeoro.cafam.com.co\/libro2025\/aydee-liliana-meza-henao\/#breadcrumb","itemListElement":[{"@type":"ListItem","position":1,"name":"Home","item":"https:\/\/librosdeoro.cafam.com.co\/libro2025\/"},{"@type":"ListItem","position":2,"name":"AYDEE LILIANA MEZA HENAO"}]},{"@type":"WebSite","@id":"https:\/\/librosdeoro.cafam.com.co\/libro2025\/#website","url":"https:\/\/librosdeoro.cafam.com.co\/libro2025\/","name":"Libros de Oro 2025","description":"","potentialAction":[{"@type":"SearchAction","target":{"@type":"EntryPoint","urlTemplate":"https:\/\/librosdeoro.cafam.com.co\/libro2025\/?s={search_term_string}"},"query-input":"required name=search_term_string"}],"inLanguage":"en-US"}]}},"_links":{"self":[{"href":"https:\/\/librosdeoro.cafam.com.co\/libro2025\/wp-json\/wp\/v2\/pages\/579","targetHints":{"allow":["GET"]}}],"collection":[{"href":"https:\/\/librosdeoro.cafam.com.co\/libro2025\/wp-json\/wp\/v2\/pages"}],"about":[{"href":"https:\/\/librosdeoro.cafam.com.co\/libro2025\/wp-json\/wp\/v2\/types\/page"}],"author":[{"embeddable":true,"href":"https:\/\/librosdeoro.cafam.com.co\/libro2025\/wp-json\/wp\/v2\/users\/3"}],"replies":[{"embeddable":true,"href":"https:\/\/librosdeoro.cafam.com.co\/libro2025\/wp-json\/wp\/v2\/comments?post=579"}],"version-history":[{"count":1,"href":"https:\/\/librosdeoro.cafam.com.co\/libro2025\/wp-json\/wp\/v2\/pages\/579\/revisions"}],"predecessor-version":[{"id":580,"href":"https:\/\/librosdeoro.cafam.com.co\/libro2025\/wp-json\/wp\/v2\/pages\/579\/revisions\/580"}],"wp:featuredmedia":[{"embeddable":true,"href":"https:\/\/librosdeoro.cafam.com.co\/libro2025\/wp-json\/wp\/v2\/media\/343"}],"wp:attachment":[{"href":"https:\/\/librosdeoro.cafam.com.co\/libro2025\/wp-json\/wp\/v2\/media?parent=579"}],"curies":[{"name":"wp","href":"https:\/\/api.w.org\/{rel}","templated":true}]}}