{"id":569,"date":"2022-07-15T20:07:00","date_gmt":"2022-07-15T20:07:00","guid":{"rendered":"https:\/\/librosdeoro.cafam.com.co\/libro2025\/?page_id=569"},"modified":"2023-01-04T14:27:12","modified_gmt":"2023-01-04T19:27:12","slug":"martha-jacqueline-moreno-mendoza","status":"publish","type":"page","link":"https:\/\/librosdeoro.cafam.com.co\/libro2025\/martha-jacqueline-moreno-mendoza\/","title":{"rendered":"MARTHA JACQUELINE MORENO MENDOZA"},"content":{"rendered":"","protected":false},"excerpt":{"rendered":"","protected":false},"author":3,"featured_media":324,"parent":0,"menu_order":0,"comment_status":"closed","ping_status":"closed","template":"","meta":{"footnotes":""},"class_list":["post-569","page","type-page","status-publish","has-post-thumbnail","hentry"],"yoast_head":"<!-- This site is optimized with the Yoast SEO plugin v23.1 - https:\/\/yoast.com\/wordpress\/plugins\/seo\/ -->\n<title>Martha Moreno Mendoza 2008 - Libros de Oro 2025<\/title>\n<meta name=\"description\" content=\"Martha Jacqueline Moreno, Representante de Bogot\u00e1, ganadora en 2008. Fundaci\u00f3n Laudes, que a trav\u00e9s del trueque social.\" \/>\n<meta name=\"robots\" content=\"index, follow, max-snippet:-1, max-image-preview:large, max-video-preview:-1\" \/>\n<link rel=\"canonical\" href=\"https:\/\/librosdeoro.cafam.com.co\/libro2025\/martha-jacqueline-moreno-mendoza\/\" \/>\n<meta property=\"og:locale\" content=\"en_US\" \/>\n<meta property=\"og:type\" content=\"article\" \/>\n<meta property=\"og:title\" content=\"Martha Moreno Mendoza 2008 - Libros de Oro 2025\" \/>\n<meta property=\"og:description\" content=\"Martha Jacqueline Moreno, Representante de Bogot\u00e1, ganadora en 2008. Fundaci\u00f3n Laudes, que a trav\u00e9s del trueque social.\" \/>\n<meta property=\"og:url\" content=\"https:\/\/librosdeoro.cafam.com.co\/libro2025\/martha-jacqueline-moreno-mendoza\/\" \/>\n<meta property=\"og:site_name\" content=\"Libros de Oro 2025\" \/>\n<meta property=\"article:modified_time\" content=\"2023-01-04T19:27:12+00:00\" \/>\n<meta property=\"og:image\" content=\"https:\/\/librosdeoro.cafam.com.co\/libro2025\/wp-content\/uploads\/sites\/13\/2022\/07\/20-Martha-Jacqueline-Moreno.jpg\" \/>\n\t<meta property=\"og:image:width\" content=\"500\" \/>\n\t<meta property=\"og:image:height\" content=\"637\" \/>\n\t<meta property=\"og:image:type\" content=\"image\/jpeg\" \/>\n<meta name=\"twitter:card\" content=\"summary_large_image\" \/>\n<script type=\"application\/ld+json\" class=\"yoast-schema-graph\">{\"@context\":\"https:\/\/schema.org\",\"@graph\":[{\"@type\":\"WebPage\",\"@id\":\"https:\/\/librosdeoro.cafam.com.co\/libro2025\/martha-jacqueline-moreno-mendoza\/\",\"url\":\"https:\/\/librosdeoro.cafam.com.co\/libro2025\/martha-jacqueline-moreno-mendoza\/\",\"name\":\"Martha Moreno Mendoza 2008 - Libros de Oro 2025\",\"isPartOf\":{\"@id\":\"https:\/\/librosdeoro.cafam.com.co\/libro2025\/#website\"},\"primaryImageOfPage\":{\"@id\":\"https:\/\/librosdeoro.cafam.com.co\/libro2025\/martha-jacqueline-moreno-mendoza\/#primaryimage\"},\"image\":{\"@id\":\"https:\/\/librosdeoro.cafam.com.co\/libro2025\/martha-jacqueline-moreno-mendoza\/#primaryimage\"},\"thumbnailUrl\":\"https:\/\/librosdeoro.cafam.com.co\/libro2025\/wp-content\/uploads\/sites\/13\/2022\/07\/20-Martha-Jacqueline-Moreno.jpg\",\"datePublished\":\"2022-07-15T20:07:00+00:00\",\"dateModified\":\"2023-01-04T19:27:12+00:00\",\"description\":\"Martha Jacqueline Moreno, Representante de Bogot\u00e1, ganadora en 2008. Fundaci\u00f3n Laudes, que a trav\u00e9s del trueque social.\",\"breadcrumb\":{\"@id\":\"https:\/\/librosdeoro.cafam.com.co\/libro2025\/martha-jacqueline-moreno-mendoza\/#breadcrumb\"},\"inLanguage\":\"en-US\",\"potentialAction\":[{\"@type\":\"ReadAction\",\"target\":[\"https:\/\/librosdeoro.cafam.com.co\/libro2025\/martha-jacqueline-moreno-mendoza\/\"]}]},{\"@type\":\"ImageObject\",\"inLanguage\":\"en-US\",\"@id\":\"https:\/\/librosdeoro.cafam.com.co\/libro2025\/martha-jacqueline-moreno-mendoza\/#primaryimage\",\"url\":\"https:\/\/librosdeoro.cafam.com.co\/libro2025\/wp-content\/uploads\/sites\/13\/2022\/07\/20-Martha-Jacqueline-Moreno.jpg\",\"contentUrl\":\"https:\/\/librosdeoro.cafam.com.co\/libro2025\/wp-content\/uploads\/sites\/13\/2022\/07\/20-Martha-Jacqueline-Moreno.jpg\",\"width\":500,\"height\":637,\"caption\":\"Martha Jacqueline Moreno\"},{\"@type\":\"BreadcrumbList\",\"@id\":\"https:\/\/librosdeoro.cafam.com.co\/libro2025\/martha-jacqueline-moreno-mendoza\/#breadcrumb\",\"itemListElement\":[{\"@type\":\"ListItem\",\"position\":1,\"name\":\"Home\",\"item\":\"https:\/\/librosdeoro.cafam.com.co\/libro2025\/\"},{\"@type\":\"ListItem\",\"position\":2,\"name\":\"MARTHA JACQUELINE MORENO MENDOZA\"}]},{\"@type\":\"WebSite\",\"@id\":\"https:\/\/librosdeoro.cafam.com.co\/libro2025\/#website\",\"url\":\"https:\/\/librosdeoro.cafam.com.co\/libro2025\/\",\"name\":\"Libros de Oro 2025\",\"description\":\"\",\"potentialAction\":[{\"@type\":\"SearchAction\",\"target\":{\"@type\":\"EntryPoint\",\"urlTemplate\":\"https:\/\/librosdeoro.cafam.com.co\/libro2025\/?s={search_term_string}\"},\"query-input\":\"required name=search_term_string\"}],\"inLanguage\":\"en-US\"}]}<\/script>\n<!-- \/ Yoast SEO plugin. -->","yoast_head_json":{"title":"Martha Moreno Mendoza 2008 - Libros de Oro 2025","description":"Martha Jacqueline Moreno, Representante de Bogot\u00e1, ganadora en 2008. Fundaci\u00f3n Laudes, que a trav\u00e9s del trueque social.","robots":{"index":"index","follow":"follow","max-snippet":"max-snippet:-1","max-image-preview":"max-image-preview:large","max-video-preview":"max-video-preview:-1"},"canonical":"https:\/\/librosdeoro.cafam.com.co\/libro2025\/martha-jacqueline-moreno-mendoza\/","og_locale":"en_US","og_type":"article","og_title":"Martha Moreno Mendoza 2008 - Libros de Oro 2025","og_description":"Martha Jacqueline Moreno, Representante de Bogot\u00e1, ganadora en 2008. Fundaci\u00f3n Laudes, que a trav\u00e9s del trueque social.","og_url":"https:\/\/librosdeoro.cafam.com.co\/libro2025\/martha-jacqueline-moreno-mendoza\/","og_site_name":"Libros de Oro 2025","article_modified_time":"2023-01-04T19:27:12+00:00","og_image":[{"width":500,"height":637,"url":"https:\/\/librosdeoro.cafam.com.co\/libro2025\/wp-content\/uploads\/sites\/13\/2022\/07\/20-Martha-Jacqueline-Moreno.jpg","type":"image\/jpeg"}],"twitter_card":"summary_large_image","schema":{"@context":"https:\/\/schema.org","@graph":[{"@type":"WebPage","@id":"https:\/\/librosdeoro.cafam.com.co\/libro2025\/martha-jacqueline-moreno-mendoza\/","url":"https:\/\/librosdeoro.cafam.com.co\/libro2025\/martha-jacqueline-moreno-mendoza\/","name":"Martha Moreno Mendoza 2008 - Libros de Oro 2025","isPartOf":{"@id":"https:\/\/librosdeoro.cafam.com.co\/libro2025\/#website"},"primaryImageOfPage":{"@id":"https:\/\/librosdeoro.cafam.com.co\/libro2025\/martha-jacqueline-moreno-mendoza\/#primaryimage"},"image":{"@id":"https:\/\/librosdeoro.cafam.com.co\/libro2025\/martha-jacqueline-moreno-mendoza\/#primaryimage"},"thumbnailUrl":"https:\/\/librosdeoro.cafam.com.co\/libro2025\/wp-content\/uploads\/sites\/13\/2022\/07\/20-Martha-Jacqueline-Moreno.jpg","datePublished":"2022-07-15T20:07:00+00:00","dateModified":"2023-01-04T19:27:12+00:00","description":"Martha Jacqueline Moreno, Representante de Bogot\u00e1, ganadora en 2008. Fundaci\u00f3n Laudes, que a trav\u00e9s del trueque social.","breadcrumb":{"@id":"https:\/\/librosdeoro.cafam.com.co\/libro2025\/martha-jacqueline-moreno-mendoza\/#breadcrumb"},"inLanguage":"en-US","potentialAction":[{"@type":"ReadAction","target":["https:\/\/librosdeoro.cafam.com.co\/libro2025\/martha-jacqueline-moreno-mendoza\/"]}]},{"@type":"ImageObject","inLanguage":"en-US","@id":"https:\/\/librosdeoro.cafam.com.co\/libro2025\/martha-jacqueline-moreno-mendoza\/#primaryimage","url":"https:\/\/librosdeoro.cafam.com.co\/libro2025\/wp-content\/uploads\/sites\/13\/2022\/07\/20-Martha-Jacqueline-Moreno.jpg","contentUrl":"https:\/\/librosdeoro.cafam.com.co\/libro2025\/wp-content\/uploads\/sites\/13\/2022\/07\/20-Martha-Jacqueline-Moreno.jpg","width":500,"height":637,"caption":"Martha Jacqueline Moreno"},{"@type":"BreadcrumbList","@id":"https:\/\/librosdeoro.cafam.com.co\/libro2025\/martha-jacqueline-moreno-mendoza\/#breadcrumb","itemListElement":[{"@type":"ListItem","position":1,"name":"Home","item":"https:\/\/librosdeoro.cafam.com.co\/libro2025\/"},{"@type":"ListItem","position":2,"name":"MARTHA JACQUELINE MORENO MENDOZA"}]},{"@type":"WebSite","@id":"https:\/\/librosdeoro.cafam.com.co\/libro2025\/#website","url":"https:\/\/librosdeoro.cafam.com.co\/libro2025\/","name":"Libros de Oro 2025","description":"","potentialAction":[{"@type":"SearchAction","target":{"@type":"EntryPoint","urlTemplate":"https:\/\/librosdeoro.cafam.com.co\/libro2025\/?s={search_term_string}"},"query-input":"required name=search_term_string"}],"inLanguage":"en-US"}]}},"_links":{"self":[{"href":"https:\/\/librosdeoro.cafam.com.co\/libro2025\/wp-json\/wp\/v2\/pages\/569","targetHints":{"allow":["GET"]}}],"collection":[{"href":"https:\/\/librosdeoro.cafam.com.co\/libro2025\/wp-json\/wp\/v2\/pages"}],"about":[{"href":"https:\/\/librosdeoro.cafam.com.co\/libro2025\/wp-json\/wp\/v2\/types\/page"}],"author":[{"embeddable":true,"href":"https:\/\/librosdeoro.cafam.com.co\/libro2025\/wp-json\/wp\/v2\/users\/3"}],"replies":[{"embeddable":true,"href":"https:\/\/librosdeoro.cafam.com.co\/libro2025\/wp-json\/wp\/v2\/comments?post=569"}],"version-history":[{"count":1,"href":"https:\/\/librosdeoro.cafam.com.co\/libro2025\/wp-json\/wp\/v2\/pages\/569\/revisions"}],"predecessor-version":[{"id":570,"href":"https:\/\/librosdeoro.cafam.com.co\/libro2025\/wp-json\/wp\/v2\/pages\/569\/revisions\/570"}],"wp:featuredmedia":[{"embeddable":true,"href":"https:\/\/librosdeoro.cafam.com.co\/libro2025\/wp-json\/wp\/v2\/media\/324"}],"wp:attachment":[{"href":"https:\/\/librosdeoro.cafam.com.co\/libro2025\/wp-json\/wp\/v2\/media?parent=569"}],"curies":[{"name":"wp","href":"https:\/\/api.w.org\/{rel}","templated":true}]}}