{"id":534,"date":"2022-07-15T15:56:57","date_gmt":"2022-07-15T15:56:57","guid":{"rendered":"https:\/\/librosdeoro.cafam.com.co\/libro2025\/?page_id=534"},"modified":"2022-07-15T16:15:22","modified_gmt":"2022-07-15T16:15:22","slug":"maria-beatriz-posada-renteria","status":"publish","type":"page","link":"https:\/\/librosdeoro.cafam.com.co\/libro2025\/maria-beatriz-posada-renteria\/","title":{"rendered":"MAR\u00cdA BEATRIZ POSADA RENTER\u00cdA"},"content":{"rendered":"","protected":false},"excerpt":{"rendered":"","protected":false},"author":3,"featured_media":311,"parent":0,"menu_order":0,"comment_status":"closed","ping_status":"closed","template":"","meta":{"footnotes":""},"class_list":["post-534","page","type-page","status-publish","has-post-thumbnail","hentry"],"yoast_head":"<!-- This site is optimized with the Yoast SEO plugin v23.1 - https:\/\/yoast.com\/wordpress\/plugins\/seo\/ -->\n<title>Mar\u00eda Beatriz Posada Renter\u00eda . 1995 - Libros de Oro 2025<\/title>\n<meta name=\"description\" content=\"Mar\u00eda Beatriz Posada, Representante de Antioquia, ganadora en 1995. \u201cEl \u00c1ngel de Murind\u00f3\u201d. Su entrega permiti\u00f3 la reconstrucci\u00f3n del pueblo,\" \/>\n<meta name=\"robots\" content=\"index, follow, max-snippet:-1, max-image-preview:large, max-video-preview:-1\" \/>\n<link rel=\"canonical\" href=\"https:\/\/librosdeoro.cafam.com.co\/libro2025\/maria-beatriz-posada-renteria\/\" \/>\n<meta property=\"og:locale\" content=\"en_US\" \/>\n<meta property=\"og:type\" content=\"article\" \/>\n<meta property=\"og:title\" content=\"Mar\u00eda Beatriz Posada Renter\u00eda . 1995 - Libros de Oro 2025\" \/>\n<meta property=\"og:description\" content=\"Mar\u00eda Beatriz Posada, Representante de Antioquia, ganadora en 1995. \u201cEl \u00c1ngel de Murind\u00f3\u201d. Su entrega permiti\u00f3 la reconstrucci\u00f3n del pueblo,\" \/>\n<meta property=\"og:url\" content=\"https:\/\/librosdeoro.cafam.com.co\/libro2025\/maria-beatriz-posada-renteria\/\" \/>\n<meta property=\"og:site_name\" content=\"Libros de Oro 2025\" \/>\n<meta property=\"article:modified_time\" content=\"2022-07-15T16:15:22+00:00\" \/>\n<meta property=\"og:image\" content=\"https:\/\/librosdeoro.cafam.com.co\/libro2025\/wp-content\/uploads\/sites\/13\/2022\/07\/7-Maria-Beatriz-Posada-Reinteria.jpg\" \/>\n\t<meta property=\"og:image:width\" content=\"500\" \/>\n\t<meta property=\"og:image:height\" content=\"638\" \/>\n\t<meta property=\"og:image:type\" content=\"image\/jpeg\" \/>\n<meta name=\"twitter:card\" content=\"summary_large_image\" \/>\n<script type=\"application\/ld+json\" class=\"yoast-schema-graph\">{\"@context\":\"https:\/\/schema.org\",\"@graph\":[{\"@type\":\"WebPage\",\"@id\":\"https:\/\/librosdeoro.cafam.com.co\/libro2025\/maria-beatriz-posada-renteria\/\",\"url\":\"https:\/\/librosdeoro.cafam.com.co\/libro2025\/maria-beatriz-posada-renteria\/\",\"name\":\"Mar\u00eda Beatriz Posada Renter\u00eda . 1995 - Libros de Oro 2025\",\"isPartOf\":{\"@id\":\"https:\/\/librosdeoro.cafam.com.co\/libro2025\/#website\"},\"primaryImageOfPage\":{\"@id\":\"https:\/\/librosdeoro.cafam.com.co\/libro2025\/maria-beatriz-posada-renteria\/#primaryimage\"},\"image\":{\"@id\":\"https:\/\/librosdeoro.cafam.com.co\/libro2025\/maria-beatriz-posada-renteria\/#primaryimage\"},\"thumbnailUrl\":\"https:\/\/librosdeoro.cafam.com.co\/libro2025\/wp-content\/uploads\/sites\/13\/2022\/07\/7-Maria-Beatriz-Posada-Reinteria.jpg\",\"datePublished\":\"2022-07-15T15:56:57+00:00\",\"dateModified\":\"2022-07-15T16:15:22+00:00\",\"description\":\"Mar\u00eda Beatriz Posada, Representante de Antioquia, ganadora en 1995. \u201cEl \u00c1ngel de Murind\u00f3\u201d. Su entrega permiti\u00f3 la reconstrucci\u00f3n del pueblo,\",\"breadcrumb\":{\"@id\":\"https:\/\/librosdeoro.cafam.com.co\/libro2025\/maria-beatriz-posada-renteria\/#breadcrumb\"},\"inLanguage\":\"en-US\",\"potentialAction\":[{\"@type\":\"ReadAction\",\"target\":[\"https:\/\/librosdeoro.cafam.com.co\/libro2025\/maria-beatriz-posada-renteria\/\"]}]},{\"@type\":\"ImageObject\",\"inLanguage\":\"en-US\",\"@id\":\"https:\/\/librosdeoro.cafam.com.co\/libro2025\/maria-beatriz-posada-renteria\/#primaryimage\",\"url\":\"https:\/\/librosdeoro.cafam.com.co\/libro2025\/wp-content\/uploads\/sites\/13\/2022\/07\/7-Maria-Beatriz-Posada-Reinteria.jpg\",\"contentUrl\":\"https:\/\/librosdeoro.cafam.com.co\/libro2025\/wp-content\/uploads\/sites\/13\/2022\/07\/7-Maria-Beatriz-Posada-Reinteria.jpg\",\"width\":500,\"height\":638,\"caption\":\"Mar\u00eda Beatriz Posada Reinter\u00eda\"},{\"@type\":\"BreadcrumbList\",\"@id\":\"https:\/\/librosdeoro.cafam.com.co\/libro2025\/maria-beatriz-posada-renteria\/#breadcrumb\",\"itemListElement\":[{\"@type\":\"ListItem\",\"position\":1,\"name\":\"Home\",\"item\":\"https:\/\/librosdeoro.cafam.com.co\/libro2025\/\"},{\"@type\":\"ListItem\",\"position\":2,\"name\":\"MAR\u00cdA BEATRIZ POSADA RENTER\u00cdA\"}]},{\"@type\":\"WebSite\",\"@id\":\"https:\/\/librosdeoro.cafam.com.co\/libro2025\/#website\",\"url\":\"https:\/\/librosdeoro.cafam.com.co\/libro2025\/\",\"name\":\"Libros de Oro 2025\",\"description\":\"\",\"potentialAction\":[{\"@type\":\"SearchAction\",\"target\":{\"@type\":\"EntryPoint\",\"urlTemplate\":\"https:\/\/librosdeoro.cafam.com.co\/libro2025\/?s={search_term_string}\"},\"query-input\":\"required name=search_term_string\"}],\"inLanguage\":\"en-US\"}]}<\/script>\n<!-- \/ Yoast SEO plugin. -->","yoast_head_json":{"title":"Mar\u00eda Beatriz Posada Renter\u00eda . 1995 - Libros de Oro 2025","description":"Mar\u00eda Beatriz Posada, Representante de Antioquia, ganadora en 1995. \u201cEl \u00c1ngel de Murind\u00f3\u201d. Su entrega permiti\u00f3 la reconstrucci\u00f3n del pueblo,","robots":{"index":"index","follow":"follow","max-snippet":"max-snippet:-1","max-image-preview":"max-image-preview:large","max-video-preview":"max-video-preview:-1"},"canonical":"https:\/\/librosdeoro.cafam.com.co\/libro2025\/maria-beatriz-posada-renteria\/","og_locale":"en_US","og_type":"article","og_title":"Mar\u00eda Beatriz Posada Renter\u00eda . 1995 - Libros de Oro 2025","og_description":"Mar\u00eda Beatriz Posada, Representante de Antioquia, ganadora en 1995. \u201cEl \u00c1ngel de Murind\u00f3\u201d. Su entrega permiti\u00f3 la reconstrucci\u00f3n del pueblo,","og_url":"https:\/\/librosdeoro.cafam.com.co\/libro2025\/maria-beatriz-posada-renteria\/","og_site_name":"Libros de Oro 2025","article_modified_time":"2022-07-15T16:15:22+00:00","og_image":[{"width":500,"height":638,"url":"https:\/\/librosdeoro.cafam.com.co\/libro2025\/wp-content\/uploads\/sites\/13\/2022\/07\/7-Maria-Beatriz-Posada-Reinteria.jpg","type":"image\/jpeg"}],"twitter_card":"summary_large_image","schema":{"@context":"https:\/\/schema.org","@graph":[{"@type":"WebPage","@id":"https:\/\/librosdeoro.cafam.com.co\/libro2025\/maria-beatriz-posada-renteria\/","url":"https:\/\/librosdeoro.cafam.com.co\/libro2025\/maria-beatriz-posada-renteria\/","name":"Mar\u00eda Beatriz Posada Renter\u00eda . 1995 - Libros de Oro 2025","isPartOf":{"@id":"https:\/\/librosdeoro.cafam.com.co\/libro2025\/#website"},"primaryImageOfPage":{"@id":"https:\/\/librosdeoro.cafam.com.co\/libro2025\/maria-beatriz-posada-renteria\/#primaryimage"},"image":{"@id":"https:\/\/librosdeoro.cafam.com.co\/libro2025\/maria-beatriz-posada-renteria\/#primaryimage"},"thumbnailUrl":"https:\/\/librosdeoro.cafam.com.co\/libro2025\/wp-content\/uploads\/sites\/13\/2022\/07\/7-Maria-Beatriz-Posada-Reinteria.jpg","datePublished":"2022-07-15T15:56:57+00:00","dateModified":"2022-07-15T16:15:22+00:00","description":"Mar\u00eda Beatriz Posada, Representante de Antioquia, ganadora en 1995. \u201cEl \u00c1ngel de Murind\u00f3\u201d. Su entrega permiti\u00f3 la reconstrucci\u00f3n del pueblo,","breadcrumb":{"@id":"https:\/\/librosdeoro.cafam.com.co\/libro2025\/maria-beatriz-posada-renteria\/#breadcrumb"},"inLanguage":"en-US","potentialAction":[{"@type":"ReadAction","target":["https:\/\/librosdeoro.cafam.com.co\/libro2025\/maria-beatriz-posada-renteria\/"]}]},{"@type":"ImageObject","inLanguage":"en-US","@id":"https:\/\/librosdeoro.cafam.com.co\/libro2025\/maria-beatriz-posada-renteria\/#primaryimage","url":"https:\/\/librosdeoro.cafam.com.co\/libro2025\/wp-content\/uploads\/sites\/13\/2022\/07\/7-Maria-Beatriz-Posada-Reinteria.jpg","contentUrl":"https:\/\/librosdeoro.cafam.com.co\/libro2025\/wp-content\/uploads\/sites\/13\/2022\/07\/7-Maria-Beatriz-Posada-Reinteria.jpg","width":500,"height":638,"caption":"Mar\u00eda Beatriz Posada Reinter\u00eda"},{"@type":"BreadcrumbList","@id":"https:\/\/librosdeoro.cafam.com.co\/libro2025\/maria-beatriz-posada-renteria\/#breadcrumb","itemListElement":[{"@type":"ListItem","position":1,"name":"Home","item":"https:\/\/librosdeoro.cafam.com.co\/libro2025\/"},{"@type":"ListItem","position":2,"name":"MAR\u00cdA BEATRIZ POSADA RENTER\u00cdA"}]},{"@type":"WebSite","@id":"https:\/\/librosdeoro.cafam.com.co\/libro2025\/#website","url":"https:\/\/librosdeoro.cafam.com.co\/libro2025\/","name":"Libros de Oro 2025","description":"","potentialAction":[{"@type":"SearchAction","target":{"@type":"EntryPoint","urlTemplate":"https:\/\/librosdeoro.cafam.com.co\/libro2025\/?s={search_term_string}"},"query-input":"required name=search_term_string"}],"inLanguage":"en-US"}]}},"_links":{"self":[{"href":"https:\/\/librosdeoro.cafam.com.co\/libro2025\/wp-json\/wp\/v2\/pages\/534","targetHints":{"allow":["GET"]}}],"collection":[{"href":"https:\/\/librosdeoro.cafam.com.co\/libro2025\/wp-json\/wp\/v2\/pages"}],"about":[{"href":"https:\/\/librosdeoro.cafam.com.co\/libro2025\/wp-json\/wp\/v2\/types\/page"}],"author":[{"embeddable":true,"href":"https:\/\/librosdeoro.cafam.com.co\/libro2025\/wp-json\/wp\/v2\/users\/3"}],"replies":[{"embeddable":true,"href":"https:\/\/librosdeoro.cafam.com.co\/libro2025\/wp-json\/wp\/v2\/comments?post=534"}],"version-history":[{"count":1,"href":"https:\/\/librosdeoro.cafam.com.co\/libro2025\/wp-json\/wp\/v2\/pages\/534\/revisions"}],"predecessor-version":[{"id":535,"href":"https:\/\/librosdeoro.cafam.com.co\/libro2025\/wp-json\/wp\/v2\/pages\/534\/revisions\/535"}],"wp:featuredmedia":[{"embeddable":true,"href":"https:\/\/librosdeoro.cafam.com.co\/libro2025\/wp-json\/wp\/v2\/media\/311"}],"wp:attachment":[{"href":"https:\/\/librosdeoro.cafam.com.co\/libro2025\/wp-json\/wp\/v2\/media?parent=534"}],"curies":[{"name":"wp","href":"https:\/\/api.w.org\/{rel}","templated":true}]}}