{"id":504,"date":"2025-10-16T13:16:47","date_gmt":"2025-10-16T13:16:47","guid":{"rendered":"https:\/\/librosdeoro.cafam.com.co\/libro2025\/?page_id=504"},"modified":"2026-03-10T21:26:16","modified_gmt":"2026-03-10T21:26:16","slug":"ligia-maria-del-carmen-garcia-leon","status":"publish","type":"page","link":"https:\/\/librosdeoro.cafam.com.co\/libro2025\/candidatas-2025\/ligia-maria-del-carmen-garcia-leon\/","title":{"rendered":"LIGIA MAR\u00cdA DEL CARMEN GARC\u00cdA LE\u00d3N"},"content":{"rendered":"","protected":false},"excerpt":{"rendered":"","protected":false},"author":5,"featured_media":2007,"parent":352,"menu_order":0,"comment_status":"closed","ping_status":"closed","template":"","meta":{"footnotes":""},"class_list":["post-504","page","type-page","status-publish","has-post-thumbnail","hentry"],"yoast_head":"<!-- This site is optimized with the Yoast SEO plugin v23.1 - https:\/\/yoast.com\/wordpress\/plugins\/seo\/ -->\n<title>Ligia Mar\u00eda Del Carmen Garc\u00eda (Santander). Libros de Oro 2025<\/title>\n<meta name=\"description\" content=\"M\u00e1s de cinco d\u00e9cadas impulsando cultura y comunidad: Ligia Garc\u00eda Le\u00f3n lidera el Ballet Folcl\u00f3rico Suaty en Santander, beneficiando a m\u00e1s de 1.000 personas al a\u00f1o.\" \/>\n<meta name=\"robots\" content=\"index, follow, max-snippet:-1, max-image-preview:large, max-video-preview:-1\" \/>\n<link rel=\"canonical\" href=\"https:\/\/librosdeoro.cafam.com.co\/libro2025\/candidatas-2025\/ligia-maria-del-carmen-garcia-leon\/\" \/>\n<meta property=\"og:locale\" content=\"en_US\" \/>\n<meta property=\"og:type\" content=\"article\" \/>\n<meta property=\"og:title\" content=\"Ligia Mar\u00eda Del Carmen Garc\u00eda (Santander). Libros de Oro 2025\" \/>\n<meta property=\"og:description\" content=\"M\u00e1s de cinco d\u00e9cadas impulsando cultura y comunidad: Ligia Garc\u00eda Le\u00f3n lidera el Ballet Folcl\u00f3rico Suaty en Santander, beneficiando a m\u00e1s de 1.000 personas al a\u00f1o.\" \/>\n<meta property=\"og:url\" content=\"https:\/\/librosdeoro.cafam.com.co\/libro2025\/candidatas-2025\/ligia-maria-del-carmen-garcia-leon\/\" \/>\n<meta property=\"og:site_name\" content=\"Libros de Oro 2025\" \/>\n<meta property=\"article:modified_time\" content=\"2026-03-10T21:26:16+00:00\" \/>\n<meta property=\"og:image\" content=\"https:\/\/librosdeoro.cafam.com.co\/libro2025\/wp-content\/uploads\/sites\/13\/2025\/09\/13-LIGIA-MARIA-DEL-CARMEN-GARCIA-LEON_SANTANDER-100.jpg\" \/>\n\t<meta property=\"og:image:width\" content=\"500\" \/>\n\t<meta property=\"og:image:height\" content=\"750\" \/>\n\t<meta property=\"og:image:type\" content=\"image\/jpeg\" \/>\n<meta name=\"twitter:card\" content=\"summary_large_image\" \/>\n<meta name=\"twitter:label1\" content=\"Est. reading time\" \/>\n\t<meta name=\"twitter:data1\" content=\"4 minutes\" \/>\n<script type=\"application\/ld+json\" class=\"yoast-schema-graph\">{\"@context\":\"https:\/\/schema.org\",\"@graph\":[{\"@type\":\"WebPage\",\"@id\":\"https:\/\/librosdeoro.cafam.com.co\/libro2025\/candidatas-2025\/ligia-maria-del-carmen-garcia-leon\/\",\"url\":\"https:\/\/librosdeoro.cafam.com.co\/libro2025\/candidatas-2025\/ligia-maria-del-carmen-garcia-leon\/\",\"name\":\"Ligia Mar\u00eda Del Carmen Garc\u00eda (Santander). Libros de Oro 2025\",\"isPartOf\":{\"@id\":\"https:\/\/librosdeoro.cafam.com.co\/libro2025\/#website\"},\"primaryImageOfPage\":{\"@id\":\"https:\/\/librosdeoro.cafam.com.co\/libro2025\/candidatas-2025\/ligia-maria-del-carmen-garcia-leon\/#primaryimage\"},\"image\":{\"@id\":\"https:\/\/librosdeoro.cafam.com.co\/libro2025\/candidatas-2025\/ligia-maria-del-carmen-garcia-leon\/#primaryimage\"},\"thumbnailUrl\":\"https:\/\/librosdeoro.cafam.com.co\/libro2025\/wp-content\/uploads\/sites\/13\/2025\/09\/13-LIGIA-MARIA-DEL-CARMEN-GARCIA-LEON_SANTANDER-100.jpg\",\"datePublished\":\"2025-10-16T13:16:47+00:00\",\"dateModified\":\"2026-03-10T21:26:16+00:00\",\"description\":\"M\u00e1s de cinco d\u00e9cadas impulsando cultura y comunidad: Ligia Garc\u00eda Le\u00f3n lidera el Ballet Folcl\u00f3rico Suaty en Santander, beneficiando a m\u00e1s de 1.000 personas al a\u00f1o.\",\"breadcrumb\":{\"@id\":\"https:\/\/librosdeoro.cafam.com.co\/libro2025\/candidatas-2025\/ligia-maria-del-carmen-garcia-leon\/#breadcrumb\"},\"inLanguage\":\"en-US\",\"potentialAction\":[{\"@type\":\"ReadAction\",\"target\":[\"https:\/\/librosdeoro.cafam.com.co\/libro2025\/candidatas-2025\/ligia-maria-del-carmen-garcia-leon\/\"]}]},{\"@type\":\"ImageObject\",\"inLanguage\":\"en-US\",\"@id\":\"https:\/\/librosdeoro.cafam.com.co\/libro2025\/candidatas-2025\/ligia-maria-del-carmen-garcia-leon\/#primaryimage\",\"url\":\"https:\/\/librosdeoro.cafam.com.co\/libro2025\/wp-content\/uploads\/sites\/13\/2025\/09\/13-LIGIA-MARIA-DEL-CARMEN-GARCIA-LEON_SANTANDER-100.jpg\",\"contentUrl\":\"https:\/\/librosdeoro.cafam.com.co\/libro2025\/wp-content\/uploads\/sites\/13\/2025\/09\/13-LIGIA-MARIA-DEL-CARMEN-GARCIA-LEON_SANTANDER-100.jpg\",\"width\":500,\"height\":750},{\"@type\":\"BreadcrumbList\",\"@id\":\"https:\/\/librosdeoro.cafam.com.co\/libro2025\/candidatas-2025\/ligia-maria-del-carmen-garcia-leon\/#breadcrumb\",\"itemListElement\":[{\"@type\":\"ListItem\",\"position\":1,\"name\":\"Home\",\"item\":\"https:\/\/librosdeoro.cafam.com.co\/libro2025\/\"},{\"@type\":\"ListItem\",\"position\":2,\"name\":\"Candidatas 2025\",\"item\":\"https:\/\/librosdeoro.cafam.com.co\/libro2025\/candidatas-2025\/\"},{\"@type\":\"ListItem\",\"position\":3,\"name\":\"LIGIA MAR\u00cdA DEL CARMEN GARC\u00cdA LE\u00d3N\"}]},{\"@type\":\"WebSite\",\"@id\":\"https:\/\/librosdeoro.cafam.com.co\/libro2025\/#website\",\"url\":\"https:\/\/librosdeoro.cafam.com.co\/libro2025\/\",\"name\":\"Libros de Oro 2025\",\"description\":\"\",\"potentialAction\":[{\"@type\":\"SearchAction\",\"target\":{\"@type\":\"EntryPoint\",\"urlTemplate\":\"https:\/\/librosdeoro.cafam.com.co\/libro2025\/?s={search_term_string}\"},\"query-input\":\"required name=search_term_string\"}],\"inLanguage\":\"en-US\"}]}<\/script>\n<!-- \/ Yoast SEO plugin. -->","yoast_head_json":{"title":"Ligia Mar\u00eda Del Carmen Garc\u00eda (Santander). Libros de Oro 2025","description":"M\u00e1s de cinco d\u00e9cadas impulsando cultura y comunidad: Ligia Garc\u00eda Le\u00f3n lidera el Ballet Folcl\u00f3rico Suaty en Santander, beneficiando a m\u00e1s de 1.000 personas al a\u00f1o.","robots":{"index":"index","follow":"follow","max-snippet":"max-snippet:-1","max-image-preview":"max-image-preview:large","max-video-preview":"max-video-preview:-1"},"canonical":"https:\/\/librosdeoro.cafam.com.co\/libro2025\/candidatas-2025\/ligia-maria-del-carmen-garcia-leon\/","og_locale":"en_US","og_type":"article","og_title":"Ligia Mar\u00eda Del Carmen Garc\u00eda (Santander). Libros de Oro 2025","og_description":"M\u00e1s de cinco d\u00e9cadas impulsando cultura y comunidad: Ligia Garc\u00eda Le\u00f3n lidera el Ballet Folcl\u00f3rico Suaty en Santander, beneficiando a m\u00e1s de 1.000 personas al a\u00f1o.","og_url":"https:\/\/librosdeoro.cafam.com.co\/libro2025\/candidatas-2025\/ligia-maria-del-carmen-garcia-leon\/","og_site_name":"Libros de Oro 2025","article_modified_time":"2026-03-10T21:26:16+00:00","og_image":[{"width":500,"height":750,"url":"https:\/\/librosdeoro.cafam.com.co\/libro2025\/wp-content\/uploads\/sites\/13\/2025\/09\/13-LIGIA-MARIA-DEL-CARMEN-GARCIA-LEON_SANTANDER-100.jpg","type":"image\/jpeg"}],"twitter_card":"summary_large_image","twitter_misc":{"Est. reading time":"4 minutes"},"schema":{"@context":"https:\/\/schema.org","@graph":[{"@type":"WebPage","@id":"https:\/\/librosdeoro.cafam.com.co\/libro2025\/candidatas-2025\/ligia-maria-del-carmen-garcia-leon\/","url":"https:\/\/librosdeoro.cafam.com.co\/libro2025\/candidatas-2025\/ligia-maria-del-carmen-garcia-leon\/","name":"Ligia Mar\u00eda Del Carmen Garc\u00eda (Santander). Libros de Oro 2025","isPartOf":{"@id":"https:\/\/librosdeoro.cafam.com.co\/libro2025\/#website"},"primaryImageOfPage":{"@id":"https:\/\/librosdeoro.cafam.com.co\/libro2025\/candidatas-2025\/ligia-maria-del-carmen-garcia-leon\/#primaryimage"},"image":{"@id":"https:\/\/librosdeoro.cafam.com.co\/libro2025\/candidatas-2025\/ligia-maria-del-carmen-garcia-leon\/#primaryimage"},"thumbnailUrl":"https:\/\/librosdeoro.cafam.com.co\/libro2025\/wp-content\/uploads\/sites\/13\/2025\/09\/13-LIGIA-MARIA-DEL-CARMEN-GARCIA-LEON_SANTANDER-100.jpg","datePublished":"2025-10-16T13:16:47+00:00","dateModified":"2026-03-10T21:26:16+00:00","description":"M\u00e1s de cinco d\u00e9cadas impulsando cultura y comunidad: Ligia Garc\u00eda Le\u00f3n lidera el Ballet Folcl\u00f3rico Suaty en Santander, beneficiando a m\u00e1s de 1.000 personas al a\u00f1o.","breadcrumb":{"@id":"https:\/\/librosdeoro.cafam.com.co\/libro2025\/candidatas-2025\/ligia-maria-del-carmen-garcia-leon\/#breadcrumb"},"inLanguage":"en-US","potentialAction":[{"@type":"ReadAction","target":["https:\/\/librosdeoro.cafam.com.co\/libro2025\/candidatas-2025\/ligia-maria-del-carmen-garcia-leon\/"]}]},{"@type":"ImageObject","inLanguage":"en-US","@id":"https:\/\/librosdeoro.cafam.com.co\/libro2025\/candidatas-2025\/ligia-maria-del-carmen-garcia-leon\/#primaryimage","url":"https:\/\/librosdeoro.cafam.com.co\/libro2025\/wp-content\/uploads\/sites\/13\/2025\/09\/13-LIGIA-MARIA-DEL-CARMEN-GARCIA-LEON_SANTANDER-100.jpg","contentUrl":"https:\/\/librosdeoro.cafam.com.co\/libro2025\/wp-content\/uploads\/sites\/13\/2025\/09\/13-LIGIA-MARIA-DEL-CARMEN-GARCIA-LEON_SANTANDER-100.jpg","width":500,"height":750},{"@type":"BreadcrumbList","@id":"https:\/\/librosdeoro.cafam.com.co\/libro2025\/candidatas-2025\/ligia-maria-del-carmen-garcia-leon\/#breadcrumb","itemListElement":[{"@type":"ListItem","position":1,"name":"Home","item":"https:\/\/librosdeoro.cafam.com.co\/libro2025\/"},{"@type":"ListItem","position":2,"name":"Candidatas 2025","item":"https:\/\/librosdeoro.cafam.com.co\/libro2025\/candidatas-2025\/"},{"@type":"ListItem","position":3,"name":"LIGIA MAR\u00cdA DEL CARMEN GARC\u00cdA LE\u00d3N"}]},{"@type":"WebSite","@id":"https:\/\/librosdeoro.cafam.com.co\/libro2025\/#website","url":"https:\/\/librosdeoro.cafam.com.co\/libro2025\/","name":"Libros de Oro 2025","description":"","potentialAction":[{"@type":"SearchAction","target":{"@type":"EntryPoint","urlTemplate":"https:\/\/librosdeoro.cafam.com.co\/libro2025\/?s={search_term_string}"},"query-input":"required name=search_term_string"}],"inLanguage":"en-US"}]}},"_links":{"self":[{"href":"https:\/\/librosdeoro.cafam.com.co\/libro2025\/wp-json\/wp\/v2\/pages\/504","targetHints":{"allow":["GET"]}}],"collection":[{"href":"https:\/\/librosdeoro.cafam.com.co\/libro2025\/wp-json\/wp\/v2\/pages"}],"about":[{"href":"https:\/\/librosdeoro.cafam.com.co\/libro2025\/wp-json\/wp\/v2\/types\/page"}],"author":[{"embeddable":true,"href":"https:\/\/librosdeoro.cafam.com.co\/libro2025\/wp-json\/wp\/v2\/users\/5"}],"replies":[{"embeddable":true,"href":"https:\/\/librosdeoro.cafam.com.co\/libro2025\/wp-json\/wp\/v2\/comments?post=504"}],"version-history":[{"count":3,"href":"https:\/\/librosdeoro.cafam.com.co\/libro2025\/wp-json\/wp\/v2\/pages\/504\/revisions"}],"predecessor-version":[{"id":2064,"href":"https:\/\/librosdeoro.cafam.com.co\/libro2025\/wp-json\/wp\/v2\/pages\/504\/revisions\/2064"}],"up":[{"embeddable":true,"href":"https:\/\/librosdeoro.cafam.com.co\/libro2025\/wp-json\/wp\/v2\/pages\/352"}],"wp:featuredmedia":[{"embeddable":true,"href":"https:\/\/librosdeoro.cafam.com.co\/libro2025\/wp-json\/wp\/v2\/media\/2007"}],"wp:attachment":[{"href":"https:\/\/librosdeoro.cafam.com.co\/libro2025\/wp-json\/wp\/v2\/media?parent=504"}],"curies":[{"name":"wp","href":"https:\/\/api.w.org\/{rel}","templated":true}]}}