{"id":2073,"date":"2025-10-16T13:39:15","date_gmt":"2025-10-16T13:39:15","guid":{"rendered":"https:\/\/librosdeoro.cafam.com.co\/libro2025\/?page_id=2073"},"modified":"2025-10-16T18:13:58","modified_gmt":"2025-10-16T18:13:58","slug":"maria-paula-avila-osorio-2023","status":"publish","type":"page","link":"https:\/\/librosdeoro.cafam.com.co\/libro2025\/maria-paula-avila-osorio-2023\/","title":{"rendered":"MARIA PAULA AVILA OSORIO 2023"},"content":{"rendered":"<p>16<\/p>\n","protected":false},"excerpt":{"rendered":"<p>16<\/p>\n","protected":false},"author":9,"featured_media":2068,"parent":0,"menu_order":0,"comment_status":"closed","ping_status":"closed","template":"","meta":{"footnotes":""},"class_list":["post-2073","page","type-page","status-publish","has-post-thumbnail","hentry"],"yoast_head":"<!-- This site is optimized with the Yoast SEO plugin v23.1 - https:\/\/yoast.com\/wordpress\/plugins\/seo\/ -->\n<title>MARIA PAULA AVILA OSORIO - 2023 - Libros de Oro 2025<\/title>\n<meta name=\"description\" content=\"Representante de Nari\u00f1o, ganadora en 2023. Fundaci\u00f3n Empoderame, promueve la abolici\u00f3n de la explotaci\u00f3n sexual y la trata de personas\" \/>\n<meta name=\"robots\" content=\"index, follow, max-snippet:-1, max-image-preview:large, max-video-preview:-1\" \/>\n<link rel=\"canonical\" href=\"https:\/\/librosdeoro.cafam.com.co\/libro2025\/maria-paula-avila-osorio-2023\/\" \/>\n<meta property=\"og:locale\" content=\"en_US\" \/>\n<meta property=\"og:type\" content=\"article\" \/>\n<meta property=\"og:title\" content=\"MARIA PAULA AVILA OSORIO - 2023 - Libros de Oro 2025\" \/>\n<meta property=\"og:description\" content=\"Representante de Nari\u00f1o, ganadora en 2023. Fundaci\u00f3n Empoderame, promueve la abolici\u00f3n de la explotaci\u00f3n sexual y la trata de personas\" \/>\n<meta property=\"og:url\" content=\"https:\/\/librosdeoro.cafam.com.co\/libro2025\/maria-paula-avila-osorio-2023\/\" \/>\n<meta property=\"og:site_name\" content=\"Libros de Oro 2025\" \/>\n<meta property=\"article:modified_time\" content=\"2025-10-16T18:13:58+00:00\" \/>\n<meta property=\"og:image\" content=\"https:\/\/librosdeoro.cafam.com.co\/libro2025\/wp-content\/uploads\/sites\/13\/2025\/10\/34o-2023_.jpg\" \/>\n\t<meta property=\"og:image:width\" content=\"700\" \/>\n\t<meta property=\"og:image:height\" content=\"894\" \/>\n\t<meta property=\"og:image:type\" content=\"image\/jpeg\" \/>\n<meta name=\"twitter:card\" content=\"summary_large_image\" \/>\n<meta name=\"twitter:label1\" content=\"Est. reading time\" \/>\n\t<meta name=\"twitter:data1\" content=\"1 minute\" \/>\n<script type=\"application\/ld+json\" class=\"yoast-schema-graph\">{\"@context\":\"https:\/\/schema.org\",\"@graph\":[{\"@type\":\"WebPage\",\"@id\":\"https:\/\/librosdeoro.cafam.com.co\/libro2025\/maria-paula-avila-osorio-2023\/\",\"url\":\"https:\/\/librosdeoro.cafam.com.co\/libro2025\/maria-paula-avila-osorio-2023\/\",\"name\":\"MARIA PAULA AVILA OSORIO - 2023 - Libros de Oro 2025\",\"isPartOf\":{\"@id\":\"https:\/\/librosdeoro.cafam.com.co\/libro2025\/#website\"},\"primaryImageOfPage\":{\"@id\":\"https:\/\/librosdeoro.cafam.com.co\/libro2025\/maria-paula-avila-osorio-2023\/#primaryimage\"},\"image\":{\"@id\":\"https:\/\/librosdeoro.cafam.com.co\/libro2025\/maria-paula-avila-osorio-2023\/#primaryimage\"},\"thumbnailUrl\":\"https:\/\/librosdeoro.cafam.com.co\/libro2025\/wp-content\/uploads\/sites\/13\/2025\/10\/34o-2023_.jpg\",\"datePublished\":\"2025-10-16T13:39:15+00:00\",\"dateModified\":\"2025-10-16T18:13:58+00:00\",\"description\":\"Representante de Nari\u00f1o, ganadora en 2023. Fundaci\u00f3n Empoderame, promueve la abolici\u00f3n de la explotaci\u00f3n sexual y la trata de personas\",\"breadcrumb\":{\"@id\":\"https:\/\/librosdeoro.cafam.com.co\/libro2025\/maria-paula-avila-osorio-2023\/#breadcrumb\"},\"inLanguage\":\"en-US\",\"potentialAction\":[{\"@type\":\"ReadAction\",\"target\":[\"https:\/\/librosdeoro.cafam.com.co\/libro2025\/maria-paula-avila-osorio-2023\/\"]}]},{\"@type\":\"ImageObject\",\"inLanguage\":\"en-US\",\"@id\":\"https:\/\/librosdeoro.cafam.com.co\/libro2025\/maria-paula-avila-osorio-2023\/#primaryimage\",\"url\":\"https:\/\/librosdeoro.cafam.com.co\/libro2025\/wp-content\/uploads\/sites\/13\/2025\/10\/34o-2023_.jpg\",\"contentUrl\":\"https:\/\/librosdeoro.cafam.com.co\/libro2025\/wp-content\/uploads\/sites\/13\/2025\/10\/34o-2023_.jpg\",\"width\":700,\"height\":894},{\"@type\":\"BreadcrumbList\",\"@id\":\"https:\/\/librosdeoro.cafam.com.co\/libro2025\/maria-paula-avila-osorio-2023\/#breadcrumb\",\"itemListElement\":[{\"@type\":\"ListItem\",\"position\":1,\"name\":\"Home\",\"item\":\"https:\/\/librosdeoro.cafam.com.co\/libro2025\/\"},{\"@type\":\"ListItem\",\"position\":2,\"name\":\"MARIA PAULA AVILA OSORIO 2023\"}]},{\"@type\":\"WebSite\",\"@id\":\"https:\/\/librosdeoro.cafam.com.co\/libro2025\/#website\",\"url\":\"https:\/\/librosdeoro.cafam.com.co\/libro2025\/\",\"name\":\"Libros de Oro 2025\",\"description\":\"\",\"potentialAction\":[{\"@type\":\"SearchAction\",\"target\":{\"@type\":\"EntryPoint\",\"urlTemplate\":\"https:\/\/librosdeoro.cafam.com.co\/libro2025\/?s={search_term_string}\"},\"query-input\":\"required name=search_term_string\"}],\"inLanguage\":\"en-US\"}]}<\/script>\n<!-- \/ Yoast SEO plugin. -->","yoast_head_json":{"title":"MARIA PAULA AVILA OSORIO - 2023 - Libros de Oro 2025","description":"Representante de Nari\u00f1o, ganadora en 2023. Fundaci\u00f3n Empoderame, promueve la abolici\u00f3n de la explotaci\u00f3n sexual y la trata de personas","robots":{"index":"index","follow":"follow","max-snippet":"max-snippet:-1","max-image-preview":"max-image-preview:large","max-video-preview":"max-video-preview:-1"},"canonical":"https:\/\/librosdeoro.cafam.com.co\/libro2025\/maria-paula-avila-osorio-2023\/","og_locale":"en_US","og_type":"article","og_title":"MARIA PAULA AVILA OSORIO - 2023 - Libros de Oro 2025","og_description":"Representante de Nari\u00f1o, ganadora en 2023. Fundaci\u00f3n Empoderame, promueve la abolici\u00f3n de la explotaci\u00f3n sexual y la trata de personas","og_url":"https:\/\/librosdeoro.cafam.com.co\/libro2025\/maria-paula-avila-osorio-2023\/","og_site_name":"Libros de Oro 2025","article_modified_time":"2025-10-16T18:13:58+00:00","og_image":[{"width":700,"height":894,"url":"https:\/\/librosdeoro.cafam.com.co\/libro2025\/wp-content\/uploads\/sites\/13\/2025\/10\/34o-2023_.jpg","type":"image\/jpeg"}],"twitter_card":"summary_large_image","twitter_misc":{"Est. reading time":"1 minute"},"schema":{"@context":"https:\/\/schema.org","@graph":[{"@type":"WebPage","@id":"https:\/\/librosdeoro.cafam.com.co\/libro2025\/maria-paula-avila-osorio-2023\/","url":"https:\/\/librosdeoro.cafam.com.co\/libro2025\/maria-paula-avila-osorio-2023\/","name":"MARIA PAULA AVILA OSORIO - 2023 - Libros de Oro 2025","isPartOf":{"@id":"https:\/\/librosdeoro.cafam.com.co\/libro2025\/#website"},"primaryImageOfPage":{"@id":"https:\/\/librosdeoro.cafam.com.co\/libro2025\/maria-paula-avila-osorio-2023\/#primaryimage"},"image":{"@id":"https:\/\/librosdeoro.cafam.com.co\/libro2025\/maria-paula-avila-osorio-2023\/#primaryimage"},"thumbnailUrl":"https:\/\/librosdeoro.cafam.com.co\/libro2025\/wp-content\/uploads\/sites\/13\/2025\/10\/34o-2023_.jpg","datePublished":"2025-10-16T13:39:15+00:00","dateModified":"2025-10-16T18:13:58+00:00","description":"Representante de Nari\u00f1o, ganadora en 2023. Fundaci\u00f3n Empoderame, promueve la abolici\u00f3n de la explotaci\u00f3n sexual y la trata de personas","breadcrumb":{"@id":"https:\/\/librosdeoro.cafam.com.co\/libro2025\/maria-paula-avila-osorio-2023\/#breadcrumb"},"inLanguage":"en-US","potentialAction":[{"@type":"ReadAction","target":["https:\/\/librosdeoro.cafam.com.co\/libro2025\/maria-paula-avila-osorio-2023\/"]}]},{"@type":"ImageObject","inLanguage":"en-US","@id":"https:\/\/librosdeoro.cafam.com.co\/libro2025\/maria-paula-avila-osorio-2023\/#primaryimage","url":"https:\/\/librosdeoro.cafam.com.co\/libro2025\/wp-content\/uploads\/sites\/13\/2025\/10\/34o-2023_.jpg","contentUrl":"https:\/\/librosdeoro.cafam.com.co\/libro2025\/wp-content\/uploads\/sites\/13\/2025\/10\/34o-2023_.jpg","width":700,"height":894},{"@type":"BreadcrumbList","@id":"https:\/\/librosdeoro.cafam.com.co\/libro2025\/maria-paula-avila-osorio-2023\/#breadcrumb","itemListElement":[{"@type":"ListItem","position":1,"name":"Home","item":"https:\/\/librosdeoro.cafam.com.co\/libro2025\/"},{"@type":"ListItem","position":2,"name":"MARIA PAULA AVILA OSORIO 2023"}]},{"@type":"WebSite","@id":"https:\/\/librosdeoro.cafam.com.co\/libro2025\/#website","url":"https:\/\/librosdeoro.cafam.com.co\/libro2025\/","name":"Libros de Oro 2025","description":"","potentialAction":[{"@type":"SearchAction","target":{"@type":"EntryPoint","urlTemplate":"https:\/\/librosdeoro.cafam.com.co\/libro2025\/?s={search_term_string}"},"query-input":"required name=search_term_string"}],"inLanguage":"en-US"}]}},"_links":{"self":[{"href":"https:\/\/librosdeoro.cafam.com.co\/libro2025\/wp-json\/wp\/v2\/pages\/2073","targetHints":{"allow":["GET"]}}],"collection":[{"href":"https:\/\/librosdeoro.cafam.com.co\/libro2025\/wp-json\/wp\/v2\/pages"}],"about":[{"href":"https:\/\/librosdeoro.cafam.com.co\/libro2025\/wp-json\/wp\/v2\/types\/page"}],"author":[{"embeddable":true,"href":"https:\/\/librosdeoro.cafam.com.co\/libro2025\/wp-json\/wp\/v2\/users\/9"}],"replies":[{"embeddable":true,"href":"https:\/\/librosdeoro.cafam.com.co\/libro2025\/wp-json\/wp\/v2\/comments?post=2073"}],"version-history":[{"count":3,"href":"https:\/\/librosdeoro.cafam.com.co\/libro2025\/wp-json\/wp\/v2\/pages\/2073\/revisions"}],"predecessor-version":[{"id":2097,"href":"https:\/\/librosdeoro.cafam.com.co\/libro2025\/wp-json\/wp\/v2\/pages\/2073\/revisions\/2097"}],"wp:featuredmedia":[{"embeddable":true,"href":"https:\/\/librosdeoro.cafam.com.co\/libro2025\/wp-json\/wp\/v2\/media\/2068"}],"wp:attachment":[{"href":"https:\/\/librosdeoro.cafam.com.co\/libro2025\/wp-json\/wp\/v2\/media?parent=2073"}],"curies":[{"name":"wp","href":"https:\/\/api.w.org\/{rel}","templated":true}]}}