{"id":1598,"date":"2025-10-16T13:48:38","date_gmt":"2025-10-16T13:48:38","guid":{"rendered":"https:\/\/librosdeoro.cafam.com.co\/libro2025\/?page_id=1598"},"modified":"2025-11-14T20:26:56","modified_gmt":"2025-11-14T20:26:56","slug":"palabras-del-director-de-cafam","status":"publish","type":"page","link":"https:\/\/librosdeoro.cafam.com.co\/libro2025\/palabras-del-director-de-cafam\/","title":{"rendered":"Palabras del Director de Cafam"},"content":{"rendered":"<p>16<\/p>\n","protected":false},"excerpt":{"rendered":"<p>16<\/p>\n","protected":false},"author":5,"featured_media":1695,"parent":0,"menu_order":0,"comment_status":"closed","ping_status":"closed","template":"","meta":{"footnotes":""},"class_list":["post-1598","page","type-page","status-publish","has-post-thumbnail","hentry"],"yoast_head":"<!-- This site is optimized with the Yoast SEO plugin v23.1 - https:\/\/yoast.com\/wordpress\/plugins\/seo\/ -->\n<title>Palabras del Director Administrativo de Cafam - Libros de Oro 2025<\/title>\n<meta name=\"description\" content=\"En Cafam celebramos la edici\u00f3n 36 del Premio Cafam a la Mujer, una distinci\u00f3n que se ha encargado de exaltar la invaluable labor de aquellas mujeres que, con su dedicaci\u00f3n y don de servicio, han aportado al desarrollo social de sus territorios.\" \/>\n<meta name=\"robots\" content=\"index, follow, max-snippet:-1, max-image-preview:large, max-video-preview:-1\" \/>\n<link rel=\"canonical\" href=\"https:\/\/librosdeoro.cafam.com.co\/libro2025\/palabras-del-director-de-cafam\/\" \/>\n<meta property=\"og:locale\" content=\"en_US\" \/>\n<meta property=\"og:type\" content=\"article\" \/>\n<meta property=\"og:title\" content=\"Palabras del Director Administrativo de Cafam - Libros de Oro 2025\" \/>\n<meta property=\"og:description\" content=\"En Cafam celebramos la edici\u00f3n 36 del Premio Cafam a la Mujer, una distinci\u00f3n que se ha encargado de exaltar la invaluable labor de aquellas mujeres que, con su dedicaci\u00f3n y don de servicio, han aportado al desarrollo social de sus territorios.\" \/>\n<meta property=\"og:url\" content=\"https:\/\/librosdeoro.cafam.com.co\/libro2025\/palabras-del-director-de-cafam\/\" \/>\n<meta property=\"og:site_name\" content=\"Libros de Oro 2025\" \/>\n<meta property=\"article:modified_time\" content=\"2025-11-14T20:26:56+00:00\" \/>\n<meta property=\"og:image\" content=\"https:\/\/librosdeoro.cafam.com.co\/libro2025\/wp-content\/uploads\/sites\/13\/2022\/12\/R7Q9863-1-scaled.jpg\" \/>\n\t<meta property=\"og:image:width\" content=\"1707\" \/>\n\t<meta property=\"og:image:height\" content=\"2560\" \/>\n\t<meta property=\"og:image:type\" content=\"image\/jpeg\" \/>\n<meta name=\"twitter:card\" content=\"summary_large_image\" \/>\n<meta name=\"twitter:label1\" content=\"Est. reading time\" \/>\n\t<meta name=\"twitter:data1\" content=\"5 minutes\" \/>\n<script type=\"application\/ld+json\" class=\"yoast-schema-graph\">{\"@context\":\"https:\/\/schema.org\",\"@graph\":[{\"@type\":\"WebPage\",\"@id\":\"https:\/\/librosdeoro.cafam.com.co\/libro2025\/palabras-del-director-de-cafam\/\",\"url\":\"https:\/\/librosdeoro.cafam.com.co\/libro2025\/palabras-del-director-de-cafam\/\",\"name\":\"Palabras del Director Administrativo de Cafam - Libros de Oro 2025\",\"isPartOf\":{\"@id\":\"https:\/\/librosdeoro.cafam.com.co\/libro2025\/#website\"},\"primaryImageOfPage\":{\"@id\":\"https:\/\/librosdeoro.cafam.com.co\/libro2025\/palabras-del-director-de-cafam\/#primaryimage\"},\"image\":{\"@id\":\"https:\/\/librosdeoro.cafam.com.co\/libro2025\/palabras-del-director-de-cafam\/#primaryimage\"},\"thumbnailUrl\":\"https:\/\/librosdeoro.cafam.com.co\/libro2025\/wp-content\/uploads\/sites\/13\/2022\/12\/R7Q9863-1-scaled.jpg\",\"datePublished\":\"2025-10-16T13:48:38+00:00\",\"dateModified\":\"2025-11-14T20:26:56+00:00\",\"description\":\"En Cafam celebramos la edici\u00f3n 36 del Premio Cafam a la Mujer, una distinci\u00f3n que se ha encargado de exaltar la invaluable labor de aquellas mujeres que, con su dedicaci\u00f3n y don de servicio, han aportado al desarrollo social de sus territorios.\",\"breadcrumb\":{\"@id\":\"https:\/\/librosdeoro.cafam.com.co\/libro2025\/palabras-del-director-de-cafam\/#breadcrumb\"},\"inLanguage\":\"en-US\",\"potentialAction\":[{\"@type\":\"ReadAction\",\"target\":[\"https:\/\/librosdeoro.cafam.com.co\/libro2025\/palabras-del-director-de-cafam\/\"]}]},{\"@type\":\"ImageObject\",\"inLanguage\":\"en-US\",\"@id\":\"https:\/\/librosdeoro.cafam.com.co\/libro2025\/palabras-del-director-de-cafam\/#primaryimage\",\"url\":\"https:\/\/librosdeoro.cafam.com.co\/libro2025\/wp-content\/uploads\/sites\/13\/2022\/12\/R7Q9863-1-scaled.jpg\",\"contentUrl\":\"https:\/\/librosdeoro.cafam.com.co\/libro2025\/wp-content\/uploads\/sites\/13\/2022\/12\/R7Q9863-1-scaled.jpg\",\"width\":1707,\"height\":2560},{\"@type\":\"BreadcrumbList\",\"@id\":\"https:\/\/librosdeoro.cafam.com.co\/libro2025\/palabras-del-director-de-cafam\/#breadcrumb\",\"itemListElement\":[{\"@type\":\"ListItem\",\"position\":1,\"name\":\"Home\",\"item\":\"https:\/\/librosdeoro.cafam.com.co\/libro2025\/\"},{\"@type\":\"ListItem\",\"position\":2,\"name\":\"Palabras del Director de Cafam\"}]},{\"@type\":\"WebSite\",\"@id\":\"https:\/\/librosdeoro.cafam.com.co\/libro2025\/#website\",\"url\":\"https:\/\/librosdeoro.cafam.com.co\/libro2025\/\",\"name\":\"Libros de Oro 2025\",\"description\":\"\",\"potentialAction\":[{\"@type\":\"SearchAction\",\"target\":{\"@type\":\"EntryPoint\",\"urlTemplate\":\"https:\/\/librosdeoro.cafam.com.co\/libro2025\/?s={search_term_string}\"},\"query-input\":\"required name=search_term_string\"}],\"inLanguage\":\"en-US\"}]}<\/script>\n<!-- \/ Yoast SEO plugin. -->","yoast_head_json":{"title":"Palabras del Director Administrativo de Cafam - Libros de Oro 2025","description":"En Cafam celebramos la edici\u00f3n 36 del Premio Cafam a la Mujer, una distinci\u00f3n que se ha encargado de exaltar la invaluable labor de aquellas mujeres que, con su dedicaci\u00f3n y don de servicio, han aportado al desarrollo social de sus territorios.","robots":{"index":"index","follow":"follow","max-snippet":"max-snippet:-1","max-image-preview":"max-image-preview:large","max-video-preview":"max-video-preview:-1"},"canonical":"https:\/\/librosdeoro.cafam.com.co\/libro2025\/palabras-del-director-de-cafam\/","og_locale":"en_US","og_type":"article","og_title":"Palabras del Director Administrativo de Cafam - Libros de Oro 2025","og_description":"En Cafam celebramos la edici\u00f3n 36 del Premio Cafam a la Mujer, una distinci\u00f3n que se ha encargado de exaltar la invaluable labor de aquellas mujeres que, con su dedicaci\u00f3n y don de servicio, han aportado al desarrollo social de sus territorios.","og_url":"https:\/\/librosdeoro.cafam.com.co\/libro2025\/palabras-del-director-de-cafam\/","og_site_name":"Libros de Oro 2025","article_modified_time":"2025-11-14T20:26:56+00:00","og_image":[{"width":1707,"height":2560,"url":"https:\/\/librosdeoro.cafam.com.co\/libro2025\/wp-content\/uploads\/sites\/13\/2022\/12\/R7Q9863-1-scaled.jpg","type":"image\/jpeg"}],"twitter_card":"summary_large_image","twitter_misc":{"Est. reading time":"5 minutes"},"schema":{"@context":"https:\/\/schema.org","@graph":[{"@type":"WebPage","@id":"https:\/\/librosdeoro.cafam.com.co\/libro2025\/palabras-del-director-de-cafam\/","url":"https:\/\/librosdeoro.cafam.com.co\/libro2025\/palabras-del-director-de-cafam\/","name":"Palabras del Director Administrativo de Cafam - Libros de Oro 2025","isPartOf":{"@id":"https:\/\/librosdeoro.cafam.com.co\/libro2025\/#website"},"primaryImageOfPage":{"@id":"https:\/\/librosdeoro.cafam.com.co\/libro2025\/palabras-del-director-de-cafam\/#primaryimage"},"image":{"@id":"https:\/\/librosdeoro.cafam.com.co\/libro2025\/palabras-del-director-de-cafam\/#primaryimage"},"thumbnailUrl":"https:\/\/librosdeoro.cafam.com.co\/libro2025\/wp-content\/uploads\/sites\/13\/2022\/12\/R7Q9863-1-scaled.jpg","datePublished":"2025-10-16T13:48:38+00:00","dateModified":"2025-11-14T20:26:56+00:00","description":"En Cafam celebramos la edici\u00f3n 36 del Premio Cafam a la Mujer, una distinci\u00f3n que se ha encargado de exaltar la invaluable labor de aquellas mujeres que, con su dedicaci\u00f3n y don de servicio, han aportado al desarrollo social de sus territorios.","breadcrumb":{"@id":"https:\/\/librosdeoro.cafam.com.co\/libro2025\/palabras-del-director-de-cafam\/#breadcrumb"},"inLanguage":"en-US","potentialAction":[{"@type":"ReadAction","target":["https:\/\/librosdeoro.cafam.com.co\/libro2025\/palabras-del-director-de-cafam\/"]}]},{"@type":"ImageObject","inLanguage":"en-US","@id":"https:\/\/librosdeoro.cafam.com.co\/libro2025\/palabras-del-director-de-cafam\/#primaryimage","url":"https:\/\/librosdeoro.cafam.com.co\/libro2025\/wp-content\/uploads\/sites\/13\/2022\/12\/R7Q9863-1-scaled.jpg","contentUrl":"https:\/\/librosdeoro.cafam.com.co\/libro2025\/wp-content\/uploads\/sites\/13\/2022\/12\/R7Q9863-1-scaled.jpg","width":1707,"height":2560},{"@type":"BreadcrumbList","@id":"https:\/\/librosdeoro.cafam.com.co\/libro2025\/palabras-del-director-de-cafam\/#breadcrumb","itemListElement":[{"@type":"ListItem","position":1,"name":"Home","item":"https:\/\/librosdeoro.cafam.com.co\/libro2025\/"},{"@type":"ListItem","position":2,"name":"Palabras del Director de Cafam"}]},{"@type":"WebSite","@id":"https:\/\/librosdeoro.cafam.com.co\/libro2025\/#website","url":"https:\/\/librosdeoro.cafam.com.co\/libro2025\/","name":"Libros de Oro 2025","description":"","potentialAction":[{"@type":"SearchAction","target":{"@type":"EntryPoint","urlTemplate":"https:\/\/librosdeoro.cafam.com.co\/libro2025\/?s={search_term_string}"},"query-input":"required name=search_term_string"}],"inLanguage":"en-US"}]}},"_links":{"self":[{"href":"https:\/\/librosdeoro.cafam.com.co\/libro2025\/wp-json\/wp\/v2\/pages\/1598","targetHints":{"allow":["GET"]}}],"collection":[{"href":"https:\/\/librosdeoro.cafam.com.co\/libro2025\/wp-json\/wp\/v2\/pages"}],"about":[{"href":"https:\/\/librosdeoro.cafam.com.co\/libro2025\/wp-json\/wp\/v2\/types\/page"}],"author":[{"embeddable":true,"href":"https:\/\/librosdeoro.cafam.com.co\/libro2025\/wp-json\/wp\/v2\/users\/5"}],"replies":[{"embeddable":true,"href":"https:\/\/librosdeoro.cafam.com.co\/libro2025\/wp-json\/wp\/v2\/comments?post=1598"}],"version-history":[{"count":3,"href":"https:\/\/librosdeoro.cafam.com.co\/libro2025\/wp-json\/wp\/v2\/pages\/1598\/revisions"}],"predecessor-version":[{"id":2095,"href":"https:\/\/librosdeoro.cafam.com.co\/libro2025\/wp-json\/wp\/v2\/pages\/1598\/revisions\/2095"}],"wp:featuredmedia":[{"embeddable":true,"href":"https:\/\/librosdeoro.cafam.com.co\/libro2025\/wp-json\/wp\/v2\/media\/1695"}],"wp:attachment":[{"href":"https:\/\/librosdeoro.cafam.com.co\/libro2025\/wp-json\/wp\/v2\/media?parent=1598"}],"curies":[{"name":"wp","href":"https:\/\/api.w.org\/{rel}","templated":true}]}}