{"id":144,"date":"2025-10-16T13:28:39","date_gmt":"2025-10-16T13:28:39","guid":{"rendered":"https:\/\/librosdeoro.cafam.com.co\/libro2025\/?page_id=144"},"modified":"2025-10-16T18:11:44","modified_gmt":"2025-10-16T18:11:44","slug":"ganadoras-premio-mujer","status":"publish","type":"page","link":"https:\/\/librosdeoro.cafam.com.co\/libro2025\/ganadoras-premio-mujer\/","title":{"rendered":"Ganadoras"},"content":{"rendered":"<p>1613<\/p>\n","protected":false},"excerpt":{"rendered":"<p>1613<\/p>\n","protected":false},"author":9,"featured_media":679,"parent":0,"menu_order":0,"comment_status":"closed","ping_status":"closed","template":"","meta":{"footnotes":""},"class_list":["post-144","page","type-page","status-publish","has-post-thumbnail","hentry"],"yoast_head":"<!-- This site is optimized with the Yoast SEO plugin v23.1 - https:\/\/yoast.com\/wordpress\/plugins\/seo\/ -->\n<title>Ganadoras a trav\u00e9s del tiempo - Libros de Oro 2025<\/title>\n<meta name=\"description\" content=\"Conoce las ganadoras que a trav\u00e9s de la historia han honrado al premio a la mujer Cafam, como l\u00edderes de acciones humanitarias.\" \/>\n<meta name=\"robots\" content=\"index, follow, max-snippet:-1, max-image-preview:large, max-video-preview:-1\" \/>\n<link rel=\"canonical\" href=\"https:\/\/librosdeoro.cafam.com.co\/libro2025\/ganadoras-premio-mujer\/\" \/>\n<meta property=\"og:locale\" content=\"en_US\" \/>\n<meta property=\"og:type\" content=\"article\" \/>\n<meta property=\"og:title\" content=\"Ganadoras a trav\u00e9s del tiempo - Libros de Oro 2025\" \/>\n<meta property=\"og:description\" content=\"Conoce las ganadoras que a trav\u00e9s de la historia han honrado al premio a la mujer Cafam, como l\u00edderes de acciones humanitarias.\" \/>\n<meta property=\"og:url\" content=\"https:\/\/librosdeoro.cafam.com.co\/libro2025\/ganadoras-premio-mujer\/\" \/>\n<meta property=\"og:site_name\" content=\"Libros de Oro 2025\" \/>\n<meta property=\"article:modified_time\" content=\"2025-10-16T18:11:44+00:00\" \/>\n<meta property=\"og:image\" content=\"https:\/\/librosdeoro.cafam.com.co\/libro2025\/wp-content\/uploads\/sites\/13\/2022\/08\/Reglamento.jpg\" \/>\n\t<meta property=\"og:image:width\" content=\"701\" \/>\n\t<meta property=\"og:image:height\" content=\"500\" \/>\n\t<meta property=\"og:image:type\" content=\"image\/jpeg\" \/>\n<meta name=\"twitter:card\" content=\"summary_large_image\" \/>\n<meta name=\"twitter:label1\" content=\"Est. reading time\" \/>\n\t<meta name=\"twitter:data1\" content=\"9 minutes\" \/>\n<script type=\"application\/ld+json\" class=\"yoast-schema-graph\">{\"@context\":\"https:\/\/schema.org\",\"@graph\":[{\"@type\":\"WebPage\",\"@id\":\"https:\/\/librosdeoro.cafam.com.co\/libro2025\/ganadoras-premio-mujer\/\",\"url\":\"https:\/\/librosdeoro.cafam.com.co\/libro2025\/ganadoras-premio-mujer\/\",\"name\":\"Ganadoras a trav\u00e9s del tiempo - Libros de Oro 2025\",\"isPartOf\":{\"@id\":\"https:\/\/librosdeoro.cafam.com.co\/libro2025\/#website\"},\"primaryImageOfPage\":{\"@id\":\"https:\/\/librosdeoro.cafam.com.co\/libro2025\/ganadoras-premio-mujer\/#primaryimage\"},\"image\":{\"@id\":\"https:\/\/librosdeoro.cafam.com.co\/libro2025\/ganadoras-premio-mujer\/#primaryimage\"},\"thumbnailUrl\":\"https:\/\/librosdeoro.cafam.com.co\/libro2025\/wp-content\/uploads\/sites\/13\/2022\/08\/Reglamento.jpg\",\"datePublished\":\"2025-10-16T13:28:39+00:00\",\"dateModified\":\"2025-10-16T18:11:44+00:00\",\"description\":\"Conoce las ganadoras que a trav\u00e9s de la historia han honrado al premio a la mujer Cafam, como l\u00edderes de acciones humanitarias.\",\"breadcrumb\":{\"@id\":\"https:\/\/librosdeoro.cafam.com.co\/libro2025\/ganadoras-premio-mujer\/#breadcrumb\"},\"inLanguage\":\"en-US\",\"potentialAction\":[{\"@type\":\"ReadAction\",\"target\":[\"https:\/\/librosdeoro.cafam.com.co\/libro2025\/ganadoras-premio-mujer\/\"]}]},{\"@type\":\"ImageObject\",\"inLanguage\":\"en-US\",\"@id\":\"https:\/\/librosdeoro.cafam.com.co\/libro2025\/ganadoras-premio-mujer\/#primaryimage\",\"url\":\"https:\/\/librosdeoro.cafam.com.co\/libro2025\/wp-content\/uploads\/sites\/13\/2022\/08\/Reglamento.jpg\",\"contentUrl\":\"https:\/\/librosdeoro.cafam.com.co\/libro2025\/wp-content\/uploads\/sites\/13\/2022\/08\/Reglamento.jpg\",\"width\":701,\"height\":500,\"caption\":\"Reglamento\"},{\"@type\":\"BreadcrumbList\",\"@id\":\"https:\/\/librosdeoro.cafam.com.co\/libro2025\/ganadoras-premio-mujer\/#breadcrumb\",\"itemListElement\":[{\"@type\":\"ListItem\",\"position\":1,\"name\":\"Home\",\"item\":\"https:\/\/librosdeoro.cafam.com.co\/libro2025\/\"},{\"@type\":\"ListItem\",\"position\":2,\"name\":\"Ganadoras\"}]},{\"@type\":\"WebSite\",\"@id\":\"https:\/\/librosdeoro.cafam.com.co\/libro2025\/#website\",\"url\":\"https:\/\/librosdeoro.cafam.com.co\/libro2025\/\",\"name\":\"Libros de Oro 2025\",\"description\":\"\",\"potentialAction\":[{\"@type\":\"SearchAction\",\"target\":{\"@type\":\"EntryPoint\",\"urlTemplate\":\"https:\/\/librosdeoro.cafam.com.co\/libro2025\/?s={search_term_string}\"},\"query-input\":\"required name=search_term_string\"}],\"inLanguage\":\"en-US\"}]}<\/script>\n<!-- \/ Yoast SEO plugin. -->","yoast_head_json":{"title":"Ganadoras a trav\u00e9s del tiempo - Libros de Oro 2025","description":"Conoce las ganadoras que a trav\u00e9s de la historia han honrado al premio a la mujer Cafam, como l\u00edderes de acciones humanitarias.","robots":{"index":"index","follow":"follow","max-snippet":"max-snippet:-1","max-image-preview":"max-image-preview:large","max-video-preview":"max-video-preview:-1"},"canonical":"https:\/\/librosdeoro.cafam.com.co\/libro2025\/ganadoras-premio-mujer\/","og_locale":"en_US","og_type":"article","og_title":"Ganadoras a trav\u00e9s del tiempo - Libros de Oro 2025","og_description":"Conoce las ganadoras que a trav\u00e9s de la historia han honrado al premio a la mujer Cafam, como l\u00edderes de acciones humanitarias.","og_url":"https:\/\/librosdeoro.cafam.com.co\/libro2025\/ganadoras-premio-mujer\/","og_site_name":"Libros de Oro 2025","article_modified_time":"2025-10-16T18:11:44+00:00","og_image":[{"width":701,"height":500,"url":"https:\/\/librosdeoro.cafam.com.co\/libro2025\/wp-content\/uploads\/sites\/13\/2022\/08\/Reglamento.jpg","type":"image\/jpeg"}],"twitter_card":"summary_large_image","twitter_misc":{"Est. reading time":"9 minutes"},"schema":{"@context":"https:\/\/schema.org","@graph":[{"@type":"WebPage","@id":"https:\/\/librosdeoro.cafam.com.co\/libro2025\/ganadoras-premio-mujer\/","url":"https:\/\/librosdeoro.cafam.com.co\/libro2025\/ganadoras-premio-mujer\/","name":"Ganadoras a trav\u00e9s del tiempo - Libros de Oro 2025","isPartOf":{"@id":"https:\/\/librosdeoro.cafam.com.co\/libro2025\/#website"},"primaryImageOfPage":{"@id":"https:\/\/librosdeoro.cafam.com.co\/libro2025\/ganadoras-premio-mujer\/#primaryimage"},"image":{"@id":"https:\/\/librosdeoro.cafam.com.co\/libro2025\/ganadoras-premio-mujer\/#primaryimage"},"thumbnailUrl":"https:\/\/librosdeoro.cafam.com.co\/libro2025\/wp-content\/uploads\/sites\/13\/2022\/08\/Reglamento.jpg","datePublished":"2025-10-16T13:28:39+00:00","dateModified":"2025-10-16T18:11:44+00:00","description":"Conoce las ganadoras que a trav\u00e9s de la historia han honrado al premio a la mujer Cafam, como l\u00edderes de acciones humanitarias.","breadcrumb":{"@id":"https:\/\/librosdeoro.cafam.com.co\/libro2025\/ganadoras-premio-mujer\/#breadcrumb"},"inLanguage":"en-US","potentialAction":[{"@type":"ReadAction","target":["https:\/\/librosdeoro.cafam.com.co\/libro2025\/ganadoras-premio-mujer\/"]}]},{"@type":"ImageObject","inLanguage":"en-US","@id":"https:\/\/librosdeoro.cafam.com.co\/libro2025\/ganadoras-premio-mujer\/#primaryimage","url":"https:\/\/librosdeoro.cafam.com.co\/libro2025\/wp-content\/uploads\/sites\/13\/2022\/08\/Reglamento.jpg","contentUrl":"https:\/\/librosdeoro.cafam.com.co\/libro2025\/wp-content\/uploads\/sites\/13\/2022\/08\/Reglamento.jpg","width":701,"height":500,"caption":"Reglamento"},{"@type":"BreadcrumbList","@id":"https:\/\/librosdeoro.cafam.com.co\/libro2025\/ganadoras-premio-mujer\/#breadcrumb","itemListElement":[{"@type":"ListItem","position":1,"name":"Home","item":"https:\/\/librosdeoro.cafam.com.co\/libro2025\/"},{"@type":"ListItem","position":2,"name":"Ganadoras"}]},{"@type":"WebSite","@id":"https:\/\/librosdeoro.cafam.com.co\/libro2025\/#website","url":"https:\/\/librosdeoro.cafam.com.co\/libro2025\/","name":"Libros de Oro 2025","description":"","potentialAction":[{"@type":"SearchAction","target":{"@type":"EntryPoint","urlTemplate":"https:\/\/librosdeoro.cafam.com.co\/libro2025\/?s={search_term_string}"},"query-input":"required name=search_term_string"}],"inLanguage":"en-US"}]}},"_links":{"self":[{"href":"https:\/\/librosdeoro.cafam.com.co\/libro2025\/wp-json\/wp\/v2\/pages\/144","targetHints":{"allow":["GET"]}}],"collection":[{"href":"https:\/\/librosdeoro.cafam.com.co\/libro2025\/wp-json\/wp\/v2\/pages"}],"about":[{"href":"https:\/\/librosdeoro.cafam.com.co\/libro2025\/wp-json\/wp\/v2\/types\/page"}],"author":[{"embeddable":true,"href":"https:\/\/librosdeoro.cafam.com.co\/libro2025\/wp-json\/wp\/v2\/users\/9"}],"replies":[{"embeddable":true,"href":"https:\/\/librosdeoro.cafam.com.co\/libro2025\/wp-json\/wp\/v2\/comments?post=144"}],"version-history":[{"count":5,"href":"https:\/\/librosdeoro.cafam.com.co\/libro2025\/wp-json\/wp\/v2\/pages\/144\/revisions"}],"predecessor-version":[{"id":2096,"href":"https:\/\/librosdeoro.cafam.com.co\/libro2025\/wp-json\/wp\/v2\/pages\/144\/revisions\/2096"}],"wp:featuredmedia":[{"embeddable":true,"href":"https:\/\/librosdeoro.cafam.com.co\/libro2025\/wp-json\/wp\/v2\/media\/679"}],"wp:attachment":[{"href":"https:\/\/librosdeoro.cafam.com.co\/libro2025\/wp-json\/wp\/v2\/media?parent=144"}],"curies":[{"name":"wp","href":"https:\/\/api.w.org\/{rel}","templated":true}]}}