{"id":589,"date":"2022-07-15T20:50:29","date_gmt":"2022-07-15T20:50:29","guid":{"rendered":"https:\/\/librosdeoro.cafam.com.co\/libro2024\/?page_id=589"},"modified":"2022-07-16T00:07:59","modified_gmt":"2022-07-16T00:07:59","slug":"yeisully-tapias-arcila","status":"publish","type":"page","link":"https:\/\/librosdeoro.cafam.com.co\/libro2024\/yeisully-tapias-arcila\/","title":{"rendered":"YEISULLY TAPIAS ARCILA"},"content":{"rendered":"","protected":false},"excerpt":{"rendered":"","protected":false},"author":4,"featured_media":339,"parent":0,"menu_order":0,"comment_status":"closed","ping_status":"closed","template":"","meta":{"footnotes":""},"class_list":["post-589","page","type-page","status-publish","has-post-thumbnail","hentry"],"yoast_head":"<!-- This site is optimized with the Yoast SEO plugin v23.1 - https:\/\/yoast.com\/wordpress\/plugins\/seo\/ -->\n<title>Yeisully Tapias Arcila 2016 - Libros de Oro 2024<\/title>\n<meta name=\"description\" content=\"Representante de Caldas, ganadora en 2016. Asociaci\u00f3n de J\u00f3venes Emprendedores ASOJE, potenciarlas habilidades de los j\u00f3venes\" \/>\n<meta name=\"robots\" content=\"index, follow, max-snippet:-1, max-image-preview:large, max-video-preview:-1\" \/>\n<link rel=\"canonical\" href=\"https:\/\/librosdeoro.cafam.com.co\/libro2024\/yeisully-tapias-arcila\/\" \/>\n<meta property=\"og:locale\" content=\"es_ES\" \/>\n<meta property=\"og:type\" content=\"article\" \/>\n<meta property=\"og:title\" content=\"Yeisully Tapias Arcila 2016 - Libros de Oro 2024\" \/>\n<meta property=\"og:description\" content=\"Representante de Caldas, ganadora en 2016. Asociaci\u00f3n de J\u00f3venes Emprendedores ASOJE, potenciarlas habilidades de los j\u00f3venes\" \/>\n<meta property=\"og:url\" content=\"https:\/\/librosdeoro.cafam.com.co\/libro2024\/yeisully-tapias-arcila\/\" \/>\n<meta property=\"og:site_name\" content=\"Libros de Oro 2024\" \/>\n<meta property=\"article:modified_time\" content=\"2022-07-16T00:07:59+00:00\" \/>\n<meta property=\"og:image\" content=\"https:\/\/librosdeoro.cafam.com.co\/wp-content\/uploads\/sites\/12\/2022\/07\/28-Yeisully-Tapias-Arcila-1.jpg\" \/>\n\t<meta property=\"og:image:width\" content=\"500\" \/>\n\t<meta property=\"og:image:height\" content=\"638\" \/>\n\t<meta property=\"og:image:type\" content=\"image\/jpeg\" \/>\n<meta name=\"twitter:card\" content=\"summary_large_image\" \/>\n<script type=\"application\/ld+json\" class=\"yoast-schema-graph\">{\"@context\":\"https:\/\/schema.org\",\"@graph\":[{\"@type\":\"WebPage\",\"@id\":\"https:\/\/librosdeoro.cafam.com.co\/libro2024\/yeisully-tapias-arcila\/\",\"url\":\"https:\/\/librosdeoro.cafam.com.co\/libro2024\/yeisully-tapias-arcila\/\",\"name\":\"Yeisully Tapias Arcila 2016 - Libros de Oro 2024\",\"isPartOf\":{\"@id\":\"https:\/\/librosdeoro.cafam.com.co\/libro2024\/#website\"},\"primaryImageOfPage\":{\"@id\":\"https:\/\/librosdeoro.cafam.com.co\/libro2024\/yeisully-tapias-arcila\/#primaryimage\"},\"image\":{\"@id\":\"https:\/\/librosdeoro.cafam.com.co\/libro2024\/yeisully-tapias-arcila\/#primaryimage\"},\"thumbnailUrl\":\"https:\/\/librosdeoro.cafam.com.co\/libro2024\/wp-content\/uploads\/sites\/12\/2022\/07\/28-Yeisully-Tapias-Arcila-1.jpg\",\"datePublished\":\"2022-07-15T20:50:29+00:00\",\"dateModified\":\"2022-07-16T00:07:59+00:00\",\"description\":\"Representante de Caldas, ganadora en 2016. Asociaci\u00f3n de J\u00f3venes Emprendedores ASOJE, potenciarlas habilidades de los j\u00f3venes\",\"breadcrumb\":{\"@id\":\"https:\/\/librosdeoro.cafam.com.co\/libro2024\/yeisully-tapias-arcila\/#breadcrumb\"},\"inLanguage\":\"es-CO\",\"potentialAction\":[{\"@type\":\"ReadAction\",\"target\":[\"https:\/\/librosdeoro.cafam.com.co\/libro2024\/yeisully-tapias-arcila\/\"]}]},{\"@type\":\"ImageObject\",\"inLanguage\":\"es-CO\",\"@id\":\"https:\/\/librosdeoro.cafam.com.co\/libro2024\/yeisully-tapias-arcila\/#primaryimage\",\"url\":\"https:\/\/librosdeoro.cafam.com.co\/libro2024\/wp-content\/uploads\/sites\/12\/2022\/07\/28-Yeisully-Tapias-Arcila-1.jpg\",\"contentUrl\":\"https:\/\/librosdeoro.cafam.com.co\/libro2024\/wp-content\/uploads\/sites\/12\/2022\/07\/28-Yeisully-Tapias-Arcila-1.jpg\",\"width\":500,\"height\":638,\"caption\":\"Yeisully Tapias Arcila\"},{\"@type\":\"BreadcrumbList\",\"@id\":\"https:\/\/librosdeoro.cafam.com.co\/libro2024\/yeisully-tapias-arcila\/#breadcrumb\",\"itemListElement\":[{\"@type\":\"ListItem\",\"position\":1,\"name\":\"Home\",\"item\":\"https:\/\/librosdeoro.cafam.com.co\/libro2024\/\"},{\"@type\":\"ListItem\",\"position\":2,\"name\":\"YEISULLY TAPIAS ARCILA\"}]},{\"@type\":\"WebSite\",\"@id\":\"https:\/\/librosdeoro.cafam.com.co\/libro2024\/#website\",\"url\":\"https:\/\/librosdeoro.cafam.com.co\/libro2024\/\",\"name\":\"Libros de Oro 2024\",\"description\":\"\",\"potentialAction\":[{\"@type\":\"SearchAction\",\"target\":{\"@type\":\"EntryPoint\",\"urlTemplate\":\"https:\/\/librosdeoro.cafam.com.co\/libro2024\/?s={search_term_string}\"},\"query-input\":\"required name=search_term_string\"}],\"inLanguage\":\"es-CO\"}]}<\/script>\n<!-- \/ Yoast SEO plugin. -->","yoast_head_json":{"title":"Yeisully Tapias Arcila 2016 - Libros de Oro 2024","description":"Representante de Caldas, ganadora en 2016. Asociaci\u00f3n de J\u00f3venes Emprendedores ASOJE, potenciarlas habilidades de los j\u00f3venes","robots":{"index":"index","follow":"follow","max-snippet":"max-snippet:-1","max-image-preview":"max-image-preview:large","max-video-preview":"max-video-preview:-1"},"canonical":"https:\/\/librosdeoro.cafam.com.co\/libro2024\/yeisully-tapias-arcila\/","og_locale":"es_ES","og_type":"article","og_title":"Yeisully Tapias Arcila 2016 - Libros de Oro 2024","og_description":"Representante de Caldas, ganadora en 2016. Asociaci\u00f3n de J\u00f3venes Emprendedores ASOJE, potenciarlas habilidades de los j\u00f3venes","og_url":"https:\/\/librosdeoro.cafam.com.co\/libro2024\/yeisully-tapias-arcila\/","og_site_name":"Libros de Oro 2024","article_modified_time":"2022-07-16T00:07:59+00:00","og_image":[{"width":500,"height":638,"url":"https:\/\/librosdeoro.cafam.com.co\/wp-content\/uploads\/sites\/12\/2022\/07\/28-Yeisully-Tapias-Arcila-1.jpg","type":"image\/jpeg"}],"twitter_card":"summary_large_image","schema":{"@context":"https:\/\/schema.org","@graph":[{"@type":"WebPage","@id":"https:\/\/librosdeoro.cafam.com.co\/libro2024\/yeisully-tapias-arcila\/","url":"https:\/\/librosdeoro.cafam.com.co\/libro2024\/yeisully-tapias-arcila\/","name":"Yeisully Tapias Arcila 2016 - Libros de Oro 2024","isPartOf":{"@id":"https:\/\/librosdeoro.cafam.com.co\/libro2024\/#website"},"primaryImageOfPage":{"@id":"https:\/\/librosdeoro.cafam.com.co\/libro2024\/yeisully-tapias-arcila\/#primaryimage"},"image":{"@id":"https:\/\/librosdeoro.cafam.com.co\/libro2024\/yeisully-tapias-arcila\/#primaryimage"},"thumbnailUrl":"https:\/\/librosdeoro.cafam.com.co\/libro2024\/wp-content\/uploads\/sites\/12\/2022\/07\/28-Yeisully-Tapias-Arcila-1.jpg","datePublished":"2022-07-15T20:50:29+00:00","dateModified":"2022-07-16T00:07:59+00:00","description":"Representante de Caldas, ganadora en 2016. Asociaci\u00f3n de J\u00f3venes Emprendedores ASOJE, potenciarlas habilidades de los j\u00f3venes","breadcrumb":{"@id":"https:\/\/librosdeoro.cafam.com.co\/libro2024\/yeisully-tapias-arcila\/#breadcrumb"},"inLanguage":"es-CO","potentialAction":[{"@type":"ReadAction","target":["https:\/\/librosdeoro.cafam.com.co\/libro2024\/yeisully-tapias-arcila\/"]}]},{"@type":"ImageObject","inLanguage":"es-CO","@id":"https:\/\/librosdeoro.cafam.com.co\/libro2024\/yeisully-tapias-arcila\/#primaryimage","url":"https:\/\/librosdeoro.cafam.com.co\/libro2024\/wp-content\/uploads\/sites\/12\/2022\/07\/28-Yeisully-Tapias-Arcila-1.jpg","contentUrl":"https:\/\/librosdeoro.cafam.com.co\/libro2024\/wp-content\/uploads\/sites\/12\/2022\/07\/28-Yeisully-Tapias-Arcila-1.jpg","width":500,"height":638,"caption":"Yeisully Tapias Arcila"},{"@type":"BreadcrumbList","@id":"https:\/\/librosdeoro.cafam.com.co\/libro2024\/yeisully-tapias-arcila\/#breadcrumb","itemListElement":[{"@type":"ListItem","position":1,"name":"Home","item":"https:\/\/librosdeoro.cafam.com.co\/libro2024\/"},{"@type":"ListItem","position":2,"name":"YEISULLY TAPIAS ARCILA"}]},{"@type":"WebSite","@id":"https:\/\/librosdeoro.cafam.com.co\/libro2024\/#website","url":"https:\/\/librosdeoro.cafam.com.co\/libro2024\/","name":"Libros de Oro 2024","description":"","potentialAction":[{"@type":"SearchAction","target":{"@type":"EntryPoint","urlTemplate":"https:\/\/librosdeoro.cafam.com.co\/libro2024\/?s={search_term_string}"},"query-input":"required name=search_term_string"}],"inLanguage":"es-CO"}]}},"_links":{"self":[{"href":"https:\/\/librosdeoro.cafam.com.co\/libro2024\/wp-json\/wp\/v2\/pages\/589","targetHints":{"allow":["GET"]}}],"collection":[{"href":"https:\/\/librosdeoro.cafam.com.co\/libro2024\/wp-json\/wp\/v2\/pages"}],"about":[{"href":"https:\/\/librosdeoro.cafam.com.co\/libro2024\/wp-json\/wp\/v2\/types\/page"}],"author":[{"embeddable":true,"href":"https:\/\/librosdeoro.cafam.com.co\/libro2024\/wp-json\/wp\/v2\/users\/4"}],"replies":[{"embeddable":true,"href":"https:\/\/librosdeoro.cafam.com.co\/libro2024\/wp-json\/wp\/v2\/comments?post=589"}],"version-history":[{"count":1,"href":"https:\/\/librosdeoro.cafam.com.co\/libro2024\/wp-json\/wp\/v2\/pages\/589\/revisions"}],"predecessor-version":[{"id":590,"href":"https:\/\/librosdeoro.cafam.com.co\/libro2024\/wp-json\/wp\/v2\/pages\/589\/revisions\/590"}],"wp:featuredmedia":[{"embeddable":true,"href":"https:\/\/librosdeoro.cafam.com.co\/libro2024\/wp-json\/wp\/v2\/media\/339"}],"wp:attachment":[{"href":"https:\/\/librosdeoro.cafam.com.co\/libro2024\/wp-json\/wp\/v2\/media?parent=589"}],"curies":[{"name":"wp","href":"https:\/\/api.w.org\/{rel}","templated":true}]}}