{"id":489,"date":"2022-07-15T12:44:32","date_gmt":"2022-07-15T17:44:32","guid":{"rendered":"https:\/\/librosdeoro.cafam.com.co\/libro2024\/?page_id=489"},"modified":"2024-10-03T16:18:43","modified_gmt":"2024-10-03T16:18:43","slug":"flor-del-carmen-imbacuan-pantoja","status":"publish","type":"page","link":"https:\/\/librosdeoro.cafam.com.co\/libro2024\/candidatas-2024\/flor-del-carmen-imbacuan-pantoja\/","title":{"rendered":"Flor Del Carmen Imbacuan Pantoja"},"content":{"rendered":"","protected":false},"excerpt":{"rendered":"","protected":false},"author":4,"featured_media":2157,"parent":352,"menu_order":0,"comment_status":"closed","ping_status":"closed","template":"","meta":{"footnotes":""},"class_list":["post-489","page","type-page","status-publish","has-post-thumbnail","hentry"],"yoast_head":"<!-- This site is optimized with the Yoast SEO plugin v23.1 - https:\/\/yoast.com\/wordpress\/plugins\/seo\/ -->\n<title>Flor Del Carmen Imbacuan Pantoja - Libros de Oro 2024<\/title>\n<meta name=\"description\" content=\"Gracias a ella m\u00e1s de 500 personas de los resguardos ind\u00edgenas de Aldana, Ipiales, Carlosama, Iles y Pupiales se benefician de la Fundaci\u00f3n Hilando y Tejiendo Sue\u00f1os Hacia la Equidad de G\u00e9nero y su marca Hajs\u00fa Etnomoda, delas que Flor del Carmen es su creadora.\" \/>\n<meta name=\"robots\" content=\"index, follow, max-snippet:-1, max-image-preview:large, max-video-preview:-1\" \/>\n<link rel=\"canonical\" href=\"https:\/\/librosdeoro.cafam.com.co\/libro2024\/candidatas-2024\/flor-del-carmen-imbacuan-pantoja\/\" \/>\n<meta property=\"og:locale\" content=\"es_ES\" \/>\n<meta property=\"og:type\" content=\"article\" \/>\n<meta property=\"og:title\" content=\"Flor Del Carmen Imbacuan Pantoja - Libros de Oro 2024\" \/>\n<meta property=\"og:description\" content=\"Gracias a ella m\u00e1s de 500 personas de los resguardos ind\u00edgenas de Aldana, Ipiales, Carlosama, Iles y Pupiales se benefician de la Fundaci\u00f3n Hilando y Tejiendo Sue\u00f1os Hacia la Equidad de G\u00e9nero y su marca Hajs\u00fa Etnomoda, delas que Flor del Carmen es su creadora.\" \/>\n<meta property=\"og:url\" content=\"https:\/\/librosdeoro.cafam.com.co\/libro2024\/candidatas-2024\/flor-del-carmen-imbacuan-pantoja\/\" \/>\n<meta property=\"og:site_name\" content=\"Libros de Oro 2024\" \/>\n<meta property=\"article:modified_time\" content=\"2024-10-03T16:18:43+00:00\" \/>\n<meta property=\"og:image\" content=\"https:\/\/librosdeoro.cafam.com.co\/libro2024\/wp-content\/uploads\/sites\/12\/2024\/09\/Narino-MAV_1911.jpg\" \/>\n\t<meta property=\"og:image:width\" content=\"433\" \/>\n\t<meta property=\"og:image:height\" content=\"650\" \/>\n\t<meta property=\"og:image:type\" content=\"image\/jpeg\" \/>\n<meta name=\"twitter:card\" content=\"summary_large_image\" \/>\n<meta name=\"twitter:label1\" content=\"Tiempo de lectura\" \/>\n\t<meta name=\"twitter:data1\" content=\"3 minutos\" \/>\n<script type=\"application\/ld+json\" class=\"yoast-schema-graph\">{\"@context\":\"https:\/\/schema.org\",\"@graph\":[{\"@type\":\"WebPage\",\"@id\":\"https:\/\/librosdeoro.cafam.com.co\/libro2024\/candidatas-2024\/flor-del-carmen-imbacuan-pantoja\/\",\"url\":\"https:\/\/librosdeoro.cafam.com.co\/libro2024\/candidatas-2024\/flor-del-carmen-imbacuan-pantoja\/\",\"name\":\"Flor Del Carmen Imbacuan Pantoja - Libros de Oro 2024\",\"isPartOf\":{\"@id\":\"https:\/\/librosdeoro.cafam.com.co\/libro2024\/#website\"},\"primaryImageOfPage\":{\"@id\":\"https:\/\/librosdeoro.cafam.com.co\/libro2024\/candidatas-2024\/flor-del-carmen-imbacuan-pantoja\/#primaryimage\"},\"image\":{\"@id\":\"https:\/\/librosdeoro.cafam.com.co\/libro2024\/candidatas-2024\/flor-del-carmen-imbacuan-pantoja\/#primaryimage\"},\"thumbnailUrl\":\"https:\/\/librosdeoro.cafam.com.co\/libro2024\/wp-content\/uploads\/sites\/12\/2024\/09\/Narino-MAV_1911.jpg\",\"datePublished\":\"2022-07-15T17:44:32+00:00\",\"dateModified\":\"2024-10-03T16:18:43+00:00\",\"description\":\"Gracias a ella m\u00e1s de 500 personas de los resguardos ind\u00edgenas de Aldana, Ipiales, Carlosama, Iles y Pupiales se benefician de la Fundaci\u00f3n Hilando y Tejiendo Sue\u00f1os Hacia la Equidad de G\u00e9nero y su marca Hajs\u00fa Etnomoda, delas que Flor del Carmen es su creadora.\",\"breadcrumb\":{\"@id\":\"https:\/\/librosdeoro.cafam.com.co\/libro2024\/candidatas-2024\/flor-del-carmen-imbacuan-pantoja\/#breadcrumb\"},\"inLanguage\":\"es-CO\",\"potentialAction\":[{\"@type\":\"ReadAction\",\"target\":[\"https:\/\/librosdeoro.cafam.com.co\/libro2024\/candidatas-2024\/flor-del-carmen-imbacuan-pantoja\/\"]}]},{\"@type\":\"ImageObject\",\"inLanguage\":\"es-CO\",\"@id\":\"https:\/\/librosdeoro.cafam.com.co\/libro2024\/candidatas-2024\/flor-del-carmen-imbacuan-pantoja\/#primaryimage\",\"url\":\"https:\/\/librosdeoro.cafam.com.co\/libro2024\/wp-content\/uploads\/sites\/12\/2024\/09\/Narino-MAV_1911.jpg\",\"contentUrl\":\"https:\/\/librosdeoro.cafam.com.co\/libro2024\/wp-content\/uploads\/sites\/12\/2024\/09\/Narino-MAV_1911.jpg\",\"width\":433,\"height\":650},{\"@type\":\"BreadcrumbList\",\"@id\":\"https:\/\/librosdeoro.cafam.com.co\/libro2024\/candidatas-2024\/flor-del-carmen-imbacuan-pantoja\/#breadcrumb\",\"itemListElement\":[{\"@type\":\"ListItem\",\"position\":1,\"name\":\"Home\",\"item\":\"https:\/\/librosdeoro.cafam.com.co\/libro2024\/\"},{\"@type\":\"ListItem\",\"position\":2,\"name\":\"Candidatas 2024\",\"item\":\"https:\/\/librosdeoro.cafam.com.co\/libro2024\/candidatas-2024\/\"},{\"@type\":\"ListItem\",\"position\":3,\"name\":\"Flor Del Carmen Imbacuan Pantoja\"}]},{\"@type\":\"WebSite\",\"@id\":\"https:\/\/librosdeoro.cafam.com.co\/libro2024\/#website\",\"url\":\"https:\/\/librosdeoro.cafam.com.co\/libro2024\/\",\"name\":\"Libros de Oro 2024\",\"description\":\"\",\"potentialAction\":[{\"@type\":\"SearchAction\",\"target\":{\"@type\":\"EntryPoint\",\"urlTemplate\":\"https:\/\/librosdeoro.cafam.com.co\/libro2024\/?s={search_term_string}\"},\"query-input\":\"required name=search_term_string\"}],\"inLanguage\":\"es-CO\"}]}<\/script>\n<!-- \/ Yoast SEO plugin. -->","yoast_head_json":{"title":"Flor Del Carmen Imbacuan Pantoja - Libros de Oro 2024","description":"Gracias a ella m\u00e1s de 500 personas de los resguardos ind\u00edgenas de Aldana, Ipiales, Carlosama, Iles y Pupiales se benefician de la Fundaci\u00f3n Hilando y Tejiendo Sue\u00f1os Hacia la Equidad de G\u00e9nero y su marca Hajs\u00fa Etnomoda, delas que Flor del Carmen es su creadora.","robots":{"index":"index","follow":"follow","max-snippet":"max-snippet:-1","max-image-preview":"max-image-preview:large","max-video-preview":"max-video-preview:-1"},"canonical":"https:\/\/librosdeoro.cafam.com.co\/libro2024\/candidatas-2024\/flor-del-carmen-imbacuan-pantoja\/","og_locale":"es_ES","og_type":"article","og_title":"Flor Del Carmen Imbacuan Pantoja - Libros de Oro 2024","og_description":"Gracias a ella m\u00e1s de 500 personas de los resguardos ind\u00edgenas de Aldana, Ipiales, Carlosama, Iles y Pupiales se benefician de la Fundaci\u00f3n Hilando y Tejiendo Sue\u00f1os Hacia la Equidad de G\u00e9nero y su marca Hajs\u00fa Etnomoda, delas que Flor del Carmen es su creadora.","og_url":"https:\/\/librosdeoro.cafam.com.co\/libro2024\/candidatas-2024\/flor-del-carmen-imbacuan-pantoja\/","og_site_name":"Libros de Oro 2024","article_modified_time":"2024-10-03T16:18:43+00:00","og_image":[{"width":433,"height":650,"url":"https:\/\/librosdeoro.cafam.com.co\/libro2024\/wp-content\/uploads\/sites\/12\/2024\/09\/Narino-MAV_1911.jpg","type":"image\/jpeg"}],"twitter_card":"summary_large_image","twitter_misc":{"Tiempo de lectura":"3 minutos"},"schema":{"@context":"https:\/\/schema.org","@graph":[{"@type":"WebPage","@id":"https:\/\/librosdeoro.cafam.com.co\/libro2024\/candidatas-2024\/flor-del-carmen-imbacuan-pantoja\/","url":"https:\/\/librosdeoro.cafam.com.co\/libro2024\/candidatas-2024\/flor-del-carmen-imbacuan-pantoja\/","name":"Flor Del Carmen Imbacuan Pantoja - Libros de Oro 2024","isPartOf":{"@id":"https:\/\/librosdeoro.cafam.com.co\/libro2024\/#website"},"primaryImageOfPage":{"@id":"https:\/\/librosdeoro.cafam.com.co\/libro2024\/candidatas-2024\/flor-del-carmen-imbacuan-pantoja\/#primaryimage"},"image":{"@id":"https:\/\/librosdeoro.cafam.com.co\/libro2024\/candidatas-2024\/flor-del-carmen-imbacuan-pantoja\/#primaryimage"},"thumbnailUrl":"https:\/\/librosdeoro.cafam.com.co\/libro2024\/wp-content\/uploads\/sites\/12\/2024\/09\/Narino-MAV_1911.jpg","datePublished":"2022-07-15T17:44:32+00:00","dateModified":"2024-10-03T16:18:43+00:00","description":"Gracias a ella m\u00e1s de 500 personas de los resguardos ind\u00edgenas de Aldana, Ipiales, Carlosama, Iles y Pupiales se benefician de la Fundaci\u00f3n Hilando y Tejiendo Sue\u00f1os Hacia la Equidad de G\u00e9nero y su marca Hajs\u00fa Etnomoda, delas que Flor del Carmen es su creadora.","breadcrumb":{"@id":"https:\/\/librosdeoro.cafam.com.co\/libro2024\/candidatas-2024\/flor-del-carmen-imbacuan-pantoja\/#breadcrumb"},"inLanguage":"es-CO","potentialAction":[{"@type":"ReadAction","target":["https:\/\/librosdeoro.cafam.com.co\/libro2024\/candidatas-2024\/flor-del-carmen-imbacuan-pantoja\/"]}]},{"@type":"ImageObject","inLanguage":"es-CO","@id":"https:\/\/librosdeoro.cafam.com.co\/libro2024\/candidatas-2024\/flor-del-carmen-imbacuan-pantoja\/#primaryimage","url":"https:\/\/librosdeoro.cafam.com.co\/libro2024\/wp-content\/uploads\/sites\/12\/2024\/09\/Narino-MAV_1911.jpg","contentUrl":"https:\/\/librosdeoro.cafam.com.co\/libro2024\/wp-content\/uploads\/sites\/12\/2024\/09\/Narino-MAV_1911.jpg","width":433,"height":650},{"@type":"BreadcrumbList","@id":"https:\/\/librosdeoro.cafam.com.co\/libro2024\/candidatas-2024\/flor-del-carmen-imbacuan-pantoja\/#breadcrumb","itemListElement":[{"@type":"ListItem","position":1,"name":"Home","item":"https:\/\/librosdeoro.cafam.com.co\/libro2024\/"},{"@type":"ListItem","position":2,"name":"Candidatas 2024","item":"https:\/\/librosdeoro.cafam.com.co\/libro2024\/candidatas-2024\/"},{"@type":"ListItem","position":3,"name":"Flor Del Carmen Imbacuan Pantoja"}]},{"@type":"WebSite","@id":"https:\/\/librosdeoro.cafam.com.co\/libro2024\/#website","url":"https:\/\/librosdeoro.cafam.com.co\/libro2024\/","name":"Libros de Oro 2024","description":"","potentialAction":[{"@type":"SearchAction","target":{"@type":"EntryPoint","urlTemplate":"https:\/\/librosdeoro.cafam.com.co\/libro2024\/?s={search_term_string}"},"query-input":"required name=search_term_string"}],"inLanguage":"es-CO"}]}},"_links":{"self":[{"href":"https:\/\/librosdeoro.cafam.com.co\/libro2024\/wp-json\/wp\/v2\/pages\/489","targetHints":{"allow":["GET"]}}],"collection":[{"href":"https:\/\/librosdeoro.cafam.com.co\/libro2024\/wp-json\/wp\/v2\/pages"}],"about":[{"href":"https:\/\/librosdeoro.cafam.com.co\/libro2024\/wp-json\/wp\/v2\/types\/page"}],"author":[{"embeddable":true,"href":"https:\/\/librosdeoro.cafam.com.co\/libro2024\/wp-json\/wp\/v2\/users\/4"}],"replies":[{"embeddable":true,"href":"https:\/\/librosdeoro.cafam.com.co\/libro2024\/wp-json\/wp\/v2\/comments?post=489"}],"version-history":[{"count":4,"href":"https:\/\/librosdeoro.cafam.com.co\/libro2024\/wp-json\/wp\/v2\/pages\/489\/revisions"}],"predecessor-version":[{"id":2281,"href":"https:\/\/librosdeoro.cafam.com.co\/libro2024\/wp-json\/wp\/v2\/pages\/489\/revisions\/2281"}],"up":[{"embeddable":true,"href":"https:\/\/librosdeoro.cafam.com.co\/libro2024\/wp-json\/wp\/v2\/pages\/352"}],"wp:featuredmedia":[{"embeddable":true,"href":"https:\/\/librosdeoro.cafam.com.co\/libro2024\/wp-json\/wp\/v2\/media\/2157"}],"wp:attachment":[{"href":"https:\/\/librosdeoro.cafam.com.co\/libro2024\/wp-json\/wp\/v2\/media?parent=489"}],"curies":[{"name":"wp","href":"https:\/\/api.w.org\/{rel}","templated":true}]}}