{"id":484,"date":"2022-07-15T01:01:22","date_gmt":"2022-07-15T06:01:22","guid":{"rendered":"https:\/\/librosdeoro.cafam.com.co\/libro2024\/?page_id=484"},"modified":"2024-10-03T15:57:48","modified_gmt":"2024-10-03T15:57:48","slug":"america-rey-sierra","status":"publish","type":"page","link":"https:\/\/librosdeoro.cafam.com.co\/libro2024\/candidatas-2024\/america-rey-sierra\/","title":{"rendered":"Am\u00e9rica Rey Sierra"},"content":{"rendered":"","protected":false},"excerpt":{"rendered":"","protected":false},"author":4,"featured_media":2005,"parent":352,"menu_order":0,"comment_status":"closed","ping_status":"closed","template":"","meta":{"footnotes":""},"class_list":["post-484","page","type-page","status-publish","has-post-thumbnail","hentry"],"yoast_head":"<!-- This site is optimized with the Yoast SEO plugin v23.1 - https:\/\/yoast.com\/wordpress\/plugins\/seo\/ -->\n<title>Am\u00e9rica Rey Sierra - Libros de Oro 2024<\/title>\n<meta name=\"description\" content=\"Gracias a ella, anualmente se benefician de 700 a 1.000 personas mediante la Corporaci\u00f3n Cultural Llanera Luis Ariel y Gil Arialdo Rey Roa (Corculla),fundada por Am\u00e9rica en el a\u00f1o 2000, como una muestra de su talento art\u00edstico y su capacidad de gesti\u00f3n y liderazgo en proyectos culturales, que han revitalizado y promovido las tradiciones llaneras.\" \/>\n<meta name=\"robots\" content=\"index, follow, max-snippet:-1, max-image-preview:large, max-video-preview:-1\" \/>\n<link rel=\"canonical\" href=\"https:\/\/librosdeoro.cafam.com.co\/libro2024\/candidatas-2024\/america-rey-sierra\/\" \/>\n<meta property=\"og:locale\" content=\"es_ES\" \/>\n<meta property=\"og:type\" content=\"article\" \/>\n<meta property=\"og:title\" content=\"Am\u00e9rica Rey Sierra - Libros de Oro 2024\" \/>\n<meta property=\"og:description\" content=\"Gracias a ella, anualmente se benefician de 700 a 1.000 personas mediante la Corporaci\u00f3n Cultural Llanera Luis Ariel y Gil Arialdo Rey Roa (Corculla),fundada por Am\u00e9rica en el a\u00f1o 2000, como una muestra de su talento art\u00edstico y su capacidad de gesti\u00f3n y liderazgo en proyectos culturales, que han revitalizado y promovido las tradiciones llaneras.\" \/>\n<meta property=\"og:url\" content=\"https:\/\/librosdeoro.cafam.com.co\/libro2024\/candidatas-2024\/america-rey-sierra\/\" \/>\n<meta property=\"og:site_name\" content=\"Libros de Oro 2024\" \/>\n<meta property=\"article:modified_time\" content=\"2024-10-03T15:57:48+00:00\" \/>\n<meta property=\"og:image\" content=\"https:\/\/librosdeoro.cafam.com.co\/libro2024\/wp-content\/uploads\/sites\/12\/2023\/08\/NORTE-DE-SANTANDER-MUJER-Cafam-2023-1178.jpg\" \/>\n\t<meta property=\"og:image:width\" content=\"1000\" \/>\n\t<meta property=\"og:image:height\" content=\"1354\" \/>\n\t<meta property=\"og:image:type\" content=\"image\/jpeg\" \/>\n<meta name=\"twitter:card\" content=\"summary_large_image\" \/>\n<meta name=\"twitter:label1\" content=\"Tiempo de lectura\" \/>\n\t<meta name=\"twitter:data1\" content=\"3 minutos\" \/>\n<script type=\"application\/ld+json\" class=\"yoast-schema-graph\">{\"@context\":\"https:\/\/schema.org\",\"@graph\":[{\"@type\":\"WebPage\",\"@id\":\"https:\/\/librosdeoro.cafam.com.co\/libro2024\/candidatas-2024\/america-rey-sierra\/\",\"url\":\"https:\/\/librosdeoro.cafam.com.co\/libro2024\/candidatas-2024\/america-rey-sierra\/\",\"name\":\"Am\u00e9rica Rey Sierra - Libros de Oro 2024\",\"isPartOf\":{\"@id\":\"https:\/\/librosdeoro.cafam.com.co\/libro2024\/#website\"},\"primaryImageOfPage\":{\"@id\":\"https:\/\/librosdeoro.cafam.com.co\/libro2024\/candidatas-2024\/america-rey-sierra\/#primaryimage\"},\"image\":{\"@id\":\"https:\/\/librosdeoro.cafam.com.co\/libro2024\/candidatas-2024\/america-rey-sierra\/#primaryimage\"},\"thumbnailUrl\":\"https:\/\/librosdeoro.cafam.com.co\/libro2024\/wp-content\/uploads\/sites\/12\/2023\/08\/NORTE-DE-SANTANDER-MUJER-Cafam-2023-1178.jpg\",\"datePublished\":\"2022-07-15T06:01:22+00:00\",\"dateModified\":\"2024-10-03T15:57:48+00:00\",\"description\":\"Gracias a ella, anualmente se benefician de 700 a 1.000 personas mediante la Corporaci\u00f3n Cultural Llanera Luis Ariel y Gil Arialdo Rey Roa (Corculla),fundada por Am\u00e9rica en el a\u00f1o 2000, como una muestra de su talento art\u00edstico y su capacidad de gesti\u00f3n y liderazgo en proyectos culturales, que han revitalizado y promovido las tradiciones llaneras.\",\"breadcrumb\":{\"@id\":\"https:\/\/librosdeoro.cafam.com.co\/libro2024\/candidatas-2024\/america-rey-sierra\/#breadcrumb\"},\"inLanguage\":\"es-CO\",\"potentialAction\":[{\"@type\":\"ReadAction\",\"target\":[\"https:\/\/librosdeoro.cafam.com.co\/libro2024\/candidatas-2024\/america-rey-sierra\/\"]}]},{\"@type\":\"ImageObject\",\"inLanguage\":\"es-CO\",\"@id\":\"https:\/\/librosdeoro.cafam.com.co\/libro2024\/candidatas-2024\/america-rey-sierra\/#primaryimage\",\"url\":\"https:\/\/librosdeoro.cafam.com.co\/libro2024\/wp-content\/uploads\/sites\/12\/2023\/08\/NORTE-DE-SANTANDER-MUJER-Cafam-2023-1178.jpg\",\"contentUrl\":\"https:\/\/librosdeoro.cafam.com.co\/libro2024\/wp-content\/uploads\/sites\/12\/2023\/08\/NORTE-DE-SANTANDER-MUJER-Cafam-2023-1178.jpg\",\"width\":1000,\"height\":1354},{\"@type\":\"BreadcrumbList\",\"@id\":\"https:\/\/librosdeoro.cafam.com.co\/libro2024\/candidatas-2024\/america-rey-sierra\/#breadcrumb\",\"itemListElement\":[{\"@type\":\"ListItem\",\"position\":1,\"name\":\"Home\",\"item\":\"https:\/\/librosdeoro.cafam.com.co\/libro2024\/\"},{\"@type\":\"ListItem\",\"position\":2,\"name\":\"Candidatas 2024\",\"item\":\"https:\/\/librosdeoro.cafam.com.co\/libro2024\/candidatas-2024\/\"},{\"@type\":\"ListItem\",\"position\":3,\"name\":\"Am\u00e9rica Rey Sierra\"}]},{\"@type\":\"WebSite\",\"@id\":\"https:\/\/librosdeoro.cafam.com.co\/libro2024\/#website\",\"url\":\"https:\/\/librosdeoro.cafam.com.co\/libro2024\/\",\"name\":\"Libros de Oro 2024\",\"description\":\"\",\"potentialAction\":[{\"@type\":\"SearchAction\",\"target\":{\"@type\":\"EntryPoint\",\"urlTemplate\":\"https:\/\/librosdeoro.cafam.com.co\/libro2024\/?s={search_term_string}\"},\"query-input\":\"required name=search_term_string\"}],\"inLanguage\":\"es-CO\"}]}<\/script>\n<!-- \/ Yoast SEO plugin. -->","yoast_head_json":{"title":"Am\u00e9rica Rey Sierra - Libros de Oro 2024","description":"Gracias a ella, anualmente se benefician de 700 a 1.000 personas mediante la Corporaci\u00f3n Cultural Llanera Luis Ariel y Gil Arialdo Rey Roa (Corculla),fundada por Am\u00e9rica en el a\u00f1o 2000, como una muestra de su talento art\u00edstico y su capacidad de gesti\u00f3n y liderazgo en proyectos culturales, que han revitalizado y promovido las tradiciones llaneras.","robots":{"index":"index","follow":"follow","max-snippet":"max-snippet:-1","max-image-preview":"max-image-preview:large","max-video-preview":"max-video-preview:-1"},"canonical":"https:\/\/librosdeoro.cafam.com.co\/libro2024\/candidatas-2024\/america-rey-sierra\/","og_locale":"es_ES","og_type":"article","og_title":"Am\u00e9rica Rey Sierra - Libros de Oro 2024","og_description":"Gracias a ella, anualmente se benefician de 700 a 1.000 personas mediante la Corporaci\u00f3n Cultural Llanera Luis Ariel y Gil Arialdo Rey Roa (Corculla),fundada por Am\u00e9rica en el a\u00f1o 2000, como una muestra de su talento art\u00edstico y su capacidad de gesti\u00f3n y liderazgo en proyectos culturales, que han revitalizado y promovido las tradiciones llaneras.","og_url":"https:\/\/librosdeoro.cafam.com.co\/libro2024\/candidatas-2024\/america-rey-sierra\/","og_site_name":"Libros de Oro 2024","article_modified_time":"2024-10-03T15:57:48+00:00","og_image":[{"width":1000,"height":1354,"url":"https:\/\/librosdeoro.cafam.com.co\/libro2024\/wp-content\/uploads\/sites\/12\/2023\/08\/NORTE-DE-SANTANDER-MUJER-Cafam-2023-1178.jpg","type":"image\/jpeg"}],"twitter_card":"summary_large_image","twitter_misc":{"Tiempo de lectura":"3 minutos"},"schema":{"@context":"https:\/\/schema.org","@graph":[{"@type":"WebPage","@id":"https:\/\/librosdeoro.cafam.com.co\/libro2024\/candidatas-2024\/america-rey-sierra\/","url":"https:\/\/librosdeoro.cafam.com.co\/libro2024\/candidatas-2024\/america-rey-sierra\/","name":"Am\u00e9rica Rey Sierra - Libros de Oro 2024","isPartOf":{"@id":"https:\/\/librosdeoro.cafam.com.co\/libro2024\/#website"},"primaryImageOfPage":{"@id":"https:\/\/librosdeoro.cafam.com.co\/libro2024\/candidatas-2024\/america-rey-sierra\/#primaryimage"},"image":{"@id":"https:\/\/librosdeoro.cafam.com.co\/libro2024\/candidatas-2024\/america-rey-sierra\/#primaryimage"},"thumbnailUrl":"https:\/\/librosdeoro.cafam.com.co\/libro2024\/wp-content\/uploads\/sites\/12\/2023\/08\/NORTE-DE-SANTANDER-MUJER-Cafam-2023-1178.jpg","datePublished":"2022-07-15T06:01:22+00:00","dateModified":"2024-10-03T15:57:48+00:00","description":"Gracias a ella, anualmente se benefician de 700 a 1.000 personas mediante la Corporaci\u00f3n Cultural Llanera Luis Ariel y Gil Arialdo Rey Roa (Corculla),fundada por Am\u00e9rica en el a\u00f1o 2000, como una muestra de su talento art\u00edstico y su capacidad de gesti\u00f3n y liderazgo en proyectos culturales, que han revitalizado y promovido las tradiciones llaneras.","breadcrumb":{"@id":"https:\/\/librosdeoro.cafam.com.co\/libro2024\/candidatas-2024\/america-rey-sierra\/#breadcrumb"},"inLanguage":"es-CO","potentialAction":[{"@type":"ReadAction","target":["https:\/\/librosdeoro.cafam.com.co\/libro2024\/candidatas-2024\/america-rey-sierra\/"]}]},{"@type":"ImageObject","inLanguage":"es-CO","@id":"https:\/\/librosdeoro.cafam.com.co\/libro2024\/candidatas-2024\/america-rey-sierra\/#primaryimage","url":"https:\/\/librosdeoro.cafam.com.co\/libro2024\/wp-content\/uploads\/sites\/12\/2023\/08\/NORTE-DE-SANTANDER-MUJER-Cafam-2023-1178.jpg","contentUrl":"https:\/\/librosdeoro.cafam.com.co\/libro2024\/wp-content\/uploads\/sites\/12\/2023\/08\/NORTE-DE-SANTANDER-MUJER-Cafam-2023-1178.jpg","width":1000,"height":1354},{"@type":"BreadcrumbList","@id":"https:\/\/librosdeoro.cafam.com.co\/libro2024\/candidatas-2024\/america-rey-sierra\/#breadcrumb","itemListElement":[{"@type":"ListItem","position":1,"name":"Home","item":"https:\/\/librosdeoro.cafam.com.co\/libro2024\/"},{"@type":"ListItem","position":2,"name":"Candidatas 2024","item":"https:\/\/librosdeoro.cafam.com.co\/libro2024\/candidatas-2024\/"},{"@type":"ListItem","position":3,"name":"Am\u00e9rica Rey Sierra"}]},{"@type":"WebSite","@id":"https:\/\/librosdeoro.cafam.com.co\/libro2024\/#website","url":"https:\/\/librosdeoro.cafam.com.co\/libro2024\/","name":"Libros de Oro 2024","description":"","potentialAction":[{"@type":"SearchAction","target":{"@type":"EntryPoint","urlTemplate":"https:\/\/librosdeoro.cafam.com.co\/libro2024\/?s={search_term_string}"},"query-input":"required name=search_term_string"}],"inLanguage":"es-CO"}]}},"_links":{"self":[{"href":"https:\/\/librosdeoro.cafam.com.co\/libro2024\/wp-json\/wp\/v2\/pages\/484","targetHints":{"allow":["GET"]}}],"collection":[{"href":"https:\/\/librosdeoro.cafam.com.co\/libro2024\/wp-json\/wp\/v2\/pages"}],"about":[{"href":"https:\/\/librosdeoro.cafam.com.co\/libro2024\/wp-json\/wp\/v2\/types\/page"}],"author":[{"embeddable":true,"href":"https:\/\/librosdeoro.cafam.com.co\/libro2024\/wp-json\/wp\/v2\/users\/4"}],"replies":[{"embeddable":true,"href":"https:\/\/librosdeoro.cafam.com.co\/libro2024\/wp-json\/wp\/v2\/comments?post=484"}],"version-history":[{"count":4,"href":"https:\/\/librosdeoro.cafam.com.co\/libro2024\/wp-json\/wp\/v2\/pages\/484\/revisions"}],"predecessor-version":[{"id":2276,"href":"https:\/\/librosdeoro.cafam.com.co\/libro2024\/wp-json\/wp\/v2\/pages\/484\/revisions\/2276"}],"up":[{"embeddable":true,"href":"https:\/\/librosdeoro.cafam.com.co\/libro2024\/wp-json\/wp\/v2\/pages\/352"}],"wp:featuredmedia":[{"embeddable":true,"href":"https:\/\/librosdeoro.cafam.com.co\/libro2024\/wp-json\/wp\/v2\/media\/2005"}],"wp:attachment":[{"href":"https:\/\/librosdeoro.cafam.com.co\/libro2024\/wp-json\/wp\/v2\/media?parent=484"}],"curies":[{"name":"wp","href":"https:\/\/api.w.org\/{rel}","templated":true}]}}