{"id":1963,"date":"2023-08-23T16:43:23","date_gmt":"2023-08-23T21:43:23","guid":{"rendered":"https:\/\/librosdeoro.cafam.com.co\/libro2024\/?page_id=1963"},"modified":"2024-10-03T16:40:17","modified_gmt":"2024-10-03T16:40:17","slug":"carmen-elena-garcia","status":"publish","type":"page","link":"https:\/\/librosdeoro.cafam.com.co\/libro2024\/candidatas-2024\/carmen-elena-garcia\/","title":{"rendered":"Carmen Elena Garc\u00eda"},"content":{"rendered":"","protected":false},"excerpt":{"rendered":"","protected":false},"author":5,"featured_media":2158,"parent":352,"menu_order":0,"comment_status":"closed","ping_status":"closed","template":"","meta":{"footnotes":""},"class_list":["post-1963","page","type-page","status-publish","has-post-thumbnail","hentry"],"yoast_head":"<!-- This site is optimized with the Yoast SEO plugin v23.1 - https:\/\/yoast.com\/wordpress\/plugins\/seo\/ -->\n<title>Carmen Elena Garc\u00eda - Libros de Oro 2024<\/title>\n<meta name=\"description\" content=\"Gracias a ella, m\u00e1s de 1.000 personas se benefician anualmente de su obra Asociaci\u00f3n de Madres del Catatumbo por la Paz que fund\u00f3 en el a\u00f1o 2019junto con otras mujeres, principalmente madres de la regi\u00f3n del Catatumbo, que ha sido afectada por d\u00e9cadas de conflicto armado y violencia.\" \/>\n<meta name=\"robots\" content=\"index, follow, max-snippet:-1, max-image-preview:large, max-video-preview:-1\" \/>\n<link rel=\"canonical\" href=\"https:\/\/librosdeoro.cafam.com.co\/libro2024\/candidatas-2024\/carmen-elena-garcia\/\" \/>\n<meta property=\"og:locale\" content=\"es_ES\" \/>\n<meta property=\"og:type\" content=\"article\" \/>\n<meta property=\"og:title\" content=\"Carmen Elena Garc\u00eda - Libros de Oro 2024\" \/>\n<meta property=\"og:description\" content=\"Gracias a ella, m\u00e1s de 1.000 personas se benefician anualmente de su obra Asociaci\u00f3n de Madres del Catatumbo por la Paz que fund\u00f3 en el a\u00f1o 2019junto con otras mujeres, principalmente madres de la regi\u00f3n del Catatumbo, que ha sido afectada por d\u00e9cadas de conflicto armado y violencia.\" \/>\n<meta property=\"og:url\" content=\"https:\/\/librosdeoro.cafam.com.co\/libro2024\/candidatas-2024\/carmen-elena-garcia\/\" \/>\n<meta property=\"og:site_name\" content=\"Libros de Oro 2024\" \/>\n<meta property=\"article:modified_time\" content=\"2024-10-03T16:40:17+00:00\" \/>\n<meta property=\"og:image\" content=\"https:\/\/librosdeoro.cafam.com.co\/libro2024\/wp-content\/uploads\/sites\/12\/2024\/09\/Norte-de-Santander-MAV_1423.jpg\" \/>\n\t<meta property=\"og:image:width\" content=\"433\" \/>\n\t<meta property=\"og:image:height\" content=\"650\" \/>\n\t<meta property=\"og:image:type\" content=\"image\/jpeg\" \/>\n<meta name=\"twitter:card\" content=\"summary_large_image\" \/>\n<meta name=\"twitter:label1\" content=\"Tiempo de lectura\" \/>\n\t<meta name=\"twitter:data1\" content=\"5 minutos\" \/>\n<script type=\"application\/ld+json\" class=\"yoast-schema-graph\">{\"@context\":\"https:\/\/schema.org\",\"@graph\":[{\"@type\":\"WebPage\",\"@id\":\"https:\/\/librosdeoro.cafam.com.co\/libro2024\/candidatas-2024\/carmen-elena-garcia\/\",\"url\":\"https:\/\/librosdeoro.cafam.com.co\/libro2024\/candidatas-2024\/carmen-elena-garcia\/\",\"name\":\"Carmen Elena Garc\u00eda - Libros de Oro 2024\",\"isPartOf\":{\"@id\":\"https:\/\/librosdeoro.cafam.com.co\/libro2024\/#website\"},\"primaryImageOfPage\":{\"@id\":\"https:\/\/librosdeoro.cafam.com.co\/libro2024\/candidatas-2024\/carmen-elena-garcia\/#primaryimage\"},\"image\":{\"@id\":\"https:\/\/librosdeoro.cafam.com.co\/libro2024\/candidatas-2024\/carmen-elena-garcia\/#primaryimage\"},\"thumbnailUrl\":\"https:\/\/librosdeoro.cafam.com.co\/libro2024\/wp-content\/uploads\/sites\/12\/2024\/09\/Norte-de-Santander-MAV_1423.jpg\",\"datePublished\":\"2023-08-23T21:43:23+00:00\",\"dateModified\":\"2024-10-03T16:40:17+00:00\",\"description\":\"Gracias a ella, m\u00e1s de 1.000 personas se benefician anualmente de su obra Asociaci\u00f3n de Madres del Catatumbo por la Paz que fund\u00f3 en el a\u00f1o 2019junto con otras mujeres, principalmente madres de la regi\u00f3n del Catatumbo, que ha sido afectada por d\u00e9cadas de conflicto armado y violencia.\",\"breadcrumb\":{\"@id\":\"https:\/\/librosdeoro.cafam.com.co\/libro2024\/candidatas-2024\/carmen-elena-garcia\/#breadcrumb\"},\"inLanguage\":\"es-CO\",\"potentialAction\":[{\"@type\":\"ReadAction\",\"target\":[\"https:\/\/librosdeoro.cafam.com.co\/libro2024\/candidatas-2024\/carmen-elena-garcia\/\"]}]},{\"@type\":\"ImageObject\",\"inLanguage\":\"es-CO\",\"@id\":\"https:\/\/librosdeoro.cafam.com.co\/libro2024\/candidatas-2024\/carmen-elena-garcia\/#primaryimage\",\"url\":\"https:\/\/librosdeoro.cafam.com.co\/libro2024\/wp-content\/uploads\/sites\/12\/2024\/09\/Norte-de-Santander-MAV_1423.jpg\",\"contentUrl\":\"https:\/\/librosdeoro.cafam.com.co\/libro2024\/wp-content\/uploads\/sites\/12\/2024\/09\/Norte-de-Santander-MAV_1423.jpg\",\"width\":433,\"height\":650},{\"@type\":\"BreadcrumbList\",\"@id\":\"https:\/\/librosdeoro.cafam.com.co\/libro2024\/candidatas-2024\/carmen-elena-garcia\/#breadcrumb\",\"itemListElement\":[{\"@type\":\"ListItem\",\"position\":1,\"name\":\"Home\",\"item\":\"https:\/\/librosdeoro.cafam.com.co\/libro2024\/\"},{\"@type\":\"ListItem\",\"position\":2,\"name\":\"Candidatas 2024\",\"item\":\"https:\/\/librosdeoro.cafam.com.co\/libro2024\/candidatas-2024\/\"},{\"@type\":\"ListItem\",\"position\":3,\"name\":\"Carmen Elena Garc\u00eda\"}]},{\"@type\":\"WebSite\",\"@id\":\"https:\/\/librosdeoro.cafam.com.co\/libro2024\/#website\",\"url\":\"https:\/\/librosdeoro.cafam.com.co\/libro2024\/\",\"name\":\"Libros de Oro 2024\",\"description\":\"\",\"potentialAction\":[{\"@type\":\"SearchAction\",\"target\":{\"@type\":\"EntryPoint\",\"urlTemplate\":\"https:\/\/librosdeoro.cafam.com.co\/libro2024\/?s={search_term_string}\"},\"query-input\":\"required name=search_term_string\"}],\"inLanguage\":\"es-CO\"}]}<\/script>\n<!-- \/ Yoast SEO plugin. -->","yoast_head_json":{"title":"Carmen Elena Garc\u00eda - Libros de Oro 2024","description":"Gracias a ella, m\u00e1s de 1.000 personas se benefician anualmente de su obra Asociaci\u00f3n de Madres del Catatumbo por la Paz que fund\u00f3 en el a\u00f1o 2019junto con otras mujeres, principalmente madres de la regi\u00f3n del Catatumbo, que ha sido afectada por d\u00e9cadas de conflicto armado y violencia.","robots":{"index":"index","follow":"follow","max-snippet":"max-snippet:-1","max-image-preview":"max-image-preview:large","max-video-preview":"max-video-preview:-1"},"canonical":"https:\/\/librosdeoro.cafam.com.co\/libro2024\/candidatas-2024\/carmen-elena-garcia\/","og_locale":"es_ES","og_type":"article","og_title":"Carmen Elena Garc\u00eda - Libros de Oro 2024","og_description":"Gracias a ella, m\u00e1s de 1.000 personas se benefician anualmente de su obra Asociaci\u00f3n de Madres del Catatumbo por la Paz que fund\u00f3 en el a\u00f1o 2019junto con otras mujeres, principalmente madres de la regi\u00f3n del Catatumbo, que ha sido afectada por d\u00e9cadas de conflicto armado y violencia.","og_url":"https:\/\/librosdeoro.cafam.com.co\/libro2024\/candidatas-2024\/carmen-elena-garcia\/","og_site_name":"Libros de Oro 2024","article_modified_time":"2024-10-03T16:40:17+00:00","og_image":[{"width":433,"height":650,"url":"https:\/\/librosdeoro.cafam.com.co\/libro2024\/wp-content\/uploads\/sites\/12\/2024\/09\/Norte-de-Santander-MAV_1423.jpg","type":"image\/jpeg"}],"twitter_card":"summary_large_image","twitter_misc":{"Tiempo de lectura":"5 minutos"},"schema":{"@context":"https:\/\/schema.org","@graph":[{"@type":"WebPage","@id":"https:\/\/librosdeoro.cafam.com.co\/libro2024\/candidatas-2024\/carmen-elena-garcia\/","url":"https:\/\/librosdeoro.cafam.com.co\/libro2024\/candidatas-2024\/carmen-elena-garcia\/","name":"Carmen Elena Garc\u00eda - Libros de Oro 2024","isPartOf":{"@id":"https:\/\/librosdeoro.cafam.com.co\/libro2024\/#website"},"primaryImageOfPage":{"@id":"https:\/\/librosdeoro.cafam.com.co\/libro2024\/candidatas-2024\/carmen-elena-garcia\/#primaryimage"},"image":{"@id":"https:\/\/librosdeoro.cafam.com.co\/libro2024\/candidatas-2024\/carmen-elena-garcia\/#primaryimage"},"thumbnailUrl":"https:\/\/librosdeoro.cafam.com.co\/libro2024\/wp-content\/uploads\/sites\/12\/2024\/09\/Norte-de-Santander-MAV_1423.jpg","datePublished":"2023-08-23T21:43:23+00:00","dateModified":"2024-10-03T16:40:17+00:00","description":"Gracias a ella, m\u00e1s de 1.000 personas se benefician anualmente de su obra Asociaci\u00f3n de Madres del Catatumbo por la Paz que fund\u00f3 en el a\u00f1o 2019junto con otras mujeres, principalmente madres de la regi\u00f3n del Catatumbo, que ha sido afectada por d\u00e9cadas de conflicto armado y violencia.","breadcrumb":{"@id":"https:\/\/librosdeoro.cafam.com.co\/libro2024\/candidatas-2024\/carmen-elena-garcia\/#breadcrumb"},"inLanguage":"es-CO","potentialAction":[{"@type":"ReadAction","target":["https:\/\/librosdeoro.cafam.com.co\/libro2024\/candidatas-2024\/carmen-elena-garcia\/"]}]},{"@type":"ImageObject","inLanguage":"es-CO","@id":"https:\/\/librosdeoro.cafam.com.co\/libro2024\/candidatas-2024\/carmen-elena-garcia\/#primaryimage","url":"https:\/\/librosdeoro.cafam.com.co\/libro2024\/wp-content\/uploads\/sites\/12\/2024\/09\/Norte-de-Santander-MAV_1423.jpg","contentUrl":"https:\/\/librosdeoro.cafam.com.co\/libro2024\/wp-content\/uploads\/sites\/12\/2024\/09\/Norte-de-Santander-MAV_1423.jpg","width":433,"height":650},{"@type":"BreadcrumbList","@id":"https:\/\/librosdeoro.cafam.com.co\/libro2024\/candidatas-2024\/carmen-elena-garcia\/#breadcrumb","itemListElement":[{"@type":"ListItem","position":1,"name":"Home","item":"https:\/\/librosdeoro.cafam.com.co\/libro2024\/"},{"@type":"ListItem","position":2,"name":"Candidatas 2024","item":"https:\/\/librosdeoro.cafam.com.co\/libro2024\/candidatas-2024\/"},{"@type":"ListItem","position":3,"name":"Carmen Elena Garc\u00eda"}]},{"@type":"WebSite","@id":"https:\/\/librosdeoro.cafam.com.co\/libro2024\/#website","url":"https:\/\/librosdeoro.cafam.com.co\/libro2024\/","name":"Libros de Oro 2024","description":"","potentialAction":[{"@type":"SearchAction","target":{"@type":"EntryPoint","urlTemplate":"https:\/\/librosdeoro.cafam.com.co\/libro2024\/?s={search_term_string}"},"query-input":"required name=search_term_string"}],"inLanguage":"es-CO"}]}},"_links":{"self":[{"href":"https:\/\/librosdeoro.cafam.com.co\/libro2024\/wp-json\/wp\/v2\/pages\/1963","targetHints":{"allow":["GET"]}}],"collection":[{"href":"https:\/\/librosdeoro.cafam.com.co\/libro2024\/wp-json\/wp\/v2\/pages"}],"about":[{"href":"https:\/\/librosdeoro.cafam.com.co\/libro2024\/wp-json\/wp\/v2\/types\/page"}],"author":[{"embeddable":true,"href":"https:\/\/librosdeoro.cafam.com.co\/libro2024\/wp-json\/wp\/v2\/users\/5"}],"replies":[{"embeddable":true,"href":"https:\/\/librosdeoro.cafam.com.co\/libro2024\/wp-json\/wp\/v2\/comments?post=1963"}],"version-history":[{"count":3,"href":"https:\/\/librosdeoro.cafam.com.co\/libro2024\/wp-json\/wp\/v2\/pages\/1963\/revisions"}],"predecessor-version":[{"id":2287,"href":"https:\/\/librosdeoro.cafam.com.co\/libro2024\/wp-json\/wp\/v2\/pages\/1963\/revisions\/2287"}],"up":[{"embeddable":true,"href":"https:\/\/librosdeoro.cafam.com.co\/libro2024\/wp-json\/wp\/v2\/pages\/352"}],"wp:featuredmedia":[{"embeddable":true,"href":"https:\/\/librosdeoro.cafam.com.co\/libro2024\/wp-json\/wp\/v2\/media\/2158"}],"wp:attachment":[{"href":"https:\/\/librosdeoro.cafam.com.co\/libro2024\/wp-json\/wp\/v2\/media?parent=1963"}],"curies":[{"name":"wp","href":"https:\/\/api.w.org\/{rel}","templated":true}]}}