{"id":1494,"date":"2022-09-03T08:41:45","date_gmt":"2022-09-03T13:41:45","guid":{"rendered":"https:\/\/librosdeoro.cafam.com.co\/libro2024\/?page_id=1494"},"modified":"2022-09-03T08:45:25","modified_gmt":"2022-09-03T13:45:25","slug":"cielo-olave-monsalve","status":"publish","type":"page","link":"https:\/\/librosdeoro.cafam.com.co\/libro2024\/candidatas-2019\/cielo-olave-monsalve\/","title":{"rendered":"CIELO OLAVE MONSALVE"},"content":{"rendered":"","protected":false},"excerpt":{"rendered":"","protected":false},"author":4,"featured_media":1445,"parent":1426,"menu_order":0,"comment_status":"closed","ping_status":"closed","template":"","meta":{"footnotes":""},"class_list":["post-1494","page","type-page","status-publish","has-post-thumbnail","hentry"],"yoast_head":"<!-- This site is optimized with the Yoast SEO plugin v23.1 - https:\/\/yoast.com\/wordpress\/plugins\/seo\/ -->\n<title>CIELO OLAVE MONSALVE - Libros de Oro 2024 2019<\/title>\n<meta name=\"description\" content=\"La obra de Cielo se desarrolla en el \u00e1rea de Jard\u00edn de las Pe\u00f1as y sus veredas, all\u00ed se encuentra el Parque Natural de la Sierra de la Macarena.\" \/>\n<meta name=\"robots\" content=\"index, follow, max-snippet:-1, max-image-preview:large, max-video-preview:-1\" \/>\n<link rel=\"canonical\" href=\"https:\/\/librosdeoro.cafam.com.co\/libro2024\/candidatas-2019\/cielo-olave-monsalve\/\" \/>\n<meta property=\"og:locale\" content=\"es_ES\" \/>\n<meta property=\"og:type\" content=\"article\" \/>\n<meta property=\"og:title\" content=\"CIELO OLAVE MONSALVE - Libros de Oro 2024 2019\" \/>\n<meta property=\"og:description\" content=\"La obra de Cielo se desarrolla en el \u00e1rea de Jard\u00edn de las Pe\u00f1as y sus veredas, all\u00ed se encuentra el Parque Natural de la Sierra de la Macarena.\" \/>\n<meta property=\"og:url\" content=\"https:\/\/librosdeoro.cafam.com.co\/libro2024\/candidatas-2019\/cielo-olave-monsalve\/\" \/>\n<meta property=\"og:site_name\" content=\"Libros de Oro 2024\" \/>\n<meta property=\"article:modified_time\" content=\"2022-09-03T13:45:25+00:00\" \/>\n<meta property=\"og:image\" content=\"https:\/\/librosdeoro.cafam.com.co\/wp-content\/uploads\/sites\/12\/2022\/09\/META-Cielo-Olave-Monsalve.jpg\" \/>\n\t<meta property=\"og:image:width\" content=\"450\" \/>\n\t<meta property=\"og:image:height\" content=\"600\" \/>\n\t<meta property=\"og:image:type\" content=\"image\/jpeg\" \/>\n<meta name=\"twitter:card\" content=\"summary_large_image\" \/>\n<script type=\"application\/ld+json\" class=\"yoast-schema-graph\">{\"@context\":\"https:\/\/schema.org\",\"@graph\":[{\"@type\":\"WebPage\",\"@id\":\"https:\/\/librosdeoro.cafam.com.co\/libro2024\/candidatas-2019\/cielo-olave-monsalve\/\",\"url\":\"https:\/\/librosdeoro.cafam.com.co\/libro2024\/candidatas-2019\/cielo-olave-monsalve\/\",\"name\":\"CIELO OLAVE MONSALVE - Libros de Oro 2024 2019\",\"isPartOf\":{\"@id\":\"https:\/\/librosdeoro.cafam.com.co\/libro2024\/#website\"},\"primaryImageOfPage\":{\"@id\":\"https:\/\/librosdeoro.cafam.com.co\/libro2024\/candidatas-2019\/cielo-olave-monsalve\/#primaryimage\"},\"image\":{\"@id\":\"https:\/\/librosdeoro.cafam.com.co\/libro2024\/candidatas-2019\/cielo-olave-monsalve\/#primaryimage\"},\"thumbnailUrl\":\"https:\/\/librosdeoro.cafam.com.co\/libro2024\/wp-content\/uploads\/sites\/12\/2022\/09\/META-Cielo-Olave-Monsalve.jpg\",\"datePublished\":\"2022-09-03T13:41:45+00:00\",\"dateModified\":\"2022-09-03T13:45:25+00:00\",\"description\":\"La obra de Cielo se desarrolla en el \u00e1rea de Jard\u00edn de las Pe\u00f1as y sus veredas, all\u00ed se encuentra el Parque Natural de la Sierra de la Macarena.\",\"breadcrumb\":{\"@id\":\"https:\/\/librosdeoro.cafam.com.co\/libro2024\/candidatas-2019\/cielo-olave-monsalve\/#breadcrumb\"},\"inLanguage\":\"es-CO\",\"potentialAction\":[{\"@type\":\"ReadAction\",\"target\":[\"https:\/\/librosdeoro.cafam.com.co\/libro2024\/candidatas-2019\/cielo-olave-monsalve\/\"]}]},{\"@type\":\"ImageObject\",\"inLanguage\":\"es-CO\",\"@id\":\"https:\/\/librosdeoro.cafam.com.co\/libro2024\/candidatas-2019\/cielo-olave-monsalve\/#primaryimage\",\"url\":\"https:\/\/librosdeoro.cafam.com.co\/libro2024\/wp-content\/uploads\/sites\/12\/2022\/09\/META-Cielo-Olave-Monsalve.jpg\",\"contentUrl\":\"https:\/\/librosdeoro.cafam.com.co\/libro2024\/wp-content\/uploads\/sites\/12\/2022\/09\/META-Cielo-Olave-Monsalve.jpg\",\"width\":450,\"height\":600},{\"@type\":\"BreadcrumbList\",\"@id\":\"https:\/\/librosdeoro.cafam.com.co\/libro2024\/candidatas-2019\/cielo-olave-monsalve\/#breadcrumb\",\"itemListElement\":[{\"@type\":\"ListItem\",\"position\":1,\"name\":\"Home\",\"item\":\"https:\/\/librosdeoro.cafam.com.co\/libro2024\/\"},{\"@type\":\"ListItem\",\"position\":2,\"name\":\"CANDIDATAS 2019\",\"item\":\"https:\/\/librosdeoro.cafam.com.co\/libro2024\/candidatas-2019\/\"},{\"@type\":\"ListItem\",\"position\":3,\"name\":\"CIELO OLAVE MONSALVE\"}]},{\"@type\":\"WebSite\",\"@id\":\"https:\/\/librosdeoro.cafam.com.co\/libro2024\/#website\",\"url\":\"https:\/\/librosdeoro.cafam.com.co\/libro2024\/\",\"name\":\"Libros de Oro 2024\",\"description\":\"\",\"potentialAction\":[{\"@type\":\"SearchAction\",\"target\":{\"@type\":\"EntryPoint\",\"urlTemplate\":\"https:\/\/librosdeoro.cafam.com.co\/libro2024\/?s={search_term_string}\"},\"query-input\":\"required name=search_term_string\"}],\"inLanguage\":\"es-CO\"}]}<\/script>\n<!-- \/ Yoast SEO plugin. -->","yoast_head_json":{"title":"CIELO OLAVE MONSALVE - Libros de Oro 2024 2019","description":"La obra de Cielo se desarrolla en el \u00e1rea de Jard\u00edn de las Pe\u00f1as y sus veredas, all\u00ed se encuentra el Parque Natural de la Sierra de la Macarena.","robots":{"index":"index","follow":"follow","max-snippet":"max-snippet:-1","max-image-preview":"max-image-preview:large","max-video-preview":"max-video-preview:-1"},"canonical":"https:\/\/librosdeoro.cafam.com.co\/libro2024\/candidatas-2019\/cielo-olave-monsalve\/","og_locale":"es_ES","og_type":"article","og_title":"CIELO OLAVE MONSALVE - Libros de Oro 2024 2019","og_description":"La obra de Cielo se desarrolla en el \u00e1rea de Jard\u00edn de las Pe\u00f1as y sus veredas, all\u00ed se encuentra el Parque Natural de la Sierra de la Macarena.","og_url":"https:\/\/librosdeoro.cafam.com.co\/libro2024\/candidatas-2019\/cielo-olave-monsalve\/","og_site_name":"Libros de Oro 2024","article_modified_time":"2022-09-03T13:45:25+00:00","og_image":[{"width":450,"height":600,"url":"https:\/\/librosdeoro.cafam.com.co\/wp-content\/uploads\/sites\/12\/2022\/09\/META-Cielo-Olave-Monsalve.jpg","type":"image\/jpeg"}],"twitter_card":"summary_large_image","schema":{"@context":"https:\/\/schema.org","@graph":[{"@type":"WebPage","@id":"https:\/\/librosdeoro.cafam.com.co\/libro2024\/candidatas-2019\/cielo-olave-monsalve\/","url":"https:\/\/librosdeoro.cafam.com.co\/libro2024\/candidatas-2019\/cielo-olave-monsalve\/","name":"CIELO OLAVE MONSALVE - Libros de Oro 2024 2019","isPartOf":{"@id":"https:\/\/librosdeoro.cafam.com.co\/libro2024\/#website"},"primaryImageOfPage":{"@id":"https:\/\/librosdeoro.cafam.com.co\/libro2024\/candidatas-2019\/cielo-olave-monsalve\/#primaryimage"},"image":{"@id":"https:\/\/librosdeoro.cafam.com.co\/libro2024\/candidatas-2019\/cielo-olave-monsalve\/#primaryimage"},"thumbnailUrl":"https:\/\/librosdeoro.cafam.com.co\/libro2024\/wp-content\/uploads\/sites\/12\/2022\/09\/META-Cielo-Olave-Monsalve.jpg","datePublished":"2022-09-03T13:41:45+00:00","dateModified":"2022-09-03T13:45:25+00:00","description":"La obra de Cielo se desarrolla en el \u00e1rea de Jard\u00edn de las Pe\u00f1as y sus veredas, all\u00ed se encuentra el Parque Natural de la Sierra de la Macarena.","breadcrumb":{"@id":"https:\/\/librosdeoro.cafam.com.co\/libro2024\/candidatas-2019\/cielo-olave-monsalve\/#breadcrumb"},"inLanguage":"es-CO","potentialAction":[{"@type":"ReadAction","target":["https:\/\/librosdeoro.cafam.com.co\/libro2024\/candidatas-2019\/cielo-olave-monsalve\/"]}]},{"@type":"ImageObject","inLanguage":"es-CO","@id":"https:\/\/librosdeoro.cafam.com.co\/libro2024\/candidatas-2019\/cielo-olave-monsalve\/#primaryimage","url":"https:\/\/librosdeoro.cafam.com.co\/libro2024\/wp-content\/uploads\/sites\/12\/2022\/09\/META-Cielo-Olave-Monsalve.jpg","contentUrl":"https:\/\/librosdeoro.cafam.com.co\/libro2024\/wp-content\/uploads\/sites\/12\/2022\/09\/META-Cielo-Olave-Monsalve.jpg","width":450,"height":600},{"@type":"BreadcrumbList","@id":"https:\/\/librosdeoro.cafam.com.co\/libro2024\/candidatas-2019\/cielo-olave-monsalve\/#breadcrumb","itemListElement":[{"@type":"ListItem","position":1,"name":"Home","item":"https:\/\/librosdeoro.cafam.com.co\/libro2024\/"},{"@type":"ListItem","position":2,"name":"CANDIDATAS 2019","item":"https:\/\/librosdeoro.cafam.com.co\/libro2024\/candidatas-2019\/"},{"@type":"ListItem","position":3,"name":"CIELO OLAVE MONSALVE"}]},{"@type":"WebSite","@id":"https:\/\/librosdeoro.cafam.com.co\/libro2024\/#website","url":"https:\/\/librosdeoro.cafam.com.co\/libro2024\/","name":"Libros de Oro 2024","description":"","potentialAction":[{"@type":"SearchAction","target":{"@type":"EntryPoint","urlTemplate":"https:\/\/librosdeoro.cafam.com.co\/libro2024\/?s={search_term_string}"},"query-input":"required name=search_term_string"}],"inLanguage":"es-CO"}]}},"_links":{"self":[{"href":"https:\/\/librosdeoro.cafam.com.co\/libro2024\/wp-json\/wp\/v2\/pages\/1494","targetHints":{"allow":["GET"]}}],"collection":[{"href":"https:\/\/librosdeoro.cafam.com.co\/libro2024\/wp-json\/wp\/v2\/pages"}],"about":[{"href":"https:\/\/librosdeoro.cafam.com.co\/libro2024\/wp-json\/wp\/v2\/types\/page"}],"author":[{"embeddable":true,"href":"https:\/\/librosdeoro.cafam.com.co\/libro2024\/wp-json\/wp\/v2\/users\/4"}],"replies":[{"embeddable":true,"href":"https:\/\/librosdeoro.cafam.com.co\/libro2024\/wp-json\/wp\/v2\/comments?post=1494"}],"version-history":[{"count":1,"href":"https:\/\/librosdeoro.cafam.com.co\/libro2024\/wp-json\/wp\/v2\/pages\/1494\/revisions"}],"predecessor-version":[{"id":1495,"href":"https:\/\/librosdeoro.cafam.com.co\/libro2024\/wp-json\/wp\/v2\/pages\/1494\/revisions\/1495"}],"up":[{"embeddable":true,"href":"https:\/\/librosdeoro.cafam.com.co\/libro2024\/wp-json\/wp\/v2\/pages\/1426"}],"wp:featuredmedia":[{"embeddable":true,"href":"https:\/\/librosdeoro.cafam.com.co\/libro2024\/wp-json\/wp\/v2\/media\/1445"}],"wp:attachment":[{"href":"https:\/\/librosdeoro.cafam.com.co\/libro2024\/wp-json\/wp\/v2\/media?parent=1494"}],"curies":[{"name":"wp","href":"https:\/\/api.w.org\/{rel}","templated":true}]}}