{"id":1468,"date":"2022-09-02T16:59:56","date_gmt":"2022-09-02T21:59:56","guid":{"rendered":"https:\/\/librosdeoro.cafam.com.co\/libro2024\/?page_id=1468"},"modified":"2022-09-02T17:09:43","modified_gmt":"2022-09-02T22:09:43","slug":"catalina-perez-parra","status":"publish","type":"page","link":"https:\/\/librosdeoro.cafam.com.co\/libro2024\/candidatas-2019\/catalina-perez-parra\/","title":{"rendered":"CATALINA P\u00c9REZ PARRA"},"content":{"rendered":"","protected":false},"excerpt":{"rendered":"","protected":false},"author":4,"featured_media":1432,"parent":1426,"menu_order":0,"comment_status":"closed","ping_status":"closed","template":"","meta":{"footnotes":""},"class_list":["post-1468","page","type-page","status-publish","has-post-thumbnail","hentry"],"yoast_head":"<!-- This site is optimized with the Yoast SEO plugin v23.1 - https:\/\/yoast.com\/wordpress\/plugins\/seo\/ -->\n<title>CATALINA P\u00c9REZ PARRA - Libros de Oro 2024 2019<\/title>\n<meta name=\"description\" content=\"Catalina vive la dura realidad que se vive en Cartagena, ya que es la segunda ciudad m\u00e1s pobre del pa\u00eds, donde 16.484 ni\u00f1os padecen desnutrici\u00f3n.\" \/>\n<meta name=\"robots\" content=\"index, follow, max-snippet:-1, max-image-preview:large, max-video-preview:-1\" \/>\n<link rel=\"canonical\" href=\"https:\/\/librosdeoro.cafam.com.co\/libro2024\/candidatas-2019\/catalina-perez-parra\/\" \/>\n<meta property=\"og:locale\" content=\"es_ES\" \/>\n<meta property=\"og:type\" content=\"article\" \/>\n<meta property=\"og:title\" content=\"CATALINA P\u00c9REZ PARRA - Libros de Oro 2024 2019\" \/>\n<meta property=\"og:description\" content=\"Catalina vive la dura realidad que se vive en Cartagena, ya que es la segunda ciudad m\u00e1s pobre del pa\u00eds, donde 16.484 ni\u00f1os padecen desnutrici\u00f3n.\" \/>\n<meta property=\"og:url\" content=\"https:\/\/librosdeoro.cafam.com.co\/libro2024\/candidatas-2019\/catalina-perez-parra\/\" \/>\n<meta property=\"og:site_name\" content=\"Libros de Oro 2024\" \/>\n<meta property=\"article:modified_time\" content=\"2022-09-02T22:09:43+00:00\" \/>\n<meta property=\"og:image\" content=\"https:\/\/librosdeoro.cafam.com.co\/wp-content\/uploads\/sites\/12\/2022\/09\/BOLIVAR-Catalina-Perez-Parra.jpg\" \/>\n\t<meta property=\"og:image:width\" content=\"450\" \/>\n\t<meta property=\"og:image:height\" content=\"600\" \/>\n\t<meta property=\"og:image:type\" content=\"image\/jpeg\" \/>\n<meta name=\"twitter:card\" content=\"summary_large_image\" \/>\n<script type=\"application\/ld+json\" class=\"yoast-schema-graph\">{\"@context\":\"https:\/\/schema.org\",\"@graph\":[{\"@type\":\"WebPage\",\"@id\":\"https:\/\/librosdeoro.cafam.com.co\/libro2024\/candidatas-2019\/catalina-perez-parra\/\",\"url\":\"https:\/\/librosdeoro.cafam.com.co\/libro2024\/candidatas-2019\/catalina-perez-parra\/\",\"name\":\"CATALINA P\u00c9REZ PARRA - Libros de Oro 2024 2019\",\"isPartOf\":{\"@id\":\"https:\/\/librosdeoro.cafam.com.co\/libro2024\/#website\"},\"primaryImageOfPage\":{\"@id\":\"https:\/\/librosdeoro.cafam.com.co\/libro2024\/candidatas-2019\/catalina-perez-parra\/#primaryimage\"},\"image\":{\"@id\":\"https:\/\/librosdeoro.cafam.com.co\/libro2024\/candidatas-2019\/catalina-perez-parra\/#primaryimage\"},\"thumbnailUrl\":\"https:\/\/librosdeoro.cafam.com.co\/libro2024\/wp-content\/uploads\/sites\/12\/2022\/09\/BOLIVAR-Catalina-Perez-Parra.jpg\",\"datePublished\":\"2022-09-02T21:59:56+00:00\",\"dateModified\":\"2022-09-02T22:09:43+00:00\",\"description\":\"Catalina vive la dura realidad que se vive en Cartagena, ya que es la segunda ciudad m\u00e1s pobre del pa\u00eds, donde 16.484 ni\u00f1os padecen desnutrici\u00f3n.\",\"breadcrumb\":{\"@id\":\"https:\/\/librosdeoro.cafam.com.co\/libro2024\/candidatas-2019\/catalina-perez-parra\/#breadcrumb\"},\"inLanguage\":\"es-CO\",\"potentialAction\":[{\"@type\":\"ReadAction\",\"target\":[\"https:\/\/librosdeoro.cafam.com.co\/libro2024\/candidatas-2019\/catalina-perez-parra\/\"]}]},{\"@type\":\"ImageObject\",\"inLanguage\":\"es-CO\",\"@id\":\"https:\/\/librosdeoro.cafam.com.co\/libro2024\/candidatas-2019\/catalina-perez-parra\/#primaryimage\",\"url\":\"https:\/\/librosdeoro.cafam.com.co\/libro2024\/wp-content\/uploads\/sites\/12\/2022\/09\/BOLIVAR-Catalina-Perez-Parra.jpg\",\"contentUrl\":\"https:\/\/librosdeoro.cafam.com.co\/libro2024\/wp-content\/uploads\/sites\/12\/2022\/09\/BOLIVAR-Catalina-Perez-Parra.jpg\",\"width\":450,\"height\":600},{\"@type\":\"BreadcrumbList\",\"@id\":\"https:\/\/librosdeoro.cafam.com.co\/libro2024\/candidatas-2019\/catalina-perez-parra\/#breadcrumb\",\"itemListElement\":[{\"@type\":\"ListItem\",\"position\":1,\"name\":\"Home\",\"item\":\"https:\/\/librosdeoro.cafam.com.co\/libro2024\/\"},{\"@type\":\"ListItem\",\"position\":2,\"name\":\"CANDIDATAS 2019\",\"item\":\"https:\/\/librosdeoro.cafam.com.co\/libro2024\/candidatas-2019\/\"},{\"@type\":\"ListItem\",\"position\":3,\"name\":\"CATALINA P\u00c9REZ PARRA\"}]},{\"@type\":\"WebSite\",\"@id\":\"https:\/\/librosdeoro.cafam.com.co\/libro2024\/#website\",\"url\":\"https:\/\/librosdeoro.cafam.com.co\/libro2024\/\",\"name\":\"Libros de Oro 2024\",\"description\":\"\",\"potentialAction\":[{\"@type\":\"SearchAction\",\"target\":{\"@type\":\"EntryPoint\",\"urlTemplate\":\"https:\/\/librosdeoro.cafam.com.co\/libro2024\/?s={search_term_string}\"},\"query-input\":\"required name=search_term_string\"}],\"inLanguage\":\"es-CO\"}]}<\/script>\n<!-- \/ Yoast SEO plugin. -->","yoast_head_json":{"title":"CATALINA P\u00c9REZ PARRA - Libros de Oro 2024 2019","description":"Catalina vive la dura realidad que se vive en Cartagena, ya que es la segunda ciudad m\u00e1s pobre del pa\u00eds, donde 16.484 ni\u00f1os padecen desnutrici\u00f3n.","robots":{"index":"index","follow":"follow","max-snippet":"max-snippet:-1","max-image-preview":"max-image-preview:large","max-video-preview":"max-video-preview:-1"},"canonical":"https:\/\/librosdeoro.cafam.com.co\/libro2024\/candidatas-2019\/catalina-perez-parra\/","og_locale":"es_ES","og_type":"article","og_title":"CATALINA P\u00c9REZ PARRA - Libros de Oro 2024 2019","og_description":"Catalina vive la dura realidad que se vive en Cartagena, ya que es la segunda ciudad m\u00e1s pobre del pa\u00eds, donde 16.484 ni\u00f1os padecen desnutrici\u00f3n.","og_url":"https:\/\/librosdeoro.cafam.com.co\/libro2024\/candidatas-2019\/catalina-perez-parra\/","og_site_name":"Libros de Oro 2024","article_modified_time":"2022-09-02T22:09:43+00:00","og_image":[{"width":450,"height":600,"url":"https:\/\/librosdeoro.cafam.com.co\/wp-content\/uploads\/sites\/12\/2022\/09\/BOLIVAR-Catalina-Perez-Parra.jpg","type":"image\/jpeg"}],"twitter_card":"summary_large_image","schema":{"@context":"https:\/\/schema.org","@graph":[{"@type":"WebPage","@id":"https:\/\/librosdeoro.cafam.com.co\/libro2024\/candidatas-2019\/catalina-perez-parra\/","url":"https:\/\/librosdeoro.cafam.com.co\/libro2024\/candidatas-2019\/catalina-perez-parra\/","name":"CATALINA P\u00c9REZ PARRA - Libros de Oro 2024 2019","isPartOf":{"@id":"https:\/\/librosdeoro.cafam.com.co\/libro2024\/#website"},"primaryImageOfPage":{"@id":"https:\/\/librosdeoro.cafam.com.co\/libro2024\/candidatas-2019\/catalina-perez-parra\/#primaryimage"},"image":{"@id":"https:\/\/librosdeoro.cafam.com.co\/libro2024\/candidatas-2019\/catalina-perez-parra\/#primaryimage"},"thumbnailUrl":"https:\/\/librosdeoro.cafam.com.co\/libro2024\/wp-content\/uploads\/sites\/12\/2022\/09\/BOLIVAR-Catalina-Perez-Parra.jpg","datePublished":"2022-09-02T21:59:56+00:00","dateModified":"2022-09-02T22:09:43+00:00","description":"Catalina vive la dura realidad que se vive en Cartagena, ya que es la segunda ciudad m\u00e1s pobre del pa\u00eds, donde 16.484 ni\u00f1os padecen desnutrici\u00f3n.","breadcrumb":{"@id":"https:\/\/librosdeoro.cafam.com.co\/libro2024\/candidatas-2019\/catalina-perez-parra\/#breadcrumb"},"inLanguage":"es-CO","potentialAction":[{"@type":"ReadAction","target":["https:\/\/librosdeoro.cafam.com.co\/libro2024\/candidatas-2019\/catalina-perez-parra\/"]}]},{"@type":"ImageObject","inLanguage":"es-CO","@id":"https:\/\/librosdeoro.cafam.com.co\/libro2024\/candidatas-2019\/catalina-perez-parra\/#primaryimage","url":"https:\/\/librosdeoro.cafam.com.co\/libro2024\/wp-content\/uploads\/sites\/12\/2022\/09\/BOLIVAR-Catalina-Perez-Parra.jpg","contentUrl":"https:\/\/librosdeoro.cafam.com.co\/libro2024\/wp-content\/uploads\/sites\/12\/2022\/09\/BOLIVAR-Catalina-Perez-Parra.jpg","width":450,"height":600},{"@type":"BreadcrumbList","@id":"https:\/\/librosdeoro.cafam.com.co\/libro2024\/candidatas-2019\/catalina-perez-parra\/#breadcrumb","itemListElement":[{"@type":"ListItem","position":1,"name":"Home","item":"https:\/\/librosdeoro.cafam.com.co\/libro2024\/"},{"@type":"ListItem","position":2,"name":"CANDIDATAS 2019","item":"https:\/\/librosdeoro.cafam.com.co\/libro2024\/candidatas-2019\/"},{"@type":"ListItem","position":3,"name":"CATALINA P\u00c9REZ PARRA"}]},{"@type":"WebSite","@id":"https:\/\/librosdeoro.cafam.com.co\/libro2024\/#website","url":"https:\/\/librosdeoro.cafam.com.co\/libro2024\/","name":"Libros de Oro 2024","description":"","potentialAction":[{"@type":"SearchAction","target":{"@type":"EntryPoint","urlTemplate":"https:\/\/librosdeoro.cafam.com.co\/libro2024\/?s={search_term_string}"},"query-input":"required name=search_term_string"}],"inLanguage":"es-CO"}]}},"_links":{"self":[{"href":"https:\/\/librosdeoro.cafam.com.co\/libro2024\/wp-json\/wp\/v2\/pages\/1468","targetHints":{"allow":["GET"]}}],"collection":[{"href":"https:\/\/librosdeoro.cafam.com.co\/libro2024\/wp-json\/wp\/v2\/pages"}],"about":[{"href":"https:\/\/librosdeoro.cafam.com.co\/libro2024\/wp-json\/wp\/v2\/types\/page"}],"author":[{"embeddable":true,"href":"https:\/\/librosdeoro.cafam.com.co\/libro2024\/wp-json\/wp\/v2\/users\/4"}],"replies":[{"embeddable":true,"href":"https:\/\/librosdeoro.cafam.com.co\/libro2024\/wp-json\/wp\/v2\/comments?post=1468"}],"version-history":[{"count":1,"href":"https:\/\/librosdeoro.cafam.com.co\/libro2024\/wp-json\/wp\/v2\/pages\/1468\/revisions"}],"predecessor-version":[{"id":1469,"href":"https:\/\/librosdeoro.cafam.com.co\/libro2024\/wp-json\/wp\/v2\/pages\/1468\/revisions\/1469"}],"up":[{"embeddable":true,"href":"https:\/\/librosdeoro.cafam.com.co\/libro2024\/wp-json\/wp\/v2\/pages\/1426"}],"wp:featuredmedia":[{"embeddable":true,"href":"https:\/\/librosdeoro.cafam.com.co\/libro2024\/wp-json\/wp\/v2\/media\/1432"}],"wp:attachment":[{"href":"https:\/\/librosdeoro.cafam.com.co\/libro2024\/wp-json\/wp\/v2\/media?parent=1468"}],"curies":[{"name":"wp","href":"https:\/\/api.w.org\/{rel}","templated":true}]}}