{"id":1464,"date":"2022-09-02T16:47:29","date_gmt":"2022-09-02T21:47:29","guid":{"rendered":"https:\/\/librosdeoro.cafam.com.co\/libro2024\/?page_id=1464"},"modified":"2022-09-02T16:53:38","modified_gmt":"2022-09-02T21:53:38","slug":"maria-del-carmen-melendez-valecilla","status":"publish","type":"page","link":"https:\/\/librosdeoro.cafam.com.co\/libro2024\/candidatas-2019\/maria-del-carmen-melendez-valecilla\/","title":{"rendered":"MAR\u00cdA DEL CARMEN MEL\u00c9NDEZ VALECILLA"},"content":{"rendered":"","protected":false},"excerpt":{"rendered":"","protected":false},"author":4,"featured_media":1430,"parent":1426,"menu_order":0,"comment_status":"closed","ping_status":"closed","template":"","meta":{"footnotes":""},"class_list":["post-1464","page","type-page","status-publish","has-post-thumbnail","hentry"],"yoast_head":"<!-- This site is optimized with the Yoast SEO plugin v23.1 - https:\/\/yoast.com\/wordpress\/plugins\/seo\/ -->\n<title>MAR\u00cdA DEL CARMEN MEL\u00c9NDEZ - Libros de Oro 2024<\/title>\n<meta name=\"description\" content=\"A Mar\u00eda del Carmen, m\u00e1s conocida como maestra Carmen, la vida la direccion\u00f3 a Barranquilla, donde cultiv\u00f3 grandes logros deportivos.\" \/>\n<meta name=\"robots\" content=\"index, follow, max-snippet:-1, max-image-preview:large, max-video-preview:-1\" \/>\n<link rel=\"canonical\" href=\"https:\/\/librosdeoro.cafam.com.co\/libro2024\/candidatas-2019\/maria-del-carmen-melendez-valecilla\/\" \/>\n<meta property=\"og:locale\" content=\"es_ES\" \/>\n<meta property=\"og:type\" content=\"article\" \/>\n<meta property=\"og:title\" content=\"MAR\u00cdA DEL CARMEN MEL\u00c9NDEZ - Libros de Oro 2024\" \/>\n<meta property=\"og:description\" content=\"A Mar\u00eda del Carmen, m\u00e1s conocida como maestra Carmen, la vida la direccion\u00f3 a Barranquilla, donde cultiv\u00f3 grandes logros deportivos.\" \/>\n<meta property=\"og:url\" content=\"https:\/\/librosdeoro.cafam.com.co\/libro2024\/candidatas-2019\/maria-del-carmen-melendez-valecilla\/\" \/>\n<meta property=\"og:site_name\" content=\"Libros de Oro 2024\" \/>\n<meta property=\"article:modified_time\" content=\"2022-09-02T21:53:38+00:00\" \/>\n<meta property=\"og:image\" content=\"https:\/\/librosdeoro.cafam.com.co\/wp-content\/uploads\/sites\/12\/2022\/09\/ATLANTICO-Maria-del-Carmen-Melendez-Valecilla.jpg\" \/>\n\t<meta property=\"og:image:width\" content=\"450\" \/>\n\t<meta property=\"og:image:height\" content=\"600\" \/>\n\t<meta property=\"og:image:type\" content=\"image\/jpeg\" \/>\n<meta name=\"twitter:card\" content=\"summary_large_image\" \/>\n<script type=\"application\/ld+json\" class=\"yoast-schema-graph\">{\"@context\":\"https:\/\/schema.org\",\"@graph\":[{\"@type\":\"WebPage\",\"@id\":\"https:\/\/librosdeoro.cafam.com.co\/libro2024\/candidatas-2019\/maria-del-carmen-melendez-valecilla\/\",\"url\":\"https:\/\/librosdeoro.cafam.com.co\/libro2024\/candidatas-2019\/maria-del-carmen-melendez-valecilla\/\",\"name\":\"MAR\u00cdA DEL CARMEN MEL\u00c9NDEZ - Libros de Oro 2024\",\"isPartOf\":{\"@id\":\"https:\/\/librosdeoro.cafam.com.co\/libro2024\/#website\"},\"primaryImageOfPage\":{\"@id\":\"https:\/\/librosdeoro.cafam.com.co\/libro2024\/candidatas-2019\/maria-del-carmen-melendez-valecilla\/#primaryimage\"},\"image\":{\"@id\":\"https:\/\/librosdeoro.cafam.com.co\/libro2024\/candidatas-2019\/maria-del-carmen-melendez-valecilla\/#primaryimage\"},\"thumbnailUrl\":\"https:\/\/librosdeoro.cafam.com.co\/libro2024\/wp-content\/uploads\/sites\/12\/2022\/09\/ATLANTICO-Maria-del-Carmen-Melendez-Valecilla.jpg\",\"datePublished\":\"2022-09-02T21:47:29+00:00\",\"dateModified\":\"2022-09-02T21:53:38+00:00\",\"description\":\"A Mar\u00eda del Carmen, m\u00e1s conocida como maestra Carmen, la vida la direccion\u00f3 a Barranquilla, donde cultiv\u00f3 grandes logros deportivos.\",\"breadcrumb\":{\"@id\":\"https:\/\/librosdeoro.cafam.com.co\/libro2024\/candidatas-2019\/maria-del-carmen-melendez-valecilla\/#breadcrumb\"},\"inLanguage\":\"es-CO\",\"potentialAction\":[{\"@type\":\"ReadAction\",\"target\":[\"https:\/\/librosdeoro.cafam.com.co\/libro2024\/candidatas-2019\/maria-del-carmen-melendez-valecilla\/\"]}]},{\"@type\":\"ImageObject\",\"inLanguage\":\"es-CO\",\"@id\":\"https:\/\/librosdeoro.cafam.com.co\/libro2024\/candidatas-2019\/maria-del-carmen-melendez-valecilla\/#primaryimage\",\"url\":\"https:\/\/librosdeoro.cafam.com.co\/libro2024\/wp-content\/uploads\/sites\/12\/2022\/09\/ATLANTICO-Maria-del-Carmen-Melendez-Valecilla.jpg\",\"contentUrl\":\"https:\/\/librosdeoro.cafam.com.co\/libro2024\/wp-content\/uploads\/sites\/12\/2022\/09\/ATLANTICO-Maria-del-Carmen-Melendez-Valecilla.jpg\",\"width\":450,\"height\":600},{\"@type\":\"BreadcrumbList\",\"@id\":\"https:\/\/librosdeoro.cafam.com.co\/libro2024\/candidatas-2019\/maria-del-carmen-melendez-valecilla\/#breadcrumb\",\"itemListElement\":[{\"@type\":\"ListItem\",\"position\":1,\"name\":\"Home\",\"item\":\"https:\/\/librosdeoro.cafam.com.co\/libro2024\/\"},{\"@type\":\"ListItem\",\"position\":2,\"name\":\"CANDIDATAS 2019\",\"item\":\"https:\/\/librosdeoro.cafam.com.co\/libro2024\/candidatas-2019\/\"},{\"@type\":\"ListItem\",\"position\":3,\"name\":\"MAR\u00cdA DEL CARMEN MEL\u00c9NDEZ VALECILLA\"}]},{\"@type\":\"WebSite\",\"@id\":\"https:\/\/librosdeoro.cafam.com.co\/libro2024\/#website\",\"url\":\"https:\/\/librosdeoro.cafam.com.co\/libro2024\/\",\"name\":\"Libros de Oro 2024\",\"description\":\"\",\"potentialAction\":[{\"@type\":\"SearchAction\",\"target\":{\"@type\":\"EntryPoint\",\"urlTemplate\":\"https:\/\/librosdeoro.cafam.com.co\/libro2024\/?s={search_term_string}\"},\"query-input\":\"required name=search_term_string\"}],\"inLanguage\":\"es-CO\"}]}<\/script>\n<!-- \/ Yoast SEO plugin. -->","yoast_head_json":{"title":"MAR\u00cdA DEL CARMEN MEL\u00c9NDEZ - Libros de Oro 2024","description":"A Mar\u00eda del Carmen, m\u00e1s conocida como maestra Carmen, la vida la direccion\u00f3 a Barranquilla, donde cultiv\u00f3 grandes logros deportivos.","robots":{"index":"index","follow":"follow","max-snippet":"max-snippet:-1","max-image-preview":"max-image-preview:large","max-video-preview":"max-video-preview:-1"},"canonical":"https:\/\/librosdeoro.cafam.com.co\/libro2024\/candidatas-2019\/maria-del-carmen-melendez-valecilla\/","og_locale":"es_ES","og_type":"article","og_title":"MAR\u00cdA DEL CARMEN MEL\u00c9NDEZ - Libros de Oro 2024","og_description":"A Mar\u00eda del Carmen, m\u00e1s conocida como maestra Carmen, la vida la direccion\u00f3 a Barranquilla, donde cultiv\u00f3 grandes logros deportivos.","og_url":"https:\/\/librosdeoro.cafam.com.co\/libro2024\/candidatas-2019\/maria-del-carmen-melendez-valecilla\/","og_site_name":"Libros de Oro 2024","article_modified_time":"2022-09-02T21:53:38+00:00","og_image":[{"width":450,"height":600,"url":"https:\/\/librosdeoro.cafam.com.co\/wp-content\/uploads\/sites\/12\/2022\/09\/ATLANTICO-Maria-del-Carmen-Melendez-Valecilla.jpg","type":"image\/jpeg"}],"twitter_card":"summary_large_image","schema":{"@context":"https:\/\/schema.org","@graph":[{"@type":"WebPage","@id":"https:\/\/librosdeoro.cafam.com.co\/libro2024\/candidatas-2019\/maria-del-carmen-melendez-valecilla\/","url":"https:\/\/librosdeoro.cafam.com.co\/libro2024\/candidatas-2019\/maria-del-carmen-melendez-valecilla\/","name":"MAR\u00cdA DEL CARMEN MEL\u00c9NDEZ - Libros de Oro 2024","isPartOf":{"@id":"https:\/\/librosdeoro.cafam.com.co\/libro2024\/#website"},"primaryImageOfPage":{"@id":"https:\/\/librosdeoro.cafam.com.co\/libro2024\/candidatas-2019\/maria-del-carmen-melendez-valecilla\/#primaryimage"},"image":{"@id":"https:\/\/librosdeoro.cafam.com.co\/libro2024\/candidatas-2019\/maria-del-carmen-melendez-valecilla\/#primaryimage"},"thumbnailUrl":"https:\/\/librosdeoro.cafam.com.co\/libro2024\/wp-content\/uploads\/sites\/12\/2022\/09\/ATLANTICO-Maria-del-Carmen-Melendez-Valecilla.jpg","datePublished":"2022-09-02T21:47:29+00:00","dateModified":"2022-09-02T21:53:38+00:00","description":"A Mar\u00eda del Carmen, m\u00e1s conocida como maestra Carmen, la vida la direccion\u00f3 a Barranquilla, donde cultiv\u00f3 grandes logros deportivos.","breadcrumb":{"@id":"https:\/\/librosdeoro.cafam.com.co\/libro2024\/candidatas-2019\/maria-del-carmen-melendez-valecilla\/#breadcrumb"},"inLanguage":"es-CO","potentialAction":[{"@type":"ReadAction","target":["https:\/\/librosdeoro.cafam.com.co\/libro2024\/candidatas-2019\/maria-del-carmen-melendez-valecilla\/"]}]},{"@type":"ImageObject","inLanguage":"es-CO","@id":"https:\/\/librosdeoro.cafam.com.co\/libro2024\/candidatas-2019\/maria-del-carmen-melendez-valecilla\/#primaryimage","url":"https:\/\/librosdeoro.cafam.com.co\/libro2024\/wp-content\/uploads\/sites\/12\/2022\/09\/ATLANTICO-Maria-del-Carmen-Melendez-Valecilla.jpg","contentUrl":"https:\/\/librosdeoro.cafam.com.co\/libro2024\/wp-content\/uploads\/sites\/12\/2022\/09\/ATLANTICO-Maria-del-Carmen-Melendez-Valecilla.jpg","width":450,"height":600},{"@type":"BreadcrumbList","@id":"https:\/\/librosdeoro.cafam.com.co\/libro2024\/candidatas-2019\/maria-del-carmen-melendez-valecilla\/#breadcrumb","itemListElement":[{"@type":"ListItem","position":1,"name":"Home","item":"https:\/\/librosdeoro.cafam.com.co\/libro2024\/"},{"@type":"ListItem","position":2,"name":"CANDIDATAS 2019","item":"https:\/\/librosdeoro.cafam.com.co\/libro2024\/candidatas-2019\/"},{"@type":"ListItem","position":3,"name":"MAR\u00cdA DEL CARMEN MEL\u00c9NDEZ VALECILLA"}]},{"@type":"WebSite","@id":"https:\/\/librosdeoro.cafam.com.co\/libro2024\/#website","url":"https:\/\/librosdeoro.cafam.com.co\/libro2024\/","name":"Libros de Oro 2024","description":"","potentialAction":[{"@type":"SearchAction","target":{"@type":"EntryPoint","urlTemplate":"https:\/\/librosdeoro.cafam.com.co\/libro2024\/?s={search_term_string}"},"query-input":"required name=search_term_string"}],"inLanguage":"es-CO"}]}},"_links":{"self":[{"href":"https:\/\/librosdeoro.cafam.com.co\/libro2024\/wp-json\/wp\/v2\/pages\/1464","targetHints":{"allow":["GET"]}}],"collection":[{"href":"https:\/\/librosdeoro.cafam.com.co\/libro2024\/wp-json\/wp\/v2\/pages"}],"about":[{"href":"https:\/\/librosdeoro.cafam.com.co\/libro2024\/wp-json\/wp\/v2\/types\/page"}],"author":[{"embeddable":true,"href":"https:\/\/librosdeoro.cafam.com.co\/libro2024\/wp-json\/wp\/v2\/users\/4"}],"replies":[{"embeddable":true,"href":"https:\/\/librosdeoro.cafam.com.co\/libro2024\/wp-json\/wp\/v2\/comments?post=1464"}],"version-history":[{"count":1,"href":"https:\/\/librosdeoro.cafam.com.co\/libro2024\/wp-json\/wp\/v2\/pages\/1464\/revisions"}],"predecessor-version":[{"id":1465,"href":"https:\/\/librosdeoro.cafam.com.co\/libro2024\/wp-json\/wp\/v2\/pages\/1464\/revisions\/1465"}],"up":[{"embeddable":true,"href":"https:\/\/librosdeoro.cafam.com.co\/libro2024\/wp-json\/wp\/v2\/pages\/1426"}],"wp:featuredmedia":[{"embeddable":true,"href":"https:\/\/librosdeoro.cafam.com.co\/libro2024\/wp-json\/wp\/v2\/media\/1430"}],"wp:attachment":[{"href":"https:\/\/librosdeoro.cafam.com.co\/libro2024\/wp-json\/wp\/v2\/media?parent=1464"}],"curies":[{"name":"wp","href":"https:\/\/api.w.org\/{rel}","templated":true}]}}