{"id":142,"date":"2022-07-05T14:40:25","date_gmt":"2022-07-05T14:40:25","guid":{"rendered":"https:\/\/librosdeoro.cafam.com.co\/libro2024\/?page_id=142"},"modified":"2022-09-16T10:16:37","modified_gmt":"2022-09-16T15:16:37","slug":"en-que-consiste-el-premio","status":"publish","type":"page","link":"https:\/\/librosdeoro.cafam.com.co\/libro2024\/en-que-consiste-el-premio\/","title":{"rendered":"En qu\u00e9 consiste el premio"},"content":{"rendered":"","protected":false},"excerpt":{"rendered":"","protected":false},"author":4,"featured_media":706,"parent":0,"menu_order":0,"comment_status":"closed","ping_status":"closed","template":"","meta":{"footnotes":""},"class_list":["post-142","page","type-page","status-publish","has-post-thumbnail","hentry"],"yoast_head":"<!-- This site is optimized with the Yoast SEO plugin v23.1 - https:\/\/yoast.com\/wordpress\/plugins\/seo\/ -->\n<title>En qu\u00e9 consiste el premio - Libros de Oro 2024<\/title>\n<meta name=\"description\" content=\"El Premio Cafam a la Mujer rinde un homenaje a l\u00edderes de acciones humanitarias con el prop\u00f3sito de ayudar a personas, familias y comunidades.\" \/>\n<meta name=\"robots\" content=\"index, follow, max-snippet:-1, max-image-preview:large, max-video-preview:-1\" \/>\n<link rel=\"canonical\" href=\"https:\/\/librosdeoro.cafam.com.co\/libro2024\/en-que-consiste-el-premio\/\" \/>\n<meta property=\"og:locale\" content=\"es_ES\" \/>\n<meta property=\"og:type\" content=\"article\" \/>\n<meta property=\"og:title\" content=\"En qu\u00e9 consiste el premio - Libros de Oro 2024\" \/>\n<meta property=\"og:description\" content=\"El Premio Cafam a la Mujer rinde un homenaje a l\u00edderes de acciones humanitarias con el prop\u00f3sito de ayudar a personas, familias y comunidades.\" \/>\n<meta property=\"og:url\" content=\"https:\/\/librosdeoro.cafam.com.co\/libro2024\/en-que-consiste-el-premio\/\" \/>\n<meta property=\"og:site_name\" content=\"Libros de Oro 2024\" \/>\n<meta property=\"article:modified_time\" content=\"2022-09-16T15:16:37+00:00\" \/>\n<meta property=\"og:image\" content=\"https:\/\/librosdeoro.cafam.com.co\/wp-content\/uploads\/sites\/12\/2022\/08\/Mujer-Cafam-3-1.jpg\" \/>\n\t<meta property=\"og:image:width\" content=\"700\" \/>\n\t<meta property=\"og:image:height\" content=\"499\" \/>\n\t<meta property=\"og:image:type\" content=\"image\/jpeg\" \/>\n<meta name=\"twitter:card\" content=\"summary_large_image\" \/>\n<script type=\"application\/ld+json\" class=\"yoast-schema-graph\">{\"@context\":\"https:\/\/schema.org\",\"@graph\":[{\"@type\":\"WebPage\",\"@id\":\"https:\/\/librosdeoro.cafam.com.co\/libro2024\/en-que-consiste-el-premio\/\",\"url\":\"https:\/\/librosdeoro.cafam.com.co\/libro2024\/en-que-consiste-el-premio\/\",\"name\":\"En qu\u00e9 consiste el premio - Libros de Oro 2024\",\"isPartOf\":{\"@id\":\"https:\/\/librosdeoro.cafam.com.co\/libro2024\/#website\"},\"primaryImageOfPage\":{\"@id\":\"https:\/\/librosdeoro.cafam.com.co\/libro2024\/en-que-consiste-el-premio\/#primaryimage\"},\"image\":{\"@id\":\"https:\/\/librosdeoro.cafam.com.co\/libro2024\/en-que-consiste-el-premio\/#primaryimage\"},\"thumbnailUrl\":\"https:\/\/librosdeoro.cafam.com.co\/libro2024\/wp-content\/uploads\/sites\/12\/2022\/08\/Mujer-Cafam-3-1.jpg\",\"datePublished\":\"2022-07-05T14:40:25+00:00\",\"dateModified\":\"2022-09-16T15:16:37+00:00\",\"description\":\"El Premio Cafam a la Mujer rinde un homenaje a l\u00edderes de acciones humanitarias con el prop\u00f3sito de ayudar a personas, familias y comunidades.\",\"breadcrumb\":{\"@id\":\"https:\/\/librosdeoro.cafam.com.co\/libro2024\/en-que-consiste-el-premio\/#breadcrumb\"},\"inLanguage\":\"es-CO\",\"potentialAction\":[{\"@type\":\"ReadAction\",\"target\":[\"https:\/\/librosdeoro.cafam.com.co\/libro2024\/en-que-consiste-el-premio\/\"]}]},{\"@type\":\"ImageObject\",\"inLanguage\":\"es-CO\",\"@id\":\"https:\/\/librosdeoro.cafam.com.co\/libro2024\/en-que-consiste-el-premio\/#primaryimage\",\"url\":\"https:\/\/librosdeoro.cafam.com.co\/libro2024\/wp-content\/uploads\/sites\/12\/2022\/08\/Mujer-Cafam-3-1.jpg\",\"contentUrl\":\"https:\/\/librosdeoro.cafam.com.co\/libro2024\/wp-content\/uploads\/sites\/12\/2022\/08\/Mujer-Cafam-3-1.jpg\",\"width\":700,\"height\":499,\"caption\":\"Imagen Mujer Cafam 3\"},{\"@type\":\"BreadcrumbList\",\"@id\":\"https:\/\/librosdeoro.cafam.com.co\/libro2024\/en-que-consiste-el-premio\/#breadcrumb\",\"itemListElement\":[{\"@type\":\"ListItem\",\"position\":1,\"name\":\"Home\",\"item\":\"https:\/\/librosdeoro.cafam.com.co\/libro2024\/\"},{\"@type\":\"ListItem\",\"position\":2,\"name\":\"En qu\u00e9 consiste el premio\"}]},{\"@type\":\"WebSite\",\"@id\":\"https:\/\/librosdeoro.cafam.com.co\/libro2024\/#website\",\"url\":\"https:\/\/librosdeoro.cafam.com.co\/libro2024\/\",\"name\":\"Libros de Oro 2024\",\"description\":\"\",\"potentialAction\":[{\"@type\":\"SearchAction\",\"target\":{\"@type\":\"EntryPoint\",\"urlTemplate\":\"https:\/\/librosdeoro.cafam.com.co\/libro2024\/?s={search_term_string}\"},\"query-input\":\"required name=search_term_string\"}],\"inLanguage\":\"es-CO\"}]}<\/script>\n<!-- \/ Yoast SEO plugin. -->","yoast_head_json":{"title":"En qu\u00e9 consiste el premio - Libros de Oro 2024","description":"El Premio Cafam a la Mujer rinde un homenaje a l\u00edderes de acciones humanitarias con el prop\u00f3sito de ayudar a personas, familias y comunidades.","robots":{"index":"index","follow":"follow","max-snippet":"max-snippet:-1","max-image-preview":"max-image-preview:large","max-video-preview":"max-video-preview:-1"},"canonical":"https:\/\/librosdeoro.cafam.com.co\/libro2024\/en-que-consiste-el-premio\/","og_locale":"es_ES","og_type":"article","og_title":"En qu\u00e9 consiste el premio - Libros de Oro 2024","og_description":"El Premio Cafam a la Mujer rinde un homenaje a l\u00edderes de acciones humanitarias con el prop\u00f3sito de ayudar a personas, familias y comunidades.","og_url":"https:\/\/librosdeoro.cafam.com.co\/libro2024\/en-que-consiste-el-premio\/","og_site_name":"Libros de Oro 2024","article_modified_time":"2022-09-16T15:16:37+00:00","og_image":[{"width":700,"height":499,"url":"https:\/\/librosdeoro.cafam.com.co\/wp-content\/uploads\/sites\/12\/2022\/08\/Mujer-Cafam-3-1.jpg","type":"image\/jpeg"}],"twitter_card":"summary_large_image","schema":{"@context":"https:\/\/schema.org","@graph":[{"@type":"WebPage","@id":"https:\/\/librosdeoro.cafam.com.co\/libro2024\/en-que-consiste-el-premio\/","url":"https:\/\/librosdeoro.cafam.com.co\/libro2024\/en-que-consiste-el-premio\/","name":"En qu\u00e9 consiste el premio - Libros de Oro 2024","isPartOf":{"@id":"https:\/\/librosdeoro.cafam.com.co\/libro2024\/#website"},"primaryImageOfPage":{"@id":"https:\/\/librosdeoro.cafam.com.co\/libro2024\/en-que-consiste-el-premio\/#primaryimage"},"image":{"@id":"https:\/\/librosdeoro.cafam.com.co\/libro2024\/en-que-consiste-el-premio\/#primaryimage"},"thumbnailUrl":"https:\/\/librosdeoro.cafam.com.co\/libro2024\/wp-content\/uploads\/sites\/12\/2022\/08\/Mujer-Cafam-3-1.jpg","datePublished":"2022-07-05T14:40:25+00:00","dateModified":"2022-09-16T15:16:37+00:00","description":"El Premio Cafam a la Mujer rinde un homenaje a l\u00edderes de acciones humanitarias con el prop\u00f3sito de ayudar a personas, familias y comunidades.","breadcrumb":{"@id":"https:\/\/librosdeoro.cafam.com.co\/libro2024\/en-que-consiste-el-premio\/#breadcrumb"},"inLanguage":"es-CO","potentialAction":[{"@type":"ReadAction","target":["https:\/\/librosdeoro.cafam.com.co\/libro2024\/en-que-consiste-el-premio\/"]}]},{"@type":"ImageObject","inLanguage":"es-CO","@id":"https:\/\/librosdeoro.cafam.com.co\/libro2024\/en-que-consiste-el-premio\/#primaryimage","url":"https:\/\/librosdeoro.cafam.com.co\/libro2024\/wp-content\/uploads\/sites\/12\/2022\/08\/Mujer-Cafam-3-1.jpg","contentUrl":"https:\/\/librosdeoro.cafam.com.co\/libro2024\/wp-content\/uploads\/sites\/12\/2022\/08\/Mujer-Cafam-3-1.jpg","width":700,"height":499,"caption":"Imagen Mujer Cafam 3"},{"@type":"BreadcrumbList","@id":"https:\/\/librosdeoro.cafam.com.co\/libro2024\/en-que-consiste-el-premio\/#breadcrumb","itemListElement":[{"@type":"ListItem","position":1,"name":"Home","item":"https:\/\/librosdeoro.cafam.com.co\/libro2024\/"},{"@type":"ListItem","position":2,"name":"En qu\u00e9 consiste el premio"}]},{"@type":"WebSite","@id":"https:\/\/librosdeoro.cafam.com.co\/libro2024\/#website","url":"https:\/\/librosdeoro.cafam.com.co\/libro2024\/","name":"Libros de Oro 2024","description":"","potentialAction":[{"@type":"SearchAction","target":{"@type":"EntryPoint","urlTemplate":"https:\/\/librosdeoro.cafam.com.co\/libro2024\/?s={search_term_string}"},"query-input":"required name=search_term_string"}],"inLanguage":"es-CO"}]}},"_links":{"self":[{"href":"https:\/\/librosdeoro.cafam.com.co\/libro2024\/wp-json\/wp\/v2\/pages\/142","targetHints":{"allow":["GET"]}}],"collection":[{"href":"https:\/\/librosdeoro.cafam.com.co\/libro2024\/wp-json\/wp\/v2\/pages"}],"about":[{"href":"https:\/\/librosdeoro.cafam.com.co\/libro2024\/wp-json\/wp\/v2\/types\/page"}],"author":[{"embeddable":true,"href":"https:\/\/librosdeoro.cafam.com.co\/libro2024\/wp-json\/wp\/v2\/users\/4"}],"replies":[{"embeddable":true,"href":"https:\/\/librosdeoro.cafam.com.co\/libro2024\/wp-json\/wp\/v2\/comments?post=142"}],"version-history":[{"count":3,"href":"https:\/\/librosdeoro.cafam.com.co\/libro2024\/wp-json\/wp\/v2\/pages\/142\/revisions"}],"predecessor-version":[{"id":502,"href":"https:\/\/librosdeoro.cafam.com.co\/libro2024\/wp-json\/wp\/v2\/pages\/142\/revisions\/502"}],"wp:featuredmedia":[{"embeddable":true,"href":"https:\/\/librosdeoro.cafam.com.co\/libro2024\/wp-json\/wp\/v2\/media\/706"}],"wp:attachment":[{"href":"https:\/\/librosdeoro.cafam.com.co\/libro2024\/wp-json\/wp\/v2\/media?parent=142"}],"curies":[{"name":"wp","href":"https:\/\/api.w.org\/{rel}","templated":true}]}}