{"id":964,"date":"2022-08-29T08:53:45","date_gmt":"2022-08-29T13:53:45","guid":{"rendered":"https:\/\/librosdeoro.cafam.com.co\/libro2023\/?page_id=964"},"modified":"2022-08-30T16:31:29","modified_gmt":"2022-08-30T21:31:29","slug":"viviana-maria-gracia-ramos","status":"publish","type":"page","link":"https:\/\/librosdeoro.cafam.com.co\/libro2023\/candidatas-2020\/viviana-maria-gracia-ramos\/","title":{"rendered":"VIVIANA MAR\u00cdA GRACIA RAMOS"},"content":{"rendered":"","protected":false},"excerpt":{"rendered":"","protected":false},"author":4,"featured_media":1026,"parent":901,"menu_order":0,"comment_status":"closed","ping_status":"closed","template":"","meta":{"footnotes":""},"class_list":["post-964","page","type-page","status-publish","has-post-thumbnail","hentry"],"yoast_head":"<!-- This site is optimized with the Yoast SEO plugin v23.1 - https:\/\/yoast.com\/wordpress\/plugins\/seo\/ -->\n<title>VIVIANA MAR\u00cdA GRACIA RAMOS - Libros de Oro 2023<\/title>\n<meta name=\"description\" content=\"IMAT forma parte de la responsabilidad social de IMAT Oncom\u00e9dica y busca atender ni\u00f1os, adolescentes y adultos diagnosticados con c\u00e1ncer.\" \/>\n<meta name=\"robots\" content=\"index, follow, max-snippet:-1, max-image-preview:large, max-video-preview:-1\" \/>\n<link rel=\"canonical\" href=\"https:\/\/librosdeoro.cafam.com.co\/libro2023\/candidatas-2020\/viviana-maria-gracia-ramos\/\" \/>\n<meta property=\"og:locale\" content=\"es_ES\" \/>\n<meta property=\"og:type\" content=\"article\" \/>\n<meta property=\"og:title\" content=\"VIVIANA MAR\u00cdA GRACIA RAMOS - Libros de Oro 2023\" \/>\n<meta property=\"og:description\" content=\"IMAT forma parte de la responsabilidad social de IMAT Oncom\u00e9dica y busca atender ni\u00f1os, adolescentes y adultos diagnosticados con c\u00e1ncer.\" \/>\n<meta property=\"og:url\" content=\"https:\/\/librosdeoro.cafam.com.co\/libro2023\/candidatas-2020\/viviana-maria-gracia-ramos\/\" \/>\n<meta property=\"og:site_name\" content=\"Libros de Oro 2023\" \/>\n<meta property=\"article:modified_time\" content=\"2022-08-30T21:31:29+00:00\" \/>\n<meta property=\"og:image\" content=\"https:\/\/librosdeoro.cafam.com.co\/libro2023\/wp-content\/uploads\/sites\/11\/2022\/08\/CORDOBA-VIVIANA-MARIA-GRACIA-RAMOS.jpg\" \/>\n\t<meta property=\"og:image:width\" content=\"450\" \/>\n\t<meta property=\"og:image:height\" content=\"600\" \/>\n\t<meta property=\"og:image:type\" content=\"image\/jpeg\" \/>\n<meta name=\"twitter:card\" content=\"summary_large_image\" \/>\n<script type=\"application\/ld+json\" class=\"yoast-schema-graph\">{\"@context\":\"https:\/\/schema.org\",\"@graph\":[{\"@type\":\"WebPage\",\"@id\":\"https:\/\/librosdeoro.cafam.com.co\/libro2023\/candidatas-2020\/viviana-maria-gracia-ramos\/\",\"url\":\"https:\/\/librosdeoro.cafam.com.co\/libro2023\/candidatas-2020\/viviana-maria-gracia-ramos\/\",\"name\":\"VIVIANA MAR\u00cdA GRACIA RAMOS - Libros de Oro 2023\",\"isPartOf\":{\"@id\":\"https:\/\/librosdeoro.cafam.com.co\/libro2023\/#website\"},\"primaryImageOfPage\":{\"@id\":\"https:\/\/librosdeoro.cafam.com.co\/libro2023\/candidatas-2020\/viviana-maria-gracia-ramos\/#primaryimage\"},\"image\":{\"@id\":\"https:\/\/librosdeoro.cafam.com.co\/libro2023\/candidatas-2020\/viviana-maria-gracia-ramos\/#primaryimage\"},\"thumbnailUrl\":\"https:\/\/librosdeoro.cafam.com.co\/libro2023\/wp-content\/uploads\/sites\/11\/2022\/08\/CORDOBA-VIVIANA-MARIA-GRACIA-RAMOS.jpg\",\"datePublished\":\"2022-08-29T13:53:45+00:00\",\"dateModified\":\"2022-08-30T21:31:29+00:00\",\"description\":\"IMAT forma parte de la responsabilidad social de IMAT Oncom\u00e9dica y busca atender ni\u00f1os, adolescentes y adultos diagnosticados con c\u00e1ncer.\",\"breadcrumb\":{\"@id\":\"https:\/\/librosdeoro.cafam.com.co\/libro2023\/candidatas-2020\/viviana-maria-gracia-ramos\/#breadcrumb\"},\"inLanguage\":\"es-CO\",\"potentialAction\":[{\"@type\":\"ReadAction\",\"target\":[\"https:\/\/librosdeoro.cafam.com.co\/libro2023\/candidatas-2020\/viviana-maria-gracia-ramos\/\"]}]},{\"@type\":\"ImageObject\",\"inLanguage\":\"es-CO\",\"@id\":\"https:\/\/librosdeoro.cafam.com.co\/libro2023\/candidatas-2020\/viviana-maria-gracia-ramos\/#primaryimage\",\"url\":\"https:\/\/librosdeoro.cafam.com.co\/libro2023\/wp-content\/uploads\/sites\/11\/2022\/08\/CORDOBA-VIVIANA-MARIA-GRACIA-RAMOS.jpg\",\"contentUrl\":\"https:\/\/librosdeoro.cafam.com.co\/libro2023\/wp-content\/uploads\/sites\/11\/2022\/08\/CORDOBA-VIVIANA-MARIA-GRACIA-RAMOS.jpg\",\"width\":450,\"height\":600,\"caption\":\"VIVIANA MAR\u00cdA GRACIA RAMOS\"},{\"@type\":\"BreadcrumbList\",\"@id\":\"https:\/\/librosdeoro.cafam.com.co\/libro2023\/candidatas-2020\/viviana-maria-gracia-ramos\/#breadcrumb\",\"itemListElement\":[{\"@type\":\"ListItem\",\"position\":1,\"name\":\"Home\",\"item\":\"https:\/\/librosdeoro.cafam.com.co\/libro2023\/\"},{\"@type\":\"ListItem\",\"position\":2,\"name\":\"CANDIDATAS 2020\",\"item\":\"https:\/\/librosdeoro.cafam.com.co\/libro2023\/candidatas-2020\/\"},{\"@type\":\"ListItem\",\"position\":3,\"name\":\"VIVIANA MAR\u00cdA GRACIA RAMOS\"}]},{\"@type\":\"WebSite\",\"@id\":\"https:\/\/librosdeoro.cafam.com.co\/libro2023\/#website\",\"url\":\"https:\/\/librosdeoro.cafam.com.co\/libro2023\/\",\"name\":\"Libros de Oro 2023\",\"description\":\"\",\"potentialAction\":[{\"@type\":\"SearchAction\",\"target\":{\"@type\":\"EntryPoint\",\"urlTemplate\":\"https:\/\/librosdeoro.cafam.com.co\/libro2023\/?s={search_term_string}\"},\"query-input\":\"required name=search_term_string\"}],\"inLanguage\":\"es-CO\"}]}<\/script>\n<!-- \/ Yoast SEO plugin. -->","yoast_head_json":{"title":"VIVIANA MAR\u00cdA GRACIA RAMOS - Libros de Oro 2023","description":"IMAT forma parte de la responsabilidad social de IMAT Oncom\u00e9dica y busca atender ni\u00f1os, adolescentes y adultos diagnosticados con c\u00e1ncer.","robots":{"index":"index","follow":"follow","max-snippet":"max-snippet:-1","max-image-preview":"max-image-preview:large","max-video-preview":"max-video-preview:-1"},"canonical":"https:\/\/librosdeoro.cafam.com.co\/libro2023\/candidatas-2020\/viviana-maria-gracia-ramos\/","og_locale":"es_ES","og_type":"article","og_title":"VIVIANA MAR\u00cdA GRACIA RAMOS - Libros de Oro 2023","og_description":"IMAT forma parte de la responsabilidad social de IMAT Oncom\u00e9dica y busca atender ni\u00f1os, adolescentes y adultos diagnosticados con c\u00e1ncer.","og_url":"https:\/\/librosdeoro.cafam.com.co\/libro2023\/candidatas-2020\/viviana-maria-gracia-ramos\/","og_site_name":"Libros de Oro 2023","article_modified_time":"2022-08-30T21:31:29+00:00","og_image":[{"width":450,"height":600,"url":"https:\/\/librosdeoro.cafam.com.co\/libro2023\/wp-content\/uploads\/sites\/11\/2022\/08\/CORDOBA-VIVIANA-MARIA-GRACIA-RAMOS.jpg","type":"image\/jpeg"}],"twitter_card":"summary_large_image","schema":{"@context":"https:\/\/schema.org","@graph":[{"@type":"WebPage","@id":"https:\/\/librosdeoro.cafam.com.co\/libro2023\/candidatas-2020\/viviana-maria-gracia-ramos\/","url":"https:\/\/librosdeoro.cafam.com.co\/libro2023\/candidatas-2020\/viviana-maria-gracia-ramos\/","name":"VIVIANA MAR\u00cdA GRACIA RAMOS - Libros de Oro 2023","isPartOf":{"@id":"https:\/\/librosdeoro.cafam.com.co\/libro2023\/#website"},"primaryImageOfPage":{"@id":"https:\/\/librosdeoro.cafam.com.co\/libro2023\/candidatas-2020\/viviana-maria-gracia-ramos\/#primaryimage"},"image":{"@id":"https:\/\/librosdeoro.cafam.com.co\/libro2023\/candidatas-2020\/viviana-maria-gracia-ramos\/#primaryimage"},"thumbnailUrl":"https:\/\/librosdeoro.cafam.com.co\/libro2023\/wp-content\/uploads\/sites\/11\/2022\/08\/CORDOBA-VIVIANA-MARIA-GRACIA-RAMOS.jpg","datePublished":"2022-08-29T13:53:45+00:00","dateModified":"2022-08-30T21:31:29+00:00","description":"IMAT forma parte de la responsabilidad social de IMAT Oncom\u00e9dica y busca atender ni\u00f1os, adolescentes y adultos diagnosticados con c\u00e1ncer.","breadcrumb":{"@id":"https:\/\/librosdeoro.cafam.com.co\/libro2023\/candidatas-2020\/viviana-maria-gracia-ramos\/#breadcrumb"},"inLanguage":"es-CO","potentialAction":[{"@type":"ReadAction","target":["https:\/\/librosdeoro.cafam.com.co\/libro2023\/candidatas-2020\/viviana-maria-gracia-ramos\/"]}]},{"@type":"ImageObject","inLanguage":"es-CO","@id":"https:\/\/librosdeoro.cafam.com.co\/libro2023\/candidatas-2020\/viviana-maria-gracia-ramos\/#primaryimage","url":"https:\/\/librosdeoro.cafam.com.co\/libro2023\/wp-content\/uploads\/sites\/11\/2022\/08\/CORDOBA-VIVIANA-MARIA-GRACIA-RAMOS.jpg","contentUrl":"https:\/\/librosdeoro.cafam.com.co\/libro2023\/wp-content\/uploads\/sites\/11\/2022\/08\/CORDOBA-VIVIANA-MARIA-GRACIA-RAMOS.jpg","width":450,"height":600,"caption":"VIVIANA MAR\u00cdA GRACIA RAMOS"},{"@type":"BreadcrumbList","@id":"https:\/\/librosdeoro.cafam.com.co\/libro2023\/candidatas-2020\/viviana-maria-gracia-ramos\/#breadcrumb","itemListElement":[{"@type":"ListItem","position":1,"name":"Home","item":"https:\/\/librosdeoro.cafam.com.co\/libro2023\/"},{"@type":"ListItem","position":2,"name":"CANDIDATAS 2020","item":"https:\/\/librosdeoro.cafam.com.co\/libro2023\/candidatas-2020\/"},{"@type":"ListItem","position":3,"name":"VIVIANA MAR\u00cdA GRACIA RAMOS"}]},{"@type":"WebSite","@id":"https:\/\/librosdeoro.cafam.com.co\/libro2023\/#website","url":"https:\/\/librosdeoro.cafam.com.co\/libro2023\/","name":"Libros de Oro 2023","description":"","potentialAction":[{"@type":"SearchAction","target":{"@type":"EntryPoint","urlTemplate":"https:\/\/librosdeoro.cafam.com.co\/libro2023\/?s={search_term_string}"},"query-input":"required name=search_term_string"}],"inLanguage":"es-CO"}]}},"_links":{"self":[{"href":"https:\/\/librosdeoro.cafam.com.co\/libro2023\/wp-json\/wp\/v2\/pages\/964","targetHints":{"allow":["GET"]}}],"collection":[{"href":"https:\/\/librosdeoro.cafam.com.co\/libro2023\/wp-json\/wp\/v2\/pages"}],"about":[{"href":"https:\/\/librosdeoro.cafam.com.co\/libro2023\/wp-json\/wp\/v2\/types\/page"}],"author":[{"embeddable":true,"href":"https:\/\/librosdeoro.cafam.com.co\/libro2023\/wp-json\/wp\/v2\/users\/4"}],"replies":[{"embeddable":true,"href":"https:\/\/librosdeoro.cafam.com.co\/libro2023\/wp-json\/wp\/v2\/comments?post=964"}],"version-history":[{"count":1,"href":"https:\/\/librosdeoro.cafam.com.co\/libro2023\/wp-json\/wp\/v2\/pages\/964\/revisions"}],"predecessor-version":[{"id":965,"href":"https:\/\/librosdeoro.cafam.com.co\/libro2023\/wp-json\/wp\/v2\/pages\/964\/revisions\/965"}],"up":[{"embeddable":true,"href":"https:\/\/librosdeoro.cafam.com.co\/libro2023\/wp-json\/wp\/v2\/pages\/901"}],"wp:featuredmedia":[{"embeddable":true,"href":"https:\/\/librosdeoro.cafam.com.co\/libro2023\/wp-json\/wp\/v2\/media\/1026"}],"wp:attachment":[{"href":"https:\/\/librosdeoro.cafam.com.co\/libro2023\/wp-json\/wp\/v2\/media?parent=964"}],"curies":[{"name":"wp","href":"https:\/\/api.w.org\/{rel}","templated":true}]}}