{"id":809,"date":"2022-08-09T09:56:49","date_gmt":"2022-08-09T14:56:49","guid":{"rendered":"https:\/\/librosdeoro.cafam.com.co\/libro2023\/?page_id=809"},"modified":"2022-08-09T09:56:49","modified_gmt":"2022-08-09T14:56:49","slug":"claudia-yurley-quintero-rolon-2022","status":"publish","type":"page","link":"https:\/\/librosdeoro.cafam.com.co\/libro2023\/claudia-yurley-quintero-rolon-2022\/","title":{"rendered":"CLAUDIA YURLEY QUINTERO ROLON 2022"},"content":{"rendered":"","protected":false},"excerpt":{"rendered":"","protected":false},"author":4,"featured_media":808,"parent":0,"menu_order":0,"comment_status":"closed","ping_status":"closed","template":"","meta":{"footnotes":""},"class_list":["post-809","page","type-page","status-publish","has-post-thumbnail","hentry"],"yoast_head":"<!-- This site is optimized with the Yoast SEO plugin v23.1 - https:\/\/yoast.com\/wordpress\/plugins\/seo\/ -->\n<title>Cludia Yurley Quintero Rolon - 2022 - Libros de Oro 2023<\/title>\n<meta name=\"description\" content=\"Representante de Putumayo, ganadora en 2022. Fundaci\u00f3n Empoderame, promueve la abolici\u00f3n de la explotaci\u00f3n sexual y la trata de personas\" \/>\n<meta name=\"robots\" content=\"index, follow, max-snippet:-1, max-image-preview:large, max-video-preview:-1\" \/>\n<link rel=\"canonical\" href=\"https:\/\/librosdeoro.cafam.com.co\/libro2023\/claudia-yurley-quintero-rolon-2022\/\" \/>\n<meta property=\"og:locale\" content=\"es_ES\" \/>\n<meta property=\"og:type\" content=\"article\" \/>\n<meta property=\"og:title\" content=\"Cludia Yurley Quintero Rolon - 2022 - Libros de Oro 2023\" \/>\n<meta property=\"og:description\" content=\"Representante de Putumayo, ganadora en 2022. Fundaci\u00f3n Empoderame, promueve la abolici\u00f3n de la explotaci\u00f3n sexual y la trata de personas\" \/>\n<meta property=\"og:url\" content=\"https:\/\/librosdeoro.cafam.com.co\/libro2023\/claudia-yurley-quintero-rolon-2022\/\" \/>\n<meta property=\"og:site_name\" content=\"Libros de Oro 2023\" \/>\n<meta property=\"og:image\" content=\"https:\/\/librosdeoro.cafam.com.co\/libro2023\/wp-content\/uploads\/sites\/11\/2022\/08\/33-Claudia-Yurley-Quintero.jpg\" \/>\n\t<meta property=\"og:image:width\" content=\"500\" \/>\n\t<meta property=\"og:image:height\" content=\"638\" \/>\n\t<meta property=\"og:image:type\" content=\"image\/jpeg\" \/>\n<meta name=\"twitter:card\" content=\"summary_large_image\" \/>\n<script type=\"application\/ld+json\" class=\"yoast-schema-graph\">{\"@context\":\"https:\/\/schema.org\",\"@graph\":[{\"@type\":\"WebPage\",\"@id\":\"https:\/\/librosdeoro.cafam.com.co\/libro2023\/claudia-yurley-quintero-rolon-2022\/\",\"url\":\"https:\/\/librosdeoro.cafam.com.co\/libro2023\/claudia-yurley-quintero-rolon-2022\/\",\"name\":\"Cludia Yurley Quintero Rolon - 2022 - Libros de Oro 2023\",\"isPartOf\":{\"@id\":\"https:\/\/librosdeoro.cafam.com.co\/libro2023\/#website\"},\"primaryImageOfPage\":{\"@id\":\"https:\/\/librosdeoro.cafam.com.co\/libro2023\/claudia-yurley-quintero-rolon-2022\/#primaryimage\"},\"image\":{\"@id\":\"https:\/\/librosdeoro.cafam.com.co\/libro2023\/claudia-yurley-quintero-rolon-2022\/#primaryimage\"},\"thumbnailUrl\":\"https:\/\/librosdeoro.cafam.com.co\/libro2023\/wp-content\/uploads\/sites\/11\/2022\/08\/33-Claudia-Yurley-Quintero.jpg\",\"datePublished\":\"2022-08-09T14:56:49+00:00\",\"dateModified\":\"2022-08-09T14:56:49+00:00\",\"description\":\"Representante de Putumayo, ganadora en 2022. Fundaci\u00f3n Empoderame, promueve la abolici\u00f3n de la explotaci\u00f3n sexual y la trata de personas\",\"breadcrumb\":{\"@id\":\"https:\/\/librosdeoro.cafam.com.co\/libro2023\/claudia-yurley-quintero-rolon-2022\/#breadcrumb\"},\"inLanguage\":\"es-CO\",\"potentialAction\":[{\"@type\":\"ReadAction\",\"target\":[\"https:\/\/librosdeoro.cafam.com.co\/libro2023\/claudia-yurley-quintero-rolon-2022\/\"]}]},{\"@type\":\"ImageObject\",\"inLanguage\":\"es-CO\",\"@id\":\"https:\/\/librosdeoro.cafam.com.co\/libro2023\/claudia-yurley-quintero-rolon-2022\/#primaryimage\",\"url\":\"https:\/\/librosdeoro.cafam.com.co\/libro2023\/wp-content\/uploads\/sites\/11\/2022\/08\/33-Claudia-Yurley-Quintero.jpg\",\"contentUrl\":\"https:\/\/librosdeoro.cafam.com.co\/libro2023\/wp-content\/uploads\/sites\/11\/2022\/08\/33-Claudia-Yurley-Quintero.jpg\",\"width\":500,\"height\":638,\"caption\":\"Claudia Yurley Quintero\"},{\"@type\":\"BreadcrumbList\",\"@id\":\"https:\/\/librosdeoro.cafam.com.co\/libro2023\/claudia-yurley-quintero-rolon-2022\/#breadcrumb\",\"itemListElement\":[{\"@type\":\"ListItem\",\"position\":1,\"name\":\"Home\",\"item\":\"https:\/\/librosdeoro.cafam.com.co\/libro2023\/\"},{\"@type\":\"ListItem\",\"position\":2,\"name\":\"CLAUDIA YURLEY QUINTERO ROLON 2022\"}]},{\"@type\":\"WebSite\",\"@id\":\"https:\/\/librosdeoro.cafam.com.co\/libro2023\/#website\",\"url\":\"https:\/\/librosdeoro.cafam.com.co\/libro2023\/\",\"name\":\"Libros de Oro 2023\",\"description\":\"\",\"potentialAction\":[{\"@type\":\"SearchAction\",\"target\":{\"@type\":\"EntryPoint\",\"urlTemplate\":\"https:\/\/librosdeoro.cafam.com.co\/libro2023\/?s={search_term_string}\"},\"query-input\":\"required name=search_term_string\"}],\"inLanguage\":\"es-CO\"}]}<\/script>\n<!-- \/ Yoast SEO plugin. -->","yoast_head_json":{"title":"Cludia Yurley Quintero Rolon - 2022 - Libros de Oro 2023","description":"Representante de Putumayo, ganadora en 2022. Fundaci\u00f3n Empoderame, promueve la abolici\u00f3n de la explotaci\u00f3n sexual y la trata de personas","robots":{"index":"index","follow":"follow","max-snippet":"max-snippet:-1","max-image-preview":"max-image-preview:large","max-video-preview":"max-video-preview:-1"},"canonical":"https:\/\/librosdeoro.cafam.com.co\/libro2023\/claudia-yurley-quintero-rolon-2022\/","og_locale":"es_ES","og_type":"article","og_title":"Cludia Yurley Quintero Rolon - 2022 - Libros de Oro 2023","og_description":"Representante de Putumayo, ganadora en 2022. Fundaci\u00f3n Empoderame, promueve la abolici\u00f3n de la explotaci\u00f3n sexual y la trata de personas","og_url":"https:\/\/librosdeoro.cafam.com.co\/libro2023\/claudia-yurley-quintero-rolon-2022\/","og_site_name":"Libros de Oro 2023","og_image":[{"width":500,"height":638,"url":"https:\/\/librosdeoro.cafam.com.co\/libro2023\/wp-content\/uploads\/sites\/11\/2022\/08\/33-Claudia-Yurley-Quintero.jpg","type":"image\/jpeg"}],"twitter_card":"summary_large_image","schema":{"@context":"https:\/\/schema.org","@graph":[{"@type":"WebPage","@id":"https:\/\/librosdeoro.cafam.com.co\/libro2023\/claudia-yurley-quintero-rolon-2022\/","url":"https:\/\/librosdeoro.cafam.com.co\/libro2023\/claudia-yurley-quintero-rolon-2022\/","name":"Cludia Yurley Quintero Rolon - 2022 - Libros de Oro 2023","isPartOf":{"@id":"https:\/\/librosdeoro.cafam.com.co\/libro2023\/#website"},"primaryImageOfPage":{"@id":"https:\/\/librosdeoro.cafam.com.co\/libro2023\/claudia-yurley-quintero-rolon-2022\/#primaryimage"},"image":{"@id":"https:\/\/librosdeoro.cafam.com.co\/libro2023\/claudia-yurley-quintero-rolon-2022\/#primaryimage"},"thumbnailUrl":"https:\/\/librosdeoro.cafam.com.co\/libro2023\/wp-content\/uploads\/sites\/11\/2022\/08\/33-Claudia-Yurley-Quintero.jpg","datePublished":"2022-08-09T14:56:49+00:00","dateModified":"2022-08-09T14:56:49+00:00","description":"Representante de Putumayo, ganadora en 2022. Fundaci\u00f3n Empoderame, promueve la abolici\u00f3n de la explotaci\u00f3n sexual y la trata de personas","breadcrumb":{"@id":"https:\/\/librosdeoro.cafam.com.co\/libro2023\/claudia-yurley-quintero-rolon-2022\/#breadcrumb"},"inLanguage":"es-CO","potentialAction":[{"@type":"ReadAction","target":["https:\/\/librosdeoro.cafam.com.co\/libro2023\/claudia-yurley-quintero-rolon-2022\/"]}]},{"@type":"ImageObject","inLanguage":"es-CO","@id":"https:\/\/librosdeoro.cafam.com.co\/libro2023\/claudia-yurley-quintero-rolon-2022\/#primaryimage","url":"https:\/\/librosdeoro.cafam.com.co\/libro2023\/wp-content\/uploads\/sites\/11\/2022\/08\/33-Claudia-Yurley-Quintero.jpg","contentUrl":"https:\/\/librosdeoro.cafam.com.co\/libro2023\/wp-content\/uploads\/sites\/11\/2022\/08\/33-Claudia-Yurley-Quintero.jpg","width":500,"height":638,"caption":"Claudia Yurley Quintero"},{"@type":"BreadcrumbList","@id":"https:\/\/librosdeoro.cafam.com.co\/libro2023\/claudia-yurley-quintero-rolon-2022\/#breadcrumb","itemListElement":[{"@type":"ListItem","position":1,"name":"Home","item":"https:\/\/librosdeoro.cafam.com.co\/libro2023\/"},{"@type":"ListItem","position":2,"name":"CLAUDIA YURLEY QUINTERO ROLON 2022"}]},{"@type":"WebSite","@id":"https:\/\/librosdeoro.cafam.com.co\/libro2023\/#website","url":"https:\/\/librosdeoro.cafam.com.co\/libro2023\/","name":"Libros de Oro 2023","description":"","potentialAction":[{"@type":"SearchAction","target":{"@type":"EntryPoint","urlTemplate":"https:\/\/librosdeoro.cafam.com.co\/libro2023\/?s={search_term_string}"},"query-input":"required name=search_term_string"}],"inLanguage":"es-CO"}]}},"_links":{"self":[{"href":"https:\/\/librosdeoro.cafam.com.co\/libro2023\/wp-json\/wp\/v2\/pages\/809","targetHints":{"allow":["GET"]}}],"collection":[{"href":"https:\/\/librosdeoro.cafam.com.co\/libro2023\/wp-json\/wp\/v2\/pages"}],"about":[{"href":"https:\/\/librosdeoro.cafam.com.co\/libro2023\/wp-json\/wp\/v2\/types\/page"}],"author":[{"embeddable":true,"href":"https:\/\/librosdeoro.cafam.com.co\/libro2023\/wp-json\/wp\/v2\/users\/4"}],"replies":[{"embeddable":true,"href":"https:\/\/librosdeoro.cafam.com.co\/libro2023\/wp-json\/wp\/v2\/comments?post=809"}],"version-history":[{"count":1,"href":"https:\/\/librosdeoro.cafam.com.co\/libro2023\/wp-json\/wp\/v2\/pages\/809\/revisions"}],"predecessor-version":[{"id":810,"href":"https:\/\/librosdeoro.cafam.com.co\/libro2023\/wp-json\/wp\/v2\/pages\/809\/revisions\/810"}],"wp:featuredmedia":[{"embeddable":true,"href":"https:\/\/librosdeoro.cafam.com.co\/libro2023\/wp-json\/wp\/v2\/media\/808"}],"wp:attachment":[{"href":"https:\/\/librosdeoro.cafam.com.co\/libro2023\/wp-json\/wp\/v2\/media?parent=809"}],"curies":[{"name":"wp","href":"https:\/\/api.w.org\/{rel}","templated":true}]}}