{"id":523,"date":"2022-07-15T15:26:02","date_gmt":"2022-07-15T15:26:02","guid":{"rendered":"https:\/\/librosdeoro.cafam.com.co\/libro2023\/?page_id=523"},"modified":"2022-07-15T16:02:23","modified_gmt":"2022-07-15T16:02:23","slug":"hermana-susana-rodriguez-pena","status":"publish","type":"page","link":"https:\/\/librosdeoro.cafam.com.co\/libro2023\/hermana-susana-rodriguez-pena\/","title":{"rendered":"HERMANA SUSANA RODR\u00cdGUEZ PE\u00d1A"},"content":{"rendered":"","protected":false},"excerpt":{"rendered":"","protected":false},"author":4,"featured_media":307,"parent":0,"menu_order":0,"comment_status":"closed","ping_status":"closed","template":"","meta":{"footnotes":""},"class_list":["post-523","page","type-page","status-publish","has-post-thumbnail","hentry"],"yoast_head":"<!-- This site is optimized with the Yoast SEO plugin v23.1 - https:\/\/yoast.com\/wordpress\/plugins\/seo\/ -->\n<title>Hermana Susana Rodr\u00edguez Pe\u00f1a 1991 - Libros de Oro 2023<\/title>\n<meta name=\"description\" content=\"Representante de Bogot\u00e1, ganadora en 1991. Motiv\u00f3 por radio a la solidaridad y estimul\u00f3 la vida de ancianos, enfermos y limitados f\u00edsicos.\" \/>\n<meta name=\"robots\" content=\"index, follow, max-snippet:-1, max-image-preview:large, max-video-preview:-1\" \/>\n<link rel=\"canonical\" href=\"https:\/\/librosdeoro.cafam.com.co\/libro2023\/hermana-susana-rodriguez-pena\/\" \/>\n<meta property=\"og:locale\" content=\"es_ES\" \/>\n<meta property=\"og:type\" content=\"article\" \/>\n<meta property=\"og:title\" content=\"Hermana Susana Rodr\u00edguez Pe\u00f1a 1991 - Libros de Oro 2023\" \/>\n<meta property=\"og:description\" content=\"Representante de Bogot\u00e1, ganadora en 1991. Motiv\u00f3 por radio a la solidaridad y estimul\u00f3 la vida de ancianos, enfermos y limitados f\u00edsicos.\" \/>\n<meta property=\"og:url\" content=\"https:\/\/librosdeoro.cafam.com.co\/libro2023\/hermana-susana-rodriguez-pena\/\" \/>\n<meta property=\"og:site_name\" content=\"Libros de Oro 2023\" \/>\n<meta property=\"article:modified_time\" content=\"2022-07-15T16:02:23+00:00\" \/>\n<meta property=\"og:image\" content=\"https:\/\/librosdeoro.cafam.com.co\/libro2023\/wp-content\/uploads\/sites\/11\/2022\/07\/3-Hna-Susana-Rodriguez-Pena.jpg\" \/>\n\t<meta property=\"og:image:width\" content=\"500\" \/>\n\t<meta property=\"og:image:height\" content=\"637\" \/>\n\t<meta property=\"og:image:type\" content=\"image\/jpeg\" \/>\n<meta name=\"twitter:card\" content=\"summary_large_image\" \/>\n<script type=\"application\/ld+json\" class=\"yoast-schema-graph\">{\"@context\":\"https:\/\/schema.org\",\"@graph\":[{\"@type\":\"WebPage\",\"@id\":\"https:\/\/librosdeoro.cafam.com.co\/libro2023\/hermana-susana-rodriguez-pena\/\",\"url\":\"https:\/\/librosdeoro.cafam.com.co\/libro2023\/hermana-susana-rodriguez-pena\/\",\"name\":\"Hermana Susana Rodr\u00edguez Pe\u00f1a 1991 - Libros de Oro 2023\",\"isPartOf\":{\"@id\":\"https:\/\/librosdeoro.cafam.com.co\/libro2023\/#website\"},\"primaryImageOfPage\":{\"@id\":\"https:\/\/librosdeoro.cafam.com.co\/libro2023\/hermana-susana-rodriguez-pena\/#primaryimage\"},\"image\":{\"@id\":\"https:\/\/librosdeoro.cafam.com.co\/libro2023\/hermana-susana-rodriguez-pena\/#primaryimage\"},\"thumbnailUrl\":\"https:\/\/librosdeoro.cafam.com.co\/libro2023\/wp-content\/uploads\/sites\/11\/2022\/07\/3-Hna-Susana-Rodriguez-Pena.jpg\",\"datePublished\":\"2022-07-15T15:26:02+00:00\",\"dateModified\":\"2022-07-15T16:02:23+00:00\",\"description\":\"Representante de Bogot\u00e1, ganadora en 1991. Motiv\u00f3 por radio a la solidaridad y estimul\u00f3 la vida de ancianos, enfermos y limitados f\u00edsicos.\",\"breadcrumb\":{\"@id\":\"https:\/\/librosdeoro.cafam.com.co\/libro2023\/hermana-susana-rodriguez-pena\/#breadcrumb\"},\"inLanguage\":\"es-CO\",\"potentialAction\":[{\"@type\":\"ReadAction\",\"target\":[\"https:\/\/librosdeoro.cafam.com.co\/libro2023\/hermana-susana-rodriguez-pena\/\"]}]},{\"@type\":\"ImageObject\",\"inLanguage\":\"es-CO\",\"@id\":\"https:\/\/librosdeoro.cafam.com.co\/libro2023\/hermana-susana-rodriguez-pena\/#primaryimage\",\"url\":\"https:\/\/librosdeoro.cafam.com.co\/libro2023\/wp-content\/uploads\/sites\/11\/2022\/07\/3-Hna-Susana-Rodriguez-Pena.jpg\",\"contentUrl\":\"https:\/\/librosdeoro.cafam.com.co\/libro2023\/wp-content\/uploads\/sites\/11\/2022\/07\/3-Hna-Susana-Rodriguez-Pena.jpg\",\"width\":500,\"height\":637,\"caption\":\"Hna Susana Rodr\u00edguez Pe\u00f1a\"},{\"@type\":\"BreadcrumbList\",\"@id\":\"https:\/\/librosdeoro.cafam.com.co\/libro2023\/hermana-susana-rodriguez-pena\/#breadcrumb\",\"itemListElement\":[{\"@type\":\"ListItem\",\"position\":1,\"name\":\"Home\",\"item\":\"https:\/\/librosdeoro.cafam.com.co\/libro2023\/\"},{\"@type\":\"ListItem\",\"position\":2,\"name\":\"HERMANA SUSANA RODR\u00cdGUEZ PE\u00d1A\"}]},{\"@type\":\"WebSite\",\"@id\":\"https:\/\/librosdeoro.cafam.com.co\/libro2023\/#website\",\"url\":\"https:\/\/librosdeoro.cafam.com.co\/libro2023\/\",\"name\":\"Libros de Oro 2023\",\"description\":\"\",\"potentialAction\":[{\"@type\":\"SearchAction\",\"target\":{\"@type\":\"EntryPoint\",\"urlTemplate\":\"https:\/\/librosdeoro.cafam.com.co\/libro2023\/?s={search_term_string}\"},\"query-input\":\"required name=search_term_string\"}],\"inLanguage\":\"es-CO\"}]}<\/script>\n<!-- \/ Yoast SEO plugin. -->","yoast_head_json":{"title":"Hermana Susana Rodr\u00edguez Pe\u00f1a 1991 - Libros de Oro 2023","description":"Representante de Bogot\u00e1, ganadora en 1991. Motiv\u00f3 por radio a la solidaridad y estimul\u00f3 la vida de ancianos, enfermos y limitados f\u00edsicos.","robots":{"index":"index","follow":"follow","max-snippet":"max-snippet:-1","max-image-preview":"max-image-preview:large","max-video-preview":"max-video-preview:-1"},"canonical":"https:\/\/librosdeoro.cafam.com.co\/libro2023\/hermana-susana-rodriguez-pena\/","og_locale":"es_ES","og_type":"article","og_title":"Hermana Susana Rodr\u00edguez Pe\u00f1a 1991 - Libros de Oro 2023","og_description":"Representante de Bogot\u00e1, ganadora en 1991. Motiv\u00f3 por radio a la solidaridad y estimul\u00f3 la vida de ancianos, enfermos y limitados f\u00edsicos.","og_url":"https:\/\/librosdeoro.cafam.com.co\/libro2023\/hermana-susana-rodriguez-pena\/","og_site_name":"Libros de Oro 2023","article_modified_time":"2022-07-15T16:02:23+00:00","og_image":[{"width":500,"height":637,"url":"https:\/\/librosdeoro.cafam.com.co\/libro2023\/wp-content\/uploads\/sites\/11\/2022\/07\/3-Hna-Susana-Rodriguez-Pena.jpg","type":"image\/jpeg"}],"twitter_card":"summary_large_image","schema":{"@context":"https:\/\/schema.org","@graph":[{"@type":"WebPage","@id":"https:\/\/librosdeoro.cafam.com.co\/libro2023\/hermana-susana-rodriguez-pena\/","url":"https:\/\/librosdeoro.cafam.com.co\/libro2023\/hermana-susana-rodriguez-pena\/","name":"Hermana Susana Rodr\u00edguez Pe\u00f1a 1991 - Libros de Oro 2023","isPartOf":{"@id":"https:\/\/librosdeoro.cafam.com.co\/libro2023\/#website"},"primaryImageOfPage":{"@id":"https:\/\/librosdeoro.cafam.com.co\/libro2023\/hermana-susana-rodriguez-pena\/#primaryimage"},"image":{"@id":"https:\/\/librosdeoro.cafam.com.co\/libro2023\/hermana-susana-rodriguez-pena\/#primaryimage"},"thumbnailUrl":"https:\/\/librosdeoro.cafam.com.co\/libro2023\/wp-content\/uploads\/sites\/11\/2022\/07\/3-Hna-Susana-Rodriguez-Pena.jpg","datePublished":"2022-07-15T15:26:02+00:00","dateModified":"2022-07-15T16:02:23+00:00","description":"Representante de Bogot\u00e1, ganadora en 1991. Motiv\u00f3 por radio a la solidaridad y estimul\u00f3 la vida de ancianos, enfermos y limitados f\u00edsicos.","breadcrumb":{"@id":"https:\/\/librosdeoro.cafam.com.co\/libro2023\/hermana-susana-rodriguez-pena\/#breadcrumb"},"inLanguage":"es-CO","potentialAction":[{"@type":"ReadAction","target":["https:\/\/librosdeoro.cafam.com.co\/libro2023\/hermana-susana-rodriguez-pena\/"]}]},{"@type":"ImageObject","inLanguage":"es-CO","@id":"https:\/\/librosdeoro.cafam.com.co\/libro2023\/hermana-susana-rodriguez-pena\/#primaryimage","url":"https:\/\/librosdeoro.cafam.com.co\/libro2023\/wp-content\/uploads\/sites\/11\/2022\/07\/3-Hna-Susana-Rodriguez-Pena.jpg","contentUrl":"https:\/\/librosdeoro.cafam.com.co\/libro2023\/wp-content\/uploads\/sites\/11\/2022\/07\/3-Hna-Susana-Rodriguez-Pena.jpg","width":500,"height":637,"caption":"Hna Susana Rodr\u00edguez Pe\u00f1a"},{"@type":"BreadcrumbList","@id":"https:\/\/librosdeoro.cafam.com.co\/libro2023\/hermana-susana-rodriguez-pena\/#breadcrumb","itemListElement":[{"@type":"ListItem","position":1,"name":"Home","item":"https:\/\/librosdeoro.cafam.com.co\/libro2023\/"},{"@type":"ListItem","position":2,"name":"HERMANA SUSANA RODR\u00cdGUEZ PE\u00d1A"}]},{"@type":"WebSite","@id":"https:\/\/librosdeoro.cafam.com.co\/libro2023\/#website","url":"https:\/\/librosdeoro.cafam.com.co\/libro2023\/","name":"Libros de Oro 2023","description":"","potentialAction":[{"@type":"SearchAction","target":{"@type":"EntryPoint","urlTemplate":"https:\/\/librosdeoro.cafam.com.co\/libro2023\/?s={search_term_string}"},"query-input":"required name=search_term_string"}],"inLanguage":"es-CO"}]}},"_links":{"self":[{"href":"https:\/\/librosdeoro.cafam.com.co\/libro2023\/wp-json\/wp\/v2\/pages\/523","targetHints":{"allow":["GET"]}}],"collection":[{"href":"https:\/\/librosdeoro.cafam.com.co\/libro2023\/wp-json\/wp\/v2\/pages"}],"about":[{"href":"https:\/\/librosdeoro.cafam.com.co\/libro2023\/wp-json\/wp\/v2\/types\/page"}],"author":[{"embeddable":true,"href":"https:\/\/librosdeoro.cafam.com.co\/libro2023\/wp-json\/wp\/v2\/users\/4"}],"replies":[{"embeddable":true,"href":"https:\/\/librosdeoro.cafam.com.co\/libro2023\/wp-json\/wp\/v2\/comments?post=523"}],"version-history":[{"count":1,"href":"https:\/\/librosdeoro.cafam.com.co\/libro2023\/wp-json\/wp\/v2\/pages\/523\/revisions"}],"predecessor-version":[{"id":524,"href":"https:\/\/librosdeoro.cafam.com.co\/libro2023\/wp-json\/wp\/v2\/pages\/523\/revisions\/524"}],"wp:featuredmedia":[{"embeddable":true,"href":"https:\/\/librosdeoro.cafam.com.co\/libro2023\/wp-json\/wp\/v2\/media\/307"}],"wp:attachment":[{"href":"https:\/\/librosdeoro.cafam.com.co\/libro2023\/wp-json\/wp\/v2\/media?parent=523"}],"curies":[{"name":"wp","href":"https:\/\/api.w.org\/{rel}","templated":true}]}}