{"id":510,"date":"2022-07-15T13:23:32","date_gmt":"2022-07-15T18:23:32","guid":{"rendered":"https:\/\/librosdeoro.cafam.com.co\/libro2023\/?page_id=510"},"modified":"2023-01-18T15:21:21","modified_gmt":"2023-01-18T20:21:21","slug":"judy-patricia-rincon-lopez","status":"publish","type":"page","link":"https:\/\/librosdeoro.cafam.com.co\/libro2023\/candidatas-2023\/judy-patricia-rincon-lopez\/","title":{"rendered":"JUDY PATRICIA RINC\u00d3N L\u00d3PEZ"},"content":{"rendered":"","protected":false},"excerpt":{"rendered":"","protected":false},"author":4,"featured_media":388,"parent":352,"menu_order":0,"comment_status":"closed","ping_status":"closed","template":"","meta":{"footnotes":""},"class_list":["post-510","page","type-page","status-publish","has-post-thumbnail","hentry"],"yoast_head":"<!-- This site is optimized with the Yoast SEO plugin v23.1 - https:\/\/yoast.com\/wordpress\/plugins\/seo\/ -->\n<title>Judy Patricia Rinc\u00f3n L\u00f3pez (Vaup\u00e9s) - Libros de Oro 2023<\/title>\n<meta name=\"description\" content=\"Judy Patricia Rinc\u00f3n, Mujer Cafam Vaup\u00e9s, &quot;Tejedores de la cultura ancestral&quot; Taller Artesanal Avi\u00e1 Arte Sano. Preservaci\u00f3n oficio artesanal\" \/>\n<meta name=\"robots\" content=\"index, follow, max-snippet:-1, max-image-preview:large, max-video-preview:-1\" \/>\n<link rel=\"canonical\" href=\"https:\/\/librosdeoro.cafam.com.co\/libro2023\/candidatas-2023\/judy-patricia-rincon-lopez\/\" \/>\n<meta property=\"og:locale\" content=\"es_ES\" \/>\n<meta property=\"og:type\" content=\"article\" \/>\n<meta property=\"og:title\" content=\"Judy Patricia Rinc\u00f3n L\u00f3pez (Vaup\u00e9s) - Libros de Oro 2023\" \/>\n<meta property=\"og:description\" content=\"Judy Patricia Rinc\u00f3n, Mujer Cafam Vaup\u00e9s, &quot;Tejedores de la cultura ancestral&quot; Taller Artesanal Avi\u00e1 Arte Sano. Preservaci\u00f3n oficio artesanal\" \/>\n<meta property=\"og:url\" content=\"https:\/\/librosdeoro.cafam.com.co\/libro2023\/candidatas-2023\/judy-patricia-rincon-lopez\/\" \/>\n<meta property=\"og:site_name\" content=\"Libros de Oro 2023\" \/>\n<meta property=\"article:modified_time\" content=\"2023-01-18T20:21:21+00:00\" \/>\n<meta property=\"og:image\" content=\"https:\/\/librosdeoro.cafam.com.co\/libro2023\/wp-content\/uploads\/sites\/11\/2022\/07\/29-Judy-Patricia-Rincon_Vaupes.jpg\" \/>\n\t<meta property=\"og:image:width\" content=\"450\" \/>\n\t<meta property=\"og:image:height\" content=\"600\" \/>\n\t<meta property=\"og:image:type\" content=\"image\/jpeg\" \/>\n<meta name=\"twitter:card\" content=\"summary_large_image\" \/>\n<script type=\"application\/ld+json\" class=\"yoast-schema-graph\">{\"@context\":\"https:\/\/schema.org\",\"@graph\":[{\"@type\":\"WebPage\",\"@id\":\"https:\/\/librosdeoro.cafam.com.co\/libro2023\/candidatas-2023\/judy-patricia-rincon-lopez\/\",\"url\":\"https:\/\/librosdeoro.cafam.com.co\/libro2023\/candidatas-2023\/judy-patricia-rincon-lopez\/\",\"name\":\"Judy Patricia Rinc\u00f3n L\u00f3pez (Vaup\u00e9s) - Libros de Oro 2023\",\"isPartOf\":{\"@id\":\"https:\/\/librosdeoro.cafam.com.co\/libro2023\/#website\"},\"primaryImageOfPage\":{\"@id\":\"https:\/\/librosdeoro.cafam.com.co\/libro2023\/candidatas-2023\/judy-patricia-rincon-lopez\/#primaryimage\"},\"image\":{\"@id\":\"https:\/\/librosdeoro.cafam.com.co\/libro2023\/candidatas-2023\/judy-patricia-rincon-lopez\/#primaryimage\"},\"thumbnailUrl\":\"https:\/\/librosdeoro.cafam.com.co\/libro2023\/wp-content\/uploads\/sites\/11\/2022\/07\/29-Judy-Patricia-Rincon_Vaupes.jpg\",\"datePublished\":\"2022-07-15T18:23:32+00:00\",\"dateModified\":\"2023-01-18T20:21:21+00:00\",\"description\":\"Judy Patricia Rinc\u00f3n, Mujer Cafam Vaup\u00e9s, \\\"Tejedores de la cultura ancestral\\\" Taller Artesanal Avi\u00e1 Arte Sano. Preservaci\u00f3n oficio artesanal\",\"breadcrumb\":{\"@id\":\"https:\/\/librosdeoro.cafam.com.co\/libro2023\/candidatas-2023\/judy-patricia-rincon-lopez\/#breadcrumb\"},\"inLanguage\":\"es-CO\",\"potentialAction\":[{\"@type\":\"ReadAction\",\"target\":[\"https:\/\/librosdeoro.cafam.com.co\/libro2023\/candidatas-2023\/judy-patricia-rincon-lopez\/\"]}]},{\"@type\":\"ImageObject\",\"inLanguage\":\"es-CO\",\"@id\":\"https:\/\/librosdeoro.cafam.com.co\/libro2023\/candidatas-2023\/judy-patricia-rincon-lopez\/#primaryimage\",\"url\":\"https:\/\/librosdeoro.cafam.com.co\/libro2023\/wp-content\/uploads\/sites\/11\/2022\/07\/29-Judy-Patricia-Rincon_Vaupes.jpg\",\"contentUrl\":\"https:\/\/librosdeoro.cafam.com.co\/libro2023\/wp-content\/uploads\/sites\/11\/2022\/07\/29-Judy-Patricia-Rincon_Vaupes.jpg\",\"width\":450,\"height\":600,\"caption\":\"Judy Patricia Rinc\u00f3n\"},{\"@type\":\"BreadcrumbList\",\"@id\":\"https:\/\/librosdeoro.cafam.com.co\/libro2023\/candidatas-2023\/judy-patricia-rincon-lopez\/#breadcrumb\",\"itemListElement\":[{\"@type\":\"ListItem\",\"position\":1,\"name\":\"Home\",\"item\":\"https:\/\/librosdeoro.cafam.com.co\/libro2023\/\"},{\"@type\":\"ListItem\",\"position\":2,\"name\":\"Candidatas 2023\",\"item\":\"https:\/\/librosdeoro.cafam.com.co\/libro2023\/candidatas-2023\/\"},{\"@type\":\"ListItem\",\"position\":3,\"name\":\"JUDY PATRICIA RINC\u00d3N L\u00d3PEZ\"}]},{\"@type\":\"WebSite\",\"@id\":\"https:\/\/librosdeoro.cafam.com.co\/libro2023\/#website\",\"url\":\"https:\/\/librosdeoro.cafam.com.co\/libro2023\/\",\"name\":\"Libros de Oro 2023\",\"description\":\"\",\"potentialAction\":[{\"@type\":\"SearchAction\",\"target\":{\"@type\":\"EntryPoint\",\"urlTemplate\":\"https:\/\/librosdeoro.cafam.com.co\/libro2023\/?s={search_term_string}\"},\"query-input\":\"required name=search_term_string\"}],\"inLanguage\":\"es-CO\"}]}<\/script>\n<!-- \/ Yoast SEO plugin. -->","yoast_head_json":{"title":"Judy Patricia Rinc\u00f3n L\u00f3pez (Vaup\u00e9s) - Libros de Oro 2023","description":"Judy Patricia Rinc\u00f3n, Mujer Cafam Vaup\u00e9s, \"Tejedores de la cultura ancestral\" Taller Artesanal Avi\u00e1 Arte Sano. Preservaci\u00f3n oficio artesanal","robots":{"index":"index","follow":"follow","max-snippet":"max-snippet:-1","max-image-preview":"max-image-preview:large","max-video-preview":"max-video-preview:-1"},"canonical":"https:\/\/librosdeoro.cafam.com.co\/libro2023\/candidatas-2023\/judy-patricia-rincon-lopez\/","og_locale":"es_ES","og_type":"article","og_title":"Judy Patricia Rinc\u00f3n L\u00f3pez (Vaup\u00e9s) - Libros de Oro 2023","og_description":"Judy Patricia Rinc\u00f3n, Mujer Cafam Vaup\u00e9s, \"Tejedores de la cultura ancestral\" Taller Artesanal Avi\u00e1 Arte Sano. Preservaci\u00f3n oficio artesanal","og_url":"https:\/\/librosdeoro.cafam.com.co\/libro2023\/candidatas-2023\/judy-patricia-rincon-lopez\/","og_site_name":"Libros de Oro 2023","article_modified_time":"2023-01-18T20:21:21+00:00","og_image":[{"width":450,"height":600,"url":"https:\/\/librosdeoro.cafam.com.co\/libro2023\/wp-content\/uploads\/sites\/11\/2022\/07\/29-Judy-Patricia-Rincon_Vaupes.jpg","type":"image\/jpeg"}],"twitter_card":"summary_large_image","schema":{"@context":"https:\/\/schema.org","@graph":[{"@type":"WebPage","@id":"https:\/\/librosdeoro.cafam.com.co\/libro2023\/candidatas-2023\/judy-patricia-rincon-lopez\/","url":"https:\/\/librosdeoro.cafam.com.co\/libro2023\/candidatas-2023\/judy-patricia-rincon-lopez\/","name":"Judy Patricia Rinc\u00f3n L\u00f3pez (Vaup\u00e9s) - Libros de Oro 2023","isPartOf":{"@id":"https:\/\/librosdeoro.cafam.com.co\/libro2023\/#website"},"primaryImageOfPage":{"@id":"https:\/\/librosdeoro.cafam.com.co\/libro2023\/candidatas-2023\/judy-patricia-rincon-lopez\/#primaryimage"},"image":{"@id":"https:\/\/librosdeoro.cafam.com.co\/libro2023\/candidatas-2023\/judy-patricia-rincon-lopez\/#primaryimage"},"thumbnailUrl":"https:\/\/librosdeoro.cafam.com.co\/libro2023\/wp-content\/uploads\/sites\/11\/2022\/07\/29-Judy-Patricia-Rincon_Vaupes.jpg","datePublished":"2022-07-15T18:23:32+00:00","dateModified":"2023-01-18T20:21:21+00:00","description":"Judy Patricia Rinc\u00f3n, Mujer Cafam Vaup\u00e9s, \"Tejedores de la cultura ancestral\" Taller Artesanal Avi\u00e1 Arte Sano. Preservaci\u00f3n oficio artesanal","breadcrumb":{"@id":"https:\/\/librosdeoro.cafam.com.co\/libro2023\/candidatas-2023\/judy-patricia-rincon-lopez\/#breadcrumb"},"inLanguage":"es-CO","potentialAction":[{"@type":"ReadAction","target":["https:\/\/librosdeoro.cafam.com.co\/libro2023\/candidatas-2023\/judy-patricia-rincon-lopez\/"]}]},{"@type":"ImageObject","inLanguage":"es-CO","@id":"https:\/\/librosdeoro.cafam.com.co\/libro2023\/candidatas-2023\/judy-patricia-rincon-lopez\/#primaryimage","url":"https:\/\/librosdeoro.cafam.com.co\/libro2023\/wp-content\/uploads\/sites\/11\/2022\/07\/29-Judy-Patricia-Rincon_Vaupes.jpg","contentUrl":"https:\/\/librosdeoro.cafam.com.co\/libro2023\/wp-content\/uploads\/sites\/11\/2022\/07\/29-Judy-Patricia-Rincon_Vaupes.jpg","width":450,"height":600,"caption":"Judy Patricia Rinc\u00f3n"},{"@type":"BreadcrumbList","@id":"https:\/\/librosdeoro.cafam.com.co\/libro2023\/candidatas-2023\/judy-patricia-rincon-lopez\/#breadcrumb","itemListElement":[{"@type":"ListItem","position":1,"name":"Home","item":"https:\/\/librosdeoro.cafam.com.co\/libro2023\/"},{"@type":"ListItem","position":2,"name":"Candidatas 2023","item":"https:\/\/librosdeoro.cafam.com.co\/libro2023\/candidatas-2023\/"},{"@type":"ListItem","position":3,"name":"JUDY PATRICIA RINC\u00d3N L\u00d3PEZ"}]},{"@type":"WebSite","@id":"https:\/\/librosdeoro.cafam.com.co\/libro2023\/#website","url":"https:\/\/librosdeoro.cafam.com.co\/libro2023\/","name":"Libros de Oro 2023","description":"","potentialAction":[{"@type":"SearchAction","target":{"@type":"EntryPoint","urlTemplate":"https:\/\/librosdeoro.cafam.com.co\/libro2023\/?s={search_term_string}"},"query-input":"required name=search_term_string"}],"inLanguage":"es-CO"}]}},"_links":{"self":[{"href":"https:\/\/librosdeoro.cafam.com.co\/libro2023\/wp-json\/wp\/v2\/pages\/510","targetHints":{"allow":["GET"]}}],"collection":[{"href":"https:\/\/librosdeoro.cafam.com.co\/libro2023\/wp-json\/wp\/v2\/pages"}],"about":[{"href":"https:\/\/librosdeoro.cafam.com.co\/libro2023\/wp-json\/wp\/v2\/types\/page"}],"author":[{"embeddable":true,"href":"https:\/\/librosdeoro.cafam.com.co\/libro2023\/wp-json\/wp\/v2\/users\/4"}],"replies":[{"embeddable":true,"href":"https:\/\/librosdeoro.cafam.com.co\/libro2023\/wp-json\/wp\/v2\/comments?post=510"}],"version-history":[{"count":1,"href":"https:\/\/librosdeoro.cafam.com.co\/libro2023\/wp-json\/wp\/v2\/pages\/510\/revisions"}],"predecessor-version":[{"id":512,"href":"https:\/\/librosdeoro.cafam.com.co\/libro2023\/wp-json\/wp\/v2\/pages\/510\/revisions\/512"}],"up":[{"embeddable":true,"href":"https:\/\/librosdeoro.cafam.com.co\/libro2023\/wp-json\/wp\/v2\/pages\/352"}],"wp:featuredmedia":[{"embeddable":true,"href":"https:\/\/librosdeoro.cafam.com.co\/libro2023\/wp-json\/wp\/v2\/media\/388"}],"wp:attachment":[{"href":"https:\/\/librosdeoro.cafam.com.co\/libro2023\/wp-json\/wp\/v2\/media?parent=510"}],"curies":[{"name":"wp","href":"https:\/\/api.w.org\/{rel}","templated":true}]}}