{"id":499,"date":"2022-07-15T13:09:31","date_gmt":"2022-07-15T18:09:31","guid":{"rendered":"https:\/\/librosdeoro.cafam.com.co\/libro2023\/?page_id=499"},"modified":"2023-08-31T16:53:15","modified_gmt":"2023-08-31T21:53:15","slug":"susan-andrea-avella-rico","status":"publish","type":"page","link":"https:\/\/librosdeoro.cafam.com.co\/libro2023\/candidatas-2023\/susan-andrea-avella-rico\/","title":{"rendered":"Susan Andrea Avella Rico"},"content":{"rendered":"","protected":false},"excerpt":{"rendered":"","protected":false},"author":4,"featured_media":2010,"parent":352,"menu_order":0,"comment_status":"closed","ping_status":"closed","template":"","meta":{"footnotes":""},"class_list":["post-499","page","type-page","status-publish","has-post-thumbnail","hentry"],"yoast_head":"<!-- This site is optimized with the Yoast SEO plugin v23.1 - https:\/\/yoast.com\/wordpress\/plugins\/seo\/ -->\n<title>Susan Andrea Avella Rico - Libros de Oro 2023<\/title>\n<meta name=\"description\" content=\"Susan Andrea Avella Rico, naci\u00f3 en Paipa, Boyac\u00e1, el 15 de septiembre de 1988, es t\u00e9cnica en Actividad F\u00edsica del SENA\" \/>\n<meta name=\"robots\" content=\"index, follow, max-snippet:-1, max-image-preview:large, max-video-preview:-1\" \/>\n<link rel=\"canonical\" href=\"https:\/\/librosdeoro.cafam.com.co\/libro2023\/candidatas-2023\/susan-andrea-avella-rico\/\" \/>\n<meta property=\"og:locale\" content=\"es_ES\" \/>\n<meta property=\"og:type\" content=\"article\" \/>\n<meta property=\"og:title\" content=\"Susan Andrea Avella Rico - Libros de Oro 2023\" \/>\n<meta property=\"og:description\" content=\"Susan Andrea Avella Rico, naci\u00f3 en Paipa, Boyac\u00e1, el 15 de septiembre de 1988, es t\u00e9cnica en Actividad F\u00edsica del SENA\" \/>\n<meta property=\"og:url\" content=\"https:\/\/librosdeoro.cafam.com.co\/libro2023\/candidatas-2023\/susan-andrea-avella-rico\/\" \/>\n<meta property=\"og:site_name\" content=\"Libros de Oro 2023\" \/>\n<meta property=\"article:modified_time\" content=\"2023-08-31T21:53:15+00:00\" \/>\n<meta property=\"og:image\" content=\"https:\/\/librosdeoro.cafam.com.co\/libro2023\/wp-content\/uploads\/sites\/11\/2023\/08\/TOLIMA-MUJER-Cafam-2023-402.jpg\" \/>\n\t<meta property=\"og:image:width\" content=\"1000\" \/>\n\t<meta property=\"og:image:height\" content=\"1354\" \/>\n\t<meta property=\"og:image:type\" content=\"image\/jpeg\" \/>\n<meta name=\"twitter:card\" content=\"summary_large_image\" \/>\n<script type=\"application\/ld+json\" class=\"yoast-schema-graph\">{\"@context\":\"https:\/\/schema.org\",\"@graph\":[{\"@type\":\"WebPage\",\"@id\":\"https:\/\/librosdeoro.cafam.com.co\/libro2023\/candidatas-2023\/susan-andrea-avella-rico\/\",\"url\":\"https:\/\/librosdeoro.cafam.com.co\/libro2023\/candidatas-2023\/susan-andrea-avella-rico\/\",\"name\":\"Susan Andrea Avella Rico - Libros de Oro 2023\",\"isPartOf\":{\"@id\":\"https:\/\/librosdeoro.cafam.com.co\/libro2023\/#website\"},\"primaryImageOfPage\":{\"@id\":\"https:\/\/librosdeoro.cafam.com.co\/libro2023\/candidatas-2023\/susan-andrea-avella-rico\/#primaryimage\"},\"image\":{\"@id\":\"https:\/\/librosdeoro.cafam.com.co\/libro2023\/candidatas-2023\/susan-andrea-avella-rico\/#primaryimage\"},\"thumbnailUrl\":\"https:\/\/librosdeoro.cafam.com.co\/libro2023\/wp-content\/uploads\/sites\/11\/2023\/08\/TOLIMA-MUJER-Cafam-2023-402.jpg\",\"datePublished\":\"2022-07-15T18:09:31+00:00\",\"dateModified\":\"2023-08-31T21:53:15+00:00\",\"description\":\"Susan Andrea Avella Rico, naci\u00f3 en Paipa, Boyac\u00e1, el 15 de septiembre de 1988, es t\u00e9cnica en Actividad F\u00edsica del SENA\",\"breadcrumb\":{\"@id\":\"https:\/\/librosdeoro.cafam.com.co\/libro2023\/candidatas-2023\/susan-andrea-avella-rico\/#breadcrumb\"},\"inLanguage\":\"es-CO\",\"potentialAction\":[{\"@type\":\"ReadAction\",\"target\":[\"https:\/\/librosdeoro.cafam.com.co\/libro2023\/candidatas-2023\/susan-andrea-avella-rico\/\"]}]},{\"@type\":\"ImageObject\",\"inLanguage\":\"es-CO\",\"@id\":\"https:\/\/librosdeoro.cafam.com.co\/libro2023\/candidatas-2023\/susan-andrea-avella-rico\/#primaryimage\",\"url\":\"https:\/\/librosdeoro.cafam.com.co\/libro2023\/wp-content\/uploads\/sites\/11\/2023\/08\/TOLIMA-MUJER-Cafam-2023-402.jpg\",\"contentUrl\":\"https:\/\/librosdeoro.cafam.com.co\/libro2023\/wp-content\/uploads\/sites\/11\/2023\/08\/TOLIMA-MUJER-Cafam-2023-402.jpg\",\"width\":1000,\"height\":1354},{\"@type\":\"BreadcrumbList\",\"@id\":\"https:\/\/librosdeoro.cafam.com.co\/libro2023\/candidatas-2023\/susan-andrea-avella-rico\/#breadcrumb\",\"itemListElement\":[{\"@type\":\"ListItem\",\"position\":1,\"name\":\"Home\",\"item\":\"https:\/\/librosdeoro.cafam.com.co\/libro2023\/\"},{\"@type\":\"ListItem\",\"position\":2,\"name\":\"Candidatas 2023\",\"item\":\"https:\/\/librosdeoro.cafam.com.co\/libro2023\/candidatas-2023\/\"},{\"@type\":\"ListItem\",\"position\":3,\"name\":\"Susan Andrea Avella Rico\"}]},{\"@type\":\"WebSite\",\"@id\":\"https:\/\/librosdeoro.cafam.com.co\/libro2023\/#website\",\"url\":\"https:\/\/librosdeoro.cafam.com.co\/libro2023\/\",\"name\":\"Libros de Oro 2023\",\"description\":\"\",\"potentialAction\":[{\"@type\":\"SearchAction\",\"target\":{\"@type\":\"EntryPoint\",\"urlTemplate\":\"https:\/\/librosdeoro.cafam.com.co\/libro2023\/?s={search_term_string}\"},\"query-input\":\"required name=search_term_string\"}],\"inLanguage\":\"es-CO\"}]}<\/script>\n<!-- \/ Yoast SEO plugin. -->","yoast_head_json":{"title":"Susan Andrea Avella Rico - Libros de Oro 2023","description":"Susan Andrea Avella Rico, naci\u00f3 en Paipa, Boyac\u00e1, el 15 de septiembre de 1988, es t\u00e9cnica en Actividad F\u00edsica del SENA","robots":{"index":"index","follow":"follow","max-snippet":"max-snippet:-1","max-image-preview":"max-image-preview:large","max-video-preview":"max-video-preview:-1"},"canonical":"https:\/\/librosdeoro.cafam.com.co\/libro2023\/candidatas-2023\/susan-andrea-avella-rico\/","og_locale":"es_ES","og_type":"article","og_title":"Susan Andrea Avella Rico - Libros de Oro 2023","og_description":"Susan Andrea Avella Rico, naci\u00f3 en Paipa, Boyac\u00e1, el 15 de septiembre de 1988, es t\u00e9cnica en Actividad F\u00edsica del SENA","og_url":"https:\/\/librosdeoro.cafam.com.co\/libro2023\/candidatas-2023\/susan-andrea-avella-rico\/","og_site_name":"Libros de Oro 2023","article_modified_time":"2023-08-31T21:53:15+00:00","og_image":[{"width":1000,"height":1354,"url":"https:\/\/librosdeoro.cafam.com.co\/libro2023\/wp-content\/uploads\/sites\/11\/2023\/08\/TOLIMA-MUJER-Cafam-2023-402.jpg","type":"image\/jpeg"}],"twitter_card":"summary_large_image","schema":{"@context":"https:\/\/schema.org","@graph":[{"@type":"WebPage","@id":"https:\/\/librosdeoro.cafam.com.co\/libro2023\/candidatas-2023\/susan-andrea-avella-rico\/","url":"https:\/\/librosdeoro.cafam.com.co\/libro2023\/candidatas-2023\/susan-andrea-avella-rico\/","name":"Susan Andrea Avella Rico - Libros de Oro 2023","isPartOf":{"@id":"https:\/\/librosdeoro.cafam.com.co\/libro2023\/#website"},"primaryImageOfPage":{"@id":"https:\/\/librosdeoro.cafam.com.co\/libro2023\/candidatas-2023\/susan-andrea-avella-rico\/#primaryimage"},"image":{"@id":"https:\/\/librosdeoro.cafam.com.co\/libro2023\/candidatas-2023\/susan-andrea-avella-rico\/#primaryimage"},"thumbnailUrl":"https:\/\/librosdeoro.cafam.com.co\/libro2023\/wp-content\/uploads\/sites\/11\/2023\/08\/TOLIMA-MUJER-Cafam-2023-402.jpg","datePublished":"2022-07-15T18:09:31+00:00","dateModified":"2023-08-31T21:53:15+00:00","description":"Susan Andrea Avella Rico, naci\u00f3 en Paipa, Boyac\u00e1, el 15 de septiembre de 1988, es t\u00e9cnica en Actividad F\u00edsica del SENA","breadcrumb":{"@id":"https:\/\/librosdeoro.cafam.com.co\/libro2023\/candidatas-2023\/susan-andrea-avella-rico\/#breadcrumb"},"inLanguage":"es-CO","potentialAction":[{"@type":"ReadAction","target":["https:\/\/librosdeoro.cafam.com.co\/libro2023\/candidatas-2023\/susan-andrea-avella-rico\/"]}]},{"@type":"ImageObject","inLanguage":"es-CO","@id":"https:\/\/librosdeoro.cafam.com.co\/libro2023\/candidatas-2023\/susan-andrea-avella-rico\/#primaryimage","url":"https:\/\/librosdeoro.cafam.com.co\/libro2023\/wp-content\/uploads\/sites\/11\/2023\/08\/TOLIMA-MUJER-Cafam-2023-402.jpg","contentUrl":"https:\/\/librosdeoro.cafam.com.co\/libro2023\/wp-content\/uploads\/sites\/11\/2023\/08\/TOLIMA-MUJER-Cafam-2023-402.jpg","width":1000,"height":1354},{"@type":"BreadcrumbList","@id":"https:\/\/librosdeoro.cafam.com.co\/libro2023\/candidatas-2023\/susan-andrea-avella-rico\/#breadcrumb","itemListElement":[{"@type":"ListItem","position":1,"name":"Home","item":"https:\/\/librosdeoro.cafam.com.co\/libro2023\/"},{"@type":"ListItem","position":2,"name":"Candidatas 2023","item":"https:\/\/librosdeoro.cafam.com.co\/libro2023\/candidatas-2023\/"},{"@type":"ListItem","position":3,"name":"Susan Andrea Avella Rico"}]},{"@type":"WebSite","@id":"https:\/\/librosdeoro.cafam.com.co\/libro2023\/#website","url":"https:\/\/librosdeoro.cafam.com.co\/libro2023\/","name":"Libros de Oro 2023","description":"","potentialAction":[{"@type":"SearchAction","target":{"@type":"EntryPoint","urlTemplate":"https:\/\/librosdeoro.cafam.com.co\/libro2023\/?s={search_term_string}"},"query-input":"required name=search_term_string"}],"inLanguage":"es-CO"}]}},"_links":{"self":[{"href":"https:\/\/librosdeoro.cafam.com.co\/libro2023\/wp-json\/wp\/v2\/pages\/499","targetHints":{"allow":["GET"]}}],"collection":[{"href":"https:\/\/librosdeoro.cafam.com.co\/libro2023\/wp-json\/wp\/v2\/pages"}],"about":[{"href":"https:\/\/librosdeoro.cafam.com.co\/libro2023\/wp-json\/wp\/v2\/types\/page"}],"author":[{"embeddable":true,"href":"https:\/\/librosdeoro.cafam.com.co\/libro2023\/wp-json\/wp\/v2\/users\/4"}],"replies":[{"embeddable":true,"href":"https:\/\/librosdeoro.cafam.com.co\/libro2023\/wp-json\/wp\/v2\/comments?post=499"}],"version-history":[{"count":2,"href":"https:\/\/librosdeoro.cafam.com.co\/libro2023\/wp-json\/wp\/v2\/pages\/499\/revisions"}],"predecessor-version":[{"id":2046,"href":"https:\/\/librosdeoro.cafam.com.co\/libro2023\/wp-json\/wp\/v2\/pages\/499\/revisions\/2046"}],"up":[{"embeddable":true,"href":"https:\/\/librosdeoro.cafam.com.co\/libro2023\/wp-json\/wp\/v2\/pages\/352"}],"wp:featuredmedia":[{"embeddable":true,"href":"https:\/\/librosdeoro.cafam.com.co\/libro2023\/wp-json\/wp\/v2\/media\/2010"}],"wp:attachment":[{"href":"https:\/\/librosdeoro.cafam.com.co\/libro2023\/wp-json\/wp\/v2\/media?parent=499"}],"curies":[{"name":"wp","href":"https:\/\/api.w.org\/{rel}","templated":true}]}}