{"id":469,"date":"2022-07-15T00:35:30","date_gmt":"2022-07-15T05:35:30","guid":{"rendered":"https:\/\/librosdeoro.cafam.com.co\/libro2023\/?page_id=469"},"modified":"2023-08-31T09:43:27","modified_gmt":"2023-08-31T14:43:27","slug":"yolanda-perea-mosquera","status":"publish","type":"page","link":"https:\/\/librosdeoro.cafam.com.co\/libro2023\/candidatas-2023\/yolanda-perea-mosquera\/","title":{"rendered":"Yolanda Perea Mosquera"},"content":{"rendered":"","protected":false},"excerpt":{"rendered":"","protected":false},"author":4,"featured_media":1999,"parent":352,"menu_order":0,"comment_status":"closed","ping_status":"closed","template":"","meta":{"footnotes":""},"class_list":["post-469","page","type-page","status-publish","has-post-thumbnail","hentry"],"yoast_head":"<!-- This site is optimized with the Yoast SEO plugin v23.1 - https:\/\/yoast.com\/wordpress\/plugins\/seo\/ -->\n<title>Yolanda Perea Mosquera - Libros de Oro 2023<\/title>\n<meta name=\"description\" content=\"Yolanda naci\u00f3 el 21 de enero de 1984 en R\u00edo Sucio, Choc\u00f3, es defensora de v\u00edctimas de violencia sexual en el marco del conflicto armado\" \/>\n<meta name=\"robots\" content=\"index, follow, max-snippet:-1, max-image-preview:large, max-video-preview:-1\" \/>\n<link rel=\"canonical\" href=\"https:\/\/librosdeoro.cafam.com.co\/libro2023\/candidatas-2023\/yolanda-perea-mosquera\/\" \/>\n<meta property=\"og:locale\" content=\"es_ES\" \/>\n<meta property=\"og:type\" content=\"article\" \/>\n<meta property=\"og:title\" content=\"Yolanda Perea Mosquera - Libros de Oro 2023\" \/>\n<meta property=\"og:description\" content=\"Yolanda naci\u00f3 el 21 de enero de 1984 en R\u00edo Sucio, Choc\u00f3, es defensora de v\u00edctimas de violencia sexual en el marco del conflicto armado\" \/>\n<meta property=\"og:url\" content=\"https:\/\/librosdeoro.cafam.com.co\/libro2023\/candidatas-2023\/yolanda-perea-mosquera\/\" \/>\n<meta property=\"og:site_name\" content=\"Libros de Oro 2023\" \/>\n<meta property=\"article:modified_time\" content=\"2023-08-31T14:43:27+00:00\" \/>\n<meta property=\"og:image\" content=\"https:\/\/librosdeoro.cafam.com.co\/libro2023\/wp-content\/uploads\/sites\/11\/2023\/08\/CHOCO-MUJER-Cafam-2023-804.jpg\" \/>\n\t<meta property=\"og:image:width\" content=\"1000\" \/>\n\t<meta property=\"og:image:height\" content=\"1354\" \/>\n\t<meta property=\"og:image:type\" content=\"image\/jpeg\" \/>\n<meta name=\"twitter:card\" content=\"summary_large_image\" \/>\n<script type=\"application\/ld+json\" class=\"yoast-schema-graph\">{\"@context\":\"https:\/\/schema.org\",\"@graph\":[{\"@type\":\"WebPage\",\"@id\":\"https:\/\/librosdeoro.cafam.com.co\/libro2023\/candidatas-2023\/yolanda-perea-mosquera\/\",\"url\":\"https:\/\/librosdeoro.cafam.com.co\/libro2023\/candidatas-2023\/yolanda-perea-mosquera\/\",\"name\":\"Yolanda Perea Mosquera - Libros de Oro 2023\",\"isPartOf\":{\"@id\":\"https:\/\/librosdeoro.cafam.com.co\/libro2023\/#website\"},\"primaryImageOfPage\":{\"@id\":\"https:\/\/librosdeoro.cafam.com.co\/libro2023\/candidatas-2023\/yolanda-perea-mosquera\/#primaryimage\"},\"image\":{\"@id\":\"https:\/\/librosdeoro.cafam.com.co\/libro2023\/candidatas-2023\/yolanda-perea-mosquera\/#primaryimage\"},\"thumbnailUrl\":\"https:\/\/librosdeoro.cafam.com.co\/libro2023\/wp-content\/uploads\/sites\/11\/2023\/08\/CHOCO-MUJER-Cafam-2023-804.jpg\",\"datePublished\":\"2022-07-15T05:35:30+00:00\",\"dateModified\":\"2023-08-31T14:43:27+00:00\",\"description\":\"Yolanda naci\u00f3 el 21 de enero de 1984 en R\u00edo Sucio, Choc\u00f3, es defensora de v\u00edctimas de violencia sexual en el marco del conflicto armado\",\"breadcrumb\":{\"@id\":\"https:\/\/librosdeoro.cafam.com.co\/libro2023\/candidatas-2023\/yolanda-perea-mosquera\/#breadcrumb\"},\"inLanguage\":\"es-CO\",\"potentialAction\":[{\"@type\":\"ReadAction\",\"target\":[\"https:\/\/librosdeoro.cafam.com.co\/libro2023\/candidatas-2023\/yolanda-perea-mosquera\/\"]}]},{\"@type\":\"ImageObject\",\"inLanguage\":\"es-CO\",\"@id\":\"https:\/\/librosdeoro.cafam.com.co\/libro2023\/candidatas-2023\/yolanda-perea-mosquera\/#primaryimage\",\"url\":\"https:\/\/librosdeoro.cafam.com.co\/libro2023\/wp-content\/uploads\/sites\/11\/2023\/08\/CHOCO-MUJER-Cafam-2023-804.jpg\",\"contentUrl\":\"https:\/\/librosdeoro.cafam.com.co\/libro2023\/wp-content\/uploads\/sites\/11\/2023\/08\/CHOCO-MUJER-Cafam-2023-804.jpg\",\"width\":1000,\"height\":1354},{\"@type\":\"BreadcrumbList\",\"@id\":\"https:\/\/librosdeoro.cafam.com.co\/libro2023\/candidatas-2023\/yolanda-perea-mosquera\/#breadcrumb\",\"itemListElement\":[{\"@type\":\"ListItem\",\"position\":1,\"name\":\"Home\",\"item\":\"https:\/\/librosdeoro.cafam.com.co\/libro2023\/\"},{\"@type\":\"ListItem\",\"position\":2,\"name\":\"Candidatas 2023\",\"item\":\"https:\/\/librosdeoro.cafam.com.co\/libro2023\/candidatas-2023\/\"},{\"@type\":\"ListItem\",\"position\":3,\"name\":\"Yolanda Perea Mosquera\"}]},{\"@type\":\"WebSite\",\"@id\":\"https:\/\/librosdeoro.cafam.com.co\/libro2023\/#website\",\"url\":\"https:\/\/librosdeoro.cafam.com.co\/libro2023\/\",\"name\":\"Libros de Oro 2023\",\"description\":\"\",\"potentialAction\":[{\"@type\":\"SearchAction\",\"target\":{\"@type\":\"EntryPoint\",\"urlTemplate\":\"https:\/\/librosdeoro.cafam.com.co\/libro2023\/?s={search_term_string}\"},\"query-input\":\"required name=search_term_string\"}],\"inLanguage\":\"es-CO\"}]}<\/script>\n<!-- \/ Yoast SEO plugin. -->","yoast_head_json":{"title":"Yolanda Perea Mosquera - Libros de Oro 2023","description":"Yolanda naci\u00f3 el 21 de enero de 1984 en R\u00edo Sucio, Choc\u00f3, es defensora de v\u00edctimas de violencia sexual en el marco del conflicto armado","robots":{"index":"index","follow":"follow","max-snippet":"max-snippet:-1","max-image-preview":"max-image-preview:large","max-video-preview":"max-video-preview:-1"},"canonical":"https:\/\/librosdeoro.cafam.com.co\/libro2023\/candidatas-2023\/yolanda-perea-mosquera\/","og_locale":"es_ES","og_type":"article","og_title":"Yolanda Perea Mosquera - Libros de Oro 2023","og_description":"Yolanda naci\u00f3 el 21 de enero de 1984 en R\u00edo Sucio, Choc\u00f3, es defensora de v\u00edctimas de violencia sexual en el marco del conflicto armado","og_url":"https:\/\/librosdeoro.cafam.com.co\/libro2023\/candidatas-2023\/yolanda-perea-mosquera\/","og_site_name":"Libros de Oro 2023","article_modified_time":"2023-08-31T14:43:27+00:00","og_image":[{"width":1000,"height":1354,"url":"https:\/\/librosdeoro.cafam.com.co\/libro2023\/wp-content\/uploads\/sites\/11\/2023\/08\/CHOCO-MUJER-Cafam-2023-804.jpg","type":"image\/jpeg"}],"twitter_card":"summary_large_image","schema":{"@context":"https:\/\/schema.org","@graph":[{"@type":"WebPage","@id":"https:\/\/librosdeoro.cafam.com.co\/libro2023\/candidatas-2023\/yolanda-perea-mosquera\/","url":"https:\/\/librosdeoro.cafam.com.co\/libro2023\/candidatas-2023\/yolanda-perea-mosquera\/","name":"Yolanda Perea Mosquera - Libros de Oro 2023","isPartOf":{"@id":"https:\/\/librosdeoro.cafam.com.co\/libro2023\/#website"},"primaryImageOfPage":{"@id":"https:\/\/librosdeoro.cafam.com.co\/libro2023\/candidatas-2023\/yolanda-perea-mosquera\/#primaryimage"},"image":{"@id":"https:\/\/librosdeoro.cafam.com.co\/libro2023\/candidatas-2023\/yolanda-perea-mosquera\/#primaryimage"},"thumbnailUrl":"https:\/\/librosdeoro.cafam.com.co\/libro2023\/wp-content\/uploads\/sites\/11\/2023\/08\/CHOCO-MUJER-Cafam-2023-804.jpg","datePublished":"2022-07-15T05:35:30+00:00","dateModified":"2023-08-31T14:43:27+00:00","description":"Yolanda naci\u00f3 el 21 de enero de 1984 en R\u00edo Sucio, Choc\u00f3, es defensora de v\u00edctimas de violencia sexual en el marco del conflicto armado","breadcrumb":{"@id":"https:\/\/librosdeoro.cafam.com.co\/libro2023\/candidatas-2023\/yolanda-perea-mosquera\/#breadcrumb"},"inLanguage":"es-CO","potentialAction":[{"@type":"ReadAction","target":["https:\/\/librosdeoro.cafam.com.co\/libro2023\/candidatas-2023\/yolanda-perea-mosquera\/"]}]},{"@type":"ImageObject","inLanguage":"es-CO","@id":"https:\/\/librosdeoro.cafam.com.co\/libro2023\/candidatas-2023\/yolanda-perea-mosquera\/#primaryimage","url":"https:\/\/librosdeoro.cafam.com.co\/libro2023\/wp-content\/uploads\/sites\/11\/2023\/08\/CHOCO-MUJER-Cafam-2023-804.jpg","contentUrl":"https:\/\/librosdeoro.cafam.com.co\/libro2023\/wp-content\/uploads\/sites\/11\/2023\/08\/CHOCO-MUJER-Cafam-2023-804.jpg","width":1000,"height":1354},{"@type":"BreadcrumbList","@id":"https:\/\/librosdeoro.cafam.com.co\/libro2023\/candidatas-2023\/yolanda-perea-mosquera\/#breadcrumb","itemListElement":[{"@type":"ListItem","position":1,"name":"Home","item":"https:\/\/librosdeoro.cafam.com.co\/libro2023\/"},{"@type":"ListItem","position":2,"name":"Candidatas 2023","item":"https:\/\/librosdeoro.cafam.com.co\/libro2023\/candidatas-2023\/"},{"@type":"ListItem","position":3,"name":"Yolanda Perea Mosquera"}]},{"@type":"WebSite","@id":"https:\/\/librosdeoro.cafam.com.co\/libro2023\/#website","url":"https:\/\/librosdeoro.cafam.com.co\/libro2023\/","name":"Libros de Oro 2023","description":"","potentialAction":[{"@type":"SearchAction","target":{"@type":"EntryPoint","urlTemplate":"https:\/\/librosdeoro.cafam.com.co\/libro2023\/?s={search_term_string}"},"query-input":"required name=search_term_string"}],"inLanguage":"es-CO"}]}},"_links":{"self":[{"href":"https:\/\/librosdeoro.cafam.com.co\/libro2023\/wp-json\/wp\/v2\/pages\/469","targetHints":{"allow":["GET"]}}],"collection":[{"href":"https:\/\/librosdeoro.cafam.com.co\/libro2023\/wp-json\/wp\/v2\/pages"}],"about":[{"href":"https:\/\/librosdeoro.cafam.com.co\/libro2023\/wp-json\/wp\/v2\/types\/page"}],"author":[{"embeddable":true,"href":"https:\/\/librosdeoro.cafam.com.co\/libro2023\/wp-json\/wp\/v2\/users\/4"}],"replies":[{"embeddable":true,"href":"https:\/\/librosdeoro.cafam.com.co\/libro2023\/wp-json\/wp\/v2\/comments?post=469"}],"version-history":[{"count":3,"href":"https:\/\/librosdeoro.cafam.com.co\/libro2023\/wp-json\/wp\/v2\/pages\/469\/revisions"}],"predecessor-version":[{"id":2030,"href":"https:\/\/librosdeoro.cafam.com.co\/libro2023\/wp-json\/wp\/v2\/pages\/469\/revisions\/2030"}],"up":[{"embeddable":true,"href":"https:\/\/librosdeoro.cafam.com.co\/libro2023\/wp-json\/wp\/v2\/pages\/352"}],"wp:featuredmedia":[{"embeddable":true,"href":"https:\/\/librosdeoro.cafam.com.co\/libro2023\/wp-json\/wp\/v2\/media\/1999"}],"wp:attachment":[{"href":"https:\/\/librosdeoro.cafam.com.co\/libro2023\/wp-json\/wp\/v2\/media?parent=469"}],"curies":[{"name":"wp","href":"https:\/\/api.w.org\/{rel}","templated":true}]}}