{"id":409,"date":"2022-07-14T14:29:11","date_gmt":"2022-07-14T14:29:11","guid":{"rendered":"https:\/\/librosdeoro.cafam.com.co\/libro2023\/?page_id=409"},"modified":"2022-08-03T21:51:16","modified_gmt":"2022-08-04T02:51:16","slug":"nydia-quintero-de-alcazar-2","status":"publish","type":"page","link":"https:\/\/librosdeoro.cafam.com.co\/libro2023\/nydia-quintero-de-alcazar-2\/","title":{"rendered":"NYDIA QUINTERO DE BALC\u00c1ZAR"},"content":{"rendered":"","protected":false},"excerpt":{"rendered":"","protected":false},"author":4,"featured_media":413,"parent":0,"menu_order":0,"comment_status":"closed","ping_status":"closed","template":"","meta":{"footnotes":""},"class_list":["post-409","page","type-page","status-publish","has-post-thumbnail","hentry"],"yoast_head":"<!-- This site is optimized with the Yoast SEO plugin v23.1 - https:\/\/yoast.com\/wordpress\/plugins\/seo\/ -->\n<title>NYDIA QUINTERO DE BALC\u00c1ZAR - Libros de Oro 2023<\/title>\n<meta name=\"description\" content=\"El jurado nacional del 12\u00b0 Premio Cafam a la Mujer, en el a\u00f1o 2000 otorg\u00f3 el Premio de Oro a la Mujer Cafam, Nydia Quintero de Balc\u00e1zar, reconocida como s\u00edmbolo de la solidaridad en Colombia.\" \/>\n<meta name=\"robots\" content=\"index, follow, max-snippet:-1, max-image-preview:large, max-video-preview:-1\" \/>\n<link rel=\"canonical\" href=\"https:\/\/librosdeoro.cafam.com.co\/libro2023\/nydia-quintero-de-alcazar-2\/\" \/>\n<meta property=\"og:locale\" content=\"es_ES\" \/>\n<meta property=\"og:type\" content=\"article\" \/>\n<meta property=\"og:title\" content=\"NYDIA QUINTERO DE BALC\u00c1ZAR - Libros de Oro 2023\" \/>\n<meta property=\"og:description\" content=\"El jurado nacional del 12\u00b0 Premio Cafam a la Mujer, en el a\u00f1o 2000 otorg\u00f3 el Premio de Oro a la Mujer Cafam, Nydia Quintero de Balc\u00e1zar, reconocida como s\u00edmbolo de la solidaridad en Colombia.\" \/>\n<meta property=\"og:url\" content=\"https:\/\/librosdeoro.cafam.com.co\/libro2023\/nydia-quintero-de-alcazar-2\/\" \/>\n<meta property=\"og:site_name\" content=\"Libros de Oro 2023\" \/>\n<meta property=\"article:modified_time\" content=\"2022-08-04T02:51:16+00:00\" \/>\n<meta property=\"og:image\" content=\"https:\/\/librosdeoro.cafam.com.co\/libro2023\/wp-content\/uploads\/sites\/11\/2022\/07\/NYDIA-QUINTERO-DE-ALCAZAR.jpg\" \/>\n\t<meta property=\"og:image:width\" content=\"768\" \/>\n\t<meta property=\"og:image:height\" content=\"977\" \/>\n\t<meta property=\"og:image:type\" content=\"image\/jpeg\" \/>\n<meta name=\"twitter:card\" content=\"summary_large_image\" \/>\n<script type=\"application\/ld+json\" class=\"yoast-schema-graph\">{\"@context\":\"https:\/\/schema.org\",\"@graph\":[{\"@type\":\"WebPage\",\"@id\":\"https:\/\/librosdeoro.cafam.com.co\/libro2023\/nydia-quintero-de-alcazar-2\/\",\"url\":\"https:\/\/librosdeoro.cafam.com.co\/libro2023\/nydia-quintero-de-alcazar-2\/\",\"name\":\"NYDIA QUINTERO DE BALC\u00c1ZAR - Libros de Oro 2023\",\"isPartOf\":{\"@id\":\"https:\/\/librosdeoro.cafam.com.co\/libro2023\/#website\"},\"primaryImageOfPage\":{\"@id\":\"https:\/\/librosdeoro.cafam.com.co\/libro2023\/nydia-quintero-de-alcazar-2\/#primaryimage\"},\"image\":{\"@id\":\"https:\/\/librosdeoro.cafam.com.co\/libro2023\/nydia-quintero-de-alcazar-2\/#primaryimage\"},\"thumbnailUrl\":\"https:\/\/librosdeoro.cafam.com.co\/libro2023\/wp-content\/uploads\/sites\/11\/2022\/07\/NYDIA-QUINTERO-DE-ALCAZAR.jpg\",\"datePublished\":\"2022-07-14T14:29:11+00:00\",\"dateModified\":\"2022-08-04T02:51:16+00:00\",\"description\":\"El jurado nacional del 12\u00b0 Premio Cafam a la Mujer, en el a\u00f1o 2000 otorg\u00f3 el Premio de Oro a la Mujer Cafam, Nydia Quintero de Balc\u00e1zar, reconocida como s\u00edmbolo de la solidaridad en Colombia.\",\"breadcrumb\":{\"@id\":\"https:\/\/librosdeoro.cafam.com.co\/libro2023\/nydia-quintero-de-alcazar-2\/#breadcrumb\"},\"inLanguage\":\"es-CO\",\"potentialAction\":[{\"@type\":\"ReadAction\",\"target\":[\"https:\/\/librosdeoro.cafam.com.co\/libro2023\/nydia-quintero-de-alcazar-2\/\"]}]},{\"@type\":\"ImageObject\",\"inLanguage\":\"es-CO\",\"@id\":\"https:\/\/librosdeoro.cafam.com.co\/libro2023\/nydia-quintero-de-alcazar-2\/#primaryimage\",\"url\":\"https:\/\/librosdeoro.cafam.com.co\/libro2023\/wp-content\/uploads\/sites\/11\/2022\/07\/NYDIA-QUINTERO-DE-ALCAZAR.jpg\",\"contentUrl\":\"https:\/\/librosdeoro.cafam.com.co\/libro2023\/wp-content\/uploads\/sites\/11\/2022\/07\/NYDIA-QUINTERO-DE-ALCAZAR.jpg\",\"width\":768,\"height\":977,\"caption\":\"NYDIA QUINTERO DE ALC\u00c1ZAR\"},{\"@type\":\"BreadcrumbList\",\"@id\":\"https:\/\/librosdeoro.cafam.com.co\/libro2023\/nydia-quintero-de-alcazar-2\/#breadcrumb\",\"itemListElement\":[{\"@type\":\"ListItem\",\"position\":1,\"name\":\"Home\",\"item\":\"https:\/\/librosdeoro.cafam.com.co\/libro2023\/\"},{\"@type\":\"ListItem\",\"position\":2,\"name\":\"NYDIA QUINTERO DE BALC\u00c1ZAR\"}]},{\"@type\":\"WebSite\",\"@id\":\"https:\/\/librosdeoro.cafam.com.co\/libro2023\/#website\",\"url\":\"https:\/\/librosdeoro.cafam.com.co\/libro2023\/\",\"name\":\"Libros de Oro 2023\",\"description\":\"\",\"potentialAction\":[{\"@type\":\"SearchAction\",\"target\":{\"@type\":\"EntryPoint\",\"urlTemplate\":\"https:\/\/librosdeoro.cafam.com.co\/libro2023\/?s={search_term_string}\"},\"query-input\":\"required name=search_term_string\"}],\"inLanguage\":\"es-CO\"}]}<\/script>\n<!-- \/ Yoast SEO plugin. -->","yoast_head_json":{"title":"NYDIA QUINTERO DE BALC\u00c1ZAR - Libros de Oro 2023","description":"El jurado nacional del 12\u00b0 Premio Cafam a la Mujer, en el a\u00f1o 2000 otorg\u00f3 el Premio de Oro a la Mujer Cafam, Nydia Quintero de Balc\u00e1zar, reconocida como s\u00edmbolo de la solidaridad en Colombia.","robots":{"index":"index","follow":"follow","max-snippet":"max-snippet:-1","max-image-preview":"max-image-preview:large","max-video-preview":"max-video-preview:-1"},"canonical":"https:\/\/librosdeoro.cafam.com.co\/libro2023\/nydia-quintero-de-alcazar-2\/","og_locale":"es_ES","og_type":"article","og_title":"NYDIA QUINTERO DE BALC\u00c1ZAR - Libros de Oro 2023","og_description":"El jurado nacional del 12\u00b0 Premio Cafam a la Mujer, en el a\u00f1o 2000 otorg\u00f3 el Premio de Oro a la Mujer Cafam, Nydia Quintero de Balc\u00e1zar, reconocida como s\u00edmbolo de la solidaridad en Colombia.","og_url":"https:\/\/librosdeoro.cafam.com.co\/libro2023\/nydia-quintero-de-alcazar-2\/","og_site_name":"Libros de Oro 2023","article_modified_time":"2022-08-04T02:51:16+00:00","og_image":[{"width":768,"height":977,"url":"https:\/\/librosdeoro.cafam.com.co\/libro2023\/wp-content\/uploads\/sites\/11\/2022\/07\/NYDIA-QUINTERO-DE-ALCAZAR.jpg","type":"image\/jpeg"}],"twitter_card":"summary_large_image","schema":{"@context":"https:\/\/schema.org","@graph":[{"@type":"WebPage","@id":"https:\/\/librosdeoro.cafam.com.co\/libro2023\/nydia-quintero-de-alcazar-2\/","url":"https:\/\/librosdeoro.cafam.com.co\/libro2023\/nydia-quintero-de-alcazar-2\/","name":"NYDIA QUINTERO DE BALC\u00c1ZAR - Libros de Oro 2023","isPartOf":{"@id":"https:\/\/librosdeoro.cafam.com.co\/libro2023\/#website"},"primaryImageOfPage":{"@id":"https:\/\/librosdeoro.cafam.com.co\/libro2023\/nydia-quintero-de-alcazar-2\/#primaryimage"},"image":{"@id":"https:\/\/librosdeoro.cafam.com.co\/libro2023\/nydia-quintero-de-alcazar-2\/#primaryimage"},"thumbnailUrl":"https:\/\/librosdeoro.cafam.com.co\/libro2023\/wp-content\/uploads\/sites\/11\/2022\/07\/NYDIA-QUINTERO-DE-ALCAZAR.jpg","datePublished":"2022-07-14T14:29:11+00:00","dateModified":"2022-08-04T02:51:16+00:00","description":"El jurado nacional del 12\u00b0 Premio Cafam a la Mujer, en el a\u00f1o 2000 otorg\u00f3 el Premio de Oro a la Mujer Cafam, Nydia Quintero de Balc\u00e1zar, reconocida como s\u00edmbolo de la solidaridad en Colombia.","breadcrumb":{"@id":"https:\/\/librosdeoro.cafam.com.co\/libro2023\/nydia-quintero-de-alcazar-2\/#breadcrumb"},"inLanguage":"es-CO","potentialAction":[{"@type":"ReadAction","target":["https:\/\/librosdeoro.cafam.com.co\/libro2023\/nydia-quintero-de-alcazar-2\/"]}]},{"@type":"ImageObject","inLanguage":"es-CO","@id":"https:\/\/librosdeoro.cafam.com.co\/libro2023\/nydia-quintero-de-alcazar-2\/#primaryimage","url":"https:\/\/librosdeoro.cafam.com.co\/libro2023\/wp-content\/uploads\/sites\/11\/2022\/07\/NYDIA-QUINTERO-DE-ALCAZAR.jpg","contentUrl":"https:\/\/librosdeoro.cafam.com.co\/libro2023\/wp-content\/uploads\/sites\/11\/2022\/07\/NYDIA-QUINTERO-DE-ALCAZAR.jpg","width":768,"height":977,"caption":"NYDIA QUINTERO DE ALC\u00c1ZAR"},{"@type":"BreadcrumbList","@id":"https:\/\/librosdeoro.cafam.com.co\/libro2023\/nydia-quintero-de-alcazar-2\/#breadcrumb","itemListElement":[{"@type":"ListItem","position":1,"name":"Home","item":"https:\/\/librosdeoro.cafam.com.co\/libro2023\/"},{"@type":"ListItem","position":2,"name":"NYDIA QUINTERO DE BALC\u00c1ZAR"}]},{"@type":"WebSite","@id":"https:\/\/librosdeoro.cafam.com.co\/libro2023\/#website","url":"https:\/\/librosdeoro.cafam.com.co\/libro2023\/","name":"Libros de Oro 2023","description":"","potentialAction":[{"@type":"SearchAction","target":{"@type":"EntryPoint","urlTemplate":"https:\/\/librosdeoro.cafam.com.co\/libro2023\/?s={search_term_string}"},"query-input":"required name=search_term_string"}],"inLanguage":"es-CO"}]}},"_links":{"self":[{"href":"https:\/\/librosdeoro.cafam.com.co\/libro2023\/wp-json\/wp\/v2\/pages\/409","targetHints":{"allow":["GET"]}}],"collection":[{"href":"https:\/\/librosdeoro.cafam.com.co\/libro2023\/wp-json\/wp\/v2\/pages"}],"about":[{"href":"https:\/\/librosdeoro.cafam.com.co\/libro2023\/wp-json\/wp\/v2\/types\/page"}],"author":[{"embeddable":true,"href":"https:\/\/librosdeoro.cafam.com.co\/libro2023\/wp-json\/wp\/v2\/users\/4"}],"replies":[{"embeddable":true,"href":"https:\/\/librosdeoro.cafam.com.co\/libro2023\/wp-json\/wp\/v2\/comments?post=409"}],"version-history":[{"count":2,"href":"https:\/\/librosdeoro.cafam.com.co\/libro2023\/wp-json\/wp\/v2\/pages\/409\/revisions"}],"predecessor-version":[{"id":684,"href":"https:\/\/librosdeoro.cafam.com.co\/libro2023\/wp-json\/wp\/v2\/pages\/409\/revisions\/684"}],"wp:featuredmedia":[{"embeddable":true,"href":"https:\/\/librosdeoro.cafam.com.co\/libro2023\/wp-json\/wp\/v2\/media\/413"}],"wp:attachment":[{"href":"https:\/\/librosdeoro.cafam.com.co\/libro2023\/wp-json\/wp\/v2\/media?parent=409"}],"curies":[{"name":"wp","href":"https:\/\/api.w.org\/{rel}","templated":true}]}}