{"id":401,"date":"2022-07-14T13:07:15","date_gmt":"2022-07-14T18:07:15","guid":{"rendered":"https:\/\/librosdeoro.cafam.com.co\/libro2023\/?page_id=401"},"modified":"2023-08-30T16:39:31","modified_gmt":"2023-08-30T21:39:31","slug":"angela-maria-salazar-arias","status":"publish","type":"page","link":"https:\/\/librosdeoro.cafam.com.co\/libro2023\/candidatas-2023\/angela-maria-salazar-arias\/","title":{"rendered":"\u00c1NGELA MAR\u00cdA SALAZAR ARIAS"},"content":{"rendered":"","protected":false},"excerpt":{"rendered":"","protected":false},"author":4,"featured_media":1995,"parent":352,"menu_order":0,"comment_status":"closed","ping_status":"closed","template":"","meta":{"footnotes":""},"class_list":["post-401","page","type-page","status-publish","has-post-thumbnail","hentry"],"yoast_head":"<!-- This site is optimized with the Yoast SEO plugin v23.1 - https:\/\/yoast.com\/wordpress\/plugins\/seo\/ -->\n<title>\u00c1NGELA MAR\u00cdA SALAZAR ARIAS - Libros de Oro 2023<\/title>\n<meta name=\"description\" content=\"\u00c1ngela Mar\u00eda Pati\u00f1o Montoya, candidata Premio Mujer Cafam 2022, departamento de Amazonas, L\u00edder, Escuela Intercultural de Diplomacia Ind\u00edgena\" \/>\n<meta name=\"robots\" content=\"index, follow, max-snippet:-1, max-image-preview:large, max-video-preview:-1\" \/>\n<link rel=\"canonical\" href=\"https:\/\/librosdeoro.cafam.com.co\/libro2023\/candidatas-2023\/angela-maria-salazar-arias\/\" \/>\n<meta property=\"og:locale\" content=\"es_ES\" \/>\n<meta property=\"og:type\" content=\"article\" \/>\n<meta property=\"og:title\" content=\"\u00c1NGELA MAR\u00cdA SALAZAR ARIAS - Libros de Oro 2023\" \/>\n<meta property=\"og:description\" content=\"\u00c1ngela Mar\u00eda Pati\u00f1o Montoya, candidata Premio Mujer Cafam 2022, departamento de Amazonas, L\u00edder, Escuela Intercultural de Diplomacia Ind\u00edgena\" \/>\n<meta property=\"og:url\" content=\"https:\/\/librosdeoro.cafam.com.co\/libro2023\/candidatas-2023\/angela-maria-salazar-arias\/\" \/>\n<meta property=\"og:site_name\" content=\"Libros de Oro 2023\" \/>\n<meta property=\"article:modified_time\" content=\"2023-08-30T21:39:31+00:00\" \/>\n<meta property=\"og:image\" content=\"https:\/\/librosdeoro.cafam.com.co\/libro2023\/wp-content\/uploads\/sites\/11\/2023\/08\/CALDAS-MUJER-Cafam-2023-1320.jpg\" \/>\n\t<meta property=\"og:image:width\" content=\"1000\" \/>\n\t<meta property=\"og:image:height\" content=\"1354\" \/>\n\t<meta property=\"og:image:type\" content=\"image\/jpeg\" \/>\n<meta name=\"twitter:card\" content=\"summary_large_image\" \/>\n<script type=\"application\/ld+json\" class=\"yoast-schema-graph\">{\"@context\":\"https:\/\/schema.org\",\"@graph\":[{\"@type\":\"WebPage\",\"@id\":\"https:\/\/librosdeoro.cafam.com.co\/libro2023\/candidatas-2023\/angela-maria-salazar-arias\/\",\"url\":\"https:\/\/librosdeoro.cafam.com.co\/libro2023\/candidatas-2023\/angela-maria-salazar-arias\/\",\"name\":\"\u00c1NGELA MAR\u00cdA SALAZAR ARIAS - Libros de Oro 2023\",\"isPartOf\":{\"@id\":\"https:\/\/librosdeoro.cafam.com.co\/libro2023\/#website\"},\"primaryImageOfPage\":{\"@id\":\"https:\/\/librosdeoro.cafam.com.co\/libro2023\/candidatas-2023\/angela-maria-salazar-arias\/#primaryimage\"},\"image\":{\"@id\":\"https:\/\/librosdeoro.cafam.com.co\/libro2023\/candidatas-2023\/angela-maria-salazar-arias\/#primaryimage\"},\"thumbnailUrl\":\"https:\/\/librosdeoro.cafam.com.co\/libro2023\/wp-content\/uploads\/sites\/11\/2023\/08\/CALDAS-MUJER-Cafam-2023-1320.jpg\",\"datePublished\":\"2022-07-14T18:07:15+00:00\",\"dateModified\":\"2023-08-30T21:39:31+00:00\",\"description\":\"\u00c1ngela Mar\u00eda Pati\u00f1o Montoya, candidata Premio Mujer Cafam 2022, departamento de Amazonas, L\u00edder, Escuela Intercultural de Diplomacia Ind\u00edgena\",\"breadcrumb\":{\"@id\":\"https:\/\/librosdeoro.cafam.com.co\/libro2023\/candidatas-2023\/angela-maria-salazar-arias\/#breadcrumb\"},\"inLanguage\":\"es-CO\",\"potentialAction\":[{\"@type\":\"ReadAction\",\"target\":[\"https:\/\/librosdeoro.cafam.com.co\/libro2023\/candidatas-2023\/angela-maria-salazar-arias\/\"]}]},{\"@type\":\"ImageObject\",\"inLanguage\":\"es-CO\",\"@id\":\"https:\/\/librosdeoro.cafam.com.co\/libro2023\/candidatas-2023\/angela-maria-salazar-arias\/#primaryimage\",\"url\":\"https:\/\/librosdeoro.cafam.com.co\/libro2023\/wp-content\/uploads\/sites\/11\/2023\/08\/CALDAS-MUJER-Cafam-2023-1320.jpg\",\"contentUrl\":\"https:\/\/librosdeoro.cafam.com.co\/libro2023\/wp-content\/uploads\/sites\/11\/2023\/08\/CALDAS-MUJER-Cafam-2023-1320.jpg\",\"width\":1000,\"height\":1354},{\"@type\":\"BreadcrumbList\",\"@id\":\"https:\/\/librosdeoro.cafam.com.co\/libro2023\/candidatas-2023\/angela-maria-salazar-arias\/#breadcrumb\",\"itemListElement\":[{\"@type\":\"ListItem\",\"position\":1,\"name\":\"Home\",\"item\":\"https:\/\/librosdeoro.cafam.com.co\/libro2023\/\"},{\"@type\":\"ListItem\",\"position\":2,\"name\":\"Candidatas 2023\",\"item\":\"https:\/\/librosdeoro.cafam.com.co\/libro2023\/candidatas-2023\/\"},{\"@type\":\"ListItem\",\"position\":3,\"name\":\"\u00c1NGELA MAR\u00cdA SALAZAR ARIAS\"}]},{\"@type\":\"WebSite\",\"@id\":\"https:\/\/librosdeoro.cafam.com.co\/libro2023\/#website\",\"url\":\"https:\/\/librosdeoro.cafam.com.co\/libro2023\/\",\"name\":\"Libros de Oro 2023\",\"description\":\"\",\"potentialAction\":[{\"@type\":\"SearchAction\",\"target\":{\"@type\":\"EntryPoint\",\"urlTemplate\":\"https:\/\/librosdeoro.cafam.com.co\/libro2023\/?s={search_term_string}\"},\"query-input\":\"required name=search_term_string\"}],\"inLanguage\":\"es-CO\"}]}<\/script>\n<!-- \/ Yoast SEO plugin. -->","yoast_head_json":{"title":"\u00c1NGELA MAR\u00cdA SALAZAR ARIAS - Libros de Oro 2023","description":"\u00c1ngela Mar\u00eda Pati\u00f1o Montoya, candidata Premio Mujer Cafam 2022, departamento de Amazonas, L\u00edder, Escuela Intercultural de Diplomacia Ind\u00edgena","robots":{"index":"index","follow":"follow","max-snippet":"max-snippet:-1","max-image-preview":"max-image-preview:large","max-video-preview":"max-video-preview:-1"},"canonical":"https:\/\/librosdeoro.cafam.com.co\/libro2023\/candidatas-2023\/angela-maria-salazar-arias\/","og_locale":"es_ES","og_type":"article","og_title":"\u00c1NGELA MAR\u00cdA SALAZAR ARIAS - Libros de Oro 2023","og_description":"\u00c1ngela Mar\u00eda Pati\u00f1o Montoya, candidata Premio Mujer Cafam 2022, departamento de Amazonas, L\u00edder, Escuela Intercultural de Diplomacia Ind\u00edgena","og_url":"https:\/\/librosdeoro.cafam.com.co\/libro2023\/candidatas-2023\/angela-maria-salazar-arias\/","og_site_name":"Libros de Oro 2023","article_modified_time":"2023-08-30T21:39:31+00:00","og_image":[{"width":1000,"height":1354,"url":"https:\/\/librosdeoro.cafam.com.co\/libro2023\/wp-content\/uploads\/sites\/11\/2023\/08\/CALDAS-MUJER-Cafam-2023-1320.jpg","type":"image\/jpeg"}],"twitter_card":"summary_large_image","schema":{"@context":"https:\/\/schema.org","@graph":[{"@type":"WebPage","@id":"https:\/\/librosdeoro.cafam.com.co\/libro2023\/candidatas-2023\/angela-maria-salazar-arias\/","url":"https:\/\/librosdeoro.cafam.com.co\/libro2023\/candidatas-2023\/angela-maria-salazar-arias\/","name":"\u00c1NGELA MAR\u00cdA SALAZAR ARIAS - Libros de Oro 2023","isPartOf":{"@id":"https:\/\/librosdeoro.cafam.com.co\/libro2023\/#website"},"primaryImageOfPage":{"@id":"https:\/\/librosdeoro.cafam.com.co\/libro2023\/candidatas-2023\/angela-maria-salazar-arias\/#primaryimage"},"image":{"@id":"https:\/\/librosdeoro.cafam.com.co\/libro2023\/candidatas-2023\/angela-maria-salazar-arias\/#primaryimage"},"thumbnailUrl":"https:\/\/librosdeoro.cafam.com.co\/libro2023\/wp-content\/uploads\/sites\/11\/2023\/08\/CALDAS-MUJER-Cafam-2023-1320.jpg","datePublished":"2022-07-14T18:07:15+00:00","dateModified":"2023-08-30T21:39:31+00:00","description":"\u00c1ngela Mar\u00eda Pati\u00f1o Montoya, candidata Premio Mujer Cafam 2022, departamento de Amazonas, L\u00edder, Escuela Intercultural de Diplomacia Ind\u00edgena","breadcrumb":{"@id":"https:\/\/librosdeoro.cafam.com.co\/libro2023\/candidatas-2023\/angela-maria-salazar-arias\/#breadcrumb"},"inLanguage":"es-CO","potentialAction":[{"@type":"ReadAction","target":["https:\/\/librosdeoro.cafam.com.co\/libro2023\/candidatas-2023\/angela-maria-salazar-arias\/"]}]},{"@type":"ImageObject","inLanguage":"es-CO","@id":"https:\/\/librosdeoro.cafam.com.co\/libro2023\/candidatas-2023\/angela-maria-salazar-arias\/#primaryimage","url":"https:\/\/librosdeoro.cafam.com.co\/libro2023\/wp-content\/uploads\/sites\/11\/2023\/08\/CALDAS-MUJER-Cafam-2023-1320.jpg","contentUrl":"https:\/\/librosdeoro.cafam.com.co\/libro2023\/wp-content\/uploads\/sites\/11\/2023\/08\/CALDAS-MUJER-Cafam-2023-1320.jpg","width":1000,"height":1354},{"@type":"BreadcrumbList","@id":"https:\/\/librosdeoro.cafam.com.co\/libro2023\/candidatas-2023\/angela-maria-salazar-arias\/#breadcrumb","itemListElement":[{"@type":"ListItem","position":1,"name":"Home","item":"https:\/\/librosdeoro.cafam.com.co\/libro2023\/"},{"@type":"ListItem","position":2,"name":"Candidatas 2023","item":"https:\/\/librosdeoro.cafam.com.co\/libro2023\/candidatas-2023\/"},{"@type":"ListItem","position":3,"name":"\u00c1NGELA MAR\u00cdA SALAZAR ARIAS"}]},{"@type":"WebSite","@id":"https:\/\/librosdeoro.cafam.com.co\/libro2023\/#website","url":"https:\/\/librosdeoro.cafam.com.co\/libro2023\/","name":"Libros de Oro 2023","description":"","potentialAction":[{"@type":"SearchAction","target":{"@type":"EntryPoint","urlTemplate":"https:\/\/librosdeoro.cafam.com.co\/libro2023\/?s={search_term_string}"},"query-input":"required name=search_term_string"}],"inLanguage":"es-CO"}]}},"_links":{"self":[{"href":"https:\/\/librosdeoro.cafam.com.co\/libro2023\/wp-json\/wp\/v2\/pages\/401","targetHints":{"allow":["GET"]}}],"collection":[{"href":"https:\/\/librosdeoro.cafam.com.co\/libro2023\/wp-json\/wp\/v2\/pages"}],"about":[{"href":"https:\/\/librosdeoro.cafam.com.co\/libro2023\/wp-json\/wp\/v2\/types\/page"}],"author":[{"embeddable":true,"href":"https:\/\/librosdeoro.cafam.com.co\/libro2023\/wp-json\/wp\/v2\/users\/4"}],"replies":[{"embeddable":true,"href":"https:\/\/librosdeoro.cafam.com.co\/libro2023\/wp-json\/wp\/v2\/comments?post=401"}],"version-history":[{"count":2,"href":"https:\/\/librosdeoro.cafam.com.co\/libro2023\/wp-json\/wp\/v2\/pages\/401\/revisions"}],"predecessor-version":[{"id":2024,"href":"https:\/\/librosdeoro.cafam.com.co\/libro2023\/wp-json\/wp\/v2\/pages\/401\/revisions\/2024"}],"up":[{"embeddable":true,"href":"https:\/\/librosdeoro.cafam.com.co\/libro2023\/wp-json\/wp\/v2\/pages\/352"}],"wp:featuredmedia":[{"embeddable":true,"href":"https:\/\/librosdeoro.cafam.com.co\/libro2023\/wp-json\/wp\/v2\/media\/1995"}],"wp:attachment":[{"href":"https:\/\/librosdeoro.cafam.com.co\/libro2023\/wp-json\/wp\/v2\/media?parent=401"}],"curies":[{"name":"wp","href":"https:\/\/api.w.org\/{rel}","templated":true}]}}