{"id":1623,"date":"2022-11-29T17:14:38","date_gmt":"2022-11-29T22:14:38","guid":{"rendered":"https:\/\/librosdeoro.cafam.com.co\/libro2023\/?page_id=1623"},"modified":"2023-09-05T17:06:43","modified_gmt":"2023-09-05T22:06:43","slug":"creditos","status":"publish","type":"page","link":"https:\/\/librosdeoro.cafam.com.co\/libro2023\/creditos\/","title":{"rendered":"Cr\u00e9ditos"},"content":{"rendered":"","protected":false},"excerpt":{"rendered":"","protected":false},"author":5,"featured_media":1909,"parent":0,"menu_order":0,"comment_status":"closed","ping_status":"closed","template":"","meta":{"footnotes":""},"class_list":["post-1623","page","type-page","status-publish","has-post-thumbnail","hentry"],"yoast_head":"<!-- This site is optimized with the Yoast SEO plugin v23.1 - https:\/\/yoast.com\/wordpress\/plugins\/seo\/ -->\n<title>Cr\u00e9ditos - Libros de Oro 2023<\/title>\n<meta name=\"description\" content=\"cr\u00e9ditos a los participantes que hicieron posible que el libro de oro 2022 saliera para todas las personas interesadas.\" \/>\n<meta name=\"robots\" content=\"index, follow, max-snippet:-1, max-image-preview:large, max-video-preview:-1\" \/>\n<link rel=\"canonical\" href=\"https:\/\/librosdeoro.cafam.com.co\/libro2023\/creditos\/\" \/>\n<meta property=\"og:locale\" content=\"es_ES\" \/>\n<meta property=\"og:type\" content=\"article\" \/>\n<meta property=\"og:title\" content=\"Cr\u00e9ditos - Libros de Oro 2023\" \/>\n<meta property=\"og:description\" content=\"cr\u00e9ditos a los participantes que hicieron posible que el libro de oro 2022 saliera para todas las personas interesadas.\" \/>\n<meta property=\"og:url\" content=\"https:\/\/librosdeoro.cafam.com.co\/libro2023\/creditos\/\" \/>\n<meta property=\"og:site_name\" content=\"Libros de Oro 2023\" \/>\n<meta property=\"article:modified_time\" content=\"2023-09-05T22:06:43+00:00\" \/>\n<meta property=\"og:image\" content=\"https:\/\/librosdeoro.cafam.com.co\/libro2023\/wp-content\/uploads\/sites\/11\/2023\/08\/Slide-24-Naty-Botero-Maria-Jose-Martinez-Ana-Wills-Julita-Barreto-scaled.jpg\" \/>\n\t<meta property=\"og:image:width\" content=\"2560\" \/>\n\t<meta property=\"og:image:height\" content=\"1707\" \/>\n\t<meta property=\"og:image:type\" content=\"image\/jpeg\" \/>\n<meta name=\"twitter:card\" content=\"summary_large_image\" \/>\n<script type=\"application\/ld+json\" class=\"yoast-schema-graph\">{\"@context\":\"https:\/\/schema.org\",\"@graph\":[{\"@type\":\"WebPage\",\"@id\":\"https:\/\/librosdeoro.cafam.com.co\/libro2023\/creditos\/\",\"url\":\"https:\/\/librosdeoro.cafam.com.co\/libro2023\/creditos\/\",\"name\":\"Cr\u00e9ditos - Libros de Oro 2023\",\"isPartOf\":{\"@id\":\"https:\/\/librosdeoro.cafam.com.co\/libro2023\/#website\"},\"primaryImageOfPage\":{\"@id\":\"https:\/\/librosdeoro.cafam.com.co\/libro2023\/creditos\/#primaryimage\"},\"image\":{\"@id\":\"https:\/\/librosdeoro.cafam.com.co\/libro2023\/creditos\/#primaryimage\"},\"thumbnailUrl\":\"https:\/\/librosdeoro.cafam.com.co\/libro2023\/wp-content\/uploads\/sites\/11\/2023\/08\/Slide-24-Naty-Botero-Maria-Jose-Martinez-Ana-Wills-Julita-Barreto-scaled.jpg\",\"datePublished\":\"2022-11-29T22:14:38+00:00\",\"dateModified\":\"2023-09-05T22:06:43+00:00\",\"description\":\"cr\u00e9ditos a los participantes que hicieron posible que el libro de oro 2022 saliera para todas las personas interesadas.\",\"breadcrumb\":{\"@id\":\"https:\/\/librosdeoro.cafam.com.co\/libro2023\/creditos\/#breadcrumb\"},\"inLanguage\":\"es-CO\",\"potentialAction\":[{\"@type\":\"ReadAction\",\"target\":[\"https:\/\/librosdeoro.cafam.com.co\/libro2023\/creditos\/\"]}]},{\"@type\":\"ImageObject\",\"inLanguage\":\"es-CO\",\"@id\":\"https:\/\/librosdeoro.cafam.com.co\/libro2023\/creditos\/#primaryimage\",\"url\":\"https:\/\/librosdeoro.cafam.com.co\/libro2023\/wp-content\/uploads\/sites\/11\/2023\/08\/Slide-24-Naty-Botero-Maria-Jose-Martinez-Ana-Wills-Julita-Barreto-scaled.jpg\",\"contentUrl\":\"https:\/\/librosdeoro.cafam.com.co\/libro2023\/wp-content\/uploads\/sites\/11\/2023\/08\/Slide-24-Naty-Botero-Maria-Jose-Martinez-Ana-Wills-Julita-Barreto-scaled.jpg\",\"width\":2560,\"height\":1707,\"caption\":\"Asistentes de la far\u00e1ndula colombiana: Naty Botero, Mar\u00eda Jos\u00e9 Mart\u00ednez, Ana Wills y Julita Barreto.\u200b\"},{\"@type\":\"BreadcrumbList\",\"@id\":\"https:\/\/librosdeoro.cafam.com.co\/libro2023\/creditos\/#breadcrumb\",\"itemListElement\":[{\"@type\":\"ListItem\",\"position\":1,\"name\":\"Home\",\"item\":\"https:\/\/librosdeoro.cafam.com.co\/libro2023\/\"},{\"@type\":\"ListItem\",\"position\":2,\"name\":\"Cr\u00e9ditos\"}]},{\"@type\":\"WebSite\",\"@id\":\"https:\/\/librosdeoro.cafam.com.co\/libro2023\/#website\",\"url\":\"https:\/\/librosdeoro.cafam.com.co\/libro2023\/\",\"name\":\"Libros de Oro 2023\",\"description\":\"\",\"potentialAction\":[{\"@type\":\"SearchAction\",\"target\":{\"@type\":\"EntryPoint\",\"urlTemplate\":\"https:\/\/librosdeoro.cafam.com.co\/libro2023\/?s={search_term_string}\"},\"query-input\":\"required name=search_term_string\"}],\"inLanguage\":\"es-CO\"}]}<\/script>\n<!-- \/ Yoast SEO plugin. -->","yoast_head_json":{"title":"Cr\u00e9ditos - Libros de Oro 2023","description":"cr\u00e9ditos a los participantes que hicieron posible que el libro de oro 2022 saliera para todas las personas interesadas.","robots":{"index":"index","follow":"follow","max-snippet":"max-snippet:-1","max-image-preview":"max-image-preview:large","max-video-preview":"max-video-preview:-1"},"canonical":"https:\/\/librosdeoro.cafam.com.co\/libro2023\/creditos\/","og_locale":"es_ES","og_type":"article","og_title":"Cr\u00e9ditos - Libros de Oro 2023","og_description":"cr\u00e9ditos a los participantes que hicieron posible que el libro de oro 2022 saliera para todas las personas interesadas.","og_url":"https:\/\/librosdeoro.cafam.com.co\/libro2023\/creditos\/","og_site_name":"Libros de Oro 2023","article_modified_time":"2023-09-05T22:06:43+00:00","og_image":[{"width":2560,"height":1707,"url":"https:\/\/librosdeoro.cafam.com.co\/libro2023\/wp-content\/uploads\/sites\/11\/2023\/08\/Slide-24-Naty-Botero-Maria-Jose-Martinez-Ana-Wills-Julita-Barreto-scaled.jpg","type":"image\/jpeg"}],"twitter_card":"summary_large_image","schema":{"@context":"https:\/\/schema.org","@graph":[{"@type":"WebPage","@id":"https:\/\/librosdeoro.cafam.com.co\/libro2023\/creditos\/","url":"https:\/\/librosdeoro.cafam.com.co\/libro2023\/creditos\/","name":"Cr\u00e9ditos - Libros de Oro 2023","isPartOf":{"@id":"https:\/\/librosdeoro.cafam.com.co\/libro2023\/#website"},"primaryImageOfPage":{"@id":"https:\/\/librosdeoro.cafam.com.co\/libro2023\/creditos\/#primaryimage"},"image":{"@id":"https:\/\/librosdeoro.cafam.com.co\/libro2023\/creditos\/#primaryimage"},"thumbnailUrl":"https:\/\/librosdeoro.cafam.com.co\/libro2023\/wp-content\/uploads\/sites\/11\/2023\/08\/Slide-24-Naty-Botero-Maria-Jose-Martinez-Ana-Wills-Julita-Barreto-scaled.jpg","datePublished":"2022-11-29T22:14:38+00:00","dateModified":"2023-09-05T22:06:43+00:00","description":"cr\u00e9ditos a los participantes que hicieron posible que el libro de oro 2022 saliera para todas las personas interesadas.","breadcrumb":{"@id":"https:\/\/librosdeoro.cafam.com.co\/libro2023\/creditos\/#breadcrumb"},"inLanguage":"es-CO","potentialAction":[{"@type":"ReadAction","target":["https:\/\/librosdeoro.cafam.com.co\/libro2023\/creditos\/"]}]},{"@type":"ImageObject","inLanguage":"es-CO","@id":"https:\/\/librosdeoro.cafam.com.co\/libro2023\/creditos\/#primaryimage","url":"https:\/\/librosdeoro.cafam.com.co\/libro2023\/wp-content\/uploads\/sites\/11\/2023\/08\/Slide-24-Naty-Botero-Maria-Jose-Martinez-Ana-Wills-Julita-Barreto-scaled.jpg","contentUrl":"https:\/\/librosdeoro.cafam.com.co\/libro2023\/wp-content\/uploads\/sites\/11\/2023\/08\/Slide-24-Naty-Botero-Maria-Jose-Martinez-Ana-Wills-Julita-Barreto-scaled.jpg","width":2560,"height":1707,"caption":"Asistentes de la far\u00e1ndula colombiana: Naty Botero, Mar\u00eda Jos\u00e9 Mart\u00ednez, Ana Wills y Julita Barreto.\u200b"},{"@type":"BreadcrumbList","@id":"https:\/\/librosdeoro.cafam.com.co\/libro2023\/creditos\/#breadcrumb","itemListElement":[{"@type":"ListItem","position":1,"name":"Home","item":"https:\/\/librosdeoro.cafam.com.co\/libro2023\/"},{"@type":"ListItem","position":2,"name":"Cr\u00e9ditos"}]},{"@type":"WebSite","@id":"https:\/\/librosdeoro.cafam.com.co\/libro2023\/#website","url":"https:\/\/librosdeoro.cafam.com.co\/libro2023\/","name":"Libros de Oro 2023","description":"","potentialAction":[{"@type":"SearchAction","target":{"@type":"EntryPoint","urlTemplate":"https:\/\/librosdeoro.cafam.com.co\/libro2023\/?s={search_term_string}"},"query-input":"required name=search_term_string"}],"inLanguage":"es-CO"}]}},"_links":{"self":[{"href":"https:\/\/librosdeoro.cafam.com.co\/libro2023\/wp-json\/wp\/v2\/pages\/1623","targetHints":{"allow":["GET"]}}],"collection":[{"href":"https:\/\/librosdeoro.cafam.com.co\/libro2023\/wp-json\/wp\/v2\/pages"}],"about":[{"href":"https:\/\/librosdeoro.cafam.com.co\/libro2023\/wp-json\/wp\/v2\/types\/page"}],"author":[{"embeddable":true,"href":"https:\/\/librosdeoro.cafam.com.co\/libro2023\/wp-json\/wp\/v2\/users\/5"}],"replies":[{"embeddable":true,"href":"https:\/\/librosdeoro.cafam.com.co\/libro2023\/wp-json\/wp\/v2\/comments?post=1623"}],"version-history":[{"count":2,"href":"https:\/\/librosdeoro.cafam.com.co\/libro2023\/wp-json\/wp\/v2\/pages\/1623\/revisions"}],"predecessor-version":[{"id":1870,"href":"https:\/\/librosdeoro.cafam.com.co\/libro2023\/wp-json\/wp\/v2\/pages\/1623\/revisions\/1870"}],"wp:featuredmedia":[{"embeddable":true,"href":"https:\/\/librosdeoro.cafam.com.co\/libro2023\/wp-json\/wp\/v2\/media\/1909"}],"wp:attachment":[{"href":"https:\/\/librosdeoro.cafam.com.co\/libro2023\/wp-json\/wp\/v2\/media?parent=1623"}],"curies":[{"name":"wp","href":"https:\/\/api.w.org\/{rel}","templated":true}]}}