{"id":128,"date":"2022-07-05T12:39:07","date_gmt":"2022-07-05T12:39:07","guid":{"rendered":"https:\/\/librosdeoro.cafam.com.co\/libro2023\/?page_id=128"},"modified":"2022-07-15T14:22:18","modified_gmt":"2022-07-15T14:22:18","slug":"premio-de-oro","status":"publish","type":"page","link":"https:\/\/librosdeoro.cafam.com.co\/libro2023\/premio-de-oro\/","title":{"rendered":"premio de oro"},"content":{"rendered":"","protected":false},"excerpt":{"rendered":"","protected":false},"author":4,"featured_media":413,"parent":0,"menu_order":0,"comment_status":"closed","ping_status":"closed","template":"","meta":{"footnotes":""},"class_list":["post-128","page","type-page","status-publish","has-post-thumbnail","hentry"],"yoast_head":"<!-- This site is optimized with the Yoast SEO plugin v23.1 - https:\/\/yoast.com\/wordpress\/plugins\/seo\/ -->\n<title>premio de oro - Libros de Oro 2023<\/title>\n<meta name=\"description\" content=\"Premio de oro a la Mujer Cafam 2018 a Do\u00f1a Nydia Quintero de Balc\u00e1zar, premio de oro la Mujer Cafam 2013 a Ana Mar\u00eda Busquets de Cano.\" \/>\n<meta name=\"robots\" content=\"index, follow, max-snippet:-1, max-image-preview:large, max-video-preview:-1\" \/>\n<link rel=\"canonical\" href=\"https:\/\/librosdeoro.cafam.com.co\/libro2023\/premio-de-oro\/\" \/>\n<meta property=\"og:locale\" content=\"es_ES\" \/>\n<meta property=\"og:type\" content=\"article\" \/>\n<meta property=\"og:title\" content=\"premio de oro - Libros de Oro 2023\" \/>\n<meta property=\"og:description\" content=\"Premio de oro a la Mujer Cafam 2018 a Do\u00f1a Nydia Quintero de Balc\u00e1zar, premio de oro la Mujer Cafam 2013 a Ana Mar\u00eda Busquets de Cano.\" \/>\n<meta property=\"og:url\" content=\"https:\/\/librosdeoro.cafam.com.co\/libro2023\/premio-de-oro\/\" \/>\n<meta property=\"og:site_name\" content=\"Libros de Oro 2023\" \/>\n<meta property=\"article:modified_time\" content=\"2022-07-15T14:22:18+00:00\" \/>\n<meta property=\"og:image\" content=\"https:\/\/librosdeoro.cafam.com.co\/libro2023\/wp-content\/uploads\/sites\/11\/2022\/07\/NYDIA-QUINTERO-DE-ALCAZAR.jpg\" \/>\n\t<meta property=\"og:image:width\" content=\"768\" \/>\n\t<meta property=\"og:image:height\" content=\"977\" \/>\n\t<meta property=\"og:image:type\" content=\"image\/jpeg\" \/>\n<meta name=\"twitter:card\" content=\"summary_large_image\" \/>\n<script type=\"application\/ld+json\" class=\"yoast-schema-graph\">{\"@context\":\"https:\/\/schema.org\",\"@graph\":[{\"@type\":\"WebPage\",\"@id\":\"https:\/\/librosdeoro.cafam.com.co\/libro2023\/premio-de-oro\/\",\"url\":\"https:\/\/librosdeoro.cafam.com.co\/libro2023\/premio-de-oro\/\",\"name\":\"premio de oro - Libros de Oro 2023\",\"isPartOf\":{\"@id\":\"https:\/\/librosdeoro.cafam.com.co\/libro2023\/#website\"},\"primaryImageOfPage\":{\"@id\":\"https:\/\/librosdeoro.cafam.com.co\/libro2023\/premio-de-oro\/#primaryimage\"},\"image\":{\"@id\":\"https:\/\/librosdeoro.cafam.com.co\/libro2023\/premio-de-oro\/#primaryimage\"},\"thumbnailUrl\":\"https:\/\/librosdeoro.cafam.com.co\/libro2023\/wp-content\/uploads\/sites\/11\/2022\/07\/NYDIA-QUINTERO-DE-ALCAZAR.jpg\",\"datePublished\":\"2022-07-05T12:39:07+00:00\",\"dateModified\":\"2022-07-15T14:22:18+00:00\",\"description\":\"Premio de oro a la Mujer Cafam 2018 a Do\u00f1a Nydia Quintero de Balc\u00e1zar, premio de oro la Mujer Cafam 2013 a Ana Mar\u00eda Busquets de Cano.\",\"breadcrumb\":{\"@id\":\"https:\/\/librosdeoro.cafam.com.co\/libro2023\/premio-de-oro\/#breadcrumb\"},\"inLanguage\":\"es-CO\",\"potentialAction\":[{\"@type\":\"ReadAction\",\"target\":[\"https:\/\/librosdeoro.cafam.com.co\/libro2023\/premio-de-oro\/\"]}]},{\"@type\":\"ImageObject\",\"inLanguage\":\"es-CO\",\"@id\":\"https:\/\/librosdeoro.cafam.com.co\/libro2023\/premio-de-oro\/#primaryimage\",\"url\":\"https:\/\/librosdeoro.cafam.com.co\/libro2023\/wp-content\/uploads\/sites\/11\/2022\/07\/NYDIA-QUINTERO-DE-ALCAZAR.jpg\",\"contentUrl\":\"https:\/\/librosdeoro.cafam.com.co\/libro2023\/wp-content\/uploads\/sites\/11\/2022\/07\/NYDIA-QUINTERO-DE-ALCAZAR.jpg\",\"width\":768,\"height\":977,\"caption\":\"NYDIA QUINTERO DE ALC\u00c1ZAR\"},{\"@type\":\"BreadcrumbList\",\"@id\":\"https:\/\/librosdeoro.cafam.com.co\/libro2023\/premio-de-oro\/#breadcrumb\",\"itemListElement\":[{\"@type\":\"ListItem\",\"position\":1,\"name\":\"Home\",\"item\":\"https:\/\/librosdeoro.cafam.com.co\/libro2023\/\"},{\"@type\":\"ListItem\",\"position\":2,\"name\":\"premio de oro\"}]},{\"@type\":\"WebSite\",\"@id\":\"https:\/\/librosdeoro.cafam.com.co\/libro2023\/#website\",\"url\":\"https:\/\/librosdeoro.cafam.com.co\/libro2023\/\",\"name\":\"Libros de Oro 2023\",\"description\":\"\",\"potentialAction\":[{\"@type\":\"SearchAction\",\"target\":{\"@type\":\"EntryPoint\",\"urlTemplate\":\"https:\/\/librosdeoro.cafam.com.co\/libro2023\/?s={search_term_string}\"},\"query-input\":\"required name=search_term_string\"}],\"inLanguage\":\"es-CO\"}]}<\/script>\n<!-- \/ Yoast SEO plugin. -->","yoast_head_json":{"title":"premio de oro - Libros de Oro 2023","description":"Premio de oro a la Mujer Cafam 2018 a Do\u00f1a Nydia Quintero de Balc\u00e1zar, premio de oro la Mujer Cafam 2013 a Ana Mar\u00eda Busquets de Cano.","robots":{"index":"index","follow":"follow","max-snippet":"max-snippet:-1","max-image-preview":"max-image-preview:large","max-video-preview":"max-video-preview:-1"},"canonical":"https:\/\/librosdeoro.cafam.com.co\/libro2023\/premio-de-oro\/","og_locale":"es_ES","og_type":"article","og_title":"premio de oro - Libros de Oro 2023","og_description":"Premio de oro a la Mujer Cafam 2018 a Do\u00f1a Nydia Quintero de Balc\u00e1zar, premio de oro la Mujer Cafam 2013 a Ana Mar\u00eda Busquets de Cano.","og_url":"https:\/\/librosdeoro.cafam.com.co\/libro2023\/premio-de-oro\/","og_site_name":"Libros de Oro 2023","article_modified_time":"2022-07-15T14:22:18+00:00","og_image":[{"width":768,"height":977,"url":"https:\/\/librosdeoro.cafam.com.co\/libro2023\/wp-content\/uploads\/sites\/11\/2022\/07\/NYDIA-QUINTERO-DE-ALCAZAR.jpg","type":"image\/jpeg"}],"twitter_card":"summary_large_image","schema":{"@context":"https:\/\/schema.org","@graph":[{"@type":"WebPage","@id":"https:\/\/librosdeoro.cafam.com.co\/libro2023\/premio-de-oro\/","url":"https:\/\/librosdeoro.cafam.com.co\/libro2023\/premio-de-oro\/","name":"premio de oro - Libros de Oro 2023","isPartOf":{"@id":"https:\/\/librosdeoro.cafam.com.co\/libro2023\/#website"},"primaryImageOfPage":{"@id":"https:\/\/librosdeoro.cafam.com.co\/libro2023\/premio-de-oro\/#primaryimage"},"image":{"@id":"https:\/\/librosdeoro.cafam.com.co\/libro2023\/premio-de-oro\/#primaryimage"},"thumbnailUrl":"https:\/\/librosdeoro.cafam.com.co\/libro2023\/wp-content\/uploads\/sites\/11\/2022\/07\/NYDIA-QUINTERO-DE-ALCAZAR.jpg","datePublished":"2022-07-05T12:39:07+00:00","dateModified":"2022-07-15T14:22:18+00:00","description":"Premio de oro a la Mujer Cafam 2018 a Do\u00f1a Nydia Quintero de Balc\u00e1zar, premio de oro la Mujer Cafam 2013 a Ana Mar\u00eda Busquets de Cano.","breadcrumb":{"@id":"https:\/\/librosdeoro.cafam.com.co\/libro2023\/premio-de-oro\/#breadcrumb"},"inLanguage":"es-CO","potentialAction":[{"@type":"ReadAction","target":["https:\/\/librosdeoro.cafam.com.co\/libro2023\/premio-de-oro\/"]}]},{"@type":"ImageObject","inLanguage":"es-CO","@id":"https:\/\/librosdeoro.cafam.com.co\/libro2023\/premio-de-oro\/#primaryimage","url":"https:\/\/librosdeoro.cafam.com.co\/libro2023\/wp-content\/uploads\/sites\/11\/2022\/07\/NYDIA-QUINTERO-DE-ALCAZAR.jpg","contentUrl":"https:\/\/librosdeoro.cafam.com.co\/libro2023\/wp-content\/uploads\/sites\/11\/2022\/07\/NYDIA-QUINTERO-DE-ALCAZAR.jpg","width":768,"height":977,"caption":"NYDIA QUINTERO DE ALC\u00c1ZAR"},{"@type":"BreadcrumbList","@id":"https:\/\/librosdeoro.cafam.com.co\/libro2023\/premio-de-oro\/#breadcrumb","itemListElement":[{"@type":"ListItem","position":1,"name":"Home","item":"https:\/\/librosdeoro.cafam.com.co\/libro2023\/"},{"@type":"ListItem","position":2,"name":"premio de oro"}]},{"@type":"WebSite","@id":"https:\/\/librosdeoro.cafam.com.co\/libro2023\/#website","url":"https:\/\/librosdeoro.cafam.com.co\/libro2023\/","name":"Libros de Oro 2023","description":"","potentialAction":[{"@type":"SearchAction","target":{"@type":"EntryPoint","urlTemplate":"https:\/\/librosdeoro.cafam.com.co\/libro2023\/?s={search_term_string}"},"query-input":"required name=search_term_string"}],"inLanguage":"es-CO"}]}},"_links":{"self":[{"href":"https:\/\/librosdeoro.cafam.com.co\/libro2023\/wp-json\/wp\/v2\/pages\/128","targetHints":{"allow":["GET"]}}],"collection":[{"href":"https:\/\/librosdeoro.cafam.com.co\/libro2023\/wp-json\/wp\/v2\/pages"}],"about":[{"href":"https:\/\/librosdeoro.cafam.com.co\/libro2023\/wp-json\/wp\/v2\/types\/page"}],"author":[{"embeddable":true,"href":"https:\/\/librosdeoro.cafam.com.co\/libro2023\/wp-json\/wp\/v2\/users\/4"}],"replies":[{"embeddable":true,"href":"https:\/\/librosdeoro.cafam.com.co\/libro2023\/wp-json\/wp\/v2\/comments?post=128"}],"version-history":[{"count":1,"href":"https:\/\/librosdeoro.cafam.com.co\/libro2023\/wp-json\/wp\/v2\/pages\/128\/revisions"}],"predecessor-version":[{"id":129,"href":"https:\/\/librosdeoro.cafam.com.co\/libro2023\/wp-json\/wp\/v2\/pages\/128\/revisions\/129"}],"wp:featuredmedia":[{"embeddable":true,"href":"https:\/\/librosdeoro.cafam.com.co\/libro2023\/wp-json\/wp\/v2\/media\/413"}],"wp:attachment":[{"href":"https:\/\/librosdeoro.cafam.com.co\/libro2023\/wp-json\/wp\/v2\/media?parent=128"}],"curies":[{"name":"wp","href":"https:\/\/api.w.org\/{rel}","templated":true}]}}