{"id":924,"date":"2022-08-28T17:41:07","date_gmt":"2022-08-28T22:41:07","guid":{"rendered":"https:\/\/librosdeoro.cafam.com.co\/libro2022\/?page_id=924"},"modified":"2022-08-30T16:47:21","modified_gmt":"2022-08-30T21:47:21","slug":"yumar-ospina-perez","status":"publish","type":"page","link":"https:\/\/librosdeoro.cafam.com.co\/libro2022\/historias-destacadas\/yumar-ospina-perez\/","title":{"rendered":"YUMAR OSPINA P\u00c9REZ"},"content":{"rendered":"","protected":false},"excerpt":{"rendered":"","protected":false},"author":4,"featured_media":1033,"parent":922,"menu_order":0,"comment_status":"closed","ping_status":"closed","template":"","meta":{"footnotes":""},"class_list":["post-924","page","type-page","status-publish","has-post-thumbnail","hentry"],"yoast_head":"<!-- This site is optimized with the Yoast SEO plugin v23.1 - https:\/\/yoast.com\/wordpress\/plugins\/seo\/ -->\n<title>YUMAR OSPINA P\u00c9REZ - Libros de Oro 2022<\/title>\n<meta name=\"description\" content=\"Yumar Ospina P\u00e9rez, naci\u00f3 en 1963 en Ibagu\u00e9 y all\u00ed curs\u00f3 sus estudios con las monjas del Colegio T\u00e9cnico Mar\u00eda Inmaculada.\" \/>\n<meta name=\"robots\" content=\"index, follow, max-snippet:-1, max-image-preview:large, max-video-preview:-1\" \/>\n<link rel=\"canonical\" href=\"https:\/\/librosdeoro.cafam.com.co\/libro2022\/historias-destacadas\/yumar-ospina-perez\/\" \/>\n<meta property=\"og:locale\" content=\"es_ES\" \/>\n<meta property=\"og:type\" content=\"article\" \/>\n<meta property=\"og:title\" content=\"YUMAR OSPINA P\u00c9REZ - Libros de Oro 2022\" \/>\n<meta property=\"og:description\" content=\"Yumar Ospina P\u00e9rez, naci\u00f3 en 1963 en Ibagu\u00e9 y all\u00ed curs\u00f3 sus estudios con las monjas del Colegio T\u00e9cnico Mar\u00eda Inmaculada.\" \/>\n<meta property=\"og:url\" content=\"https:\/\/librosdeoro.cafam.com.co\/libro2022\/historias-destacadas\/yumar-ospina-perez\/\" \/>\n<meta property=\"og:site_name\" content=\"Libros de Oro 2022\" \/>\n<meta property=\"article:modified_time\" content=\"2022-08-30T21:47:21+00:00\" \/>\n<meta property=\"og:image\" content=\"https:\/\/librosdeoro.cafam.com.co\/libro2022\/wp-content\/uploads\/sites\/10\/2022\/08\/yumar-ospina-perez.jpg\" \/>\n\t<meta property=\"og:image:width\" content=\"450\" \/>\n\t<meta property=\"og:image:height\" content=\"600\" \/>\n\t<meta property=\"og:image:type\" content=\"image\/jpeg\" \/>\n<meta name=\"twitter:card\" content=\"summary_large_image\" \/>\n<script type=\"application\/ld+json\" class=\"yoast-schema-graph\">{\"@context\":\"https:\/\/schema.org\",\"@graph\":[{\"@type\":\"WebPage\",\"@id\":\"https:\/\/librosdeoro.cafam.com.co\/libro2022\/historias-destacadas\/yumar-ospina-perez\/\",\"url\":\"https:\/\/librosdeoro.cafam.com.co\/libro2022\/historias-destacadas\/yumar-ospina-perez\/\",\"name\":\"YUMAR OSPINA P\u00c9REZ - Libros de Oro 2022\",\"isPartOf\":{\"@id\":\"https:\/\/librosdeoro.cafam.com.co\/libro2022\/#website\"},\"primaryImageOfPage\":{\"@id\":\"https:\/\/librosdeoro.cafam.com.co\/libro2022\/historias-destacadas\/yumar-ospina-perez\/#primaryimage\"},\"image\":{\"@id\":\"https:\/\/librosdeoro.cafam.com.co\/libro2022\/historias-destacadas\/yumar-ospina-perez\/#primaryimage\"},\"thumbnailUrl\":\"https:\/\/librosdeoro.cafam.com.co\/libro2022\/wp-content\/uploads\/sites\/10\/2022\/08\/yumar-ospina-perez.jpg\",\"datePublished\":\"2022-08-28T22:41:07+00:00\",\"dateModified\":\"2022-08-30T21:47:21+00:00\",\"description\":\"Yumar Ospina P\u00e9rez, naci\u00f3 en 1963 en Ibagu\u00e9 y all\u00ed curs\u00f3 sus estudios con las monjas del Colegio T\u00e9cnico Mar\u00eda Inmaculada.\",\"breadcrumb\":{\"@id\":\"https:\/\/librosdeoro.cafam.com.co\/libro2022\/historias-destacadas\/yumar-ospina-perez\/#breadcrumb\"},\"inLanguage\":\"es-CO\",\"potentialAction\":[{\"@type\":\"ReadAction\",\"target\":[\"https:\/\/librosdeoro.cafam.com.co\/libro2022\/historias-destacadas\/yumar-ospina-perez\/\"]}]},{\"@type\":\"ImageObject\",\"inLanguage\":\"es-CO\",\"@id\":\"https:\/\/librosdeoro.cafam.com.co\/libro2022\/historias-destacadas\/yumar-ospina-perez\/#primaryimage\",\"url\":\"https:\/\/librosdeoro.cafam.com.co\/libro2022\/wp-content\/uploads\/sites\/10\/2022\/08\/yumar-ospina-perez.jpg\",\"contentUrl\":\"https:\/\/librosdeoro.cafam.com.co\/libro2022\/wp-content\/uploads\/sites\/10\/2022\/08\/yumar-ospina-perez.jpg\",\"width\":450,\"height\":600,\"caption\":\"Yumar Ospina Perez\"},{\"@type\":\"BreadcrumbList\",\"@id\":\"https:\/\/librosdeoro.cafam.com.co\/libro2022\/historias-destacadas\/yumar-ospina-perez\/#breadcrumb\",\"itemListElement\":[{\"@type\":\"ListItem\",\"position\":1,\"name\":\"Home\",\"item\":\"https:\/\/librosdeoro.cafam.com.co\/libro2022\/\"},{\"@type\":\"ListItem\",\"position\":2,\"name\":\"HISTORIAS DESTACADAS\",\"item\":\"https:\/\/librosdeoro.cafam.com.co\/libro2022\/historias-destacadas\/\"},{\"@type\":\"ListItem\",\"position\":3,\"name\":\"YUMAR OSPINA P\u00c9REZ\"}]},{\"@type\":\"WebSite\",\"@id\":\"https:\/\/librosdeoro.cafam.com.co\/libro2022\/#website\",\"url\":\"https:\/\/librosdeoro.cafam.com.co\/libro2022\/\",\"name\":\"Libros de Oro 2022\",\"description\":\"\",\"potentialAction\":[{\"@type\":\"SearchAction\",\"target\":{\"@type\":\"EntryPoint\",\"urlTemplate\":\"https:\/\/librosdeoro.cafam.com.co\/libro2022\/?s={search_term_string}\"},\"query-input\":\"required name=search_term_string\"}],\"inLanguage\":\"es-CO\"}]}<\/script>\n<!-- \/ Yoast SEO plugin. -->","yoast_head_json":{"title":"YUMAR OSPINA P\u00c9REZ - Libros de Oro 2022","description":"Yumar Ospina P\u00e9rez, naci\u00f3 en 1963 en Ibagu\u00e9 y all\u00ed curs\u00f3 sus estudios con las monjas del Colegio T\u00e9cnico Mar\u00eda Inmaculada.","robots":{"index":"index","follow":"follow","max-snippet":"max-snippet:-1","max-image-preview":"max-image-preview:large","max-video-preview":"max-video-preview:-1"},"canonical":"https:\/\/librosdeoro.cafam.com.co\/libro2022\/historias-destacadas\/yumar-ospina-perez\/","og_locale":"es_ES","og_type":"article","og_title":"YUMAR OSPINA P\u00c9REZ - Libros de Oro 2022","og_description":"Yumar Ospina P\u00e9rez, naci\u00f3 en 1963 en Ibagu\u00e9 y all\u00ed curs\u00f3 sus estudios con las monjas del Colegio T\u00e9cnico Mar\u00eda Inmaculada.","og_url":"https:\/\/librosdeoro.cafam.com.co\/libro2022\/historias-destacadas\/yumar-ospina-perez\/","og_site_name":"Libros de Oro 2022","article_modified_time":"2022-08-30T21:47:21+00:00","og_image":[{"width":450,"height":600,"url":"https:\/\/librosdeoro.cafam.com.co\/libro2022\/wp-content\/uploads\/sites\/10\/2022\/08\/yumar-ospina-perez.jpg","type":"image\/jpeg"}],"twitter_card":"summary_large_image","schema":{"@context":"https:\/\/schema.org","@graph":[{"@type":"WebPage","@id":"https:\/\/librosdeoro.cafam.com.co\/libro2022\/historias-destacadas\/yumar-ospina-perez\/","url":"https:\/\/librosdeoro.cafam.com.co\/libro2022\/historias-destacadas\/yumar-ospina-perez\/","name":"YUMAR OSPINA P\u00c9REZ - Libros de Oro 2022","isPartOf":{"@id":"https:\/\/librosdeoro.cafam.com.co\/libro2022\/#website"},"primaryImageOfPage":{"@id":"https:\/\/librosdeoro.cafam.com.co\/libro2022\/historias-destacadas\/yumar-ospina-perez\/#primaryimage"},"image":{"@id":"https:\/\/librosdeoro.cafam.com.co\/libro2022\/historias-destacadas\/yumar-ospina-perez\/#primaryimage"},"thumbnailUrl":"https:\/\/librosdeoro.cafam.com.co\/libro2022\/wp-content\/uploads\/sites\/10\/2022\/08\/yumar-ospina-perez.jpg","datePublished":"2022-08-28T22:41:07+00:00","dateModified":"2022-08-30T21:47:21+00:00","description":"Yumar Ospina P\u00e9rez, naci\u00f3 en 1963 en Ibagu\u00e9 y all\u00ed curs\u00f3 sus estudios con las monjas del Colegio T\u00e9cnico Mar\u00eda Inmaculada.","breadcrumb":{"@id":"https:\/\/librosdeoro.cafam.com.co\/libro2022\/historias-destacadas\/yumar-ospina-perez\/#breadcrumb"},"inLanguage":"es-CO","potentialAction":[{"@type":"ReadAction","target":["https:\/\/librosdeoro.cafam.com.co\/libro2022\/historias-destacadas\/yumar-ospina-perez\/"]}]},{"@type":"ImageObject","inLanguage":"es-CO","@id":"https:\/\/librosdeoro.cafam.com.co\/libro2022\/historias-destacadas\/yumar-ospina-perez\/#primaryimage","url":"https:\/\/librosdeoro.cafam.com.co\/libro2022\/wp-content\/uploads\/sites\/10\/2022\/08\/yumar-ospina-perez.jpg","contentUrl":"https:\/\/librosdeoro.cafam.com.co\/libro2022\/wp-content\/uploads\/sites\/10\/2022\/08\/yumar-ospina-perez.jpg","width":450,"height":600,"caption":"Yumar Ospina Perez"},{"@type":"BreadcrumbList","@id":"https:\/\/librosdeoro.cafam.com.co\/libro2022\/historias-destacadas\/yumar-ospina-perez\/#breadcrumb","itemListElement":[{"@type":"ListItem","position":1,"name":"Home","item":"https:\/\/librosdeoro.cafam.com.co\/libro2022\/"},{"@type":"ListItem","position":2,"name":"HISTORIAS DESTACADAS","item":"https:\/\/librosdeoro.cafam.com.co\/libro2022\/historias-destacadas\/"},{"@type":"ListItem","position":3,"name":"YUMAR OSPINA P\u00c9REZ"}]},{"@type":"WebSite","@id":"https:\/\/librosdeoro.cafam.com.co\/libro2022\/#website","url":"https:\/\/librosdeoro.cafam.com.co\/libro2022\/","name":"Libros de Oro 2022","description":"","potentialAction":[{"@type":"SearchAction","target":{"@type":"EntryPoint","urlTemplate":"https:\/\/librosdeoro.cafam.com.co\/libro2022\/?s={search_term_string}"},"query-input":"required name=search_term_string"}],"inLanguage":"es-CO"}]}},"_links":{"self":[{"href":"https:\/\/librosdeoro.cafam.com.co\/libro2022\/wp-json\/wp\/v2\/pages\/924","targetHints":{"allow":["GET"]}}],"collection":[{"href":"https:\/\/librosdeoro.cafam.com.co\/libro2022\/wp-json\/wp\/v2\/pages"}],"about":[{"href":"https:\/\/librosdeoro.cafam.com.co\/libro2022\/wp-json\/wp\/v2\/types\/page"}],"author":[{"embeddable":true,"href":"https:\/\/librosdeoro.cafam.com.co\/libro2022\/wp-json\/wp\/v2\/users\/4"}],"replies":[{"embeddable":true,"href":"https:\/\/librosdeoro.cafam.com.co\/libro2022\/wp-json\/wp\/v2\/comments?post=924"}],"version-history":[{"count":1,"href":"https:\/\/librosdeoro.cafam.com.co\/libro2022\/wp-json\/wp\/v2\/pages\/924\/revisions"}],"predecessor-version":[{"id":925,"href":"https:\/\/librosdeoro.cafam.com.co\/libro2022\/wp-json\/wp\/v2\/pages\/924\/revisions\/925"}],"up":[{"embeddable":true,"href":"https:\/\/librosdeoro.cafam.com.co\/libro2022\/wp-json\/wp\/v2\/pages\/922"}],"wp:featuredmedia":[{"embeddable":true,"href":"https:\/\/librosdeoro.cafam.com.co\/libro2022\/wp-json\/wp\/v2\/media\/1033"}],"wp:attachment":[{"href":"https:\/\/librosdeoro.cafam.com.co\/libro2022\/wp-json\/wp\/v2\/media?parent=924"}],"curies":[{"name":"wp","href":"https:\/\/api.w.org\/{rel}","templated":true}]}}