{"id":796,"date":"2022-08-08T10:57:18","date_gmt":"2022-08-08T15:57:18","guid":{"rendered":"https:\/\/librosdeoro.cafam.com.co\/libro2022\/?page_id=796"},"modified":"2022-08-08T10:57:18","modified_gmt":"2022-08-08T15:57:18","slug":"maria-carolina-hoyos-turbay","status":"publish","type":"page","link":"https:\/\/librosdeoro.cafam.com.co\/libro2022\/maria-carolina-hoyos-turbay\/","title":{"rendered":"MAR\u00cdA CAROLINA HOYOS TURBAY"},"content":{"rendered":"","protected":false},"excerpt":{"rendered":"","protected":false},"author":4,"featured_media":795,"parent":0,"menu_order":0,"comment_status":"closed","ping_status":"closed","template":"","meta":{"footnotes":""},"class_list":["post-796","page","type-page","status-publish","has-post-thumbnail","hentry"],"yoast_head":"<!-- This site is optimized with the Yoast SEO plugin v23.1 - https:\/\/yoast.com\/wordpress\/plugins\/seo\/ -->\n<title>MAR\u00cdA CAROLINA HOYOS TURBAY - Libros de Oro 2022<\/title>\n<meta name=\"description\" content=\"Homenaje Especial a Mar\u00eda Crolina Hoyos Turbay, experta en tecnolog\u00eda y periodista quien con su fundaci\u00f3n han ayudado a millones de personas.\" \/>\n<meta name=\"robots\" content=\"index, follow, max-snippet:-1, max-image-preview:large, max-video-preview:-1\" \/>\n<link rel=\"canonical\" href=\"https:\/\/librosdeoro.cafam.com.co\/libro2022\/maria-carolina-hoyos-turbay\/\" \/>\n<meta property=\"og:locale\" content=\"es_ES\" \/>\n<meta property=\"og:type\" content=\"article\" \/>\n<meta property=\"og:title\" content=\"MAR\u00cdA CAROLINA HOYOS TURBAY - Libros de Oro 2022\" \/>\n<meta property=\"og:description\" content=\"Homenaje Especial a Mar\u00eda Crolina Hoyos Turbay, experta en tecnolog\u00eda y periodista quien con su fundaci\u00f3n han ayudado a millones de personas.\" \/>\n<meta property=\"og:url\" content=\"https:\/\/librosdeoro.cafam.com.co\/libro2022\/maria-carolina-hoyos-turbay\/\" \/>\n<meta property=\"og:site_name\" content=\"Libros de Oro 2022\" \/>\n<meta property=\"og:image\" content=\"https:\/\/librosdeoro.cafam.com.co\/libro2022\/wp-content\/uploads\/sites\/10\/2022\/08\/500x700-MAV_0785.jpg\" \/>\n\t<meta property=\"og:image:width\" content=\"500\" \/>\n\t<meta property=\"og:image:height\" content=\"700\" \/>\n\t<meta property=\"og:image:type\" content=\"image\/jpeg\" \/>\n<meta name=\"twitter:card\" content=\"summary_large_image\" \/>\n<script type=\"application\/ld+json\" class=\"yoast-schema-graph\">{\"@context\":\"https:\/\/schema.org\",\"@graph\":[{\"@type\":\"WebPage\",\"@id\":\"https:\/\/librosdeoro.cafam.com.co\/libro2022\/maria-carolina-hoyos-turbay\/\",\"url\":\"https:\/\/librosdeoro.cafam.com.co\/libro2022\/maria-carolina-hoyos-turbay\/\",\"name\":\"MAR\u00cdA CAROLINA HOYOS TURBAY - Libros de Oro 2022\",\"isPartOf\":{\"@id\":\"https:\/\/librosdeoro.cafam.com.co\/libro2022\/#website\"},\"primaryImageOfPage\":{\"@id\":\"https:\/\/librosdeoro.cafam.com.co\/libro2022\/maria-carolina-hoyos-turbay\/#primaryimage\"},\"image\":{\"@id\":\"https:\/\/librosdeoro.cafam.com.co\/libro2022\/maria-carolina-hoyos-turbay\/#primaryimage\"},\"thumbnailUrl\":\"https:\/\/librosdeoro.cafam.com.co\/libro2022\/wp-content\/uploads\/sites\/10\/2022\/08\/500x700-MAV_0785.jpg\",\"datePublished\":\"2022-08-08T15:57:18+00:00\",\"dateModified\":\"2022-08-08T15:57:18+00:00\",\"description\":\"Homenaje Especial a Mar\u00eda Crolina Hoyos Turbay, experta en tecnolog\u00eda y periodista quien con su fundaci\u00f3n han ayudado a millones de personas.\",\"breadcrumb\":{\"@id\":\"https:\/\/librosdeoro.cafam.com.co\/libro2022\/maria-carolina-hoyos-turbay\/#breadcrumb\"},\"inLanguage\":\"es-CO\",\"potentialAction\":[{\"@type\":\"ReadAction\",\"target\":[\"https:\/\/librosdeoro.cafam.com.co\/libro2022\/maria-carolina-hoyos-turbay\/\"]}]},{\"@type\":\"ImageObject\",\"inLanguage\":\"es-CO\",\"@id\":\"https:\/\/librosdeoro.cafam.com.co\/libro2022\/maria-carolina-hoyos-turbay\/#primaryimage\",\"url\":\"https:\/\/librosdeoro.cafam.com.co\/libro2022\/wp-content\/uploads\/sites\/10\/2022\/08\/500x700-MAV_0785.jpg\",\"contentUrl\":\"https:\/\/librosdeoro.cafam.com.co\/libro2022\/wp-content\/uploads\/sites\/10\/2022\/08\/500x700-MAV_0785.jpg\",\"width\":500,\"height\":700,\"caption\":\"Maria Carolina Hoyos\"},{\"@type\":\"BreadcrumbList\",\"@id\":\"https:\/\/librosdeoro.cafam.com.co\/libro2022\/maria-carolina-hoyos-turbay\/#breadcrumb\",\"itemListElement\":[{\"@type\":\"ListItem\",\"position\":1,\"name\":\"Home\",\"item\":\"https:\/\/librosdeoro.cafam.com.co\/libro2022\/\"},{\"@type\":\"ListItem\",\"position\":2,\"name\":\"MAR\u00cdA CAROLINA HOYOS TURBAY\"}]},{\"@type\":\"WebSite\",\"@id\":\"https:\/\/librosdeoro.cafam.com.co\/libro2022\/#website\",\"url\":\"https:\/\/librosdeoro.cafam.com.co\/libro2022\/\",\"name\":\"Libros de Oro 2022\",\"description\":\"\",\"potentialAction\":[{\"@type\":\"SearchAction\",\"target\":{\"@type\":\"EntryPoint\",\"urlTemplate\":\"https:\/\/librosdeoro.cafam.com.co\/libro2022\/?s={search_term_string}\"},\"query-input\":\"required name=search_term_string\"}],\"inLanguage\":\"es-CO\"}]}<\/script>\n<!-- \/ Yoast SEO plugin. -->","yoast_head_json":{"title":"MAR\u00cdA CAROLINA HOYOS TURBAY - Libros de Oro 2022","description":"Homenaje Especial a Mar\u00eda Crolina Hoyos Turbay, experta en tecnolog\u00eda y periodista quien con su fundaci\u00f3n han ayudado a millones de personas.","robots":{"index":"index","follow":"follow","max-snippet":"max-snippet:-1","max-image-preview":"max-image-preview:large","max-video-preview":"max-video-preview:-1"},"canonical":"https:\/\/librosdeoro.cafam.com.co\/libro2022\/maria-carolina-hoyos-turbay\/","og_locale":"es_ES","og_type":"article","og_title":"MAR\u00cdA CAROLINA HOYOS TURBAY - Libros de Oro 2022","og_description":"Homenaje Especial a Mar\u00eda Crolina Hoyos Turbay, experta en tecnolog\u00eda y periodista quien con su fundaci\u00f3n han ayudado a millones de personas.","og_url":"https:\/\/librosdeoro.cafam.com.co\/libro2022\/maria-carolina-hoyos-turbay\/","og_site_name":"Libros de Oro 2022","og_image":[{"width":500,"height":700,"url":"https:\/\/librosdeoro.cafam.com.co\/libro2022\/wp-content\/uploads\/sites\/10\/2022\/08\/500x700-MAV_0785.jpg","type":"image\/jpeg"}],"twitter_card":"summary_large_image","schema":{"@context":"https:\/\/schema.org","@graph":[{"@type":"WebPage","@id":"https:\/\/librosdeoro.cafam.com.co\/libro2022\/maria-carolina-hoyos-turbay\/","url":"https:\/\/librosdeoro.cafam.com.co\/libro2022\/maria-carolina-hoyos-turbay\/","name":"MAR\u00cdA CAROLINA HOYOS TURBAY - Libros de Oro 2022","isPartOf":{"@id":"https:\/\/librosdeoro.cafam.com.co\/libro2022\/#website"},"primaryImageOfPage":{"@id":"https:\/\/librosdeoro.cafam.com.co\/libro2022\/maria-carolina-hoyos-turbay\/#primaryimage"},"image":{"@id":"https:\/\/librosdeoro.cafam.com.co\/libro2022\/maria-carolina-hoyos-turbay\/#primaryimage"},"thumbnailUrl":"https:\/\/librosdeoro.cafam.com.co\/libro2022\/wp-content\/uploads\/sites\/10\/2022\/08\/500x700-MAV_0785.jpg","datePublished":"2022-08-08T15:57:18+00:00","dateModified":"2022-08-08T15:57:18+00:00","description":"Homenaje Especial a Mar\u00eda Crolina Hoyos Turbay, experta en tecnolog\u00eda y periodista quien con su fundaci\u00f3n han ayudado a millones de personas.","breadcrumb":{"@id":"https:\/\/librosdeoro.cafam.com.co\/libro2022\/maria-carolina-hoyos-turbay\/#breadcrumb"},"inLanguage":"es-CO","potentialAction":[{"@type":"ReadAction","target":["https:\/\/librosdeoro.cafam.com.co\/libro2022\/maria-carolina-hoyos-turbay\/"]}]},{"@type":"ImageObject","inLanguage":"es-CO","@id":"https:\/\/librosdeoro.cafam.com.co\/libro2022\/maria-carolina-hoyos-turbay\/#primaryimage","url":"https:\/\/librosdeoro.cafam.com.co\/libro2022\/wp-content\/uploads\/sites\/10\/2022\/08\/500x700-MAV_0785.jpg","contentUrl":"https:\/\/librosdeoro.cafam.com.co\/libro2022\/wp-content\/uploads\/sites\/10\/2022\/08\/500x700-MAV_0785.jpg","width":500,"height":700,"caption":"Maria Carolina Hoyos"},{"@type":"BreadcrumbList","@id":"https:\/\/librosdeoro.cafam.com.co\/libro2022\/maria-carolina-hoyos-turbay\/#breadcrumb","itemListElement":[{"@type":"ListItem","position":1,"name":"Home","item":"https:\/\/librosdeoro.cafam.com.co\/libro2022\/"},{"@type":"ListItem","position":2,"name":"MAR\u00cdA CAROLINA HOYOS TURBAY"}]},{"@type":"WebSite","@id":"https:\/\/librosdeoro.cafam.com.co\/libro2022\/#website","url":"https:\/\/librosdeoro.cafam.com.co\/libro2022\/","name":"Libros de Oro 2022","description":"","potentialAction":[{"@type":"SearchAction","target":{"@type":"EntryPoint","urlTemplate":"https:\/\/librosdeoro.cafam.com.co\/libro2022\/?s={search_term_string}"},"query-input":"required name=search_term_string"}],"inLanguage":"es-CO"}]}},"_links":{"self":[{"href":"https:\/\/librosdeoro.cafam.com.co\/libro2022\/wp-json\/wp\/v2\/pages\/796","targetHints":{"allow":["GET"]}}],"collection":[{"href":"https:\/\/librosdeoro.cafam.com.co\/libro2022\/wp-json\/wp\/v2\/pages"}],"about":[{"href":"https:\/\/librosdeoro.cafam.com.co\/libro2022\/wp-json\/wp\/v2\/types\/page"}],"author":[{"embeddable":true,"href":"https:\/\/librosdeoro.cafam.com.co\/libro2022\/wp-json\/wp\/v2\/users\/4"}],"replies":[{"embeddable":true,"href":"https:\/\/librosdeoro.cafam.com.co\/libro2022\/wp-json\/wp\/v2\/comments?post=796"}],"version-history":[{"count":1,"href":"https:\/\/librosdeoro.cafam.com.co\/libro2022\/wp-json\/wp\/v2\/pages\/796\/revisions"}],"predecessor-version":[{"id":797,"href":"https:\/\/librosdeoro.cafam.com.co\/libro2022\/wp-json\/wp\/v2\/pages\/796\/revisions\/797"}],"wp:featuredmedia":[{"embeddable":true,"href":"https:\/\/librosdeoro.cafam.com.co\/libro2022\/wp-json\/wp\/v2\/media\/795"}],"wp:attachment":[{"href":"https:\/\/librosdeoro.cafam.com.co\/libro2022\/wp-json\/wp\/v2\/media?parent=796"}],"curies":[{"name":"wp","href":"https:\/\/api.w.org\/{rel}","templated":true}]}}