{"id":447,"date":"2022-07-14T23:06:52","date_gmt":"2022-07-15T04:06:52","guid":{"rendered":"https:\/\/librosdeoro.cafam.com.co\/libro2022\/?page_id=447"},"modified":"2023-01-18T16:18:03","modified_gmt":"2023-01-18T21:18:03","slug":"fanny-del-socorro-arbelaez-soto","status":"publish","type":"page","link":"https:\/\/librosdeoro.cafam.com.co\/libro2022\/candidatas-2022\/fanny-del-socorro-arbelaez-soto\/","title":{"rendered":"FANNY DEL SOCORRO ARBEL\u00c1EZ SOTO"},"content":{"rendered":"","protected":false},"excerpt":{"rendered":"","protected":false},"author":4,"featured_media":362,"parent":352,"menu_order":0,"comment_status":"closed","ping_status":"closed","template":"","meta":{"footnotes":""},"class_list":["post-447","page","type-page","status-publish","has-post-thumbnail","hentry"],"yoast_head":"<!-- This site is optimized with the Yoast SEO plugin v23.1 - https:\/\/yoast.com\/wordpress\/plugins\/seo\/ -->\n<title>Fanny Arbel\u00e1ez Soto (Antioquia 2022) - Libros de Oro 2022<\/title>\n<meta name=\"description\" content=\"Fanny Arbel\u00e1ez Soto (Antioquia 2022) Licenciada en educaci\u00f3n con \u00e9nfasis en Matem\u00e1ticas. Obra social: Ense\u00f1anza desde el coraz\u00f3n\" \/>\n<meta name=\"robots\" content=\"index, follow, max-snippet:-1, max-image-preview:large, max-video-preview:-1\" \/>\n<link rel=\"canonical\" href=\"https:\/\/librosdeoro.cafam.com.co\/libro2022\/candidatas-2022\/fanny-del-socorro-arbelaez-soto\/\" \/>\n<meta property=\"og:locale\" content=\"es_ES\" \/>\n<meta property=\"og:type\" content=\"article\" \/>\n<meta property=\"og:title\" content=\"Fanny Arbel\u00e1ez Soto (Antioquia 2022) - Libros de Oro 2022\" \/>\n<meta property=\"og:description\" content=\"Fanny Arbel\u00e1ez Soto (Antioquia 2022) Licenciada en educaci\u00f3n con \u00e9nfasis en Matem\u00e1ticas. Obra social: Ense\u00f1anza desde el coraz\u00f3n\" \/>\n<meta property=\"og:url\" content=\"https:\/\/librosdeoro.cafam.com.co\/libro2022\/candidatas-2022\/fanny-del-socorro-arbelaez-soto\/\" \/>\n<meta property=\"og:site_name\" content=\"Libros de Oro 2022\" \/>\n<meta property=\"article:modified_time\" content=\"2023-01-18T21:18:03+00:00\" \/>\n<meta property=\"og:image\" content=\"https:\/\/librosdeoro.cafam.com.co\/libro2022\/wp-content\/uploads\/sites\/10\/2022\/07\/3-Fanny-Arbelaez-Soto_Antioquia.jpg\" \/>\n\t<meta property=\"og:image:width\" content=\"450\" \/>\n\t<meta property=\"og:image:height\" content=\"600\" \/>\n\t<meta property=\"og:image:type\" content=\"image\/jpeg\" \/>\n<meta name=\"twitter:card\" content=\"summary_large_image\" \/>\n<script type=\"application\/ld+json\" class=\"yoast-schema-graph\">{\"@context\":\"https:\/\/schema.org\",\"@graph\":[{\"@type\":\"WebPage\",\"@id\":\"https:\/\/librosdeoro.cafam.com.co\/libro2022\/candidatas-2022\/fanny-del-socorro-arbelaez-soto\/\",\"url\":\"https:\/\/librosdeoro.cafam.com.co\/libro2022\/candidatas-2022\/fanny-del-socorro-arbelaez-soto\/\",\"name\":\"Fanny Arbel\u00e1ez Soto (Antioquia 2022) - Libros de Oro 2022\",\"isPartOf\":{\"@id\":\"https:\/\/librosdeoro.cafam.com.co\/libro2022\/#website\"},\"primaryImageOfPage\":{\"@id\":\"https:\/\/librosdeoro.cafam.com.co\/libro2022\/candidatas-2022\/fanny-del-socorro-arbelaez-soto\/#primaryimage\"},\"image\":{\"@id\":\"https:\/\/librosdeoro.cafam.com.co\/libro2022\/candidatas-2022\/fanny-del-socorro-arbelaez-soto\/#primaryimage\"},\"thumbnailUrl\":\"https:\/\/librosdeoro.cafam.com.co\/libro2022\/wp-content\/uploads\/sites\/10\/2022\/07\/3-Fanny-Arbelaez-Soto_Antioquia.jpg\",\"datePublished\":\"2022-07-15T04:06:52+00:00\",\"dateModified\":\"2023-01-18T21:18:03+00:00\",\"description\":\"Fanny Arbel\u00e1ez Soto (Antioquia 2022) Licenciada en educaci\u00f3n con \u00e9nfasis en Matem\u00e1ticas. Obra social: Ense\u00f1anza desde el coraz\u00f3n\",\"breadcrumb\":{\"@id\":\"https:\/\/librosdeoro.cafam.com.co\/libro2022\/candidatas-2022\/fanny-del-socorro-arbelaez-soto\/#breadcrumb\"},\"inLanguage\":\"es-CO\",\"potentialAction\":[{\"@type\":\"ReadAction\",\"target\":[\"https:\/\/librosdeoro.cafam.com.co\/libro2022\/candidatas-2022\/fanny-del-socorro-arbelaez-soto\/\"]}]},{\"@type\":\"ImageObject\",\"inLanguage\":\"es-CO\",\"@id\":\"https:\/\/librosdeoro.cafam.com.co\/libro2022\/candidatas-2022\/fanny-del-socorro-arbelaez-soto\/#primaryimage\",\"url\":\"https:\/\/librosdeoro.cafam.com.co\/libro2022\/wp-content\/uploads\/sites\/10\/2022\/07\/3-Fanny-Arbelaez-Soto_Antioquia.jpg\",\"contentUrl\":\"https:\/\/librosdeoro.cafam.com.co\/libro2022\/wp-content\/uploads\/sites\/10\/2022\/07\/3-Fanny-Arbelaez-Soto_Antioquia.jpg\",\"width\":450,\"height\":600,\"caption\":\"Fanny Arbel\u00e1ez Soto\"},{\"@type\":\"BreadcrumbList\",\"@id\":\"https:\/\/librosdeoro.cafam.com.co\/libro2022\/candidatas-2022\/fanny-del-socorro-arbelaez-soto\/#breadcrumb\",\"itemListElement\":[{\"@type\":\"ListItem\",\"position\":1,\"name\":\"Home\",\"item\":\"https:\/\/librosdeoro.cafam.com.co\/libro2022\/\"},{\"@type\":\"ListItem\",\"position\":2,\"name\":\"Candidatas 2022\",\"item\":\"https:\/\/librosdeoro.cafam.com.co\/libro2022\/candidatas-2022\/\"},{\"@type\":\"ListItem\",\"position\":3,\"name\":\"FANNY DEL SOCORRO ARBEL\u00c1EZ SOTO\"}]},{\"@type\":\"WebSite\",\"@id\":\"https:\/\/librosdeoro.cafam.com.co\/libro2022\/#website\",\"url\":\"https:\/\/librosdeoro.cafam.com.co\/libro2022\/\",\"name\":\"Libros de Oro 2022\",\"description\":\"\",\"potentialAction\":[{\"@type\":\"SearchAction\",\"target\":{\"@type\":\"EntryPoint\",\"urlTemplate\":\"https:\/\/librosdeoro.cafam.com.co\/libro2022\/?s={search_term_string}\"},\"query-input\":\"required name=search_term_string\"}],\"inLanguage\":\"es-CO\"}]}<\/script>\n<!-- \/ Yoast SEO plugin. -->","yoast_head_json":{"title":"Fanny Arbel\u00e1ez Soto (Antioquia 2022) - Libros de Oro 2022","description":"Fanny Arbel\u00e1ez Soto (Antioquia 2022) Licenciada en educaci\u00f3n con \u00e9nfasis en Matem\u00e1ticas. Obra social: Ense\u00f1anza desde el coraz\u00f3n","robots":{"index":"index","follow":"follow","max-snippet":"max-snippet:-1","max-image-preview":"max-image-preview:large","max-video-preview":"max-video-preview:-1"},"canonical":"https:\/\/librosdeoro.cafam.com.co\/libro2022\/candidatas-2022\/fanny-del-socorro-arbelaez-soto\/","og_locale":"es_ES","og_type":"article","og_title":"Fanny Arbel\u00e1ez Soto (Antioquia 2022) - Libros de Oro 2022","og_description":"Fanny Arbel\u00e1ez Soto (Antioquia 2022) Licenciada en educaci\u00f3n con \u00e9nfasis en Matem\u00e1ticas. Obra social: Ense\u00f1anza desde el coraz\u00f3n","og_url":"https:\/\/librosdeoro.cafam.com.co\/libro2022\/candidatas-2022\/fanny-del-socorro-arbelaez-soto\/","og_site_name":"Libros de Oro 2022","article_modified_time":"2023-01-18T21:18:03+00:00","og_image":[{"width":450,"height":600,"url":"https:\/\/librosdeoro.cafam.com.co\/libro2022\/wp-content\/uploads\/sites\/10\/2022\/07\/3-Fanny-Arbelaez-Soto_Antioquia.jpg","type":"image\/jpeg"}],"twitter_card":"summary_large_image","schema":{"@context":"https:\/\/schema.org","@graph":[{"@type":"WebPage","@id":"https:\/\/librosdeoro.cafam.com.co\/libro2022\/candidatas-2022\/fanny-del-socorro-arbelaez-soto\/","url":"https:\/\/librosdeoro.cafam.com.co\/libro2022\/candidatas-2022\/fanny-del-socorro-arbelaez-soto\/","name":"Fanny Arbel\u00e1ez Soto (Antioquia 2022) - Libros de Oro 2022","isPartOf":{"@id":"https:\/\/librosdeoro.cafam.com.co\/libro2022\/#website"},"primaryImageOfPage":{"@id":"https:\/\/librosdeoro.cafam.com.co\/libro2022\/candidatas-2022\/fanny-del-socorro-arbelaez-soto\/#primaryimage"},"image":{"@id":"https:\/\/librosdeoro.cafam.com.co\/libro2022\/candidatas-2022\/fanny-del-socorro-arbelaez-soto\/#primaryimage"},"thumbnailUrl":"https:\/\/librosdeoro.cafam.com.co\/libro2022\/wp-content\/uploads\/sites\/10\/2022\/07\/3-Fanny-Arbelaez-Soto_Antioquia.jpg","datePublished":"2022-07-15T04:06:52+00:00","dateModified":"2023-01-18T21:18:03+00:00","description":"Fanny Arbel\u00e1ez Soto (Antioquia 2022) Licenciada en educaci\u00f3n con \u00e9nfasis en Matem\u00e1ticas. Obra social: Ense\u00f1anza desde el coraz\u00f3n","breadcrumb":{"@id":"https:\/\/librosdeoro.cafam.com.co\/libro2022\/candidatas-2022\/fanny-del-socorro-arbelaez-soto\/#breadcrumb"},"inLanguage":"es-CO","potentialAction":[{"@type":"ReadAction","target":["https:\/\/librosdeoro.cafam.com.co\/libro2022\/candidatas-2022\/fanny-del-socorro-arbelaez-soto\/"]}]},{"@type":"ImageObject","inLanguage":"es-CO","@id":"https:\/\/librosdeoro.cafam.com.co\/libro2022\/candidatas-2022\/fanny-del-socorro-arbelaez-soto\/#primaryimage","url":"https:\/\/librosdeoro.cafam.com.co\/libro2022\/wp-content\/uploads\/sites\/10\/2022\/07\/3-Fanny-Arbelaez-Soto_Antioquia.jpg","contentUrl":"https:\/\/librosdeoro.cafam.com.co\/libro2022\/wp-content\/uploads\/sites\/10\/2022\/07\/3-Fanny-Arbelaez-Soto_Antioquia.jpg","width":450,"height":600,"caption":"Fanny Arbel\u00e1ez Soto"},{"@type":"BreadcrumbList","@id":"https:\/\/librosdeoro.cafam.com.co\/libro2022\/candidatas-2022\/fanny-del-socorro-arbelaez-soto\/#breadcrumb","itemListElement":[{"@type":"ListItem","position":1,"name":"Home","item":"https:\/\/librosdeoro.cafam.com.co\/libro2022\/"},{"@type":"ListItem","position":2,"name":"Candidatas 2022","item":"https:\/\/librosdeoro.cafam.com.co\/libro2022\/candidatas-2022\/"},{"@type":"ListItem","position":3,"name":"FANNY DEL SOCORRO ARBEL\u00c1EZ SOTO"}]},{"@type":"WebSite","@id":"https:\/\/librosdeoro.cafam.com.co\/libro2022\/#website","url":"https:\/\/librosdeoro.cafam.com.co\/libro2022\/","name":"Libros de Oro 2022","description":"","potentialAction":[{"@type":"SearchAction","target":{"@type":"EntryPoint","urlTemplate":"https:\/\/librosdeoro.cafam.com.co\/libro2022\/?s={search_term_string}"},"query-input":"required name=search_term_string"}],"inLanguage":"es-CO"}]}},"_links":{"self":[{"href":"https:\/\/librosdeoro.cafam.com.co\/libro2022\/wp-json\/wp\/v2\/pages\/447","targetHints":{"allow":["GET"]}}],"collection":[{"href":"https:\/\/librosdeoro.cafam.com.co\/libro2022\/wp-json\/wp\/v2\/pages"}],"about":[{"href":"https:\/\/librosdeoro.cafam.com.co\/libro2022\/wp-json\/wp\/v2\/types\/page"}],"author":[{"embeddable":true,"href":"https:\/\/librosdeoro.cafam.com.co\/libro2022\/wp-json\/wp\/v2\/users\/4"}],"replies":[{"embeddable":true,"href":"https:\/\/librosdeoro.cafam.com.co\/libro2022\/wp-json\/wp\/v2\/comments?post=447"}],"version-history":[{"count":1,"href":"https:\/\/librosdeoro.cafam.com.co\/libro2022\/wp-json\/wp\/v2\/pages\/447\/revisions"}],"predecessor-version":[{"id":448,"href":"https:\/\/librosdeoro.cafam.com.co\/libro2022\/wp-json\/wp\/v2\/pages\/447\/revisions\/448"}],"up":[{"embeddable":true,"href":"https:\/\/librosdeoro.cafam.com.co\/libro2022\/wp-json\/wp\/v2\/pages\/352"}],"wp:featuredmedia":[{"embeddable":true,"href":"https:\/\/librosdeoro.cafam.com.co\/libro2022\/wp-json\/wp\/v2\/media\/362"}],"wp:attachment":[{"href":"https:\/\/librosdeoro.cafam.com.co\/libro2022\/wp-json\/wp\/v2\/media?parent=447"}],"curies":[{"name":"wp","href":"https:\/\/api.w.org\/{rel}","templated":true}]}}