{"id":439,"date":"2022-07-14T22:50:37","date_gmt":"2022-07-15T03:50:37","guid":{"rendered":"https:\/\/librosdeoro.cafam.com.co\/libro2022\/?page_id=439"},"modified":"2022-08-30T16:53:06","modified_gmt":"2022-08-30T21:53:06","slug":"angela-del-pilar-santamaria-chavarro","status":"publish","type":"page","link":"https:\/\/librosdeoro.cafam.com.co\/libro2022\/candidatas-2022\/angela-del-pilar-santamaria-chavarro\/","title":{"rendered":"\u00c1NGELA DEL PILAR SANTAMAR\u00cdA CHAVARRO"},"content":{"rendered":"","protected":false},"excerpt":{"rendered":"","protected":false},"author":4,"featured_media":360,"parent":352,"menu_order":0,"comment_status":"closed","ping_status":"closed","template":"","meta":{"footnotes":""},"class_list":["post-439","page","type-page","status-publish","has-post-thumbnail","hentry"],"yoast_head":"<!-- This site is optimized with the Yoast SEO plugin v23.1 - https:\/\/yoast.com\/wordpress\/plugins\/seo\/ -->\n<title>\u00c1NGELA SANTAMAR\u00cdA CHAPARRO - Libros de Oro 2022<\/title>\n<meta name=\"description\" content=\"\u00c1ngela Santamar\u00eda Mujer Cafam Amazonas, Abogada y maestra en Filosof\u00eda. Obra social: Di\u00e1logo inclusivo e intercultural.\" \/>\n<meta name=\"robots\" content=\"index, follow, max-snippet:-1, max-image-preview:large, max-video-preview:-1\" \/>\n<link rel=\"canonical\" href=\"https:\/\/librosdeoro.cafam.com.co\/libro2022\/candidatas-2022\/angela-del-pilar-santamaria-chavarro\/\" \/>\n<meta property=\"og:locale\" content=\"es_ES\" \/>\n<meta property=\"og:type\" content=\"article\" \/>\n<meta property=\"og:title\" content=\"\u00c1NGELA SANTAMAR\u00cdA CHAPARRO - Libros de Oro 2022\" \/>\n<meta property=\"og:description\" content=\"\u00c1ngela Santamar\u00eda Mujer Cafam Amazonas, Abogada y maestra en Filosof\u00eda. Obra social: Di\u00e1logo inclusivo e intercultural.\" \/>\n<meta property=\"og:url\" content=\"https:\/\/librosdeoro.cafam.com.co\/libro2022\/candidatas-2022\/angela-del-pilar-santamaria-chavarro\/\" \/>\n<meta property=\"og:site_name\" content=\"Libros de Oro 2022\" \/>\n<meta property=\"article:modified_time\" content=\"2022-08-30T21:53:06+00:00\" \/>\n<meta property=\"og:image\" content=\"https:\/\/librosdeoro.cafam.com.co\/libro2022\/wp-content\/uploads\/sites\/10\/2022\/07\/1-Angela-del-pilar-Santamaria_Amazonas.jpg\" \/>\n\t<meta property=\"og:image:width\" content=\"450\" \/>\n\t<meta property=\"og:image:height\" content=\"600\" \/>\n\t<meta property=\"og:image:type\" content=\"image\/jpeg\" \/>\n<meta name=\"twitter:card\" content=\"summary_large_image\" \/>\n<script type=\"application\/ld+json\" class=\"yoast-schema-graph\">{\"@context\":\"https:\/\/schema.org\",\"@graph\":[{\"@type\":\"WebPage\",\"@id\":\"https:\/\/librosdeoro.cafam.com.co\/libro2022\/candidatas-2022\/angela-del-pilar-santamaria-chavarro\/\",\"url\":\"https:\/\/librosdeoro.cafam.com.co\/libro2022\/candidatas-2022\/angela-del-pilar-santamaria-chavarro\/\",\"name\":\"\u00c1NGELA SANTAMAR\u00cdA CHAPARRO - Libros de Oro 2022\",\"isPartOf\":{\"@id\":\"https:\/\/librosdeoro.cafam.com.co\/libro2022\/#website\"},\"primaryImageOfPage\":{\"@id\":\"https:\/\/librosdeoro.cafam.com.co\/libro2022\/candidatas-2022\/angela-del-pilar-santamaria-chavarro\/#primaryimage\"},\"image\":{\"@id\":\"https:\/\/librosdeoro.cafam.com.co\/libro2022\/candidatas-2022\/angela-del-pilar-santamaria-chavarro\/#primaryimage\"},\"thumbnailUrl\":\"https:\/\/librosdeoro.cafam.com.co\/libro2022\/wp-content\/uploads\/sites\/10\/2022\/07\/1-Angela-del-pilar-Santamaria_Amazonas.jpg\",\"datePublished\":\"2022-07-15T03:50:37+00:00\",\"dateModified\":\"2022-08-30T21:53:06+00:00\",\"description\":\"\u00c1ngela Santamar\u00eda Mujer Cafam Amazonas, Abogada y maestra en Filosof\u00eda. Obra social: Di\u00e1logo inclusivo e intercultural.\",\"breadcrumb\":{\"@id\":\"https:\/\/librosdeoro.cafam.com.co\/libro2022\/candidatas-2022\/angela-del-pilar-santamaria-chavarro\/#breadcrumb\"},\"inLanguage\":\"es-CO\",\"potentialAction\":[{\"@type\":\"ReadAction\",\"target\":[\"https:\/\/librosdeoro.cafam.com.co\/libro2022\/candidatas-2022\/angela-del-pilar-santamaria-chavarro\/\"]}]},{\"@type\":\"ImageObject\",\"inLanguage\":\"es-CO\",\"@id\":\"https:\/\/librosdeoro.cafam.com.co\/libro2022\/candidatas-2022\/angela-del-pilar-santamaria-chavarro\/#primaryimage\",\"url\":\"https:\/\/librosdeoro.cafam.com.co\/libro2022\/wp-content\/uploads\/sites\/10\/2022\/07\/1-Angela-del-pilar-Santamaria_Amazonas.jpg\",\"contentUrl\":\"https:\/\/librosdeoro.cafam.com.co\/libro2022\/wp-content\/uploads\/sites\/10\/2022\/07\/1-Angela-del-pilar-Santamaria_Amazonas.jpg\",\"width\":450,\"height\":600,\"caption\":\"\u00c1ngela del pilar Santamar\u00eda\"},{\"@type\":\"BreadcrumbList\",\"@id\":\"https:\/\/librosdeoro.cafam.com.co\/libro2022\/candidatas-2022\/angela-del-pilar-santamaria-chavarro\/#breadcrumb\",\"itemListElement\":[{\"@type\":\"ListItem\",\"position\":1,\"name\":\"Home\",\"item\":\"https:\/\/librosdeoro.cafam.com.co\/libro2022\/\"},{\"@type\":\"ListItem\",\"position\":2,\"name\":\"Candidatas 2022\",\"item\":\"https:\/\/librosdeoro.cafam.com.co\/libro2022\/candidatas-2022\/\"},{\"@type\":\"ListItem\",\"position\":3,\"name\":\"\u00c1NGELA DEL PILAR SANTAMAR\u00cdA CHAVARRO\"}]},{\"@type\":\"WebSite\",\"@id\":\"https:\/\/librosdeoro.cafam.com.co\/libro2022\/#website\",\"url\":\"https:\/\/librosdeoro.cafam.com.co\/libro2022\/\",\"name\":\"Libros de Oro 2022\",\"description\":\"\",\"potentialAction\":[{\"@type\":\"SearchAction\",\"target\":{\"@type\":\"EntryPoint\",\"urlTemplate\":\"https:\/\/librosdeoro.cafam.com.co\/libro2022\/?s={search_term_string}\"},\"query-input\":\"required name=search_term_string\"}],\"inLanguage\":\"es-CO\"}]}<\/script>\n<!-- \/ Yoast SEO plugin. -->","yoast_head_json":{"title":"\u00c1NGELA SANTAMAR\u00cdA CHAPARRO - Libros de Oro 2022","description":"\u00c1ngela Santamar\u00eda Mujer Cafam Amazonas, Abogada y maestra en Filosof\u00eda. Obra social: Di\u00e1logo inclusivo e intercultural.","robots":{"index":"index","follow":"follow","max-snippet":"max-snippet:-1","max-image-preview":"max-image-preview:large","max-video-preview":"max-video-preview:-1"},"canonical":"https:\/\/librosdeoro.cafam.com.co\/libro2022\/candidatas-2022\/angela-del-pilar-santamaria-chavarro\/","og_locale":"es_ES","og_type":"article","og_title":"\u00c1NGELA SANTAMAR\u00cdA CHAPARRO - Libros de Oro 2022","og_description":"\u00c1ngela Santamar\u00eda Mujer Cafam Amazonas, Abogada y maestra en Filosof\u00eda. Obra social: Di\u00e1logo inclusivo e intercultural.","og_url":"https:\/\/librosdeoro.cafam.com.co\/libro2022\/candidatas-2022\/angela-del-pilar-santamaria-chavarro\/","og_site_name":"Libros de Oro 2022","article_modified_time":"2022-08-30T21:53:06+00:00","og_image":[{"width":450,"height":600,"url":"https:\/\/librosdeoro.cafam.com.co\/libro2022\/wp-content\/uploads\/sites\/10\/2022\/07\/1-Angela-del-pilar-Santamaria_Amazonas.jpg","type":"image\/jpeg"}],"twitter_card":"summary_large_image","schema":{"@context":"https:\/\/schema.org","@graph":[{"@type":"WebPage","@id":"https:\/\/librosdeoro.cafam.com.co\/libro2022\/candidatas-2022\/angela-del-pilar-santamaria-chavarro\/","url":"https:\/\/librosdeoro.cafam.com.co\/libro2022\/candidatas-2022\/angela-del-pilar-santamaria-chavarro\/","name":"\u00c1NGELA SANTAMAR\u00cdA CHAPARRO - Libros de Oro 2022","isPartOf":{"@id":"https:\/\/librosdeoro.cafam.com.co\/libro2022\/#website"},"primaryImageOfPage":{"@id":"https:\/\/librosdeoro.cafam.com.co\/libro2022\/candidatas-2022\/angela-del-pilar-santamaria-chavarro\/#primaryimage"},"image":{"@id":"https:\/\/librosdeoro.cafam.com.co\/libro2022\/candidatas-2022\/angela-del-pilar-santamaria-chavarro\/#primaryimage"},"thumbnailUrl":"https:\/\/librosdeoro.cafam.com.co\/libro2022\/wp-content\/uploads\/sites\/10\/2022\/07\/1-Angela-del-pilar-Santamaria_Amazonas.jpg","datePublished":"2022-07-15T03:50:37+00:00","dateModified":"2022-08-30T21:53:06+00:00","description":"\u00c1ngela Santamar\u00eda Mujer Cafam Amazonas, Abogada y maestra en Filosof\u00eda. Obra social: Di\u00e1logo inclusivo e intercultural.","breadcrumb":{"@id":"https:\/\/librosdeoro.cafam.com.co\/libro2022\/candidatas-2022\/angela-del-pilar-santamaria-chavarro\/#breadcrumb"},"inLanguage":"es-CO","potentialAction":[{"@type":"ReadAction","target":["https:\/\/librosdeoro.cafam.com.co\/libro2022\/candidatas-2022\/angela-del-pilar-santamaria-chavarro\/"]}]},{"@type":"ImageObject","inLanguage":"es-CO","@id":"https:\/\/librosdeoro.cafam.com.co\/libro2022\/candidatas-2022\/angela-del-pilar-santamaria-chavarro\/#primaryimage","url":"https:\/\/librosdeoro.cafam.com.co\/libro2022\/wp-content\/uploads\/sites\/10\/2022\/07\/1-Angela-del-pilar-Santamaria_Amazonas.jpg","contentUrl":"https:\/\/librosdeoro.cafam.com.co\/libro2022\/wp-content\/uploads\/sites\/10\/2022\/07\/1-Angela-del-pilar-Santamaria_Amazonas.jpg","width":450,"height":600,"caption":"\u00c1ngela del pilar Santamar\u00eda"},{"@type":"BreadcrumbList","@id":"https:\/\/librosdeoro.cafam.com.co\/libro2022\/candidatas-2022\/angela-del-pilar-santamaria-chavarro\/#breadcrumb","itemListElement":[{"@type":"ListItem","position":1,"name":"Home","item":"https:\/\/librosdeoro.cafam.com.co\/libro2022\/"},{"@type":"ListItem","position":2,"name":"Candidatas 2022","item":"https:\/\/librosdeoro.cafam.com.co\/libro2022\/candidatas-2022\/"},{"@type":"ListItem","position":3,"name":"\u00c1NGELA DEL PILAR SANTAMAR\u00cdA CHAVARRO"}]},{"@type":"WebSite","@id":"https:\/\/librosdeoro.cafam.com.co\/libro2022\/#website","url":"https:\/\/librosdeoro.cafam.com.co\/libro2022\/","name":"Libros de Oro 2022","description":"","potentialAction":[{"@type":"SearchAction","target":{"@type":"EntryPoint","urlTemplate":"https:\/\/librosdeoro.cafam.com.co\/libro2022\/?s={search_term_string}"},"query-input":"required name=search_term_string"}],"inLanguage":"es-CO"}]}},"_links":{"self":[{"href":"https:\/\/librosdeoro.cafam.com.co\/libro2022\/wp-json\/wp\/v2\/pages\/439","targetHints":{"allow":["GET"]}}],"collection":[{"href":"https:\/\/librosdeoro.cafam.com.co\/libro2022\/wp-json\/wp\/v2\/pages"}],"about":[{"href":"https:\/\/librosdeoro.cafam.com.co\/libro2022\/wp-json\/wp\/v2\/types\/page"}],"author":[{"embeddable":true,"href":"https:\/\/librosdeoro.cafam.com.co\/libro2022\/wp-json\/wp\/v2\/users\/4"}],"replies":[{"embeddable":true,"href":"https:\/\/librosdeoro.cafam.com.co\/libro2022\/wp-json\/wp\/v2\/comments?post=439"}],"version-history":[{"count":3,"href":"https:\/\/librosdeoro.cafam.com.co\/libro2022\/wp-json\/wp\/v2\/pages\/439\/revisions"}],"predecessor-version":[{"id":905,"href":"https:\/\/librosdeoro.cafam.com.co\/libro2022\/wp-json\/wp\/v2\/pages\/439\/revisions\/905"}],"up":[{"embeddable":true,"href":"https:\/\/librosdeoro.cafam.com.co\/libro2022\/wp-json\/wp\/v2\/pages\/352"}],"wp:featuredmedia":[{"embeddable":true,"href":"https:\/\/librosdeoro.cafam.com.co\/libro2022\/wp-json\/wp\/v2\/media\/360"}],"wp:attachment":[{"href":"https:\/\/librosdeoro.cafam.com.co\/libro2022\/wp-json\/wp\/v2\/media?parent=439"}],"curies":[{"name":"wp","href":"https:\/\/api.w.org\/{rel}","templated":true}]}}