{"id":209,"date":"2022-07-11T13:22:21","date_gmt":"2022-07-11T13:22:21","guid":{"rendered":"https:\/\/librosdeoro.cafam.com.co\/libro2022\/?page_id=209"},"modified":"2022-07-15T13:14:16","modified_gmt":"2022-07-15T13:14:16","slug":"german-santamaria-barragan","status":"publish","type":"page","link":"https:\/\/librosdeoro.cafam.com.co\/libro2022\/german-santamaria-barragan\/","title":{"rendered":"GERM\u00c1N SANTAMAR\u00cdA BARRAG\u00c1N"},"content":{"rendered":"","protected":false},"excerpt":{"rendered":"","protected":false},"author":4,"featured_media":404,"parent":0,"menu_order":0,"comment_status":"closed","ping_status":"closed","template":"","meta":{"footnotes":""},"class_list":["post-209","page","type-page","status-publish","has-post-thumbnail","hentry"],"yoast_head":"<!-- This site is optimized with the Yoast SEO plugin v23.1 - https:\/\/yoast.com\/wordpress\/plugins\/seo\/ -->\n<title>GERM\u00c1N SANTAMAR\u00cdA BARRAG\u00c1N - Libros de Oro 2022<\/title>\n<meta name=\"description\" content=\"Germ\u00e1n Santamar\u00eda Barrag\u00e1n, jurado del premios Cafam a la mujer, Periodista de exitosa trayectoria, Galardonado en numerosas ocasiones.\" \/>\n<meta name=\"robots\" content=\"index, follow, max-snippet:-1, max-image-preview:large, max-video-preview:-1\" \/>\n<link rel=\"canonical\" href=\"https:\/\/librosdeoro.cafam.com.co\/libro2022\/german-santamaria-barragan\/\" \/>\n<meta property=\"og:locale\" content=\"es_ES\" \/>\n<meta property=\"og:type\" content=\"article\" \/>\n<meta property=\"og:title\" content=\"GERM\u00c1N SANTAMAR\u00cdA BARRAG\u00c1N - Libros de Oro 2022\" \/>\n<meta property=\"og:description\" content=\"Germ\u00e1n Santamar\u00eda Barrag\u00e1n, jurado del premios Cafam a la mujer, Periodista de exitosa trayectoria, Galardonado en numerosas ocasiones.\" \/>\n<meta property=\"og:url\" content=\"https:\/\/librosdeoro.cafam.com.co\/libro2022\/german-santamaria-barragan\/\" \/>\n<meta property=\"og:site_name\" content=\"Libros de Oro 2022\" \/>\n<meta property=\"article:modified_time\" content=\"2022-07-15T13:14:16+00:00\" \/>\n<meta property=\"og:image\" content=\"https:\/\/librosdeoro.cafam.com.co\/libro2022\/wp-content\/uploads\/sites\/10\/2022\/07\/German-Santamaria-Barragan.jpg\" \/>\n\t<meta property=\"og:image:width\" content=\"500\" \/>\n\t<meta property=\"og:image:height\" content=\"666\" \/>\n\t<meta property=\"og:image:type\" content=\"image\/jpeg\" \/>\n<meta name=\"twitter:card\" content=\"summary_large_image\" \/>\n<script type=\"application\/ld+json\" class=\"yoast-schema-graph\">{\"@context\":\"https:\/\/schema.org\",\"@graph\":[{\"@type\":\"WebPage\",\"@id\":\"https:\/\/librosdeoro.cafam.com.co\/libro2022\/german-santamaria-barragan\/\",\"url\":\"https:\/\/librosdeoro.cafam.com.co\/libro2022\/german-santamaria-barragan\/\",\"name\":\"GERM\u00c1N SANTAMAR\u00cdA BARRAG\u00c1N - Libros de Oro 2022\",\"isPartOf\":{\"@id\":\"https:\/\/librosdeoro.cafam.com.co\/libro2022\/#website\"},\"primaryImageOfPage\":{\"@id\":\"https:\/\/librosdeoro.cafam.com.co\/libro2022\/german-santamaria-barragan\/#primaryimage\"},\"image\":{\"@id\":\"https:\/\/librosdeoro.cafam.com.co\/libro2022\/german-santamaria-barragan\/#primaryimage\"},\"thumbnailUrl\":\"https:\/\/librosdeoro.cafam.com.co\/libro2022\/wp-content\/uploads\/sites\/10\/2022\/07\/German-Santamaria-Barragan.jpg\",\"datePublished\":\"2022-07-11T13:22:21+00:00\",\"dateModified\":\"2022-07-15T13:14:16+00:00\",\"description\":\"Germ\u00e1n Santamar\u00eda Barrag\u00e1n, jurado del premios Cafam a la mujer, Periodista de exitosa trayectoria, Galardonado en numerosas ocasiones.\",\"breadcrumb\":{\"@id\":\"https:\/\/librosdeoro.cafam.com.co\/libro2022\/german-santamaria-barragan\/#breadcrumb\"},\"inLanguage\":\"es-CO\",\"potentialAction\":[{\"@type\":\"ReadAction\",\"target\":[\"https:\/\/librosdeoro.cafam.com.co\/libro2022\/german-santamaria-barragan\/\"]}]},{\"@type\":\"ImageObject\",\"inLanguage\":\"es-CO\",\"@id\":\"https:\/\/librosdeoro.cafam.com.co\/libro2022\/german-santamaria-barragan\/#primaryimage\",\"url\":\"https:\/\/librosdeoro.cafam.com.co\/libro2022\/wp-content\/uploads\/sites\/10\/2022\/07\/German-Santamaria-Barragan.jpg\",\"contentUrl\":\"https:\/\/librosdeoro.cafam.com.co\/libro2022\/wp-content\/uploads\/sites\/10\/2022\/07\/German-Santamaria-Barragan.jpg\",\"width\":500,\"height\":666,\"caption\":\"German Santamaria Barrag\u00e1n\"},{\"@type\":\"BreadcrumbList\",\"@id\":\"https:\/\/librosdeoro.cafam.com.co\/libro2022\/german-santamaria-barragan\/#breadcrumb\",\"itemListElement\":[{\"@type\":\"ListItem\",\"position\":1,\"name\":\"Home\",\"item\":\"https:\/\/librosdeoro.cafam.com.co\/libro2022\/\"},{\"@type\":\"ListItem\",\"position\":2,\"name\":\"GERM\u00c1N SANTAMAR\u00cdA BARRAG\u00c1N\"}]},{\"@type\":\"WebSite\",\"@id\":\"https:\/\/librosdeoro.cafam.com.co\/libro2022\/#website\",\"url\":\"https:\/\/librosdeoro.cafam.com.co\/libro2022\/\",\"name\":\"Libros de Oro 2022\",\"description\":\"\",\"potentialAction\":[{\"@type\":\"SearchAction\",\"target\":{\"@type\":\"EntryPoint\",\"urlTemplate\":\"https:\/\/librosdeoro.cafam.com.co\/libro2022\/?s={search_term_string}\"},\"query-input\":\"required name=search_term_string\"}],\"inLanguage\":\"es-CO\"}]}<\/script>\n<!-- \/ Yoast SEO plugin. -->","yoast_head_json":{"title":"GERM\u00c1N SANTAMAR\u00cdA BARRAG\u00c1N - Libros de Oro 2022","description":"Germ\u00e1n Santamar\u00eda Barrag\u00e1n, jurado del premios Cafam a la mujer, Periodista de exitosa trayectoria, Galardonado en numerosas ocasiones.","robots":{"index":"index","follow":"follow","max-snippet":"max-snippet:-1","max-image-preview":"max-image-preview:large","max-video-preview":"max-video-preview:-1"},"canonical":"https:\/\/librosdeoro.cafam.com.co\/libro2022\/german-santamaria-barragan\/","og_locale":"es_ES","og_type":"article","og_title":"GERM\u00c1N SANTAMAR\u00cdA BARRAG\u00c1N - Libros de Oro 2022","og_description":"Germ\u00e1n Santamar\u00eda Barrag\u00e1n, jurado del premios Cafam a la mujer, Periodista de exitosa trayectoria, Galardonado en numerosas ocasiones.","og_url":"https:\/\/librosdeoro.cafam.com.co\/libro2022\/german-santamaria-barragan\/","og_site_name":"Libros de Oro 2022","article_modified_time":"2022-07-15T13:14:16+00:00","og_image":[{"width":500,"height":666,"url":"https:\/\/librosdeoro.cafam.com.co\/libro2022\/wp-content\/uploads\/sites\/10\/2022\/07\/German-Santamaria-Barragan.jpg","type":"image\/jpeg"}],"twitter_card":"summary_large_image","schema":{"@context":"https:\/\/schema.org","@graph":[{"@type":"WebPage","@id":"https:\/\/librosdeoro.cafam.com.co\/libro2022\/german-santamaria-barragan\/","url":"https:\/\/librosdeoro.cafam.com.co\/libro2022\/german-santamaria-barragan\/","name":"GERM\u00c1N SANTAMAR\u00cdA BARRAG\u00c1N - Libros de Oro 2022","isPartOf":{"@id":"https:\/\/librosdeoro.cafam.com.co\/libro2022\/#website"},"primaryImageOfPage":{"@id":"https:\/\/librosdeoro.cafam.com.co\/libro2022\/german-santamaria-barragan\/#primaryimage"},"image":{"@id":"https:\/\/librosdeoro.cafam.com.co\/libro2022\/german-santamaria-barragan\/#primaryimage"},"thumbnailUrl":"https:\/\/librosdeoro.cafam.com.co\/libro2022\/wp-content\/uploads\/sites\/10\/2022\/07\/German-Santamaria-Barragan.jpg","datePublished":"2022-07-11T13:22:21+00:00","dateModified":"2022-07-15T13:14:16+00:00","description":"Germ\u00e1n Santamar\u00eda Barrag\u00e1n, jurado del premios Cafam a la mujer, Periodista de exitosa trayectoria, Galardonado en numerosas ocasiones.","breadcrumb":{"@id":"https:\/\/librosdeoro.cafam.com.co\/libro2022\/german-santamaria-barragan\/#breadcrumb"},"inLanguage":"es-CO","potentialAction":[{"@type":"ReadAction","target":["https:\/\/librosdeoro.cafam.com.co\/libro2022\/german-santamaria-barragan\/"]}]},{"@type":"ImageObject","inLanguage":"es-CO","@id":"https:\/\/librosdeoro.cafam.com.co\/libro2022\/german-santamaria-barragan\/#primaryimage","url":"https:\/\/librosdeoro.cafam.com.co\/libro2022\/wp-content\/uploads\/sites\/10\/2022\/07\/German-Santamaria-Barragan.jpg","contentUrl":"https:\/\/librosdeoro.cafam.com.co\/libro2022\/wp-content\/uploads\/sites\/10\/2022\/07\/German-Santamaria-Barragan.jpg","width":500,"height":666,"caption":"German Santamaria Barrag\u00e1n"},{"@type":"BreadcrumbList","@id":"https:\/\/librosdeoro.cafam.com.co\/libro2022\/german-santamaria-barragan\/#breadcrumb","itemListElement":[{"@type":"ListItem","position":1,"name":"Home","item":"https:\/\/librosdeoro.cafam.com.co\/libro2022\/"},{"@type":"ListItem","position":2,"name":"GERM\u00c1N SANTAMAR\u00cdA BARRAG\u00c1N"}]},{"@type":"WebSite","@id":"https:\/\/librosdeoro.cafam.com.co\/libro2022\/#website","url":"https:\/\/librosdeoro.cafam.com.co\/libro2022\/","name":"Libros de Oro 2022","description":"","potentialAction":[{"@type":"SearchAction","target":{"@type":"EntryPoint","urlTemplate":"https:\/\/librosdeoro.cafam.com.co\/libro2022\/?s={search_term_string}"},"query-input":"required name=search_term_string"}],"inLanguage":"es-CO"}]}},"_links":{"self":[{"href":"https:\/\/librosdeoro.cafam.com.co\/libro2022\/wp-json\/wp\/v2\/pages\/209","targetHints":{"allow":["GET"]}}],"collection":[{"href":"https:\/\/librosdeoro.cafam.com.co\/libro2022\/wp-json\/wp\/v2\/pages"}],"about":[{"href":"https:\/\/librosdeoro.cafam.com.co\/libro2022\/wp-json\/wp\/v2\/types\/page"}],"author":[{"embeddable":true,"href":"https:\/\/librosdeoro.cafam.com.co\/libro2022\/wp-json\/wp\/v2\/users\/4"}],"replies":[{"embeddable":true,"href":"https:\/\/librosdeoro.cafam.com.co\/libro2022\/wp-json\/wp\/v2\/comments?post=209"}],"version-history":[{"count":1,"href":"https:\/\/librosdeoro.cafam.com.co\/libro2022\/wp-json\/wp\/v2\/pages\/209\/revisions"}],"predecessor-version":[{"id":210,"href":"https:\/\/librosdeoro.cafam.com.co\/libro2022\/wp-json\/wp\/v2\/pages\/209\/revisions\/210"}],"wp:featuredmedia":[{"embeddable":true,"href":"https:\/\/librosdeoro.cafam.com.co\/libro2022\/wp-json\/wp\/v2\/media\/404"}],"wp:attachment":[{"href":"https:\/\/librosdeoro.cafam.com.co\/libro2022\/wp-json\/wp\/v2\/media?parent=209"}],"curies":[{"name":"wp","href":"https:\/\/api.w.org\/{rel}","templated":true}]}}