{"id":1596,"date":"2022-11-29T16:48:03","date_gmt":"2022-11-29T21:48:03","guid":{"rendered":"https:\/\/librosdeoro.cafam.com.co\/libro2022\/?page_id=1596"},"modified":"2022-12-12T16:11:00","modified_gmt":"2022-12-12T21:11:00","slug":"palabras-de-la-primera-dama","status":"publish","type":"page","link":"https:\/\/librosdeoro.cafam.com.co\/libro2022\/palabras-de-la-primera-dama\/","title":{"rendered":"Palabras de la Primera Dama"},"content":{"rendered":"","protected":false},"excerpt":{"rendered":"","protected":false},"author":5,"featured_media":1822,"parent":0,"menu_order":0,"comment_status":"closed","ping_status":"closed","template":"","meta":{"footnotes":""},"class_list":["post-1596","page","type-page","status-publish","has-post-thumbnail","hentry"],"yoast_head":"<!-- This site is optimized with the Yoast SEO plugin v23.1 - https:\/\/yoast.com\/wordpress\/plugins\/seo\/ -->\n<title>Palabras de la Primera Dama - Libros de Oro 2022<\/title>\n<meta name=\"description\" content=\"aludo cari\u00f1oso, con admiraci\u00f3n a todas las mujeres Cafam, a las que hoy est\u00e1n presentes y a las que, a lo largo de estos a\u00f1os.\" \/>\n<meta name=\"robots\" content=\"index, follow, max-snippet:-1, max-image-preview:large, max-video-preview:-1\" \/>\n<link rel=\"canonical\" href=\"https:\/\/librosdeoro.cafam.com.co\/libro2022\/palabras-de-la-primera-dama\/\" \/>\n<meta property=\"og:locale\" content=\"es_ES\" \/>\n<meta property=\"og:type\" content=\"article\" \/>\n<meta property=\"og:title\" content=\"Palabras de la Primera Dama - Libros de Oro 2022\" \/>\n<meta property=\"og:description\" content=\"aludo cari\u00f1oso, con admiraci\u00f3n a todas las mujeres Cafam, a las que hoy est\u00e1n presentes y a las que, a lo largo de estos a\u00f1os.\" \/>\n<meta property=\"og:url\" content=\"https:\/\/librosdeoro.cafam.com.co\/libro2022\/palabras-de-la-primera-dama\/\" \/>\n<meta property=\"og:site_name\" content=\"Libros de Oro 2022\" \/>\n<meta property=\"article:modified_time\" content=\"2022-12-12T21:11:00+00:00\" \/>\n<meta property=\"og:image\" content=\"https:\/\/librosdeoro.cafam.com.co\/libro2022\/wp-content\/uploads\/sites\/10\/2022\/12\/MicrosoftTeams-image-1.jpeg\" \/>\n\t<meta property=\"og:image:width\" content=\"493\" \/>\n\t<meta property=\"og:image:height\" content=\"690\" \/>\n\t<meta property=\"og:image:type\" content=\"image\/jpeg\" \/>\n<meta name=\"twitter:card\" content=\"summary_large_image\" \/>\n<script type=\"application\/ld+json\" class=\"yoast-schema-graph\">{\"@context\":\"https:\/\/schema.org\",\"@graph\":[{\"@type\":\"WebPage\",\"@id\":\"https:\/\/librosdeoro.cafam.com.co\/libro2022\/palabras-de-la-primera-dama\/\",\"url\":\"https:\/\/librosdeoro.cafam.com.co\/libro2022\/palabras-de-la-primera-dama\/\",\"name\":\"Palabras de la Primera Dama - Libros de Oro 2022\",\"isPartOf\":{\"@id\":\"https:\/\/librosdeoro.cafam.com.co\/libro2022\/#website\"},\"primaryImageOfPage\":{\"@id\":\"https:\/\/librosdeoro.cafam.com.co\/libro2022\/palabras-de-la-primera-dama\/#primaryimage\"},\"image\":{\"@id\":\"https:\/\/librosdeoro.cafam.com.co\/libro2022\/palabras-de-la-primera-dama\/#primaryimage\"},\"thumbnailUrl\":\"https:\/\/librosdeoro.cafam.com.co\/libro2022\/wp-content\/uploads\/sites\/10\/2022\/12\/MicrosoftTeams-image-1.jpeg\",\"datePublished\":\"2022-11-29T21:48:03+00:00\",\"dateModified\":\"2022-12-12T21:11:00+00:00\",\"description\":\"aludo cari\u00f1oso, con admiraci\u00f3n a todas las mujeres Cafam, a las que hoy est\u00e1n presentes y a las que, a lo largo de estos a\u00f1os.\",\"breadcrumb\":{\"@id\":\"https:\/\/librosdeoro.cafam.com.co\/libro2022\/palabras-de-la-primera-dama\/#breadcrumb\"},\"inLanguage\":\"es-CO\",\"potentialAction\":[{\"@type\":\"ReadAction\",\"target\":[\"https:\/\/librosdeoro.cafam.com.co\/libro2022\/palabras-de-la-primera-dama\/\"]}]},{\"@type\":\"ImageObject\",\"inLanguage\":\"es-CO\",\"@id\":\"https:\/\/librosdeoro.cafam.com.co\/libro2022\/palabras-de-la-primera-dama\/#primaryimage\",\"url\":\"https:\/\/librosdeoro.cafam.com.co\/libro2022\/wp-content\/uploads\/sites\/10\/2022\/12\/MicrosoftTeams-image-1.jpeg\",\"contentUrl\":\"https:\/\/librosdeoro.cafam.com.co\/libro2022\/wp-content\/uploads\/sites\/10\/2022\/12\/MicrosoftTeams-image-1.jpeg\",\"width\":493,\"height\":690},{\"@type\":\"BreadcrumbList\",\"@id\":\"https:\/\/librosdeoro.cafam.com.co\/libro2022\/palabras-de-la-primera-dama\/#breadcrumb\",\"itemListElement\":[{\"@type\":\"ListItem\",\"position\":1,\"name\":\"Home\",\"item\":\"https:\/\/librosdeoro.cafam.com.co\/libro2022\/\"},{\"@type\":\"ListItem\",\"position\":2,\"name\":\"Palabras de la Primera Dama\"}]},{\"@type\":\"WebSite\",\"@id\":\"https:\/\/librosdeoro.cafam.com.co\/libro2022\/#website\",\"url\":\"https:\/\/librosdeoro.cafam.com.co\/libro2022\/\",\"name\":\"Libros de Oro 2022\",\"description\":\"\",\"potentialAction\":[{\"@type\":\"SearchAction\",\"target\":{\"@type\":\"EntryPoint\",\"urlTemplate\":\"https:\/\/librosdeoro.cafam.com.co\/libro2022\/?s={search_term_string}\"},\"query-input\":\"required name=search_term_string\"}],\"inLanguage\":\"es-CO\"}]}<\/script>\n<!-- \/ Yoast SEO plugin. -->","yoast_head_json":{"title":"Palabras de la Primera Dama - Libros de Oro 2022","description":"aludo cari\u00f1oso, con admiraci\u00f3n a todas las mujeres Cafam, a las que hoy est\u00e1n presentes y a las que, a lo largo de estos a\u00f1os.","robots":{"index":"index","follow":"follow","max-snippet":"max-snippet:-1","max-image-preview":"max-image-preview:large","max-video-preview":"max-video-preview:-1"},"canonical":"https:\/\/librosdeoro.cafam.com.co\/libro2022\/palabras-de-la-primera-dama\/","og_locale":"es_ES","og_type":"article","og_title":"Palabras de la Primera Dama - Libros de Oro 2022","og_description":"aludo cari\u00f1oso, con admiraci\u00f3n a todas las mujeres Cafam, a las que hoy est\u00e1n presentes y a las que, a lo largo de estos a\u00f1os.","og_url":"https:\/\/librosdeoro.cafam.com.co\/libro2022\/palabras-de-la-primera-dama\/","og_site_name":"Libros de Oro 2022","article_modified_time":"2022-12-12T21:11:00+00:00","og_image":[{"width":493,"height":690,"url":"https:\/\/librosdeoro.cafam.com.co\/libro2022\/wp-content\/uploads\/sites\/10\/2022\/12\/MicrosoftTeams-image-1.jpeg","type":"image\/jpeg"}],"twitter_card":"summary_large_image","schema":{"@context":"https:\/\/schema.org","@graph":[{"@type":"WebPage","@id":"https:\/\/librosdeoro.cafam.com.co\/libro2022\/palabras-de-la-primera-dama\/","url":"https:\/\/librosdeoro.cafam.com.co\/libro2022\/palabras-de-la-primera-dama\/","name":"Palabras de la Primera Dama - Libros de Oro 2022","isPartOf":{"@id":"https:\/\/librosdeoro.cafam.com.co\/libro2022\/#website"},"primaryImageOfPage":{"@id":"https:\/\/librosdeoro.cafam.com.co\/libro2022\/palabras-de-la-primera-dama\/#primaryimage"},"image":{"@id":"https:\/\/librosdeoro.cafam.com.co\/libro2022\/palabras-de-la-primera-dama\/#primaryimage"},"thumbnailUrl":"https:\/\/librosdeoro.cafam.com.co\/libro2022\/wp-content\/uploads\/sites\/10\/2022\/12\/MicrosoftTeams-image-1.jpeg","datePublished":"2022-11-29T21:48:03+00:00","dateModified":"2022-12-12T21:11:00+00:00","description":"aludo cari\u00f1oso, con admiraci\u00f3n a todas las mujeres Cafam, a las que hoy est\u00e1n presentes y a las que, a lo largo de estos a\u00f1os.","breadcrumb":{"@id":"https:\/\/librosdeoro.cafam.com.co\/libro2022\/palabras-de-la-primera-dama\/#breadcrumb"},"inLanguage":"es-CO","potentialAction":[{"@type":"ReadAction","target":["https:\/\/librosdeoro.cafam.com.co\/libro2022\/palabras-de-la-primera-dama\/"]}]},{"@type":"ImageObject","inLanguage":"es-CO","@id":"https:\/\/librosdeoro.cafam.com.co\/libro2022\/palabras-de-la-primera-dama\/#primaryimage","url":"https:\/\/librosdeoro.cafam.com.co\/libro2022\/wp-content\/uploads\/sites\/10\/2022\/12\/MicrosoftTeams-image-1.jpeg","contentUrl":"https:\/\/librosdeoro.cafam.com.co\/libro2022\/wp-content\/uploads\/sites\/10\/2022\/12\/MicrosoftTeams-image-1.jpeg","width":493,"height":690},{"@type":"BreadcrumbList","@id":"https:\/\/librosdeoro.cafam.com.co\/libro2022\/palabras-de-la-primera-dama\/#breadcrumb","itemListElement":[{"@type":"ListItem","position":1,"name":"Home","item":"https:\/\/librosdeoro.cafam.com.co\/libro2022\/"},{"@type":"ListItem","position":2,"name":"Palabras de la Primera Dama"}]},{"@type":"WebSite","@id":"https:\/\/librosdeoro.cafam.com.co\/libro2022\/#website","url":"https:\/\/librosdeoro.cafam.com.co\/libro2022\/","name":"Libros de Oro 2022","description":"","potentialAction":[{"@type":"SearchAction","target":{"@type":"EntryPoint","urlTemplate":"https:\/\/librosdeoro.cafam.com.co\/libro2022\/?s={search_term_string}"},"query-input":"required name=search_term_string"}],"inLanguage":"es-CO"}]}},"_links":{"self":[{"href":"https:\/\/librosdeoro.cafam.com.co\/libro2022\/wp-json\/wp\/v2\/pages\/1596","targetHints":{"allow":["GET"]}}],"collection":[{"href":"https:\/\/librosdeoro.cafam.com.co\/libro2022\/wp-json\/wp\/v2\/pages"}],"about":[{"href":"https:\/\/librosdeoro.cafam.com.co\/libro2022\/wp-json\/wp\/v2\/types\/page"}],"author":[{"embeddable":true,"href":"https:\/\/librosdeoro.cafam.com.co\/libro2022\/wp-json\/wp\/v2\/users\/5"}],"replies":[{"embeddable":true,"href":"https:\/\/librosdeoro.cafam.com.co\/libro2022\/wp-json\/wp\/v2\/comments?post=1596"}],"version-history":[{"count":1,"href":"https:\/\/librosdeoro.cafam.com.co\/libro2022\/wp-json\/wp\/v2\/pages\/1596\/revisions"}],"predecessor-version":[{"id":1597,"href":"https:\/\/librosdeoro.cafam.com.co\/libro2022\/wp-json\/wp\/v2\/pages\/1596\/revisions\/1597"}],"wp:featuredmedia":[{"embeddable":true,"href":"https:\/\/librosdeoro.cafam.com.co\/libro2022\/wp-json\/wp\/v2\/media\/1822"}],"wp:attachment":[{"href":"https:\/\/librosdeoro.cafam.com.co\/libro2022\/wp-json\/wp\/v2\/media?parent=1596"}],"curies":[{"name":"wp","href":"https:\/\/api.w.org\/{rel}","templated":true}]}}