{"id":1512,"date":"2022-09-03T09:19:42","date_gmt":"2022-09-03T14:19:42","guid":{"rendered":"https:\/\/librosdeoro.cafam.com.co\/libro2022\/?page_id=1512"},"modified":"2022-09-03T09:23:05","modified_gmt":"2022-09-03T14:23:05","slug":"yusley-kafiana-olaya-yepes","status":"publish","type":"page","link":"https:\/\/librosdeoro.cafam.com.co\/libro2022\/candidatas-2019\/yusley-kafiana-olaya-yepes\/","title":{"rendered":"YUSLEY KAFIANA OLAYA YEPES"},"content":{"rendered":"","protected":false},"excerpt":{"rendered":"","protected":false},"author":4,"featured_media":1454,"parent":1426,"menu_order":0,"comment_status":"closed","ping_status":"closed","template":"","meta":{"footnotes":""},"class_list":["post-1512","page","type-page","status-publish","has-post-thumbnail","hentry"],"yoast_head":"<!-- This site is optimized with the Yoast SEO plugin v23.1 - https:\/\/yoast.com\/wordpress\/plugins\/seo\/ -->\n<title>YUSLEY KAFIANA OLAYA YEPES - Libros de Oro 2022 2019<\/title>\n<meta name=\"description\" content=\"Para Yusley su prioridad ha sido la comunidad el Guamal, d\u00e1ndoles a ellos educaci\u00f3n y prevenci\u00f3n para el cuidado de la salud y del medio ambiente.\" \/>\n<meta name=\"robots\" content=\"index, follow, max-snippet:-1, max-image-preview:large, max-video-preview:-1\" \/>\n<link rel=\"canonical\" href=\"https:\/\/librosdeoro.cafam.com.co\/libro2022\/candidatas-2019\/yusley-kafiana-olaya-yepes\/\" \/>\n<meta property=\"og:locale\" content=\"es_ES\" \/>\n<meta property=\"og:type\" content=\"article\" \/>\n<meta property=\"og:title\" content=\"YUSLEY KAFIANA OLAYA YEPES - Libros de Oro 2022 2019\" \/>\n<meta property=\"og:description\" content=\"Para Yusley su prioridad ha sido la comunidad el Guamal, d\u00e1ndoles a ellos educaci\u00f3n y prevenci\u00f3n para el cuidado de la salud y del medio ambiente.\" \/>\n<meta property=\"og:url\" content=\"https:\/\/librosdeoro.cafam.com.co\/libro2022\/candidatas-2019\/yusley-kafiana-olaya-yepes\/\" \/>\n<meta property=\"og:site_name\" content=\"Libros de Oro 2022\" \/>\n<meta property=\"article:modified_time\" content=\"2022-09-03T14:23:05+00:00\" \/>\n<meta property=\"og:image\" content=\"https:\/\/librosdeoro.cafam.com.co\/libro2022\/wp-content\/uploads\/sites\/10\/2022\/09\/VAUPES-Yusley-Kafiana-Olaya-Yepes.jpg\" \/>\n\t<meta property=\"og:image:width\" content=\"450\" \/>\n\t<meta property=\"og:image:height\" content=\"600\" \/>\n\t<meta property=\"og:image:type\" content=\"image\/jpeg\" \/>\n<meta name=\"twitter:card\" content=\"summary_large_image\" \/>\n<script type=\"application\/ld+json\" class=\"yoast-schema-graph\">{\"@context\":\"https:\/\/schema.org\",\"@graph\":[{\"@type\":\"WebPage\",\"@id\":\"https:\/\/librosdeoro.cafam.com.co\/libro2022\/candidatas-2019\/yusley-kafiana-olaya-yepes\/\",\"url\":\"https:\/\/librosdeoro.cafam.com.co\/libro2022\/candidatas-2019\/yusley-kafiana-olaya-yepes\/\",\"name\":\"YUSLEY KAFIANA OLAYA YEPES - Libros de Oro 2022 2019\",\"isPartOf\":{\"@id\":\"https:\/\/librosdeoro.cafam.com.co\/libro2022\/#website\"},\"primaryImageOfPage\":{\"@id\":\"https:\/\/librosdeoro.cafam.com.co\/libro2022\/candidatas-2019\/yusley-kafiana-olaya-yepes\/#primaryimage\"},\"image\":{\"@id\":\"https:\/\/librosdeoro.cafam.com.co\/libro2022\/candidatas-2019\/yusley-kafiana-olaya-yepes\/#primaryimage\"},\"thumbnailUrl\":\"https:\/\/librosdeoro.cafam.com.co\/libro2022\/wp-content\/uploads\/sites\/10\/2022\/09\/VAUPES-Yusley-Kafiana-Olaya-Yepes.jpg\",\"datePublished\":\"2022-09-03T14:19:42+00:00\",\"dateModified\":\"2022-09-03T14:23:05+00:00\",\"description\":\"Para Yusley su prioridad ha sido la comunidad el Guamal, d\u00e1ndoles a ellos educaci\u00f3n y prevenci\u00f3n para el cuidado de la salud y del medio ambiente.\",\"breadcrumb\":{\"@id\":\"https:\/\/librosdeoro.cafam.com.co\/libro2022\/candidatas-2019\/yusley-kafiana-olaya-yepes\/#breadcrumb\"},\"inLanguage\":\"es-CO\",\"potentialAction\":[{\"@type\":\"ReadAction\",\"target\":[\"https:\/\/librosdeoro.cafam.com.co\/libro2022\/candidatas-2019\/yusley-kafiana-olaya-yepes\/\"]}]},{\"@type\":\"ImageObject\",\"inLanguage\":\"es-CO\",\"@id\":\"https:\/\/librosdeoro.cafam.com.co\/libro2022\/candidatas-2019\/yusley-kafiana-olaya-yepes\/#primaryimage\",\"url\":\"https:\/\/librosdeoro.cafam.com.co\/libro2022\/wp-content\/uploads\/sites\/10\/2022\/09\/VAUPES-Yusley-Kafiana-Olaya-Yepes.jpg\",\"contentUrl\":\"https:\/\/librosdeoro.cafam.com.co\/libro2022\/wp-content\/uploads\/sites\/10\/2022\/09\/VAUPES-Yusley-Kafiana-Olaya-Yepes.jpg\",\"width\":450,\"height\":600},{\"@type\":\"BreadcrumbList\",\"@id\":\"https:\/\/librosdeoro.cafam.com.co\/libro2022\/candidatas-2019\/yusley-kafiana-olaya-yepes\/#breadcrumb\",\"itemListElement\":[{\"@type\":\"ListItem\",\"position\":1,\"name\":\"Home\",\"item\":\"https:\/\/librosdeoro.cafam.com.co\/libro2022\/\"},{\"@type\":\"ListItem\",\"position\":2,\"name\":\"CANDIDATAS 2019\",\"item\":\"https:\/\/librosdeoro.cafam.com.co\/libro2022\/candidatas-2019\/\"},{\"@type\":\"ListItem\",\"position\":3,\"name\":\"YUSLEY KAFIANA OLAYA YEPES\"}]},{\"@type\":\"WebSite\",\"@id\":\"https:\/\/librosdeoro.cafam.com.co\/libro2022\/#website\",\"url\":\"https:\/\/librosdeoro.cafam.com.co\/libro2022\/\",\"name\":\"Libros de Oro 2022\",\"description\":\"\",\"potentialAction\":[{\"@type\":\"SearchAction\",\"target\":{\"@type\":\"EntryPoint\",\"urlTemplate\":\"https:\/\/librosdeoro.cafam.com.co\/libro2022\/?s={search_term_string}\"},\"query-input\":\"required name=search_term_string\"}],\"inLanguage\":\"es-CO\"}]}<\/script>\n<!-- \/ Yoast SEO plugin. -->","yoast_head_json":{"title":"YUSLEY KAFIANA OLAYA YEPES - Libros de Oro 2022 2019","description":"Para Yusley su prioridad ha sido la comunidad el Guamal, d\u00e1ndoles a ellos educaci\u00f3n y prevenci\u00f3n para el cuidado de la salud y del medio ambiente.","robots":{"index":"index","follow":"follow","max-snippet":"max-snippet:-1","max-image-preview":"max-image-preview:large","max-video-preview":"max-video-preview:-1"},"canonical":"https:\/\/librosdeoro.cafam.com.co\/libro2022\/candidatas-2019\/yusley-kafiana-olaya-yepes\/","og_locale":"es_ES","og_type":"article","og_title":"YUSLEY KAFIANA OLAYA YEPES - Libros de Oro 2022 2019","og_description":"Para Yusley su prioridad ha sido la comunidad el Guamal, d\u00e1ndoles a ellos educaci\u00f3n y prevenci\u00f3n para el cuidado de la salud y del medio ambiente.","og_url":"https:\/\/librosdeoro.cafam.com.co\/libro2022\/candidatas-2019\/yusley-kafiana-olaya-yepes\/","og_site_name":"Libros de Oro 2022","article_modified_time":"2022-09-03T14:23:05+00:00","og_image":[{"width":450,"height":600,"url":"https:\/\/librosdeoro.cafam.com.co\/libro2022\/wp-content\/uploads\/sites\/10\/2022\/09\/VAUPES-Yusley-Kafiana-Olaya-Yepes.jpg","type":"image\/jpeg"}],"twitter_card":"summary_large_image","schema":{"@context":"https:\/\/schema.org","@graph":[{"@type":"WebPage","@id":"https:\/\/librosdeoro.cafam.com.co\/libro2022\/candidatas-2019\/yusley-kafiana-olaya-yepes\/","url":"https:\/\/librosdeoro.cafam.com.co\/libro2022\/candidatas-2019\/yusley-kafiana-olaya-yepes\/","name":"YUSLEY KAFIANA OLAYA YEPES - Libros de Oro 2022 2019","isPartOf":{"@id":"https:\/\/librosdeoro.cafam.com.co\/libro2022\/#website"},"primaryImageOfPage":{"@id":"https:\/\/librosdeoro.cafam.com.co\/libro2022\/candidatas-2019\/yusley-kafiana-olaya-yepes\/#primaryimage"},"image":{"@id":"https:\/\/librosdeoro.cafam.com.co\/libro2022\/candidatas-2019\/yusley-kafiana-olaya-yepes\/#primaryimage"},"thumbnailUrl":"https:\/\/librosdeoro.cafam.com.co\/libro2022\/wp-content\/uploads\/sites\/10\/2022\/09\/VAUPES-Yusley-Kafiana-Olaya-Yepes.jpg","datePublished":"2022-09-03T14:19:42+00:00","dateModified":"2022-09-03T14:23:05+00:00","description":"Para Yusley su prioridad ha sido la comunidad el Guamal, d\u00e1ndoles a ellos educaci\u00f3n y prevenci\u00f3n para el cuidado de la salud y del medio ambiente.","breadcrumb":{"@id":"https:\/\/librosdeoro.cafam.com.co\/libro2022\/candidatas-2019\/yusley-kafiana-olaya-yepes\/#breadcrumb"},"inLanguage":"es-CO","potentialAction":[{"@type":"ReadAction","target":["https:\/\/librosdeoro.cafam.com.co\/libro2022\/candidatas-2019\/yusley-kafiana-olaya-yepes\/"]}]},{"@type":"ImageObject","inLanguage":"es-CO","@id":"https:\/\/librosdeoro.cafam.com.co\/libro2022\/candidatas-2019\/yusley-kafiana-olaya-yepes\/#primaryimage","url":"https:\/\/librosdeoro.cafam.com.co\/libro2022\/wp-content\/uploads\/sites\/10\/2022\/09\/VAUPES-Yusley-Kafiana-Olaya-Yepes.jpg","contentUrl":"https:\/\/librosdeoro.cafam.com.co\/libro2022\/wp-content\/uploads\/sites\/10\/2022\/09\/VAUPES-Yusley-Kafiana-Olaya-Yepes.jpg","width":450,"height":600},{"@type":"BreadcrumbList","@id":"https:\/\/librosdeoro.cafam.com.co\/libro2022\/candidatas-2019\/yusley-kafiana-olaya-yepes\/#breadcrumb","itemListElement":[{"@type":"ListItem","position":1,"name":"Home","item":"https:\/\/librosdeoro.cafam.com.co\/libro2022\/"},{"@type":"ListItem","position":2,"name":"CANDIDATAS 2019","item":"https:\/\/librosdeoro.cafam.com.co\/libro2022\/candidatas-2019\/"},{"@type":"ListItem","position":3,"name":"YUSLEY KAFIANA OLAYA YEPES"}]},{"@type":"WebSite","@id":"https:\/\/librosdeoro.cafam.com.co\/libro2022\/#website","url":"https:\/\/librosdeoro.cafam.com.co\/libro2022\/","name":"Libros de Oro 2022","description":"","potentialAction":[{"@type":"SearchAction","target":{"@type":"EntryPoint","urlTemplate":"https:\/\/librosdeoro.cafam.com.co\/libro2022\/?s={search_term_string}"},"query-input":"required name=search_term_string"}],"inLanguage":"es-CO"}]}},"_links":{"self":[{"href":"https:\/\/librosdeoro.cafam.com.co\/libro2022\/wp-json\/wp\/v2\/pages\/1512","targetHints":{"allow":["GET"]}}],"collection":[{"href":"https:\/\/librosdeoro.cafam.com.co\/libro2022\/wp-json\/wp\/v2\/pages"}],"about":[{"href":"https:\/\/librosdeoro.cafam.com.co\/libro2022\/wp-json\/wp\/v2\/types\/page"}],"author":[{"embeddable":true,"href":"https:\/\/librosdeoro.cafam.com.co\/libro2022\/wp-json\/wp\/v2\/users\/4"}],"replies":[{"embeddable":true,"href":"https:\/\/librosdeoro.cafam.com.co\/libro2022\/wp-json\/wp\/v2\/comments?post=1512"}],"version-history":[{"count":1,"href":"https:\/\/librosdeoro.cafam.com.co\/libro2022\/wp-json\/wp\/v2\/pages\/1512\/revisions"}],"predecessor-version":[{"id":1513,"href":"https:\/\/librosdeoro.cafam.com.co\/libro2022\/wp-json\/wp\/v2\/pages\/1512\/revisions\/1513"}],"up":[{"embeddable":true,"href":"https:\/\/librosdeoro.cafam.com.co\/libro2022\/wp-json\/wp\/v2\/pages\/1426"}],"wp:featuredmedia":[{"embeddable":true,"href":"https:\/\/librosdeoro.cafam.com.co\/libro2022\/wp-json\/wp\/v2\/media\/1454"}],"wp:attachment":[{"href":"https:\/\/librosdeoro.cafam.com.co\/libro2022\/wp-json\/wp\/v2\/media?parent=1512"}],"curies":[{"name":"wp","href":"https:\/\/api.w.org\/{rel}","templated":true}]}}