{"id":3811,"date":"2025-07-10T22:15:55","date_gmt":"2025-07-10T22:15:55","guid":{"rendered":"https:\/\/librosdeoro.cafam.com.co\/libro2020\/?page_id=3811"},"modified":"2025-07-10T22:15:56","modified_gmt":"2025-07-10T22:15:56","slug":"maria-celina-suarez-rodriguez","status":"publish","type":"page","link":"https:\/\/librosdeoro.cafam.com.co\/libro2020\/maria-celina-suarez-rodriguez\/","title":{"rendered":"Mar\u00eda Celina Su\u00e1rez Rodr\u00edguez"},"content":{"rendered":"<div class=\"wp-block-image\">\n<figure class=\"aligncenter\"><img decoding=\"async\" src=\"https:\/\/librosdeoro.cafam.com.co\/wp-content\/uploads\/sites\/9\/2020\/02\/VAUPES-MARIA-CELINA-SUAREZ-URIBE-IMAV_0316.jpg\" alt=\"\" class=\"wp-image-1677\" \/><\/figure><\/div>\n\n\n<h3 class=\"wp-block-heading\"><\/h3>\n\n\n\n<h1 class=\"wp-block-heading\">Mar\u00eda Celina Su\u00e1rez Rodr\u00edguez<\/h1>\n\n\n\n<h2 class=\"wp-block-heading\">Mujer Cafam Vaup\u00e9s<\/h2>\n\n\n\n<h3 class=\"wp-block-heading\">Semillas ancestrales para un mejor futuro<\/h3>\n\n\n\n<figure class=\"wp-block-table\"><table class=\"has-fixed-layout\"><tbody><tr><td colspan=\"2\">En Vaup\u00e9s la agricultura itinerante o \u201cchagra\u201d es un mecanismo que practican las familias ind\u00edgenas para la siembra y cultivo de especies nativas propias de la regi\u00f3n, con miras a garantizar su alimentaci\u00f3n que se complementa con actividades de recolecci\u00f3n de frutos, caza y pesca. Y para no perder esta ancestral costumbre, Mar\u00eda Celina estudi\u00f3 explotaci\u00f3n diversificada y sus pasant\u00edas las hizo en la comunidad ind\u00edgena La Libertad. All\u00ed trabaj\u00f3 un modelo de jaulas flotantes para la cr\u00eda de pescado nativo, pero debido al robo de los alevinos no tuvo un buen final este emprendimiento. Gracias al SENA empez\u00f3 a trabajar con las mujeres de su comunidad y presentaron proyectos al Incoder, entidad estatal que les ayud\u00f3 a fortalecer sus productos sembrados en la chagra como el pl\u00e1tano, la yuca brava y dulce, la pi\u00f1a, entre otros. Adem\u00e1s, les recomendaron que se asociaran y emplearan adecuadamente los insumos y elementos aportados al proyecto, por lo que se legaliz\u00f3 la Asociaci\u00f3n Mujeres Trabajadoras de la Libertad.<\/td><td colspan=\"2\">En la Asociaci\u00f3n trabajan incansablemente para motivar a otras mujeres y seguir vendiendo productos como galletas de wasay, mirit\u00ed, tortas de copo azul y quinapira (caldo de pescado y aj\u00ed), hoja de yuca con pescado, carur\u00fa con pescado, jugo de wasay, miriti, manivara, cazabe con manibara, tucupi (caldo de pescado con manicuera y aj\u00ed), casabe y fari\u00f1a, almid\u00f3n, almid\u00f3n deshidratado (harina). El objetivo es seguir vinculando m\u00e1s mujeres y hombres a la asociaci\u00f3n para que vuelvan a la chagra, pues ya no se consigue fari\u00f1a y cazabe, productos nativos de la comida de la regi\u00f3n.<\/td><\/tr><\/tbody><\/table><\/figure>\n\n\n\n<figure class=\"wp-block-table\"><table class=\"has-fixed-layout\"><tbody><tr><td>\u00bfQui\u00e9n es Mar\u00eda Celina? Mar\u00eda Celina naci\u00f3 en Villa F\u00e1tima, bajo Vaup\u00e9s, el 16 de abril de 1966, hace parte de una familia ind\u00edgena de etnia desana y guanana. Estudi\u00f3 en el SENA de Mit\u00fa explotaci\u00f3n diversificada, tecnolog\u00eda en especies menores y t\u00e9cnico agropecuario. Desde peque\u00f1a quiso ser maestra porque su mam\u00e1 y sus t\u00edas lo fueron; en la Normal de Se\u00f1oritas sigui\u00f3 su proceso formativo pasando por dise\u00f1adora y facilitadora de ambientes de aprendizaje. Dice Mar\u00eda Celina que: \u201cSeguir\u00e9 luchando para que m\u00e1s mujeres y hombres se vinculen a nuestra asociaci\u00f3n y volvamos a sembrar nuestras chagras, recuperar muchas semillas y poder transformar estos productos y generar un valor agregado que posibilite venderlos a precios m\u00e1s favorables\u201d.<\/td><\/tr><\/tbody><\/table><\/figure>\n\n\n\n<figure class=\"wp-block-table\"><table class=\"has-fixed-layout\"><tbody><tr><td><img loading=\"lazy\" decoding=\"async\" src=\"https:\/\/librosdeoro.cafam.com.co\/wp-content\/uploads\/sites\/9\/2020\/09\/Vaupes.png\" alt=\"\" width=\"950\" height=\"525\"><\/td><\/tr><\/tbody><\/table><\/figure>\n\n\n\n<div class=\"wp-block-buttons is-content-justification-center is-layout-flex wp-container-core-buttons-is-layout-16018d1d wp-block-buttons-is-layout-flex\">\n<div class=\"wp-block-button is-style-fill\" id=\"https:\/\/librosdeoro.cafam.com.co\/libro2020\/mujeres-cafam-1989-2019\/\"><a class=\"wp-block-button__link has-col-f-9-f-9-f-9-color has-col-a-0-bd-3-f-background-color has-text-color has-background has-link-color wp-element-button\" href=\"https:\/\/librosdeoro.cafam.com.co\/libro2020\/mujeres-finalistas\/\" style=\"border-radius:16px\">Volver<\/a><\/div>\n<\/div>\n","protected":false},"excerpt":{"rendered":"<p>Mar\u00eda Celina Su\u00e1rez Rodr\u00edguez Mujer Cafam Vaup\u00e9s Semillas ancestrales para un mejor futuro En Vaup\u00e9s la agricultura itinerante o \u201cchagra\u201d es un mecanismo que practican las familias ind\u00edgenas para la siembra y cultivo de especies nativas propias de la regi\u00f3n, con miras a garantizar su alimentaci\u00f3n que se complementa con actividades de recolecci\u00f3n de frutos, [&hellip;]<\/p>\n","protected":false},"author":4,"featured_media":0,"parent":0,"menu_order":0,"comment_status":"closed","ping_status":"closed","template":"","meta":{"footnotes":""},"class_list":["post-3811","page","type-page","status-publish","hentry"],"yoast_head":"<!-- This site is optimized with the Yoast SEO plugin v23.1 - https:\/\/yoast.com\/wordpress\/plugins\/seo\/ -->\n<title>Mar\u00eda Celina Su\u00e1rez Rodr\u00edguez - Libros de Oro 2020<\/title>\n<meta name=\"robots\" content=\"index, follow, max-snippet:-1, max-image-preview:large, max-video-preview:-1\" \/>\n<link rel=\"canonical\" href=\"https:\/\/librosdeoro.cafam.com.co\/libro2020\/maria-celina-suarez-rodriguez\/\" \/>\n<meta property=\"og:locale\" content=\"es_ES\" \/>\n<meta property=\"og:type\" content=\"article\" \/>\n<meta property=\"og:title\" content=\"Mar\u00eda Celina Su\u00e1rez Rodr\u00edguez - Libros de Oro 2020\" \/>\n<meta property=\"og:description\" content=\"Mar\u00eda Celina Su\u00e1rez Rodr\u00edguez Mujer Cafam Vaup\u00e9s Semillas ancestrales para un mejor futuro En Vaup\u00e9s la agricultura itinerante o \u201cchagra\u201d es un mecanismo que practican las familias ind\u00edgenas para la siembra y cultivo de especies nativas propias de la regi\u00f3n, con miras a garantizar su alimentaci\u00f3n que se complementa con actividades de recolecci\u00f3n de frutos, [&hellip;]\" \/>\n<meta property=\"og:url\" content=\"https:\/\/librosdeoro.cafam.com.co\/libro2020\/maria-celina-suarez-rodriguez\/\" \/>\n<meta property=\"og:site_name\" content=\"Libros de Oro 2020\" \/>\n<meta property=\"article:modified_time\" content=\"2025-07-10T22:15:56+00:00\" \/>\n<meta property=\"og:image\" content=\"https:\/\/librosdeoro.cafam.com.co\/wp-content\/uploads\/sites\/9\/2020\/02\/VAUPES-MARIA-CELINA-SUAREZ-URIBE-IMAV_0316.jpg\" \/>\n<meta name=\"twitter:card\" content=\"summary_large_image\" \/>\n<meta name=\"twitter:label1\" content=\"Tiempo de lectura\" \/>\n\t<meta name=\"twitter:data1\" content=\"3 minutos\" \/>\n<script type=\"application\/ld+json\" class=\"yoast-schema-graph\">{\"@context\":\"https:\/\/schema.org\",\"@graph\":[{\"@type\":\"WebPage\",\"@id\":\"https:\/\/librosdeoro.cafam.com.co\/libro2020\/maria-celina-suarez-rodriguez\/\",\"url\":\"https:\/\/librosdeoro.cafam.com.co\/libro2020\/maria-celina-suarez-rodriguez\/\",\"name\":\"Mar\u00eda Celina Su\u00e1rez Rodr\u00edguez - Libros de Oro 2020\",\"isPartOf\":{\"@id\":\"https:\/\/librosdeoro.cafam.com.co\/libro2020\/#website\"},\"primaryImageOfPage\":{\"@id\":\"https:\/\/librosdeoro.cafam.com.co\/libro2020\/maria-celina-suarez-rodriguez\/#primaryimage\"},\"image\":{\"@id\":\"https:\/\/librosdeoro.cafam.com.co\/libro2020\/maria-celina-suarez-rodriguez\/#primaryimage\"},\"thumbnailUrl\":\"https:\/\/librosdeoro.cafam.com.co\/wp-content\/uploads\/sites\/9\/2020\/02\/VAUPES-MARIA-CELINA-SUAREZ-URIBE-IMAV_0316.jpg\",\"datePublished\":\"2025-07-10T22:15:55+00:00\",\"dateModified\":\"2025-07-10T22:15:56+00:00\",\"breadcrumb\":{\"@id\":\"https:\/\/librosdeoro.cafam.com.co\/libro2020\/maria-celina-suarez-rodriguez\/#breadcrumb\"},\"inLanguage\":\"es-CO\",\"potentialAction\":[{\"@type\":\"ReadAction\",\"target\":[\"https:\/\/librosdeoro.cafam.com.co\/libro2020\/maria-celina-suarez-rodriguez\/\"]}]},{\"@type\":\"ImageObject\",\"inLanguage\":\"es-CO\",\"@id\":\"https:\/\/librosdeoro.cafam.com.co\/libro2020\/maria-celina-suarez-rodriguez\/#primaryimage\",\"url\":\"https:\/\/librosdeoro.cafam.com.co\/wp-content\/uploads\/sites\/9\/2020\/02\/VAUPES-MARIA-CELINA-SUAREZ-URIBE-IMAV_0316.jpg\",\"contentUrl\":\"https:\/\/librosdeoro.cafam.com.co\/wp-content\/uploads\/sites\/9\/2020\/02\/VAUPES-MARIA-CELINA-SUAREZ-URIBE-IMAV_0316.jpg\"},{\"@type\":\"BreadcrumbList\",\"@id\":\"https:\/\/librosdeoro.cafam.com.co\/libro2020\/maria-celina-suarez-rodriguez\/#breadcrumb\",\"itemListElement\":[{\"@type\":\"ListItem\",\"position\":1,\"name\":\"Home\",\"item\":\"https:\/\/librosdeoro.cafam.com.co\/libro2020\/\"},{\"@type\":\"ListItem\",\"position\":2,\"name\":\"Mar\u00eda Celina Su\u00e1rez Rodr\u00edguez\"}]},{\"@type\":\"WebSite\",\"@id\":\"https:\/\/librosdeoro.cafam.com.co\/libro2020\/#website\",\"url\":\"https:\/\/librosdeoro.cafam.com.co\/libro2020\/\",\"name\":\"Libros de Oro 2020\",\"description\":\"\",\"potentialAction\":[{\"@type\":\"SearchAction\",\"target\":{\"@type\":\"EntryPoint\",\"urlTemplate\":\"https:\/\/librosdeoro.cafam.com.co\/libro2020\/?s={search_term_string}\"},\"query-input\":\"required name=search_term_string\"}],\"inLanguage\":\"es-CO\"}]}<\/script>\n<!-- \/ Yoast SEO plugin. -->","yoast_head_json":{"title":"Mar\u00eda Celina Su\u00e1rez Rodr\u00edguez - Libros de Oro 2020","robots":{"index":"index","follow":"follow","max-snippet":"max-snippet:-1","max-image-preview":"max-image-preview:large","max-video-preview":"max-video-preview:-1"},"canonical":"https:\/\/librosdeoro.cafam.com.co\/libro2020\/maria-celina-suarez-rodriguez\/","og_locale":"es_ES","og_type":"article","og_title":"Mar\u00eda Celina Su\u00e1rez Rodr\u00edguez - Libros de Oro 2020","og_description":"Mar\u00eda Celina Su\u00e1rez Rodr\u00edguez Mujer Cafam Vaup\u00e9s Semillas ancestrales para un mejor futuro En Vaup\u00e9s la agricultura itinerante o \u201cchagra\u201d es un mecanismo que practican las familias ind\u00edgenas para la siembra y cultivo de especies nativas propias de la regi\u00f3n, con miras a garantizar su alimentaci\u00f3n que se complementa con actividades de recolecci\u00f3n de frutos, [&hellip;]","og_url":"https:\/\/librosdeoro.cafam.com.co\/libro2020\/maria-celina-suarez-rodriguez\/","og_site_name":"Libros de Oro 2020","article_modified_time":"2025-07-10T22:15:56+00:00","og_image":[{"url":"https:\/\/librosdeoro.cafam.com.co\/wp-content\/uploads\/sites\/9\/2020\/02\/VAUPES-MARIA-CELINA-SUAREZ-URIBE-IMAV_0316.jpg"}],"twitter_card":"summary_large_image","twitter_misc":{"Tiempo de lectura":"3 minutos"},"schema":{"@context":"https:\/\/schema.org","@graph":[{"@type":"WebPage","@id":"https:\/\/librosdeoro.cafam.com.co\/libro2020\/maria-celina-suarez-rodriguez\/","url":"https:\/\/librosdeoro.cafam.com.co\/libro2020\/maria-celina-suarez-rodriguez\/","name":"Mar\u00eda Celina Su\u00e1rez Rodr\u00edguez - Libros de Oro 2020","isPartOf":{"@id":"https:\/\/librosdeoro.cafam.com.co\/libro2020\/#website"},"primaryImageOfPage":{"@id":"https:\/\/librosdeoro.cafam.com.co\/libro2020\/maria-celina-suarez-rodriguez\/#primaryimage"},"image":{"@id":"https:\/\/librosdeoro.cafam.com.co\/libro2020\/maria-celina-suarez-rodriguez\/#primaryimage"},"thumbnailUrl":"https:\/\/librosdeoro.cafam.com.co\/wp-content\/uploads\/sites\/9\/2020\/02\/VAUPES-MARIA-CELINA-SUAREZ-URIBE-IMAV_0316.jpg","datePublished":"2025-07-10T22:15:55+00:00","dateModified":"2025-07-10T22:15:56+00:00","breadcrumb":{"@id":"https:\/\/librosdeoro.cafam.com.co\/libro2020\/maria-celina-suarez-rodriguez\/#breadcrumb"},"inLanguage":"es-CO","potentialAction":[{"@type":"ReadAction","target":["https:\/\/librosdeoro.cafam.com.co\/libro2020\/maria-celina-suarez-rodriguez\/"]}]},{"@type":"ImageObject","inLanguage":"es-CO","@id":"https:\/\/librosdeoro.cafam.com.co\/libro2020\/maria-celina-suarez-rodriguez\/#primaryimage","url":"https:\/\/librosdeoro.cafam.com.co\/wp-content\/uploads\/sites\/9\/2020\/02\/VAUPES-MARIA-CELINA-SUAREZ-URIBE-IMAV_0316.jpg","contentUrl":"https:\/\/librosdeoro.cafam.com.co\/wp-content\/uploads\/sites\/9\/2020\/02\/VAUPES-MARIA-CELINA-SUAREZ-URIBE-IMAV_0316.jpg"},{"@type":"BreadcrumbList","@id":"https:\/\/librosdeoro.cafam.com.co\/libro2020\/maria-celina-suarez-rodriguez\/#breadcrumb","itemListElement":[{"@type":"ListItem","position":1,"name":"Home","item":"https:\/\/librosdeoro.cafam.com.co\/libro2020\/"},{"@type":"ListItem","position":2,"name":"Mar\u00eda Celina Su\u00e1rez Rodr\u00edguez"}]},{"@type":"WebSite","@id":"https:\/\/librosdeoro.cafam.com.co\/libro2020\/#website","url":"https:\/\/librosdeoro.cafam.com.co\/libro2020\/","name":"Libros de Oro 2020","description":"","potentialAction":[{"@type":"SearchAction","target":{"@type":"EntryPoint","urlTemplate":"https:\/\/librosdeoro.cafam.com.co\/libro2020\/?s={search_term_string}"},"query-input":"required name=search_term_string"}],"inLanguage":"es-CO"}]}},"_links":{"self":[{"href":"https:\/\/librosdeoro.cafam.com.co\/libro2020\/wp-json\/wp\/v2\/pages\/3811","targetHints":{"allow":["GET"]}}],"collection":[{"href":"https:\/\/librosdeoro.cafam.com.co\/libro2020\/wp-json\/wp\/v2\/pages"}],"about":[{"href":"https:\/\/librosdeoro.cafam.com.co\/libro2020\/wp-json\/wp\/v2\/types\/page"}],"author":[{"embeddable":true,"href":"https:\/\/librosdeoro.cafam.com.co\/libro2020\/wp-json\/wp\/v2\/users\/4"}],"replies":[{"embeddable":true,"href":"https:\/\/librosdeoro.cafam.com.co\/libro2020\/wp-json\/wp\/v2\/comments?post=3811"}],"version-history":[{"count":1,"href":"https:\/\/librosdeoro.cafam.com.co\/libro2020\/wp-json\/wp\/v2\/pages\/3811\/revisions"}],"predecessor-version":[{"id":3813,"href":"https:\/\/librosdeoro.cafam.com.co\/libro2020\/wp-json\/wp\/v2\/pages\/3811\/revisions\/3813"}],"wp:attachment":[{"href":"https:\/\/librosdeoro.cafam.com.co\/libro2020\/wp-json\/wp\/v2\/media?parent=3811"}],"curies":[{"name":"wp","href":"https:\/\/api.w.org\/{rel}","templated":true}]}}