{"id":3807,"date":"2025-07-10T22:14:34","date_gmt":"2025-07-10T22:14:34","guid":{"rendered":"https:\/\/librosdeoro.cafam.com.co\/libro2020\/?page_id=3807"},"modified":"2025-07-10T22:14:35","modified_gmt":"2025-07-10T22:14:35","slug":"elizabeth-salamando-de-navarrete","status":"publish","type":"page","link":"https:\/\/librosdeoro.cafam.com.co\/libro2020\/elizabeth-salamando-de-navarrete\/","title":{"rendered":"Elizabeth Salamando de Navarrete"},"content":{"rendered":"<div class=\"wp-block-image\">\n<figure class=\"aligncenter\"><img decoding=\"async\" src=\"https:\/\/librosdeoro.cafam.com.co\/wp-content\/uploads\/sites\/9\/2020\/02\/VALLE-DEL-CAUCA-ELIZABETH-SALAMANDO-DE-NAVARRETE-IMAV_0970.jpg\" alt=\"\" class=\"wp-image-1677\" \/><\/figure><\/div>\n\n\n<h3 class=\"wp-block-heading\"><\/h3>\n\n\n\n<h1 class=\"wp-block-heading\">Elizabeth Salamando de Navarrete<\/h1>\n\n\n\n<h2 class=\"wp-block-heading\">Mujer Cafam Valle del Cauca<\/h2>\n\n\n\n<h3 class=\"wp-block-heading\">Valores para formar ciudadanos de bien<\/h3>\n\n\n\n<figure class=\"wp-block-table\"><table class=\"has-fixed-layout\"><tbody><tr><td colspan=\"2\">Cuando Mar\u00eda Montessori revolucion\u00f3 los par\u00e1metros educativos a principios del siglo XX, estableci\u00f3 que los ni\u00f1os y ni\u00f1as deb\u00edan ser el epicentro de los procesos y modelos educativos no para crear genios, sino para que cada uno de ellos fuera un ser humano equilibrado, independiente y con valores. Estos principios han guiado a la mayor\u00eda de profesores del mundo y en especial la labor de Elizabeth quien en su trayectoria se ha caracterizado por inculcar en sus estudiantes la pr\u00e1ctica de la responsabilidad, la tolerancia, el amor y el respeto. Por estas razones decidi\u00f3 ser una docente-rectora que marcara la diferencia, que se acercara a los estudiantes, que hablara con ellos, que conociera un poco de sus necesidades y que les brindara una palabra y un gesto de afecto.<\/td><td colspan=\"2\">Su proyecto innovador de recuperaci\u00f3n y refuerzo de valores que surgi\u00f3 fue llamado Reflexi\u00f3n, Paz y Amor en la instituci\u00f3n educativa Colegio Benjam\u00edn Herrera, un colegio de Cali destinado a educar ni\u00f1os y j\u00f3venes de escasos recursos econ\u00f3micos; este proyecto se ha replicado a varias instituciones como el Colegio Militar Almirante Colon de Cali. De esta manera los estudiantes refuerzan, rescatan y vivencian los valores aprendidos en casa, que sirven para darle sentido a la vida y que se ven reflejados en su casa, colegio, barrio y ciudad, y que involucran a los estudiantes de todos los grados, docentes, rectores y padres de familia.<\/td><\/tr><\/tbody><\/table><\/figure>\n\n\n\n<figure class=\"wp-block-table\"><table class=\"has-fixed-layout\"><tbody><tr><td>\u00bfQui\u00e9n es Elizabeth? Elizabeth naci\u00f3 en Cali, Valle del Cauca, el 7 de julio de 1955, es licenciada en Biolog\u00eda y Qu\u00edmica de la Universidad Santiago de Cali y especialista en Gerencia Educativa de la Universidad Cat\u00f3lica. Desde peque\u00f1a quiso ser maestra porque su mam\u00e1 y sus t\u00edas lo fueron; en la Normal de Se\u00f1oritas sigui\u00f3 su proceso formativo pasando por dise\u00f1adora y facilitadora de ambientes de aprendizaje. En palabras de Elizabeth: \u201cLos valores son necesarios como soporte para llegar a un sue\u00f1o o una meta; son condiciones necesarias para el desarrollo de una persona triunfadora y capaz de superar obst\u00e1culos y de proponer soluciones a su comunidad; adem\u00e1s de la modificaci\u00f3n de un car\u00e1cter dominado por la baja autoestima y la falta de opciones de progreso, los estudiantes han aprendido que la violencia no es la \u00fanica forma de resolver conflictos, que el dinero f\u00e1cil no es la alternativa viable a la felicidad, pues se han transformado en animadores culturales y c\u00edvicos de su comunidad\u201d.<\/td><\/tr><\/tbody><\/table><\/figure>\n\n\n\n<figure class=\"wp-block-table\"><table class=\"has-fixed-layout\"><tbody><tr><td>Proyecto Innovador de Recuperaci\u00f3n y Refuerzo de Valores Sembrando Valores para un Mejor Ma\u00f1ana<br><strong>Correo electr\u00f3nico:<\/strong>\u00a0elizabethsalamando@outlook.com<\/td><\/tr><\/tbody><\/table><\/figure>\n\n\n\n<div class=\"wp-block-buttons is-content-justification-center is-layout-flex wp-container-core-buttons-is-layout-16018d1d wp-block-buttons-is-layout-flex\">\n<div class=\"wp-block-button is-style-fill\" id=\"https:\/\/librosdeoro.cafam.com.co\/libro2020\/mujeres-cafam-1989-2019\/\"><a class=\"wp-block-button__link has-col-f-9-f-9-f-9-color has-col-a-0-bd-3-f-background-color has-text-color has-background has-link-color wp-element-button\" href=\"https:\/\/librosdeoro.cafam.com.co\/libro2020\/mujeres-finalistas\/\" style=\"border-radius:16px\">Volver<\/a><\/div>\n<\/div>\n","protected":false},"excerpt":{"rendered":"<p>Elizabeth Salamando de Navarrete Mujer Cafam Valle del Cauca Valores para formar ciudadanos de bien Cuando Mar\u00eda Montessori revolucion\u00f3 los par\u00e1metros educativos a principios del siglo XX, estableci\u00f3 que los ni\u00f1os y ni\u00f1as deb\u00edan ser el epicentro de los procesos y modelos educativos no para crear genios, sino para que cada uno de ellos fuera [&hellip;]<\/p>\n","protected":false},"author":4,"featured_media":0,"parent":0,"menu_order":0,"comment_status":"closed","ping_status":"closed","template":"","meta":{"footnotes":""},"class_list":["post-3807","page","type-page","status-publish","hentry"],"yoast_head":"<!-- This site is optimized with the Yoast SEO plugin v23.1 - https:\/\/yoast.com\/wordpress\/plugins\/seo\/ -->\n<title>Elizabeth Salamando de Navarrete - Libros de Oro 2020<\/title>\n<meta name=\"robots\" content=\"index, follow, max-snippet:-1, max-image-preview:large, max-video-preview:-1\" \/>\n<link rel=\"canonical\" href=\"https:\/\/librosdeoro.cafam.com.co\/libro2020\/elizabeth-salamando-de-navarrete\/\" \/>\n<meta property=\"og:locale\" content=\"es_ES\" \/>\n<meta property=\"og:type\" content=\"article\" \/>\n<meta property=\"og:title\" content=\"Elizabeth Salamando de Navarrete - Libros de Oro 2020\" \/>\n<meta property=\"og:description\" content=\"Elizabeth Salamando de Navarrete Mujer Cafam Valle del Cauca Valores para formar ciudadanos de bien Cuando Mar\u00eda Montessori revolucion\u00f3 los par\u00e1metros educativos a principios del siglo XX, estableci\u00f3 que los ni\u00f1os y ni\u00f1as deb\u00edan ser el epicentro de los procesos y modelos educativos no para crear genios, sino para que cada uno de ellos fuera [&hellip;]\" \/>\n<meta property=\"og:url\" content=\"https:\/\/librosdeoro.cafam.com.co\/libro2020\/elizabeth-salamando-de-navarrete\/\" \/>\n<meta property=\"og:site_name\" content=\"Libros de Oro 2020\" \/>\n<meta property=\"article:modified_time\" content=\"2025-07-10T22:14:35+00:00\" \/>\n<meta property=\"og:image\" content=\"https:\/\/librosdeoro.cafam.com.co\/wp-content\/uploads\/sites\/9\/2020\/02\/VALLE-DEL-CAUCA-ELIZABETH-SALAMANDO-DE-NAVARRETE-IMAV_0970.jpg\" \/>\n<meta name=\"twitter:card\" content=\"summary_large_image\" \/>\n<meta name=\"twitter:label1\" content=\"Tiempo de lectura\" \/>\n\t<meta name=\"twitter:data1\" content=\"3 minutos\" \/>\n<script type=\"application\/ld+json\" class=\"yoast-schema-graph\">{\"@context\":\"https:\/\/schema.org\",\"@graph\":[{\"@type\":\"WebPage\",\"@id\":\"https:\/\/librosdeoro.cafam.com.co\/libro2020\/elizabeth-salamando-de-navarrete\/\",\"url\":\"https:\/\/librosdeoro.cafam.com.co\/libro2020\/elizabeth-salamando-de-navarrete\/\",\"name\":\"Elizabeth Salamando de Navarrete - Libros de Oro 2020\",\"isPartOf\":{\"@id\":\"https:\/\/librosdeoro.cafam.com.co\/libro2020\/#website\"},\"primaryImageOfPage\":{\"@id\":\"https:\/\/librosdeoro.cafam.com.co\/libro2020\/elizabeth-salamando-de-navarrete\/#primaryimage\"},\"image\":{\"@id\":\"https:\/\/librosdeoro.cafam.com.co\/libro2020\/elizabeth-salamando-de-navarrete\/#primaryimage\"},\"thumbnailUrl\":\"https:\/\/librosdeoro.cafam.com.co\/wp-content\/uploads\/sites\/9\/2020\/02\/VALLE-DEL-CAUCA-ELIZABETH-SALAMANDO-DE-NAVARRETE-IMAV_0970.jpg\",\"datePublished\":\"2025-07-10T22:14:34+00:00\",\"dateModified\":\"2025-07-10T22:14:35+00:00\",\"breadcrumb\":{\"@id\":\"https:\/\/librosdeoro.cafam.com.co\/libro2020\/elizabeth-salamando-de-navarrete\/#breadcrumb\"},\"inLanguage\":\"es-CO\",\"potentialAction\":[{\"@type\":\"ReadAction\",\"target\":[\"https:\/\/librosdeoro.cafam.com.co\/libro2020\/elizabeth-salamando-de-navarrete\/\"]}]},{\"@type\":\"ImageObject\",\"inLanguage\":\"es-CO\",\"@id\":\"https:\/\/librosdeoro.cafam.com.co\/libro2020\/elizabeth-salamando-de-navarrete\/#primaryimage\",\"url\":\"https:\/\/librosdeoro.cafam.com.co\/wp-content\/uploads\/sites\/9\/2020\/02\/VALLE-DEL-CAUCA-ELIZABETH-SALAMANDO-DE-NAVARRETE-IMAV_0970.jpg\",\"contentUrl\":\"https:\/\/librosdeoro.cafam.com.co\/wp-content\/uploads\/sites\/9\/2020\/02\/VALLE-DEL-CAUCA-ELIZABETH-SALAMANDO-DE-NAVARRETE-IMAV_0970.jpg\"},{\"@type\":\"BreadcrumbList\",\"@id\":\"https:\/\/librosdeoro.cafam.com.co\/libro2020\/elizabeth-salamando-de-navarrete\/#breadcrumb\",\"itemListElement\":[{\"@type\":\"ListItem\",\"position\":1,\"name\":\"Home\",\"item\":\"https:\/\/librosdeoro.cafam.com.co\/libro2020\/\"},{\"@type\":\"ListItem\",\"position\":2,\"name\":\"Elizabeth Salamando de Navarrete\"}]},{\"@type\":\"WebSite\",\"@id\":\"https:\/\/librosdeoro.cafam.com.co\/libro2020\/#website\",\"url\":\"https:\/\/librosdeoro.cafam.com.co\/libro2020\/\",\"name\":\"Libros de Oro 2020\",\"description\":\"\",\"potentialAction\":[{\"@type\":\"SearchAction\",\"target\":{\"@type\":\"EntryPoint\",\"urlTemplate\":\"https:\/\/librosdeoro.cafam.com.co\/libro2020\/?s={search_term_string}\"},\"query-input\":\"required name=search_term_string\"}],\"inLanguage\":\"es-CO\"}]}<\/script>\n<!-- \/ Yoast SEO plugin. -->","yoast_head_json":{"title":"Elizabeth Salamando de Navarrete - Libros de Oro 2020","robots":{"index":"index","follow":"follow","max-snippet":"max-snippet:-1","max-image-preview":"max-image-preview:large","max-video-preview":"max-video-preview:-1"},"canonical":"https:\/\/librosdeoro.cafam.com.co\/libro2020\/elizabeth-salamando-de-navarrete\/","og_locale":"es_ES","og_type":"article","og_title":"Elizabeth Salamando de Navarrete - Libros de Oro 2020","og_description":"Elizabeth Salamando de Navarrete Mujer Cafam Valle del Cauca Valores para formar ciudadanos de bien Cuando Mar\u00eda Montessori revolucion\u00f3 los par\u00e1metros educativos a principios del siglo XX, estableci\u00f3 que los ni\u00f1os y ni\u00f1as deb\u00edan ser el epicentro de los procesos y modelos educativos no para crear genios, sino para que cada uno de ellos fuera [&hellip;]","og_url":"https:\/\/librosdeoro.cafam.com.co\/libro2020\/elizabeth-salamando-de-navarrete\/","og_site_name":"Libros de Oro 2020","article_modified_time":"2025-07-10T22:14:35+00:00","og_image":[{"url":"https:\/\/librosdeoro.cafam.com.co\/wp-content\/uploads\/sites\/9\/2020\/02\/VALLE-DEL-CAUCA-ELIZABETH-SALAMANDO-DE-NAVARRETE-IMAV_0970.jpg"}],"twitter_card":"summary_large_image","twitter_misc":{"Tiempo de lectura":"3 minutos"},"schema":{"@context":"https:\/\/schema.org","@graph":[{"@type":"WebPage","@id":"https:\/\/librosdeoro.cafam.com.co\/libro2020\/elizabeth-salamando-de-navarrete\/","url":"https:\/\/librosdeoro.cafam.com.co\/libro2020\/elizabeth-salamando-de-navarrete\/","name":"Elizabeth Salamando de Navarrete - Libros de Oro 2020","isPartOf":{"@id":"https:\/\/librosdeoro.cafam.com.co\/libro2020\/#website"},"primaryImageOfPage":{"@id":"https:\/\/librosdeoro.cafam.com.co\/libro2020\/elizabeth-salamando-de-navarrete\/#primaryimage"},"image":{"@id":"https:\/\/librosdeoro.cafam.com.co\/libro2020\/elizabeth-salamando-de-navarrete\/#primaryimage"},"thumbnailUrl":"https:\/\/librosdeoro.cafam.com.co\/wp-content\/uploads\/sites\/9\/2020\/02\/VALLE-DEL-CAUCA-ELIZABETH-SALAMANDO-DE-NAVARRETE-IMAV_0970.jpg","datePublished":"2025-07-10T22:14:34+00:00","dateModified":"2025-07-10T22:14:35+00:00","breadcrumb":{"@id":"https:\/\/librosdeoro.cafam.com.co\/libro2020\/elizabeth-salamando-de-navarrete\/#breadcrumb"},"inLanguage":"es-CO","potentialAction":[{"@type":"ReadAction","target":["https:\/\/librosdeoro.cafam.com.co\/libro2020\/elizabeth-salamando-de-navarrete\/"]}]},{"@type":"ImageObject","inLanguage":"es-CO","@id":"https:\/\/librosdeoro.cafam.com.co\/libro2020\/elizabeth-salamando-de-navarrete\/#primaryimage","url":"https:\/\/librosdeoro.cafam.com.co\/wp-content\/uploads\/sites\/9\/2020\/02\/VALLE-DEL-CAUCA-ELIZABETH-SALAMANDO-DE-NAVARRETE-IMAV_0970.jpg","contentUrl":"https:\/\/librosdeoro.cafam.com.co\/wp-content\/uploads\/sites\/9\/2020\/02\/VALLE-DEL-CAUCA-ELIZABETH-SALAMANDO-DE-NAVARRETE-IMAV_0970.jpg"},{"@type":"BreadcrumbList","@id":"https:\/\/librosdeoro.cafam.com.co\/libro2020\/elizabeth-salamando-de-navarrete\/#breadcrumb","itemListElement":[{"@type":"ListItem","position":1,"name":"Home","item":"https:\/\/librosdeoro.cafam.com.co\/libro2020\/"},{"@type":"ListItem","position":2,"name":"Elizabeth Salamando de Navarrete"}]},{"@type":"WebSite","@id":"https:\/\/librosdeoro.cafam.com.co\/libro2020\/#website","url":"https:\/\/librosdeoro.cafam.com.co\/libro2020\/","name":"Libros de Oro 2020","description":"","potentialAction":[{"@type":"SearchAction","target":{"@type":"EntryPoint","urlTemplate":"https:\/\/librosdeoro.cafam.com.co\/libro2020\/?s={search_term_string}"},"query-input":"required name=search_term_string"}],"inLanguage":"es-CO"}]}},"_links":{"self":[{"href":"https:\/\/librosdeoro.cafam.com.co\/libro2020\/wp-json\/wp\/v2\/pages\/3807","targetHints":{"allow":["GET"]}}],"collection":[{"href":"https:\/\/librosdeoro.cafam.com.co\/libro2020\/wp-json\/wp\/v2\/pages"}],"about":[{"href":"https:\/\/librosdeoro.cafam.com.co\/libro2020\/wp-json\/wp\/v2\/types\/page"}],"author":[{"embeddable":true,"href":"https:\/\/librosdeoro.cafam.com.co\/libro2020\/wp-json\/wp\/v2\/users\/4"}],"replies":[{"embeddable":true,"href":"https:\/\/librosdeoro.cafam.com.co\/libro2020\/wp-json\/wp\/v2\/comments?post=3807"}],"version-history":[{"count":1,"href":"https:\/\/librosdeoro.cafam.com.co\/libro2020\/wp-json\/wp\/v2\/pages\/3807\/revisions"}],"predecessor-version":[{"id":3808,"href":"https:\/\/librosdeoro.cafam.com.co\/libro2020\/wp-json\/wp\/v2\/pages\/3807\/revisions\/3808"}],"wp:attachment":[{"href":"https:\/\/librosdeoro.cafam.com.co\/libro2020\/wp-json\/wp\/v2\/media?parent=3807"}],"curies":[{"name":"wp","href":"https:\/\/api.w.org\/{rel}","templated":true}]}}