{"id":3802,"date":"2025-07-10T22:12:34","date_gmt":"2025-07-10T22:12:34","guid":{"rendered":"https:\/\/librosdeoro.cafam.com.co\/libro2020\/?page_id=3802"},"modified":"2025-07-10T22:12:35","modified_gmt":"2025-07-10T22:12:35","slug":"diana-rocio-pineda-canon","status":"publish","type":"page","link":"https:\/\/librosdeoro.cafam.com.co\/libro2020\/diana-rocio-pineda-canon\/","title":{"rendered":"Diana Roc\u00edo Pineda Ca\u00f1\u00f3n"},"content":{"rendered":"\n<h3 class=\"wp-block-heading\"><\/h3>\n\n\n\n<figure class=\"wp-block-image size-large is-resized\"><img loading=\"lazy\" decoding=\"async\" width=\"1024\" height=\"597\" src=\"https:\/\/librosdeoro.cafam.com.co\/libro2020\/wp-content\/uploads\/sites\/9\/2025\/07\/TOLIMA-DIANA-ROCIO-PINEDA-CANON-IMAV_1856-1024x597.jpg\" alt=\"\" class=\"wp-image-3803\" style=\"width:1400px;height:auto\" srcset=\"https:\/\/librosdeoro.cafam.com.co\/libro2020\/wp-content\/uploads\/sites\/9\/2025\/07\/TOLIMA-DIANA-ROCIO-PINEDA-CANON-IMAV_1856-1024x597.jpg 1024w, https:\/\/librosdeoro.cafam.com.co\/libro2020\/wp-content\/uploads\/sites\/9\/2025\/07\/TOLIMA-DIANA-ROCIO-PINEDA-CANON-IMAV_1856-300x175.jpg 300w, https:\/\/librosdeoro.cafam.com.co\/libro2020\/wp-content\/uploads\/sites\/9\/2025\/07\/TOLIMA-DIANA-ROCIO-PINEDA-CANON-IMAV_1856-768x448.jpg 768w, https:\/\/librosdeoro.cafam.com.co\/libro2020\/wp-content\/uploads\/sites\/9\/2025\/07\/TOLIMA-DIANA-ROCIO-PINEDA-CANON-IMAV_1856-705x411.jpg 705w, https:\/\/librosdeoro.cafam.com.co\/libro2020\/wp-content\/uploads\/sites\/9\/2025\/07\/TOLIMA-DIANA-ROCIO-PINEDA-CANON-IMAV_1856.jpg 1200w\" sizes=\"auto, (max-width: 1024px) 100vw, 1024px\" \/><\/figure>\n\n\n\n<h1 class=\"wp-block-heading\">Diana Roc\u00edo Pineda Ca\u00f1\u00f3n<\/h1>\n\n\n\n<h2 class=\"wp-block-heading\">Mujer Cafam Tolima<\/h2>\n\n\n\n<h3 class=\"wp-block-heading\">Renacer para la vida<\/h3>\n\n\n\n<figure class=\"wp-block-table\"><table class=\"has-fixed-layout\"><tbody><tr><td colspan=\"2\">La Organizaci\u00f3n Mundial de la Salud ha establecido que los accidentes de tr\u00e1nsito causan aproximadamente 1,5 millones de muertes cada a\u00f1o en el mundo, son la principal causa de muerte en ni\u00f1os y j\u00f3venes entre los 5 y 29 a\u00f1os de edad, y son los causantes de que alrededor de 30 y 50 millones de personas sufran traumatismos que les provocan alg\u00fan tipo de discapacidad. Y un accidente de estos cambi\u00f3 la vida de Diana Roc\u00edo y la de su hijo Harrison David, quien a los 4 a\u00f1os de edad sufri\u00f3 un traumatismo cerebral severo que lo conden\u00f3 a problemas de retardo mental grave, deterioro del comportamiento significativo, trastorno efectivo bipolar, episodio depresivo y par\u00e1lisis cerebral, entre otras afecciones. A ra\u00edz de este accidente Diana Roc\u00edo se entreg\u00f3 por completo al cuidado de su hijo, por ello, dej\u00f3 a un lado sus arraigos tolimenses y se traslad\u00f3 a Bogot\u00e1 por el tratamiento de Harrison. As\u00ed conoci\u00f3 las tutelas, vivi\u00f3 el desempleo, la estigmatizaci\u00f3n de la familia, de sus amigos y del mismo Estado con sus modelos de contrataci\u00f3n, modelos acad\u00e9micos, modelos de servicios en la salud, centros de educaci\u00f3n especial.<\/td><td colspan=\"2\">Por lo anterior cre\u00f3 la Fundaci\u00f3n de Amigos y Padres de Familia de Ni\u00f1os y Ni\u00f1as con Discapacidad Cognitiva \u2013 Aprendis, para velar por los derechos de sus ni\u00f1os, tarea que no es f\u00e1cil, pues los mismos familiares complican la situaci\u00f3n, no tienen el apoyo del Estado y se han hecho a pulso, con ganas, amor y deseos de superaci\u00f3n. La Fundaci\u00f3n brinda espacios de formaci\u00f3n art\u00edstica, cultural e inclusi\u00f3n social para personas con discapacidad; generando un espacio de formaci\u00f3n y difusi\u00f3n, mostrando a la poblaci\u00f3n en general que la capacidad que poseen los ni\u00f1os, ni\u00f1as, adolescentes, j\u00f3venes y adultos es mayor que la discapacidad.<\/td><\/tr><\/tbody><\/table><\/figure>\n\n\n\n<figure class=\"wp-block-table\"><table class=\"has-fixed-layout\"><tbody><tr><td>\u00bfQui\u00e9n es Diana Roc\u00edo? Diana Roc\u00edo naci\u00f3 el 28 de agosto de 1969 en el L\u00edbano, Tolima. Es Tecn\u00f3loga en Formulaci\u00f3n de Proyectos del SENA, Regente de Farmacia egresada de la Universidad del Tolima. Ella expresa que: \u201cEs necesario abordar la discapacidad teniendo como referente el desarrollo de capacidades y oportunidades las cuales est\u00e1n sujetas a los intereses propios de cada persona, a las pr\u00e1cticas y din\u00e1micas sociales, culturales y productivas para la inclusi\u00f3n social, garantizando el desarrollo humano y la calidad de vida\u201d.<\/td><\/tr><\/tbody><\/table><\/figure>\n\n\n\n<figure class=\"wp-block-table\"><table class=\"has-fixed-layout\"><tbody><tr><td><img loading=\"lazy\" decoding=\"async\" src=\"https:\/\/librosdeoro.cafam.com.co\/wp-content\/uploads\/sites\/9\/2020\/09\/Tolima.png\" alt=\"\" width=\"950\" height=\"525\"><\/td><\/tr><\/tbody><\/table><\/figure>\n\n\n\n<div class=\"wp-block-buttons is-content-justification-center is-layout-flex wp-container-core-buttons-is-layout-16018d1d wp-block-buttons-is-layout-flex\">\n<div class=\"wp-block-button is-style-fill\" id=\"https:\/\/librosdeoro.cafam.com.co\/libro2020\/mujeres-cafam-1989-2019\/\"><a class=\"wp-block-button__link has-col-f-9-f-9-f-9-color has-col-a-0-bd-3-f-background-color has-text-color has-background has-link-color wp-element-button\" href=\"https:\/\/librosdeoro.cafam.com.co\/libro2020\/mujeres-finalistas\/\" style=\"border-radius:16px\">Volver<\/a><\/div>\n<\/div>\n","protected":false},"excerpt":{"rendered":"<p>Diana Roc\u00edo Pineda Ca\u00f1\u00f3n Mujer Cafam Tolima Renacer para la vida La Organizaci\u00f3n Mundial de la Salud ha establecido que los accidentes de tr\u00e1nsito causan aproximadamente 1,5 millones de muertes cada a\u00f1o en el mundo, son la principal causa de muerte en ni\u00f1os y j\u00f3venes entre los 5 y 29 a\u00f1os de edad, y son [&hellip;]<\/p>\n","protected":false},"author":4,"featured_media":0,"parent":0,"menu_order":0,"comment_status":"closed","ping_status":"closed","template":"","meta":{"footnotes":""},"class_list":["post-3802","page","type-page","status-publish","hentry"],"yoast_head":"<!-- This site is optimized with the Yoast SEO plugin v23.1 - https:\/\/yoast.com\/wordpress\/plugins\/seo\/ -->\n<title>Diana Roc\u00edo Pineda Ca\u00f1\u00f3n - Libros de Oro 2020<\/title>\n<meta name=\"robots\" content=\"index, follow, max-snippet:-1, max-image-preview:large, max-video-preview:-1\" \/>\n<link rel=\"canonical\" href=\"https:\/\/librosdeoro.cafam.com.co\/libro2020\/diana-rocio-pineda-canon\/\" \/>\n<meta property=\"og:locale\" content=\"es_ES\" \/>\n<meta property=\"og:type\" content=\"article\" \/>\n<meta property=\"og:title\" content=\"Diana Roc\u00edo Pineda Ca\u00f1\u00f3n - Libros de Oro 2020\" \/>\n<meta property=\"og:description\" content=\"Diana Roc\u00edo Pineda Ca\u00f1\u00f3n Mujer Cafam Tolima Renacer para la vida La Organizaci\u00f3n Mundial de la Salud ha establecido que los accidentes de tr\u00e1nsito causan aproximadamente 1,5 millones de muertes cada a\u00f1o en el mundo, son la principal causa de muerte en ni\u00f1os y j\u00f3venes entre los 5 y 29 a\u00f1os de edad, y son [&hellip;]\" \/>\n<meta property=\"og:url\" content=\"https:\/\/librosdeoro.cafam.com.co\/libro2020\/diana-rocio-pineda-canon\/\" \/>\n<meta property=\"og:site_name\" content=\"Libros de Oro 2020\" \/>\n<meta property=\"article:modified_time\" content=\"2025-07-10T22:12:35+00:00\" \/>\n<meta property=\"og:image\" content=\"https:\/\/librosdeoro.cafam.com.co\/libro2020\/wp-content\/uploads\/sites\/9\/2025\/07\/TOLIMA-DIANA-ROCIO-PINEDA-CANON-IMAV_1856-1024x597.jpg\" \/>\n<meta name=\"twitter:card\" content=\"summary_large_image\" \/>\n<meta name=\"twitter:label1\" content=\"Tiempo de lectura\" \/>\n\t<meta name=\"twitter:data1\" content=\"3 minutos\" \/>\n<script type=\"application\/ld+json\" class=\"yoast-schema-graph\">{\"@context\":\"https:\/\/schema.org\",\"@graph\":[{\"@type\":\"WebPage\",\"@id\":\"https:\/\/librosdeoro.cafam.com.co\/libro2020\/diana-rocio-pineda-canon\/\",\"url\":\"https:\/\/librosdeoro.cafam.com.co\/libro2020\/diana-rocio-pineda-canon\/\",\"name\":\"Diana Roc\u00edo Pineda Ca\u00f1\u00f3n - Libros de Oro 2020\",\"isPartOf\":{\"@id\":\"https:\/\/librosdeoro.cafam.com.co\/libro2020\/#website\"},\"primaryImageOfPage\":{\"@id\":\"https:\/\/librosdeoro.cafam.com.co\/libro2020\/diana-rocio-pineda-canon\/#primaryimage\"},\"image\":{\"@id\":\"https:\/\/librosdeoro.cafam.com.co\/libro2020\/diana-rocio-pineda-canon\/#primaryimage\"},\"thumbnailUrl\":\"https:\/\/librosdeoro.cafam.com.co\/libro2020\/wp-content\/uploads\/sites\/9\/2025\/07\/TOLIMA-DIANA-ROCIO-PINEDA-CANON-IMAV_1856-1024x597.jpg\",\"datePublished\":\"2025-07-10T22:12:34+00:00\",\"dateModified\":\"2025-07-10T22:12:35+00:00\",\"breadcrumb\":{\"@id\":\"https:\/\/librosdeoro.cafam.com.co\/libro2020\/diana-rocio-pineda-canon\/#breadcrumb\"},\"inLanguage\":\"es-CO\",\"potentialAction\":[{\"@type\":\"ReadAction\",\"target\":[\"https:\/\/librosdeoro.cafam.com.co\/libro2020\/diana-rocio-pineda-canon\/\"]}]},{\"@type\":\"ImageObject\",\"inLanguage\":\"es-CO\",\"@id\":\"https:\/\/librosdeoro.cafam.com.co\/libro2020\/diana-rocio-pineda-canon\/#primaryimage\",\"url\":\"https:\/\/librosdeoro.cafam.com.co\/libro2020\/wp-content\/uploads\/sites\/9\/2025\/07\/TOLIMA-DIANA-ROCIO-PINEDA-CANON-IMAV_1856.jpg\",\"contentUrl\":\"https:\/\/librosdeoro.cafam.com.co\/libro2020\/wp-content\/uploads\/sites\/9\/2025\/07\/TOLIMA-DIANA-ROCIO-PINEDA-CANON-IMAV_1856.jpg\",\"width\":1200,\"height\":700},{\"@type\":\"BreadcrumbList\",\"@id\":\"https:\/\/librosdeoro.cafam.com.co\/libro2020\/diana-rocio-pineda-canon\/#breadcrumb\",\"itemListElement\":[{\"@type\":\"ListItem\",\"position\":1,\"name\":\"Home\",\"item\":\"https:\/\/librosdeoro.cafam.com.co\/libro2020\/\"},{\"@type\":\"ListItem\",\"position\":2,\"name\":\"Diana Roc\u00edo Pineda Ca\u00f1\u00f3n\"}]},{\"@type\":\"WebSite\",\"@id\":\"https:\/\/librosdeoro.cafam.com.co\/libro2020\/#website\",\"url\":\"https:\/\/librosdeoro.cafam.com.co\/libro2020\/\",\"name\":\"Libros de Oro 2020\",\"description\":\"\",\"potentialAction\":[{\"@type\":\"SearchAction\",\"target\":{\"@type\":\"EntryPoint\",\"urlTemplate\":\"https:\/\/librosdeoro.cafam.com.co\/libro2020\/?s={search_term_string}\"},\"query-input\":\"required name=search_term_string\"}],\"inLanguage\":\"es-CO\"}]}<\/script>\n<!-- \/ Yoast SEO plugin. -->","yoast_head_json":{"title":"Diana Roc\u00edo Pineda Ca\u00f1\u00f3n - Libros de Oro 2020","robots":{"index":"index","follow":"follow","max-snippet":"max-snippet:-1","max-image-preview":"max-image-preview:large","max-video-preview":"max-video-preview:-1"},"canonical":"https:\/\/librosdeoro.cafam.com.co\/libro2020\/diana-rocio-pineda-canon\/","og_locale":"es_ES","og_type":"article","og_title":"Diana Roc\u00edo Pineda Ca\u00f1\u00f3n - Libros de Oro 2020","og_description":"Diana Roc\u00edo Pineda Ca\u00f1\u00f3n Mujer Cafam Tolima Renacer para la vida La Organizaci\u00f3n Mundial de la Salud ha establecido que los accidentes de tr\u00e1nsito causan aproximadamente 1,5 millones de muertes cada a\u00f1o en el mundo, son la principal causa de muerte en ni\u00f1os y j\u00f3venes entre los 5 y 29 a\u00f1os de edad, y son [&hellip;]","og_url":"https:\/\/librosdeoro.cafam.com.co\/libro2020\/diana-rocio-pineda-canon\/","og_site_name":"Libros de Oro 2020","article_modified_time":"2025-07-10T22:12:35+00:00","og_image":[{"url":"https:\/\/librosdeoro.cafam.com.co\/libro2020\/wp-content\/uploads\/sites\/9\/2025\/07\/TOLIMA-DIANA-ROCIO-PINEDA-CANON-IMAV_1856-1024x597.jpg"}],"twitter_card":"summary_large_image","twitter_misc":{"Tiempo de lectura":"3 minutos"},"schema":{"@context":"https:\/\/schema.org","@graph":[{"@type":"WebPage","@id":"https:\/\/librosdeoro.cafam.com.co\/libro2020\/diana-rocio-pineda-canon\/","url":"https:\/\/librosdeoro.cafam.com.co\/libro2020\/diana-rocio-pineda-canon\/","name":"Diana Roc\u00edo Pineda Ca\u00f1\u00f3n - Libros de Oro 2020","isPartOf":{"@id":"https:\/\/librosdeoro.cafam.com.co\/libro2020\/#website"},"primaryImageOfPage":{"@id":"https:\/\/librosdeoro.cafam.com.co\/libro2020\/diana-rocio-pineda-canon\/#primaryimage"},"image":{"@id":"https:\/\/librosdeoro.cafam.com.co\/libro2020\/diana-rocio-pineda-canon\/#primaryimage"},"thumbnailUrl":"https:\/\/librosdeoro.cafam.com.co\/libro2020\/wp-content\/uploads\/sites\/9\/2025\/07\/TOLIMA-DIANA-ROCIO-PINEDA-CANON-IMAV_1856-1024x597.jpg","datePublished":"2025-07-10T22:12:34+00:00","dateModified":"2025-07-10T22:12:35+00:00","breadcrumb":{"@id":"https:\/\/librosdeoro.cafam.com.co\/libro2020\/diana-rocio-pineda-canon\/#breadcrumb"},"inLanguage":"es-CO","potentialAction":[{"@type":"ReadAction","target":["https:\/\/librosdeoro.cafam.com.co\/libro2020\/diana-rocio-pineda-canon\/"]}]},{"@type":"ImageObject","inLanguage":"es-CO","@id":"https:\/\/librosdeoro.cafam.com.co\/libro2020\/diana-rocio-pineda-canon\/#primaryimage","url":"https:\/\/librosdeoro.cafam.com.co\/libro2020\/wp-content\/uploads\/sites\/9\/2025\/07\/TOLIMA-DIANA-ROCIO-PINEDA-CANON-IMAV_1856.jpg","contentUrl":"https:\/\/librosdeoro.cafam.com.co\/libro2020\/wp-content\/uploads\/sites\/9\/2025\/07\/TOLIMA-DIANA-ROCIO-PINEDA-CANON-IMAV_1856.jpg","width":1200,"height":700},{"@type":"BreadcrumbList","@id":"https:\/\/librosdeoro.cafam.com.co\/libro2020\/diana-rocio-pineda-canon\/#breadcrumb","itemListElement":[{"@type":"ListItem","position":1,"name":"Home","item":"https:\/\/librosdeoro.cafam.com.co\/libro2020\/"},{"@type":"ListItem","position":2,"name":"Diana Roc\u00edo Pineda Ca\u00f1\u00f3n"}]},{"@type":"WebSite","@id":"https:\/\/librosdeoro.cafam.com.co\/libro2020\/#website","url":"https:\/\/librosdeoro.cafam.com.co\/libro2020\/","name":"Libros de Oro 2020","description":"","potentialAction":[{"@type":"SearchAction","target":{"@type":"EntryPoint","urlTemplate":"https:\/\/librosdeoro.cafam.com.co\/libro2020\/?s={search_term_string}"},"query-input":"required name=search_term_string"}],"inLanguage":"es-CO"}]}},"_links":{"self":[{"href":"https:\/\/librosdeoro.cafam.com.co\/libro2020\/wp-json\/wp\/v2\/pages\/3802","targetHints":{"allow":["GET"]}}],"collection":[{"href":"https:\/\/librosdeoro.cafam.com.co\/libro2020\/wp-json\/wp\/v2\/pages"}],"about":[{"href":"https:\/\/librosdeoro.cafam.com.co\/libro2020\/wp-json\/wp\/v2\/types\/page"}],"author":[{"embeddable":true,"href":"https:\/\/librosdeoro.cafam.com.co\/libro2020\/wp-json\/wp\/v2\/users\/4"}],"replies":[{"embeddable":true,"href":"https:\/\/librosdeoro.cafam.com.co\/libro2020\/wp-json\/wp\/v2\/comments?post=3802"}],"version-history":[{"count":1,"href":"https:\/\/librosdeoro.cafam.com.co\/libro2020\/wp-json\/wp\/v2\/pages\/3802\/revisions"}],"predecessor-version":[{"id":3805,"href":"https:\/\/librosdeoro.cafam.com.co\/libro2020\/wp-json\/wp\/v2\/pages\/3802\/revisions\/3805"}],"wp:attachment":[{"href":"https:\/\/librosdeoro.cafam.com.co\/libro2020\/wp-json\/wp\/v2\/media?parent=3802"}],"curies":[{"name":"wp","href":"https:\/\/api.w.org\/{rel}","templated":true}]}}