{"id":3795,"date":"2025-07-10T22:06:05","date_gmt":"2025-07-10T22:06:05","guid":{"rendered":"https:\/\/librosdeoro.cafam.com.co\/libro2020\/?page_id=3795"},"modified":"2025-07-10T22:06:05","modified_gmt":"2025-07-10T22:06:05","slug":"maria-smith-gil-osma","status":"publish","type":"page","link":"https:\/\/librosdeoro.cafam.com.co\/libro2020\/maria-smith-gil-osma\/","title":{"rendered":"Mar\u00eda Smith Gil Osma"},"content":{"rendered":"<div class=\"wp-block-image\">\n<figure class=\"aligncenter\"><img decoding=\"async\" src=\"https:\/\/librosdeoro.cafam.com.co\/wp-content\/uploads\/sites\/9\/2020\/02\/SANTANDER-MARIA-SMITH-GIL-OSMA-IMAV_0222.jpg\" alt=\"\" class=\"wp-image-1677\" \/><\/figure><\/div>\n\n\n<h3 class=\"wp-block-heading\"><\/h3>\n\n\n\n<h1 class=\"wp-block-heading\">Mar\u00eda Smith Gil Osma<\/h1>\n\n\n\n<h2 class=\"wp-block-heading\">Mujer Cafam Santander<\/h2>\n\n\n\n<h3 class=\"wp-block-heading\">So\u00f1ar en medio del reciclaje<\/h3>\n\n\n\n<figure class=\"wp-block-table\"><table class=\"has-fixed-layout\"><tbody><tr><td colspan=\"2\">El ciclo biol\u00f3gico de la vida es tan antiguo como este planeta. As\u00ed una hoja que cae, un ser viviente que muere, una pradera que se quema y todos y cada uno de los eventos que ocurren en la naturaleza forman parte de ese ciclo que sirve para conservar los ecosistemas de la Tierra. Por eso, para Mar\u00eda el reciclar es tan importante como la vida misma, y con esta premisa crea en Floridablanca, Santander, la Asociaci\u00f3n de Recicladores de Floridablanca \u2013 Asoreflor que re\u00fane a m\u00e1s de 25 familias de recicladores. Los comienzos no fueron f\u00e1ciles debido a la competencia y a la falta de conciencia de la ciudadan\u00eda para reciclar; muchas veces no alcanzaba para garantizarles a los recicladores el salario diario, costear un veh\u00edculo que facilitara el transporte y pagar el alquiler de un lugar con condiciones m\u00ednimas de seguridad para seleccionar el material a reciclar.<\/td><td colspan=\"2\">Sin embargo, Mar\u00eda ha logrado vincular a los recicladores en una n\u00f3mina en la cual se les garantiza el salario m\u00ednimo legal, est\u00e1n vinculados al sistema de seguridad social, cuentan con dotaci\u00f3n para realizar su labor, adem\u00e1s de ser reconocidos ante el Estado como \u201cprestadores del servicio p\u00fablico de aseo en el componente de aprovechamiento\u201d. As\u00ed, ha logrado afectar positivamente la vida de m\u00e1s de 25 familias que se atrevieron a so\u00f1ar en mejor su calidad de vida, adem\u00e1s que apoya y defiende el cuidado del medioambiente y la dif\u00edcil labor de los recuperadores ambientales.<\/td><\/tr><\/tbody><\/table><\/figure>\n\n\n\n<figure class=\"wp-block-table\"><table class=\"has-fixed-layout\"><tbody><tr><td>\u00bfQui\u00e9n es Mar\u00eda? Mar\u00eda Smith naci\u00f3 Bucaramanga el 3 de enero de 1970. Es la tercera de 6 hermanos, y fue criada en un hogar en el que su mam\u00e1 se dedicaba a la cocina y su pap\u00e1 era un reciclador; por la dif\u00edcil situaci\u00f3n econ\u00f3mica tan solo pudo terminar el bachillerato a los 38 a\u00f1os de edad. Obligada por la dif\u00edcil situaci\u00f3n y con la necesidad de llevar el sustento a su casa tuvo que dedicarse al oficio de su padre, y empieza Mar\u00eda Smith a recoger reciclaje en las calles. Al respecto expresa que: \u201cEn esa etapa logr\u00e9 relacionarme con muchas mujeres y hombres que son estigmatizados por la labor que realizan, pero con la misma necesidad: llevar el sustento a sus hogares, son personas que trabajan en las peores condiciones y sin ninguna garant\u00eda para sus vidas, de aqu\u00ed naci\u00f3 la idea de crear una organizaci\u00f3n que dignificara la labor de estos reyes de sus hogares y del medioambiente\u201d.<\/td><\/tr><\/tbody><\/table><\/figure>\n\n\n\n<figure class=\"wp-block-table\"><table class=\"has-fixed-layout\"><tbody><tr><td><img loading=\"lazy\" decoding=\"async\" src=\"https:\/\/librosdeoro.cafam.com.co\/wp-content\/uploads\/sites\/9\/2020\/09\/Santander.png\" alt=\"\" width=\"950\" height=\"525\"><\/td><\/tr><\/tbody><\/table><\/figure>\n\n\n\n<div class=\"wp-block-buttons is-content-justification-center is-layout-flex wp-container-core-buttons-is-layout-16018d1d wp-block-buttons-is-layout-flex\">\n<div class=\"wp-block-button is-style-fill\" id=\"https:\/\/librosdeoro.cafam.com.co\/libro2020\/mujeres-cafam-1989-2019\/\"><a class=\"wp-block-button__link has-col-f-9-f-9-f-9-color has-col-a-0-bd-3-f-background-color has-text-color has-background has-link-color wp-element-button\" href=\"https:\/\/librosdeoro.cafam.com.co\/libro2020\/mujeres-finalistas\/\" style=\"border-radius:16px\">Volver<\/a><\/div>\n<\/div>\n","protected":false},"excerpt":{"rendered":"<p>Mar\u00eda Smith Gil Osma Mujer Cafam Santander So\u00f1ar en medio del reciclaje El ciclo biol\u00f3gico de la vida es tan antiguo como este planeta. As\u00ed una hoja que cae, un ser viviente que muere, una pradera que se quema y todos y cada uno de los eventos que ocurren en la naturaleza forman parte de [&hellip;]<\/p>\n","protected":false},"author":4,"featured_media":0,"parent":0,"menu_order":0,"comment_status":"closed","ping_status":"closed","template":"","meta":{"footnotes":""},"class_list":["post-3795","page","type-page","status-publish","hentry"],"yoast_head":"<!-- This site is optimized with the Yoast SEO plugin v23.1 - https:\/\/yoast.com\/wordpress\/plugins\/seo\/ -->\n<title>Mar\u00eda Smith Gil Osma - Libros de Oro 2020<\/title>\n<meta name=\"robots\" content=\"index, follow, max-snippet:-1, max-image-preview:large, max-video-preview:-1\" \/>\n<link rel=\"canonical\" href=\"https:\/\/librosdeoro.cafam.com.co\/libro2020\/maria-smith-gil-osma\/\" \/>\n<meta property=\"og:locale\" content=\"es_ES\" \/>\n<meta property=\"og:type\" content=\"article\" \/>\n<meta property=\"og:title\" content=\"Mar\u00eda Smith Gil Osma - Libros de Oro 2020\" \/>\n<meta property=\"og:description\" content=\"Mar\u00eda Smith Gil Osma Mujer Cafam Santander So\u00f1ar en medio del reciclaje El ciclo biol\u00f3gico de la vida es tan antiguo como este planeta. As\u00ed una hoja que cae, un ser viviente que muere, una pradera que se quema y todos y cada uno de los eventos que ocurren en la naturaleza forman parte de [&hellip;]\" \/>\n<meta property=\"og:url\" content=\"https:\/\/librosdeoro.cafam.com.co\/libro2020\/maria-smith-gil-osma\/\" \/>\n<meta property=\"og:site_name\" content=\"Libros de Oro 2020\" \/>\n<meta property=\"og:image\" content=\"https:\/\/librosdeoro.cafam.com.co\/wp-content\/uploads\/sites\/9\/2020\/02\/SANTANDER-MARIA-SMITH-GIL-OSMA-IMAV_0222.jpg\" \/>\n<meta name=\"twitter:card\" content=\"summary_large_image\" \/>\n<meta name=\"twitter:label1\" content=\"Tiempo de lectura\" \/>\n\t<meta name=\"twitter:data1\" content=\"3 minutos\" \/>\n<script type=\"application\/ld+json\" class=\"yoast-schema-graph\">{\"@context\":\"https:\/\/schema.org\",\"@graph\":[{\"@type\":\"WebPage\",\"@id\":\"https:\/\/librosdeoro.cafam.com.co\/libro2020\/maria-smith-gil-osma\/\",\"url\":\"https:\/\/librosdeoro.cafam.com.co\/libro2020\/maria-smith-gil-osma\/\",\"name\":\"Mar\u00eda Smith Gil Osma - Libros de Oro 2020\",\"isPartOf\":{\"@id\":\"https:\/\/librosdeoro.cafam.com.co\/libro2020\/#website\"},\"primaryImageOfPage\":{\"@id\":\"https:\/\/librosdeoro.cafam.com.co\/libro2020\/maria-smith-gil-osma\/#primaryimage\"},\"image\":{\"@id\":\"https:\/\/librosdeoro.cafam.com.co\/libro2020\/maria-smith-gil-osma\/#primaryimage\"},\"thumbnailUrl\":\"https:\/\/librosdeoro.cafam.com.co\/wp-content\/uploads\/sites\/9\/2020\/02\/SANTANDER-MARIA-SMITH-GIL-OSMA-IMAV_0222.jpg\",\"datePublished\":\"2025-07-10T22:06:05+00:00\",\"dateModified\":\"2025-07-10T22:06:05+00:00\",\"breadcrumb\":{\"@id\":\"https:\/\/librosdeoro.cafam.com.co\/libro2020\/maria-smith-gil-osma\/#breadcrumb\"},\"inLanguage\":\"es-CO\",\"potentialAction\":[{\"@type\":\"ReadAction\",\"target\":[\"https:\/\/librosdeoro.cafam.com.co\/libro2020\/maria-smith-gil-osma\/\"]}]},{\"@type\":\"ImageObject\",\"inLanguage\":\"es-CO\",\"@id\":\"https:\/\/librosdeoro.cafam.com.co\/libro2020\/maria-smith-gil-osma\/#primaryimage\",\"url\":\"https:\/\/librosdeoro.cafam.com.co\/wp-content\/uploads\/sites\/9\/2020\/02\/SANTANDER-MARIA-SMITH-GIL-OSMA-IMAV_0222.jpg\",\"contentUrl\":\"https:\/\/librosdeoro.cafam.com.co\/wp-content\/uploads\/sites\/9\/2020\/02\/SANTANDER-MARIA-SMITH-GIL-OSMA-IMAV_0222.jpg\"},{\"@type\":\"BreadcrumbList\",\"@id\":\"https:\/\/librosdeoro.cafam.com.co\/libro2020\/maria-smith-gil-osma\/#breadcrumb\",\"itemListElement\":[{\"@type\":\"ListItem\",\"position\":1,\"name\":\"Home\",\"item\":\"https:\/\/librosdeoro.cafam.com.co\/libro2020\/\"},{\"@type\":\"ListItem\",\"position\":2,\"name\":\"Mar\u00eda Smith Gil Osma\"}]},{\"@type\":\"WebSite\",\"@id\":\"https:\/\/librosdeoro.cafam.com.co\/libro2020\/#website\",\"url\":\"https:\/\/librosdeoro.cafam.com.co\/libro2020\/\",\"name\":\"Libros de Oro 2020\",\"description\":\"\",\"potentialAction\":[{\"@type\":\"SearchAction\",\"target\":{\"@type\":\"EntryPoint\",\"urlTemplate\":\"https:\/\/librosdeoro.cafam.com.co\/libro2020\/?s={search_term_string}\"},\"query-input\":\"required name=search_term_string\"}],\"inLanguage\":\"es-CO\"}]}<\/script>\n<!-- \/ Yoast SEO plugin. -->","yoast_head_json":{"title":"Mar\u00eda Smith Gil Osma - Libros de Oro 2020","robots":{"index":"index","follow":"follow","max-snippet":"max-snippet:-1","max-image-preview":"max-image-preview:large","max-video-preview":"max-video-preview:-1"},"canonical":"https:\/\/librosdeoro.cafam.com.co\/libro2020\/maria-smith-gil-osma\/","og_locale":"es_ES","og_type":"article","og_title":"Mar\u00eda Smith Gil Osma - Libros de Oro 2020","og_description":"Mar\u00eda Smith Gil Osma Mujer Cafam Santander So\u00f1ar en medio del reciclaje El ciclo biol\u00f3gico de la vida es tan antiguo como este planeta. As\u00ed una hoja que cae, un ser viviente que muere, una pradera que se quema y todos y cada uno de los eventos que ocurren en la naturaleza forman parte de [&hellip;]","og_url":"https:\/\/librosdeoro.cafam.com.co\/libro2020\/maria-smith-gil-osma\/","og_site_name":"Libros de Oro 2020","og_image":[{"url":"https:\/\/librosdeoro.cafam.com.co\/wp-content\/uploads\/sites\/9\/2020\/02\/SANTANDER-MARIA-SMITH-GIL-OSMA-IMAV_0222.jpg"}],"twitter_card":"summary_large_image","twitter_misc":{"Tiempo de lectura":"3 minutos"},"schema":{"@context":"https:\/\/schema.org","@graph":[{"@type":"WebPage","@id":"https:\/\/librosdeoro.cafam.com.co\/libro2020\/maria-smith-gil-osma\/","url":"https:\/\/librosdeoro.cafam.com.co\/libro2020\/maria-smith-gil-osma\/","name":"Mar\u00eda Smith Gil Osma - Libros de Oro 2020","isPartOf":{"@id":"https:\/\/librosdeoro.cafam.com.co\/libro2020\/#website"},"primaryImageOfPage":{"@id":"https:\/\/librosdeoro.cafam.com.co\/libro2020\/maria-smith-gil-osma\/#primaryimage"},"image":{"@id":"https:\/\/librosdeoro.cafam.com.co\/libro2020\/maria-smith-gil-osma\/#primaryimage"},"thumbnailUrl":"https:\/\/librosdeoro.cafam.com.co\/wp-content\/uploads\/sites\/9\/2020\/02\/SANTANDER-MARIA-SMITH-GIL-OSMA-IMAV_0222.jpg","datePublished":"2025-07-10T22:06:05+00:00","dateModified":"2025-07-10T22:06:05+00:00","breadcrumb":{"@id":"https:\/\/librosdeoro.cafam.com.co\/libro2020\/maria-smith-gil-osma\/#breadcrumb"},"inLanguage":"es-CO","potentialAction":[{"@type":"ReadAction","target":["https:\/\/librosdeoro.cafam.com.co\/libro2020\/maria-smith-gil-osma\/"]}]},{"@type":"ImageObject","inLanguage":"es-CO","@id":"https:\/\/librosdeoro.cafam.com.co\/libro2020\/maria-smith-gil-osma\/#primaryimage","url":"https:\/\/librosdeoro.cafam.com.co\/wp-content\/uploads\/sites\/9\/2020\/02\/SANTANDER-MARIA-SMITH-GIL-OSMA-IMAV_0222.jpg","contentUrl":"https:\/\/librosdeoro.cafam.com.co\/wp-content\/uploads\/sites\/9\/2020\/02\/SANTANDER-MARIA-SMITH-GIL-OSMA-IMAV_0222.jpg"},{"@type":"BreadcrumbList","@id":"https:\/\/librosdeoro.cafam.com.co\/libro2020\/maria-smith-gil-osma\/#breadcrumb","itemListElement":[{"@type":"ListItem","position":1,"name":"Home","item":"https:\/\/librosdeoro.cafam.com.co\/libro2020\/"},{"@type":"ListItem","position":2,"name":"Mar\u00eda Smith Gil Osma"}]},{"@type":"WebSite","@id":"https:\/\/librosdeoro.cafam.com.co\/libro2020\/#website","url":"https:\/\/librosdeoro.cafam.com.co\/libro2020\/","name":"Libros de Oro 2020","description":"","potentialAction":[{"@type":"SearchAction","target":{"@type":"EntryPoint","urlTemplate":"https:\/\/librosdeoro.cafam.com.co\/libro2020\/?s={search_term_string}"},"query-input":"required name=search_term_string"}],"inLanguage":"es-CO"}]}},"_links":{"self":[{"href":"https:\/\/librosdeoro.cafam.com.co\/libro2020\/wp-json\/wp\/v2\/pages\/3795","targetHints":{"allow":["GET"]}}],"collection":[{"href":"https:\/\/librosdeoro.cafam.com.co\/libro2020\/wp-json\/wp\/v2\/pages"}],"about":[{"href":"https:\/\/librosdeoro.cafam.com.co\/libro2020\/wp-json\/wp\/v2\/types\/page"}],"author":[{"embeddable":true,"href":"https:\/\/librosdeoro.cafam.com.co\/libro2020\/wp-json\/wp\/v2\/users\/4"}],"replies":[{"embeddable":true,"href":"https:\/\/librosdeoro.cafam.com.co\/libro2020\/wp-json\/wp\/v2\/comments?post=3795"}],"version-history":[{"count":1,"href":"https:\/\/librosdeoro.cafam.com.co\/libro2020\/wp-json\/wp\/v2\/pages\/3795\/revisions"}],"predecessor-version":[{"id":3796,"href":"https:\/\/librosdeoro.cafam.com.co\/libro2020\/wp-json\/wp\/v2\/pages\/3795\/revisions\/3796"}],"wp:attachment":[{"href":"https:\/\/librosdeoro.cafam.com.co\/libro2020\/wp-json\/wp\/v2\/media?parent=3795"}],"curies":[{"name":"wp","href":"https:\/\/api.w.org\/{rel}","templated":true}]}}