{"id":3791,"date":"2025-07-10T22:05:19","date_gmt":"2025-07-10T22:05:19","guid":{"rendered":"https:\/\/librosdeoro.cafam.com.co\/libro2020\/?page_id=3791"},"modified":"2025-07-10T22:05:27","modified_gmt":"2025-07-10T22:05:27","slug":"3791-2","status":"publish","type":"page","link":"https:\/\/librosdeoro.cafam.com.co\/libro2020\/3791-2\/","title":{"rendered":"Claudia Gregoria Saams de La Rosa"},"content":{"rendered":"<div class=\"wp-block-image\">\n<figure class=\"aligncenter\"><img decoding=\"async\" src=\"https:\/\/librosdeoro.cafam.com.co\/wp-content\/uploads\/sites\/9\/2020\/02\/SAN-ANDRES-CLAUDIA-GREGORIA-SAAMS-DE-LA-ROSA-IMAV_1229.jpg\" alt=\"\" class=\"wp-image-1677\" \/><\/figure><\/div>\n\n\n<h3 class=\"wp-block-heading\"><\/h3>\n\n\n\n<h1 class=\"wp-block-heading\">Claudia Gregoria Saams de La Rosa<\/h1>\n\n\n\n<h2 class=\"wp-block-heading\">Mujer Cafam San Andr\u00e9s<\/h2>\n\n\n\n<h3 class=\"wp-block-heading\">Por un incluyente mar de colores<\/h3>\n\n\n\n<figure class=\"wp-block-table\"><table class=\"has-fixed-layout\"><tbody><tr><td colspan=\"2\">\u201cEn los a\u00f1os 1600\u2026\u201d \u2013como dice la canci\u00f3n del Joe Arroyo\u2013 se edificaron los primeros asentamientos ingleses y holandeses en San Andr\u00e9s y Providencia (cuyos nombres originales eran Henrietta y Providence, respectivamente) y que sirvieron como epicentro comercial y militar a gran parte del Caribe. A estas islas llegaron marinos, aventureros y colonos que generaron un crisol de costumbres, culturas y personas que hacen de los sanandresanos y su mar un escenario particular. Y gracias a esa herencia multicultural en San Andr\u00e9s hay personas que se caracterizan por su altruismo y servicio a los dem\u00e1s, un vivo ejemplo de ellas es Claudia Gregoria quien junto a un grupo de mujeres asumen el compromiso de ayudar a las personas con capacidades diversas. Al poco tiempo se proponen crear una instituci\u00f3n para estos fines, por lo que nace la Fundaci\u00f3n Mauricio Alejandro V\u00e9lez que busca igualdad de oportunidades y condiciones de calidad de vida a las personas con capacidades diversas, mediante la prestaci\u00f3n de servicios orientados a la promoci\u00f3n, prevenci\u00f3n, atenci\u00f3n y rehabilitaci\u00f3n integral que incluyen los aspectos f\u00edsicos, psicosociales, familiares y comunitarios.<\/td><td colspan=\"2\">Debido a su habilidad para ense\u00f1ar con amor, paciencia, generosidad y creatividad realiza su trabajo con los miembros de la Fundaci\u00f3n para potencializar los emprendimientos, las habilidades y las destrezas de sus miembros, que en su mayor\u00eda son madres cabeza de hogar de estratos 0, 1 y 2. Entre sus acciones figuran programas como terapias de amor que sirven de aliciente en momentos dif\u00edciles, o manualidades para dejar escapar la creatividad o expresando amor un programa de danza con el que desbordan alegr\u00eda, entre otros. En el 2018 y bajo su liderazgo se lanza la campa\u00f1a \u201cUsted recicla, nosotros construimos\u201d con la cual se busca construir el primer centro de inclusi\u00f3n social para personas con capacidades diversas, que beneficie a toda la poblaci\u00f3n del departamento.<\/td><\/tr><\/tbody><\/table><\/figure>\n\n\n\n<figure class=\"wp-block-table\"><table class=\"has-fixed-layout\"><tbody><tr><td>\u00bfQui\u00e9n es Claudia? Claudia Gregoria naci\u00f3 en San Andr\u00e9s Islas, el 22 de abril de 1975, es licenciada en Pedagog\u00eda Infantil de la Universidad Tecnol\u00f3gica de Pereira Claudia est\u00e1 convencida del poder del amor, cuando afirma: \u201cEl amor que transforma, el amor de oportunidades, el amor de formaci\u00f3n, el amor que cambia vidas, del amor que corre la milla extra, el amor que no se rinde, el amor de milagros, el amor que todo lo puede y sue\u00f1a con un Archipi\u00e9lago incluyente que brinde igualdad de oportunidades para todos los seres humanos\u201d.<\/td><\/tr><\/tbody><\/table><\/figure>\n\n\n\n<figure class=\"wp-block-table\"><table class=\"has-fixed-layout\"><tbody><tr><td><strong>Fundaci\u00f3n:<\/strong>\u00a0Mauricio Alejandro V\u00e9lez<br><strong>Correo electr\u00f3nico:<\/strong>\u00a0claudiasaams19@gmail.com<br><strong>Facebook:<\/strong>\u00a0Saams Delarosa Clau<\/td><\/tr><\/tbody><\/table><\/figure>\n\n\n\n<div class=\"wp-block-buttons is-content-justification-center is-layout-flex wp-container-core-buttons-is-layout-16018d1d wp-block-buttons-is-layout-flex\">\n<div class=\"wp-block-button is-style-fill\" id=\"https:\/\/librosdeoro.cafam.com.co\/libro2020\/mujeres-cafam-1989-2019\/\"><a class=\"wp-block-button__link has-col-f-9-f-9-f-9-color has-col-a-0-bd-3-f-background-color has-text-color has-background has-link-color wp-element-button\" href=\"https:\/\/librosdeoro.cafam.com.co\/libro2020\/mujeres-finalistas\/\" style=\"border-radius:16px\">Volver<\/a><\/div>\n<\/div>\n","protected":false},"excerpt":{"rendered":"<p>Claudia Gregoria Saams de La Rosa Mujer Cafam San Andr\u00e9s Por un incluyente mar de colores \u201cEn los a\u00f1os 1600\u2026\u201d \u2013como dice la canci\u00f3n del Joe Arroyo\u2013 se edificaron los primeros asentamientos ingleses y holandeses en San Andr\u00e9s y Providencia (cuyos nombres originales eran Henrietta y Providence, respectivamente) y que sirvieron como epicentro comercial y [&hellip;]<\/p>\n","protected":false},"author":4,"featured_media":0,"parent":0,"menu_order":0,"comment_status":"closed","ping_status":"closed","template":"","meta":{"footnotes":""},"class_list":["post-3791","page","type-page","status-publish","hentry"],"yoast_head":"<!-- This site is optimized with the Yoast SEO plugin v23.1 - https:\/\/yoast.com\/wordpress\/plugins\/seo\/ -->\n<title>Claudia Gregoria Saams de La Rosa - Libros de Oro 2020<\/title>\n<meta name=\"robots\" content=\"index, follow, max-snippet:-1, max-image-preview:large, max-video-preview:-1\" \/>\n<link rel=\"canonical\" href=\"https:\/\/librosdeoro.cafam.com.co\/libro2020\/3791-2\/\" \/>\n<meta property=\"og:locale\" content=\"es_ES\" \/>\n<meta property=\"og:type\" content=\"article\" \/>\n<meta property=\"og:title\" content=\"Claudia Gregoria Saams de La Rosa - Libros de Oro 2020\" \/>\n<meta property=\"og:description\" content=\"Claudia Gregoria Saams de La Rosa Mujer Cafam San Andr\u00e9s Por un incluyente mar de colores \u201cEn los a\u00f1os 1600\u2026\u201d \u2013como dice la canci\u00f3n del Joe Arroyo\u2013 se edificaron los primeros asentamientos ingleses y holandeses en San Andr\u00e9s y Providencia (cuyos nombres originales eran Henrietta y Providence, respectivamente) y que sirvieron como epicentro comercial y [&hellip;]\" \/>\n<meta property=\"og:url\" content=\"https:\/\/librosdeoro.cafam.com.co\/libro2020\/3791-2\/\" \/>\n<meta property=\"og:site_name\" content=\"Libros de Oro 2020\" \/>\n<meta property=\"article:modified_time\" content=\"2025-07-10T22:05:27+00:00\" \/>\n<meta property=\"og:image\" content=\"https:\/\/librosdeoro.cafam.com.co\/wp-content\/uploads\/sites\/9\/2020\/02\/SAN-ANDRES-CLAUDIA-GREGORIA-SAAMS-DE-LA-ROSA-IMAV_1229.jpg\" \/>\n<meta name=\"twitter:card\" content=\"summary_large_image\" \/>\n<meta name=\"twitter:label1\" content=\"Tiempo de lectura\" \/>\n\t<meta name=\"twitter:data1\" content=\"3 minutos\" \/>\n<script type=\"application\/ld+json\" class=\"yoast-schema-graph\">{\"@context\":\"https:\/\/schema.org\",\"@graph\":[{\"@type\":\"WebPage\",\"@id\":\"https:\/\/librosdeoro.cafam.com.co\/libro2020\/3791-2\/\",\"url\":\"https:\/\/librosdeoro.cafam.com.co\/libro2020\/3791-2\/\",\"name\":\"Claudia Gregoria Saams de La Rosa - Libros de Oro 2020\",\"isPartOf\":{\"@id\":\"https:\/\/librosdeoro.cafam.com.co\/libro2020\/#website\"},\"primaryImageOfPage\":{\"@id\":\"https:\/\/librosdeoro.cafam.com.co\/libro2020\/3791-2\/#primaryimage\"},\"image\":{\"@id\":\"https:\/\/librosdeoro.cafam.com.co\/libro2020\/3791-2\/#primaryimage\"},\"thumbnailUrl\":\"https:\/\/librosdeoro.cafam.com.co\/wp-content\/uploads\/sites\/9\/2020\/02\/SAN-ANDRES-CLAUDIA-GREGORIA-SAAMS-DE-LA-ROSA-IMAV_1229.jpg\",\"datePublished\":\"2025-07-10T22:05:19+00:00\",\"dateModified\":\"2025-07-10T22:05:27+00:00\",\"breadcrumb\":{\"@id\":\"https:\/\/librosdeoro.cafam.com.co\/libro2020\/3791-2\/#breadcrumb\"},\"inLanguage\":\"es-CO\",\"potentialAction\":[{\"@type\":\"ReadAction\",\"target\":[\"https:\/\/librosdeoro.cafam.com.co\/libro2020\/3791-2\/\"]}]},{\"@type\":\"ImageObject\",\"inLanguage\":\"es-CO\",\"@id\":\"https:\/\/librosdeoro.cafam.com.co\/libro2020\/3791-2\/#primaryimage\",\"url\":\"https:\/\/librosdeoro.cafam.com.co\/wp-content\/uploads\/sites\/9\/2020\/02\/SAN-ANDRES-CLAUDIA-GREGORIA-SAAMS-DE-LA-ROSA-IMAV_1229.jpg\",\"contentUrl\":\"https:\/\/librosdeoro.cafam.com.co\/wp-content\/uploads\/sites\/9\/2020\/02\/SAN-ANDRES-CLAUDIA-GREGORIA-SAAMS-DE-LA-ROSA-IMAV_1229.jpg\"},{\"@type\":\"BreadcrumbList\",\"@id\":\"https:\/\/librosdeoro.cafam.com.co\/libro2020\/3791-2\/#breadcrumb\",\"itemListElement\":[{\"@type\":\"ListItem\",\"position\":1,\"name\":\"Home\",\"item\":\"https:\/\/librosdeoro.cafam.com.co\/libro2020\/\"},{\"@type\":\"ListItem\",\"position\":2,\"name\":\"Claudia Gregoria Saams de La Rosa\"}]},{\"@type\":\"WebSite\",\"@id\":\"https:\/\/librosdeoro.cafam.com.co\/libro2020\/#website\",\"url\":\"https:\/\/librosdeoro.cafam.com.co\/libro2020\/\",\"name\":\"Libros de Oro 2020\",\"description\":\"\",\"potentialAction\":[{\"@type\":\"SearchAction\",\"target\":{\"@type\":\"EntryPoint\",\"urlTemplate\":\"https:\/\/librosdeoro.cafam.com.co\/libro2020\/?s={search_term_string}\"},\"query-input\":\"required name=search_term_string\"}],\"inLanguage\":\"es-CO\"}]}<\/script>\n<!-- \/ Yoast SEO plugin. -->","yoast_head_json":{"title":"Claudia Gregoria Saams de La Rosa - Libros de Oro 2020","robots":{"index":"index","follow":"follow","max-snippet":"max-snippet:-1","max-image-preview":"max-image-preview:large","max-video-preview":"max-video-preview:-1"},"canonical":"https:\/\/librosdeoro.cafam.com.co\/libro2020\/3791-2\/","og_locale":"es_ES","og_type":"article","og_title":"Claudia Gregoria Saams de La Rosa - Libros de Oro 2020","og_description":"Claudia Gregoria Saams de La Rosa Mujer Cafam San Andr\u00e9s Por un incluyente mar de colores \u201cEn los a\u00f1os 1600\u2026\u201d \u2013como dice la canci\u00f3n del Joe Arroyo\u2013 se edificaron los primeros asentamientos ingleses y holandeses en San Andr\u00e9s y Providencia (cuyos nombres originales eran Henrietta y Providence, respectivamente) y que sirvieron como epicentro comercial y [&hellip;]","og_url":"https:\/\/librosdeoro.cafam.com.co\/libro2020\/3791-2\/","og_site_name":"Libros de Oro 2020","article_modified_time":"2025-07-10T22:05:27+00:00","og_image":[{"url":"https:\/\/librosdeoro.cafam.com.co\/wp-content\/uploads\/sites\/9\/2020\/02\/SAN-ANDRES-CLAUDIA-GREGORIA-SAAMS-DE-LA-ROSA-IMAV_1229.jpg"}],"twitter_card":"summary_large_image","twitter_misc":{"Tiempo de lectura":"3 minutos"},"schema":{"@context":"https:\/\/schema.org","@graph":[{"@type":"WebPage","@id":"https:\/\/librosdeoro.cafam.com.co\/libro2020\/3791-2\/","url":"https:\/\/librosdeoro.cafam.com.co\/libro2020\/3791-2\/","name":"Claudia Gregoria Saams de La Rosa - Libros de Oro 2020","isPartOf":{"@id":"https:\/\/librosdeoro.cafam.com.co\/libro2020\/#website"},"primaryImageOfPage":{"@id":"https:\/\/librosdeoro.cafam.com.co\/libro2020\/3791-2\/#primaryimage"},"image":{"@id":"https:\/\/librosdeoro.cafam.com.co\/libro2020\/3791-2\/#primaryimage"},"thumbnailUrl":"https:\/\/librosdeoro.cafam.com.co\/wp-content\/uploads\/sites\/9\/2020\/02\/SAN-ANDRES-CLAUDIA-GREGORIA-SAAMS-DE-LA-ROSA-IMAV_1229.jpg","datePublished":"2025-07-10T22:05:19+00:00","dateModified":"2025-07-10T22:05:27+00:00","breadcrumb":{"@id":"https:\/\/librosdeoro.cafam.com.co\/libro2020\/3791-2\/#breadcrumb"},"inLanguage":"es-CO","potentialAction":[{"@type":"ReadAction","target":["https:\/\/librosdeoro.cafam.com.co\/libro2020\/3791-2\/"]}]},{"@type":"ImageObject","inLanguage":"es-CO","@id":"https:\/\/librosdeoro.cafam.com.co\/libro2020\/3791-2\/#primaryimage","url":"https:\/\/librosdeoro.cafam.com.co\/wp-content\/uploads\/sites\/9\/2020\/02\/SAN-ANDRES-CLAUDIA-GREGORIA-SAAMS-DE-LA-ROSA-IMAV_1229.jpg","contentUrl":"https:\/\/librosdeoro.cafam.com.co\/wp-content\/uploads\/sites\/9\/2020\/02\/SAN-ANDRES-CLAUDIA-GREGORIA-SAAMS-DE-LA-ROSA-IMAV_1229.jpg"},{"@type":"BreadcrumbList","@id":"https:\/\/librosdeoro.cafam.com.co\/libro2020\/3791-2\/#breadcrumb","itemListElement":[{"@type":"ListItem","position":1,"name":"Home","item":"https:\/\/librosdeoro.cafam.com.co\/libro2020\/"},{"@type":"ListItem","position":2,"name":"Claudia Gregoria Saams de La Rosa"}]},{"@type":"WebSite","@id":"https:\/\/librosdeoro.cafam.com.co\/libro2020\/#website","url":"https:\/\/librosdeoro.cafam.com.co\/libro2020\/","name":"Libros de Oro 2020","description":"","potentialAction":[{"@type":"SearchAction","target":{"@type":"EntryPoint","urlTemplate":"https:\/\/librosdeoro.cafam.com.co\/libro2020\/?s={search_term_string}"},"query-input":"required name=search_term_string"}],"inLanguage":"es-CO"}]}},"_links":{"self":[{"href":"https:\/\/librosdeoro.cafam.com.co\/libro2020\/wp-json\/wp\/v2\/pages\/3791","targetHints":{"allow":["GET"]}}],"collection":[{"href":"https:\/\/librosdeoro.cafam.com.co\/libro2020\/wp-json\/wp\/v2\/pages"}],"about":[{"href":"https:\/\/librosdeoro.cafam.com.co\/libro2020\/wp-json\/wp\/v2\/types\/page"}],"author":[{"embeddable":true,"href":"https:\/\/librosdeoro.cafam.com.co\/libro2020\/wp-json\/wp\/v2\/users\/4"}],"replies":[{"embeddable":true,"href":"https:\/\/librosdeoro.cafam.com.co\/libro2020\/wp-json\/wp\/v2\/comments?post=3791"}],"version-history":[{"count":2,"href":"https:\/\/librosdeoro.cafam.com.co\/libro2020\/wp-json\/wp\/v2\/pages\/3791\/revisions"}],"predecessor-version":[{"id":3793,"href":"https:\/\/librosdeoro.cafam.com.co\/libro2020\/wp-json\/wp\/v2\/pages\/3791\/revisions\/3793"}],"wp:attachment":[{"href":"https:\/\/librosdeoro.cafam.com.co\/libro2020\/wp-json\/wp\/v2\/media?parent=3791"}],"curies":[{"name":"wp","href":"https:\/\/api.w.org\/{rel}","templated":true}]}}