{"id":3787,"date":"2025-07-10T22:03:38","date_gmt":"2025-07-10T22:03:38","guid":{"rendered":"https:\/\/librosdeoro.cafam.com.co\/libro2020\/?page_id=3787"},"modified":"2025-07-10T22:03:38","modified_gmt":"2025-07-10T22:03:38","slug":"marcela-pineda-arango","status":"publish","type":"page","link":"https:\/\/librosdeoro.cafam.com.co\/libro2020\/marcela-pineda-arango\/","title":{"rendered":"Marcela Pineda Arango"},"content":{"rendered":"<div class=\"wp-block-image\">\n<figure class=\"aligncenter\"><img decoding=\"async\" src=\"https:\/\/librosdeoro.cafam.com.co\/wp-content\/uploads\/sites\/9\/2020\/02\/RISARALDA-MARCELA-PINEDA-ARANGO-IMAV_0040.jpg\" alt=\"\" class=\"wp-image-1677\" \/><\/figure><\/div>\n\n\n<h3 class=\"wp-block-heading\"><\/h3>\n\n\n\n<h1 class=\"wp-block-heading\">Marcela Pineda Arango<\/h1>\n\n\n\n<h2 class=\"wp-block-heading\">Mujer Cafam Risaralda<\/h2>\n\n\n\n<h3 class=\"wp-block-heading\">Cambiando pensamientos, transformando vidas<\/h3>\n\n\n\n<figure class=\"wp-block-table\"><table class=\"has-fixed-layout\"><tbody><tr><td colspan=\"2\">Las diversas especies que forman de la naturaleza tienden a dejar a un lado o a segregar a sus integrantes que son distintos. Incluso parte de la humanidad practica la \u201csupervivencia del m\u00e1s fuerte\u201d, pero se ha demostrado que no siempre este es quien sobrevive, sino quien mejor se adapta al cambio y logra que las personas y empresas hagan parte de ese cambio. Y para lograr transformaciones, Marcela vivi\u00f3 un tiempo en el Reino Unido, lo que signific\u00f3 para ella ver el mundo desde otra perspectiva y dise\u00f1ar en su mente cada uno de los proyectos de vida que anhelaba ver realizados. A su regreso al pa\u00eds y a la empresa de su padre, porque la compa\u00f1\u00eda era la mejor universidad, ocup\u00f3 diferentes cargos con su capacidad de liderar equipos de trabajo de alto rendimiento, siempre aplicando la mayor ense\u00f1anza de sus padres: la sencillez. Y para demostrar todo lo anterior, lidera <strong>Superhumanos Co&amp;Tex: Se\u00f1ales de poder que cuentan historias <\/strong>con la firme convicci\u00f3n de que las discapacidades son mentales y completamente convencida del poder del amor y la transformaci\u00f3n desde el ser para el hacer.<\/td><td colspan=\"2\">Esta iniciativa crea una ruta de inclusi\u00f3n sociolaboral a las personas en condici\u00f3n de discapacidad y que laboran en Co&amp;Tex, brind\u00e1ndoles acompa\u00f1amiento en su proceso de desarrollo profesional y personal lo que ha impactado positivamente en su calidad de vida, la de su grupo familiar y su entorno social. Gracias a este proyecto se ha logrado cambiar positivamente la vida de 29 de personas, 21 de ellos en condici\u00f3n de discapacidad auditiva, 3 cognitiva y 5 con limitaciones f\u00edsicas. Desde el \u00e1rea que lidera en la compa\u00f1\u00eda, Desarrollo Humano, gestiona el talento humano convencida de que todos los seres humanos son iguales que ejercen roles diferentes y no existen las diferencias.<\/td><\/tr><\/tbody><\/table><\/figure>\n\n\n\n<figure class=\"wp-block-table\"><table class=\"has-fixed-layout\"><tbody><tr><td>\u00bfQui\u00e9n es Marcela? Marcela naci\u00f3 en Pereira, Risaralda, el 1 de diciembre de 1978; es Dise\u00f1adora de Modas y especialista en Gerencia de la Universidad Eafit; en el a\u00f1o 2019 finaliz\u00f3 su Maestr\u00eda en Direcci\u00f3n de Recursos Humanos en la Escuela Europea de Negocios y actualmente es candidata a Especialista en Derecho Laboral. Marcela argumenta que: \u201cEstas personas [las de Superhumanos Co&amp;Tex] comenzaron a hablar en t\u00e9rminos de felicidad, bienestar y esperanza, donde m\u00e1s que encontrar un empleo digno en el que soportan las soluciones a sus necesidades econ\u00f3micas, se sienten satisfechas porque encontraron un verdadero segundo hogar, donde se exaltan sus valores, se proyectan y socializan sus capacidades para que siempre vayan de lo mejor hacia lo excelente\u201d.<\/td><\/tr><\/tbody><\/table><\/figure>\n\n\n\n<figure class=\"wp-block-table\"><table class=\"has-fixed-layout\"><tbody><tr><td><img loading=\"lazy\" decoding=\"async\" src=\"https:\/\/librosdeoro.cafam.com.co\/wp-content\/uploads\/sites\/9\/2020\/09\/Risaralda.png\" alt=\"\" width=\"950\" height=\"525\"><\/td><\/tr><\/tbody><\/table><\/figure>\n\n\n\n<div class=\"wp-block-buttons is-content-justification-center is-layout-flex wp-container-core-buttons-is-layout-16018d1d wp-block-buttons-is-layout-flex\">\n<div class=\"wp-block-button is-style-fill\" id=\"https:\/\/librosdeoro.cafam.com.co\/libro2020\/mujeres-cafam-1989-2019\/\"><a class=\"wp-block-button__link has-col-f-9-f-9-f-9-color has-col-a-0-bd-3-f-background-color has-text-color has-background has-link-color wp-element-button\" href=\"https:\/\/librosdeoro.cafam.com.co\/libro2020\/mujeres-finalistas\/\" style=\"border-radius:16px\">Volver<\/a><\/div>\n<\/div>\n","protected":false},"excerpt":{"rendered":"<p>Marcela Pineda Arango Mujer Cafam Risaralda Cambiando pensamientos, transformando vidas Las diversas especies que forman de la naturaleza tienden a dejar a un lado o a segregar a sus integrantes que son distintos. Incluso parte de la humanidad practica la \u201csupervivencia del m\u00e1s fuerte\u201d, pero se ha demostrado que no siempre este es quien sobrevive, [&hellip;]<\/p>\n","protected":false},"author":4,"featured_media":0,"parent":0,"menu_order":0,"comment_status":"closed","ping_status":"closed","template":"","meta":{"footnotes":""},"class_list":["post-3787","page","type-page","status-publish","hentry"],"yoast_head":"<!-- This site is optimized with the Yoast SEO plugin v23.1 - https:\/\/yoast.com\/wordpress\/plugins\/seo\/ -->\n<title>Marcela Pineda Arango - Libros de Oro 2020<\/title>\n<meta name=\"robots\" content=\"index, follow, max-snippet:-1, max-image-preview:large, max-video-preview:-1\" \/>\n<link rel=\"canonical\" href=\"https:\/\/librosdeoro.cafam.com.co\/libro2020\/marcela-pineda-arango\/\" \/>\n<meta property=\"og:locale\" content=\"es_ES\" \/>\n<meta property=\"og:type\" content=\"article\" \/>\n<meta property=\"og:title\" content=\"Marcela Pineda Arango - Libros de Oro 2020\" \/>\n<meta property=\"og:description\" content=\"Marcela Pineda Arango Mujer Cafam Risaralda Cambiando pensamientos, transformando vidas Las diversas especies que forman de la naturaleza tienden a dejar a un lado o a segregar a sus integrantes que son distintos. Incluso parte de la humanidad practica la \u201csupervivencia del m\u00e1s fuerte\u201d, pero se ha demostrado que no siempre este es quien sobrevive, [&hellip;]\" \/>\n<meta property=\"og:url\" content=\"https:\/\/librosdeoro.cafam.com.co\/libro2020\/marcela-pineda-arango\/\" \/>\n<meta property=\"og:site_name\" content=\"Libros de Oro 2020\" \/>\n<meta property=\"og:image\" content=\"https:\/\/librosdeoro.cafam.com.co\/wp-content\/uploads\/sites\/9\/2020\/02\/RISARALDA-MARCELA-PINEDA-ARANGO-IMAV_0040.jpg\" \/>\n<meta name=\"twitter:card\" content=\"summary_large_image\" \/>\n<meta name=\"twitter:label1\" content=\"Tiempo de lectura\" \/>\n\t<meta name=\"twitter:data1\" content=\"3 minutos\" \/>\n<script type=\"application\/ld+json\" class=\"yoast-schema-graph\">{\"@context\":\"https:\/\/schema.org\",\"@graph\":[{\"@type\":\"WebPage\",\"@id\":\"https:\/\/librosdeoro.cafam.com.co\/libro2020\/marcela-pineda-arango\/\",\"url\":\"https:\/\/librosdeoro.cafam.com.co\/libro2020\/marcela-pineda-arango\/\",\"name\":\"Marcela Pineda Arango - Libros de Oro 2020\",\"isPartOf\":{\"@id\":\"https:\/\/librosdeoro.cafam.com.co\/libro2020\/#website\"},\"primaryImageOfPage\":{\"@id\":\"https:\/\/librosdeoro.cafam.com.co\/libro2020\/marcela-pineda-arango\/#primaryimage\"},\"image\":{\"@id\":\"https:\/\/librosdeoro.cafam.com.co\/libro2020\/marcela-pineda-arango\/#primaryimage\"},\"thumbnailUrl\":\"https:\/\/librosdeoro.cafam.com.co\/wp-content\/uploads\/sites\/9\/2020\/02\/RISARALDA-MARCELA-PINEDA-ARANGO-IMAV_0040.jpg\",\"datePublished\":\"2025-07-10T22:03:38+00:00\",\"dateModified\":\"2025-07-10T22:03:38+00:00\",\"breadcrumb\":{\"@id\":\"https:\/\/librosdeoro.cafam.com.co\/libro2020\/marcela-pineda-arango\/#breadcrumb\"},\"inLanguage\":\"es-CO\",\"potentialAction\":[{\"@type\":\"ReadAction\",\"target\":[\"https:\/\/librosdeoro.cafam.com.co\/libro2020\/marcela-pineda-arango\/\"]}]},{\"@type\":\"ImageObject\",\"inLanguage\":\"es-CO\",\"@id\":\"https:\/\/librosdeoro.cafam.com.co\/libro2020\/marcela-pineda-arango\/#primaryimage\",\"url\":\"https:\/\/librosdeoro.cafam.com.co\/wp-content\/uploads\/sites\/9\/2020\/02\/RISARALDA-MARCELA-PINEDA-ARANGO-IMAV_0040.jpg\",\"contentUrl\":\"https:\/\/librosdeoro.cafam.com.co\/wp-content\/uploads\/sites\/9\/2020\/02\/RISARALDA-MARCELA-PINEDA-ARANGO-IMAV_0040.jpg\"},{\"@type\":\"BreadcrumbList\",\"@id\":\"https:\/\/librosdeoro.cafam.com.co\/libro2020\/marcela-pineda-arango\/#breadcrumb\",\"itemListElement\":[{\"@type\":\"ListItem\",\"position\":1,\"name\":\"Home\",\"item\":\"https:\/\/librosdeoro.cafam.com.co\/libro2020\/\"},{\"@type\":\"ListItem\",\"position\":2,\"name\":\"Marcela Pineda Arango\"}]},{\"@type\":\"WebSite\",\"@id\":\"https:\/\/librosdeoro.cafam.com.co\/libro2020\/#website\",\"url\":\"https:\/\/librosdeoro.cafam.com.co\/libro2020\/\",\"name\":\"Libros de Oro 2020\",\"description\":\"\",\"potentialAction\":[{\"@type\":\"SearchAction\",\"target\":{\"@type\":\"EntryPoint\",\"urlTemplate\":\"https:\/\/librosdeoro.cafam.com.co\/libro2020\/?s={search_term_string}\"},\"query-input\":\"required name=search_term_string\"}],\"inLanguage\":\"es-CO\"}]}<\/script>\n<!-- \/ Yoast SEO plugin. -->","yoast_head_json":{"title":"Marcela Pineda Arango - Libros de Oro 2020","robots":{"index":"index","follow":"follow","max-snippet":"max-snippet:-1","max-image-preview":"max-image-preview:large","max-video-preview":"max-video-preview:-1"},"canonical":"https:\/\/librosdeoro.cafam.com.co\/libro2020\/marcela-pineda-arango\/","og_locale":"es_ES","og_type":"article","og_title":"Marcela Pineda Arango - Libros de Oro 2020","og_description":"Marcela Pineda Arango Mujer Cafam Risaralda Cambiando pensamientos, transformando vidas Las diversas especies que forman de la naturaleza tienden a dejar a un lado o a segregar a sus integrantes que son distintos. Incluso parte de la humanidad practica la \u201csupervivencia del m\u00e1s fuerte\u201d, pero se ha demostrado que no siempre este es quien sobrevive, [&hellip;]","og_url":"https:\/\/librosdeoro.cafam.com.co\/libro2020\/marcela-pineda-arango\/","og_site_name":"Libros de Oro 2020","og_image":[{"url":"https:\/\/librosdeoro.cafam.com.co\/wp-content\/uploads\/sites\/9\/2020\/02\/RISARALDA-MARCELA-PINEDA-ARANGO-IMAV_0040.jpg"}],"twitter_card":"summary_large_image","twitter_misc":{"Tiempo de lectura":"3 minutos"},"schema":{"@context":"https:\/\/schema.org","@graph":[{"@type":"WebPage","@id":"https:\/\/librosdeoro.cafam.com.co\/libro2020\/marcela-pineda-arango\/","url":"https:\/\/librosdeoro.cafam.com.co\/libro2020\/marcela-pineda-arango\/","name":"Marcela Pineda Arango - Libros de Oro 2020","isPartOf":{"@id":"https:\/\/librosdeoro.cafam.com.co\/libro2020\/#website"},"primaryImageOfPage":{"@id":"https:\/\/librosdeoro.cafam.com.co\/libro2020\/marcela-pineda-arango\/#primaryimage"},"image":{"@id":"https:\/\/librosdeoro.cafam.com.co\/libro2020\/marcela-pineda-arango\/#primaryimage"},"thumbnailUrl":"https:\/\/librosdeoro.cafam.com.co\/wp-content\/uploads\/sites\/9\/2020\/02\/RISARALDA-MARCELA-PINEDA-ARANGO-IMAV_0040.jpg","datePublished":"2025-07-10T22:03:38+00:00","dateModified":"2025-07-10T22:03:38+00:00","breadcrumb":{"@id":"https:\/\/librosdeoro.cafam.com.co\/libro2020\/marcela-pineda-arango\/#breadcrumb"},"inLanguage":"es-CO","potentialAction":[{"@type":"ReadAction","target":["https:\/\/librosdeoro.cafam.com.co\/libro2020\/marcela-pineda-arango\/"]}]},{"@type":"ImageObject","inLanguage":"es-CO","@id":"https:\/\/librosdeoro.cafam.com.co\/libro2020\/marcela-pineda-arango\/#primaryimage","url":"https:\/\/librosdeoro.cafam.com.co\/wp-content\/uploads\/sites\/9\/2020\/02\/RISARALDA-MARCELA-PINEDA-ARANGO-IMAV_0040.jpg","contentUrl":"https:\/\/librosdeoro.cafam.com.co\/wp-content\/uploads\/sites\/9\/2020\/02\/RISARALDA-MARCELA-PINEDA-ARANGO-IMAV_0040.jpg"},{"@type":"BreadcrumbList","@id":"https:\/\/librosdeoro.cafam.com.co\/libro2020\/marcela-pineda-arango\/#breadcrumb","itemListElement":[{"@type":"ListItem","position":1,"name":"Home","item":"https:\/\/librosdeoro.cafam.com.co\/libro2020\/"},{"@type":"ListItem","position":2,"name":"Marcela Pineda Arango"}]},{"@type":"WebSite","@id":"https:\/\/librosdeoro.cafam.com.co\/libro2020\/#website","url":"https:\/\/librosdeoro.cafam.com.co\/libro2020\/","name":"Libros de Oro 2020","description":"","potentialAction":[{"@type":"SearchAction","target":{"@type":"EntryPoint","urlTemplate":"https:\/\/librosdeoro.cafam.com.co\/libro2020\/?s={search_term_string}"},"query-input":"required name=search_term_string"}],"inLanguage":"es-CO"}]}},"_links":{"self":[{"href":"https:\/\/librosdeoro.cafam.com.co\/libro2020\/wp-json\/wp\/v2\/pages\/3787","targetHints":{"allow":["GET"]}}],"collection":[{"href":"https:\/\/librosdeoro.cafam.com.co\/libro2020\/wp-json\/wp\/v2\/pages"}],"about":[{"href":"https:\/\/librosdeoro.cafam.com.co\/libro2020\/wp-json\/wp\/v2\/types\/page"}],"author":[{"embeddable":true,"href":"https:\/\/librosdeoro.cafam.com.co\/libro2020\/wp-json\/wp\/v2\/users\/4"}],"replies":[{"embeddable":true,"href":"https:\/\/librosdeoro.cafam.com.co\/libro2020\/wp-json\/wp\/v2\/comments?post=3787"}],"version-history":[{"count":1,"href":"https:\/\/librosdeoro.cafam.com.co\/libro2020\/wp-json\/wp\/v2\/pages\/3787\/revisions"}],"predecessor-version":[{"id":3789,"href":"https:\/\/librosdeoro.cafam.com.co\/libro2020\/wp-json\/wp\/v2\/pages\/3787\/revisions\/3789"}],"wp:attachment":[{"href":"https:\/\/librosdeoro.cafam.com.co\/libro2020\/wp-json\/wp\/v2\/media?parent=3787"}],"curies":[{"name":"wp","href":"https:\/\/api.w.org\/{rel}","templated":true}]}}