{"id":3784,"date":"2025-07-10T21:59:50","date_gmt":"2025-07-10T21:59:50","guid":{"rendered":"https:\/\/librosdeoro.cafam.com.co\/libro2020\/?page_id=3784"},"modified":"2025-07-10T21:59:51","modified_gmt":"2025-07-10T21:59:51","slug":"julieth-tejada-gil","status":"publish","type":"page","link":"https:\/\/librosdeoro.cafam.com.co\/libro2020\/julieth-tejada-gil\/","title":{"rendered":"Julieth Tejada Gil"},"content":{"rendered":"<div class=\"wp-block-image\">\n<figure class=\"aligncenter\"><img decoding=\"async\" src=\"https:\/\/librosdeoro.cafam.com.co\/wp-content\/uploads\/sites\/9\/2020\/02\/QUINDIO-JULIETH-TEJADA-GIL-IMAV_0558.jpg\" alt=\"\" class=\"wp-image-1677\" \/><\/figure><\/div>\n\n\n<h3 class=\"wp-block-heading\"><\/h3>\n\n\n\n<h1 class=\"wp-block-heading\">Julieth Tejada Gil<\/h1>\n\n\n\n<h2 class=\"wp-block-heading\">Mujer Cafam Quind\u00edo<\/h2>\n\n\n\n<h3 class=\"wp-block-heading\">Con el pecho a la brisa<\/h3>\n\n\n\n<figure class=\"wp-block-table\"><table class=\"has-fixed-layout\"><tbody><tr><td colspan=\"2\">El ser humano se caracteriza por su capacidad de adaptarse a los entornos, de ser capaz de transformar situaciones adversas en nuevas maneras de afrontarlas, de brindar amor, compa\u00f1\u00eda y solidaridad, adem\u00e1s de compartir sus experiencias para perseverar. Y testimonio vivo de lo anterior es Julieth quien es una luchadora incansable, pues en el terremoto del 25 de enero de 1999 en Armenia, es la \u00fanica sobreviviente en un edificio colapsado en el que diecinueve personas fallecieron, entre ellas su pareja de entonces, su hermana y sus sobrinos; luego fue diagnosticada con c\u00e1ncer de seno del cual sali\u00f3 vencedora. Lo anterior la llev\u00f3 a fundar la ONG sin \u00e1nimo de lucro Fundaci\u00f3n Lazo Rosa Colombia, creada en el 2012, de la cual es su presidenta y tiene como objeto brindar apoyo y ayuda a la sociedad afectada por el c\u00e1ncer de mama y fomentar la mejora de la calidad de vida de los pacientes y sus familias.<\/td><td colspan=\"2\">Como l\u00edder de este proceso, y en compa\u00f1\u00eda de su equipo de trabajo, ha desarrollado campa\u00f1as de positivo impacto regional, nacional e internacional, en pro de la defensa de los derechos de los pacientes con c\u00e1ncer y el apoyo socioecon\u00f3mico a los menos favorecidos. Con la campa\u00f1a Tinta Esperanza, de la mano del tatuador Fabi\u00e1n Henao, fueron tatuadas 30 mujeres luego de la cirug\u00eda de reconstrucci\u00f3n de mama, que en la mayor\u00eda de los casos les impide volver a ver sus senos como s\u00edmbolos de feminidad. A lo largo de los a\u00f1os de servicio social, los apoyos que ofrece Lazo Rosa Colombia han favorecido a m\u00e1s de 900 pacientes, y con la conferencia &#8220;15 segundos al d\u00eda pueden salvar tu vida&#8221;, aproximadamente se han visto beneficiadas 5.000 personas en las ciudades capitales del Eje Cafetero colombiano.<\/td><\/tr><\/tbody><\/table><\/figure>\n\n\n\n<figure class=\"wp-block-table\"><table class=\"has-fixed-layout\"><tbody><tr><td>\u00bfQui\u00e9n es Julieth? Julieth naci\u00f3 en Filandia, Quind\u00edo, el 15 de junio de 1976; desde los 6 a\u00f1os de edad vive en Armenia. Es abogada egresada de la Universidad La Gran Colombia de Armenia, especialista en Derecho Laboral y Seguridad Social de la misma universidad y especialista en Derecho Administrativo de la Universidad Santo Tom\u00e1s. Julieth expresa que: \u201cDoce a\u00f1os despu\u00e9s del terremoto fui diagnosticada con c\u00e1ncer de mama, sin tener antecedentes de la enfermedad en la familia, y una vez m\u00e1s, con decisi\u00f3n, luch\u00e9 y logr\u00e9 vencerlo. Aprend\u00ed que no es con el miedo con lo que se sale a la batalla de la vida, sino con convicci\u00f3n y positivismo, aunque sigo esquivando permanentemente el fantasma silencioso del c\u00e1ncer\u201d.<\/td><\/tr><\/tbody><\/table><\/figure>\n\n\n\n<figure class=\"wp-block-table\"><table class=\"has-fixed-layout\"><tbody><tr><td><img loading=\"lazy\" decoding=\"async\" src=\"https:\/\/librosdeoro.cafam.com.co\/wp-content\/uploads\/sites\/9\/2020\/09\/Quindio.png\" alt=\"\" width=\"950\" height=\"525\"><\/td><\/tr><\/tbody><\/table><\/figure>\n\n\n\n<div class=\"wp-block-buttons is-content-justification-center is-layout-flex wp-container-core-buttons-is-layout-16018d1d wp-block-buttons-is-layout-flex\">\n<div class=\"wp-block-button is-style-fill\" id=\"https:\/\/librosdeoro.cafam.com.co\/libro2020\/mujeres-cafam-1989-2019\/\"><a class=\"wp-block-button__link has-col-f-9-f-9-f-9-color has-col-a-0-bd-3-f-background-color has-text-color has-background has-link-color wp-element-button\" href=\"https:\/\/librosdeoro.cafam.com.co\/libro2020\/mujeres-finalistas\/\" style=\"border-radius:16px\">Volver<\/a><\/div>\n<\/div>\n","protected":false},"excerpt":{"rendered":"<p>Julieth Tejada Gil Mujer Cafam Quind\u00edo Con el pecho a la brisa El ser humano se caracteriza por su capacidad de adaptarse a los entornos, de ser capaz de transformar situaciones adversas en nuevas maneras de afrontarlas, de brindar amor, compa\u00f1\u00eda y solidaridad, adem\u00e1s de compartir sus experiencias para perseverar. Y testimonio vivo de lo [&hellip;]<\/p>\n","protected":false},"author":4,"featured_media":0,"parent":0,"menu_order":0,"comment_status":"closed","ping_status":"closed","template":"","meta":{"footnotes":""},"class_list":["post-3784","page","type-page","status-publish","hentry"],"yoast_head":"<!-- This site is optimized with the Yoast SEO plugin v23.1 - https:\/\/yoast.com\/wordpress\/plugins\/seo\/ -->\n<title>Julieth Tejada Gil - Libros de Oro 2020<\/title>\n<meta name=\"robots\" content=\"index, follow, max-snippet:-1, max-image-preview:large, max-video-preview:-1\" \/>\n<link rel=\"canonical\" href=\"https:\/\/librosdeoro.cafam.com.co\/libro2020\/julieth-tejada-gil\/\" \/>\n<meta property=\"og:locale\" content=\"es_ES\" \/>\n<meta property=\"og:type\" content=\"article\" \/>\n<meta property=\"og:title\" content=\"Julieth Tejada Gil - Libros de Oro 2020\" \/>\n<meta property=\"og:description\" content=\"Julieth Tejada Gil Mujer Cafam Quind\u00edo Con el pecho a la brisa El ser humano se caracteriza por su capacidad de adaptarse a los entornos, de ser capaz de transformar situaciones adversas en nuevas maneras de afrontarlas, de brindar amor, compa\u00f1\u00eda y solidaridad, adem\u00e1s de compartir sus experiencias para perseverar. Y testimonio vivo de lo [&hellip;]\" \/>\n<meta property=\"og:url\" content=\"https:\/\/librosdeoro.cafam.com.co\/libro2020\/julieth-tejada-gil\/\" \/>\n<meta property=\"og:site_name\" content=\"Libros de Oro 2020\" \/>\n<meta property=\"article:modified_time\" content=\"2025-07-10T21:59:51+00:00\" \/>\n<meta property=\"og:image\" content=\"https:\/\/librosdeoro.cafam.com.co\/wp-content\/uploads\/sites\/9\/2020\/02\/QUINDIO-JULIETH-TEJADA-GIL-IMAV_0558.jpg\" \/>\n<meta name=\"twitter:card\" content=\"summary_large_image\" \/>\n<meta name=\"twitter:label1\" content=\"Tiempo de lectura\" \/>\n\t<meta name=\"twitter:data1\" content=\"3 minutos\" \/>\n<script type=\"application\/ld+json\" class=\"yoast-schema-graph\">{\"@context\":\"https:\/\/schema.org\",\"@graph\":[{\"@type\":\"WebPage\",\"@id\":\"https:\/\/librosdeoro.cafam.com.co\/libro2020\/julieth-tejada-gil\/\",\"url\":\"https:\/\/librosdeoro.cafam.com.co\/libro2020\/julieth-tejada-gil\/\",\"name\":\"Julieth Tejada Gil - Libros de Oro 2020\",\"isPartOf\":{\"@id\":\"https:\/\/librosdeoro.cafam.com.co\/libro2020\/#website\"},\"primaryImageOfPage\":{\"@id\":\"https:\/\/librosdeoro.cafam.com.co\/libro2020\/julieth-tejada-gil\/#primaryimage\"},\"image\":{\"@id\":\"https:\/\/librosdeoro.cafam.com.co\/libro2020\/julieth-tejada-gil\/#primaryimage\"},\"thumbnailUrl\":\"https:\/\/librosdeoro.cafam.com.co\/wp-content\/uploads\/sites\/9\/2020\/02\/QUINDIO-JULIETH-TEJADA-GIL-IMAV_0558.jpg\",\"datePublished\":\"2025-07-10T21:59:50+00:00\",\"dateModified\":\"2025-07-10T21:59:51+00:00\",\"breadcrumb\":{\"@id\":\"https:\/\/librosdeoro.cafam.com.co\/libro2020\/julieth-tejada-gil\/#breadcrumb\"},\"inLanguage\":\"es-CO\",\"potentialAction\":[{\"@type\":\"ReadAction\",\"target\":[\"https:\/\/librosdeoro.cafam.com.co\/libro2020\/julieth-tejada-gil\/\"]}]},{\"@type\":\"ImageObject\",\"inLanguage\":\"es-CO\",\"@id\":\"https:\/\/librosdeoro.cafam.com.co\/libro2020\/julieth-tejada-gil\/#primaryimage\",\"url\":\"https:\/\/librosdeoro.cafam.com.co\/wp-content\/uploads\/sites\/9\/2020\/02\/QUINDIO-JULIETH-TEJADA-GIL-IMAV_0558.jpg\",\"contentUrl\":\"https:\/\/librosdeoro.cafam.com.co\/wp-content\/uploads\/sites\/9\/2020\/02\/QUINDIO-JULIETH-TEJADA-GIL-IMAV_0558.jpg\"},{\"@type\":\"BreadcrumbList\",\"@id\":\"https:\/\/librosdeoro.cafam.com.co\/libro2020\/julieth-tejada-gil\/#breadcrumb\",\"itemListElement\":[{\"@type\":\"ListItem\",\"position\":1,\"name\":\"Home\",\"item\":\"https:\/\/librosdeoro.cafam.com.co\/libro2020\/\"},{\"@type\":\"ListItem\",\"position\":2,\"name\":\"Julieth Tejada Gil\"}]},{\"@type\":\"WebSite\",\"@id\":\"https:\/\/librosdeoro.cafam.com.co\/libro2020\/#website\",\"url\":\"https:\/\/librosdeoro.cafam.com.co\/libro2020\/\",\"name\":\"Libros de Oro 2020\",\"description\":\"\",\"potentialAction\":[{\"@type\":\"SearchAction\",\"target\":{\"@type\":\"EntryPoint\",\"urlTemplate\":\"https:\/\/librosdeoro.cafam.com.co\/libro2020\/?s={search_term_string}\"},\"query-input\":\"required name=search_term_string\"}],\"inLanguage\":\"es-CO\"}]}<\/script>\n<!-- \/ Yoast SEO plugin. -->","yoast_head_json":{"title":"Julieth Tejada Gil - Libros de Oro 2020","robots":{"index":"index","follow":"follow","max-snippet":"max-snippet:-1","max-image-preview":"max-image-preview:large","max-video-preview":"max-video-preview:-1"},"canonical":"https:\/\/librosdeoro.cafam.com.co\/libro2020\/julieth-tejada-gil\/","og_locale":"es_ES","og_type":"article","og_title":"Julieth Tejada Gil - Libros de Oro 2020","og_description":"Julieth Tejada Gil Mujer Cafam Quind\u00edo Con el pecho a la brisa El ser humano se caracteriza por su capacidad de adaptarse a los entornos, de ser capaz de transformar situaciones adversas en nuevas maneras de afrontarlas, de brindar amor, compa\u00f1\u00eda y solidaridad, adem\u00e1s de compartir sus experiencias para perseverar. Y testimonio vivo de lo [&hellip;]","og_url":"https:\/\/librosdeoro.cafam.com.co\/libro2020\/julieth-tejada-gil\/","og_site_name":"Libros de Oro 2020","article_modified_time":"2025-07-10T21:59:51+00:00","og_image":[{"url":"https:\/\/librosdeoro.cafam.com.co\/wp-content\/uploads\/sites\/9\/2020\/02\/QUINDIO-JULIETH-TEJADA-GIL-IMAV_0558.jpg"}],"twitter_card":"summary_large_image","twitter_misc":{"Tiempo de lectura":"3 minutos"},"schema":{"@context":"https:\/\/schema.org","@graph":[{"@type":"WebPage","@id":"https:\/\/librosdeoro.cafam.com.co\/libro2020\/julieth-tejada-gil\/","url":"https:\/\/librosdeoro.cafam.com.co\/libro2020\/julieth-tejada-gil\/","name":"Julieth Tejada Gil - Libros de Oro 2020","isPartOf":{"@id":"https:\/\/librosdeoro.cafam.com.co\/libro2020\/#website"},"primaryImageOfPage":{"@id":"https:\/\/librosdeoro.cafam.com.co\/libro2020\/julieth-tejada-gil\/#primaryimage"},"image":{"@id":"https:\/\/librosdeoro.cafam.com.co\/libro2020\/julieth-tejada-gil\/#primaryimage"},"thumbnailUrl":"https:\/\/librosdeoro.cafam.com.co\/wp-content\/uploads\/sites\/9\/2020\/02\/QUINDIO-JULIETH-TEJADA-GIL-IMAV_0558.jpg","datePublished":"2025-07-10T21:59:50+00:00","dateModified":"2025-07-10T21:59:51+00:00","breadcrumb":{"@id":"https:\/\/librosdeoro.cafam.com.co\/libro2020\/julieth-tejada-gil\/#breadcrumb"},"inLanguage":"es-CO","potentialAction":[{"@type":"ReadAction","target":["https:\/\/librosdeoro.cafam.com.co\/libro2020\/julieth-tejada-gil\/"]}]},{"@type":"ImageObject","inLanguage":"es-CO","@id":"https:\/\/librosdeoro.cafam.com.co\/libro2020\/julieth-tejada-gil\/#primaryimage","url":"https:\/\/librosdeoro.cafam.com.co\/wp-content\/uploads\/sites\/9\/2020\/02\/QUINDIO-JULIETH-TEJADA-GIL-IMAV_0558.jpg","contentUrl":"https:\/\/librosdeoro.cafam.com.co\/wp-content\/uploads\/sites\/9\/2020\/02\/QUINDIO-JULIETH-TEJADA-GIL-IMAV_0558.jpg"},{"@type":"BreadcrumbList","@id":"https:\/\/librosdeoro.cafam.com.co\/libro2020\/julieth-tejada-gil\/#breadcrumb","itemListElement":[{"@type":"ListItem","position":1,"name":"Home","item":"https:\/\/librosdeoro.cafam.com.co\/libro2020\/"},{"@type":"ListItem","position":2,"name":"Julieth Tejada Gil"}]},{"@type":"WebSite","@id":"https:\/\/librosdeoro.cafam.com.co\/libro2020\/#website","url":"https:\/\/librosdeoro.cafam.com.co\/libro2020\/","name":"Libros de Oro 2020","description":"","potentialAction":[{"@type":"SearchAction","target":{"@type":"EntryPoint","urlTemplate":"https:\/\/librosdeoro.cafam.com.co\/libro2020\/?s={search_term_string}"},"query-input":"required name=search_term_string"}],"inLanguage":"es-CO"}]}},"_links":{"self":[{"href":"https:\/\/librosdeoro.cafam.com.co\/libro2020\/wp-json\/wp\/v2\/pages\/3784","targetHints":{"allow":["GET"]}}],"collection":[{"href":"https:\/\/librosdeoro.cafam.com.co\/libro2020\/wp-json\/wp\/v2\/pages"}],"about":[{"href":"https:\/\/librosdeoro.cafam.com.co\/libro2020\/wp-json\/wp\/v2\/types\/page"}],"author":[{"embeddable":true,"href":"https:\/\/librosdeoro.cafam.com.co\/libro2020\/wp-json\/wp\/v2\/users\/4"}],"replies":[{"embeddable":true,"href":"https:\/\/librosdeoro.cafam.com.co\/libro2020\/wp-json\/wp\/v2\/comments?post=3784"}],"version-history":[{"count":1,"href":"https:\/\/librosdeoro.cafam.com.co\/libro2020\/wp-json\/wp\/v2\/pages\/3784\/revisions"}],"predecessor-version":[{"id":3786,"href":"https:\/\/librosdeoro.cafam.com.co\/libro2020\/wp-json\/wp\/v2\/pages\/3784\/revisions\/3786"}],"wp:attachment":[{"href":"https:\/\/librosdeoro.cafam.com.co\/libro2020\/wp-json\/wp\/v2\/media?parent=3784"}],"curies":[{"name":"wp","href":"https:\/\/api.w.org\/{rel}","templated":true}]}}