{"id":3781,"date":"2025-07-10T21:59:26","date_gmt":"2025-07-10T21:59:26","guid":{"rendered":"https:\/\/librosdeoro.cafam.com.co\/libro2020\/?page_id=3781"},"modified":"2025-07-10T21:59:26","modified_gmt":"2025-07-10T21:59:26","slug":"bernardita-imelda-ortiz-vela","status":"publish","type":"page","link":"https:\/\/librosdeoro.cafam.com.co\/libro2020\/bernardita-imelda-ortiz-vela\/","title":{"rendered":"Bernardita Imelda Ortiz Vela"},"content":{"rendered":"<div class=\"wp-block-image\">\n<figure class=\"aligncenter\"><img decoding=\"async\" src=\"https:\/\/librosdeoro.cafam.com.co\/wp-content\/uploads\/sites\/9\/2020\/02\/GUAVIARE-BERNALDITA-IMELDA-ORTIZ-VELA-IMAV_2107.jpg\" alt=\"\" class=\"wp-image-1677\" \/><\/figure><\/div>\n\n\n<h3 class=\"wp-block-heading\"><\/h3>\n\n\n\n<h1 class=\"wp-block-heading\">Bernardita Imelda Ortiz Vela<\/h1>\n\n\n\n<h2 class=\"wp-block-heading\">Mujer Cafam Guaviare<\/h2>\n\n\n\n<h3 class=\"wp-block-heading\">La m\u00fasica: inspiraci\u00f3n del alma<\/h3>\n\n\n\n<figure class=\"wp-block-table\"><table class=\"has-fixed-layout\"><tbody><tr><td colspan=\"2\">Cada ser humano nace con cualidades, defectos, atributos y dones que lo hacen \u00fanico e irrepetible sobre la faz de la tierra. Algunos tienen dotes f\u00edsicas como los deportistas, otros poseen dones que les permite ver todo a su alrededor de manera distinta, y hay seres humanos que encuentran en la m\u00fasica el veh\u00edculo para ayudar a los dem\u00e1s. Y la m\u00fasica y el canto son los que Bernardita escogi\u00f3 como medio para superar sus miedos y aportar al crecimiento personal suyo, de los suyos y de las personas de su entorno. El curso de su vida y por su licenciatura en M\u00fasica, lleg\u00f3 a San Jos\u00e9 del Guaviare, ciudad de la que se enamor\u00f3 por estar en una regi\u00f3n de belleza natural sinigual, pero que al mismo tiempo es azotada por el conflicto armado. All\u00ed se dio cuenta de que la m\u00fasica es la forma para reanudar lazos y superar traumas ocasionados por la violencia.<\/td><td colspan=\"2\">Por esas razones surgi\u00f3 Cultivarte para reconstruir el tejido social roto por la violencia y el conflicto armado. Reconstrucci\u00f3n que se logra mediante la recuperaci\u00f3n de la dignidad humana con planes programas y proyectos que propenden por el respeto, la solidaridad, la diferencia cultural, la recuperaci\u00f3n de la vida de ni\u00f1os, j\u00f3venes, madres cabeza de familia, campesinas y otros, para aportar a la paz de Colombia transformando su vida, la de otros y a la vez su entorno natural, a trav\u00e9s de la m\u00fasica. Hoy d\u00eda, el Encuentro de M\u00fasica Urbana y otros Estilos, en San Jos\u00e9 del Guaviare es el mayor logro de Bernardita, aparte de sus hijos, pues este encuentro forma parte activa de la vida del Guaviare para que los j\u00f3venes dejen las drogas y emprendan proyectos de vida inspiradores.<\/td><\/tr><\/tbody><\/table><\/figure>\n\n\n\n<figure class=\"wp-block-table\"><table class=\"has-fixed-layout\"><tbody><tr><td>\u00bfQui\u00e9n es Bernardita? Bernardita Imelda naci\u00f3 el 17 de octubre de 1960 en Puerres, Nari\u00f1o, es licenciada en M\u00fasica y especialista en Educaci\u00f3n, Cultura y Pol\u00edtica de la UNAD. Es la tercera de cinco hermanos que sobrevivieron a la tragedia de perder sus padres a temprana edad. A Bernardita la acogi\u00f3 una t\u00eda que le brind\u00f3 educaci\u00f3n estricta en medio de clases de oratoria, redacci\u00f3n y m\u00fasica que marcaron a Bernardita en su infancia. En medio de su educaci\u00f3n con las religiosas Oblatas, ellas le ense\u00f1aron a cantar, lo cual se convirti\u00f3 en su refugio y escape del r\u00e9gimen de su t\u00eda. En desarrollo de su profesi\u00f3n, unos j\u00f3venes inmersos en la drogadicci\u00f3n y con comportamientos delictivos en San Jos\u00e9 del Guaviare, le dijeron a Bernardita que quer\u00edan hacer m\u00fasica; en palabras de ella: \u201cEn ese momento saqu\u00e9 todos mis instrumentos de ense\u00f1anza pedag\u00f3gica de mi propiedad y de mis hijos y empezamos a ense\u00f1arles m\u00fasica en mi casa. Un piano electr\u00f3nico, una guitarra y tres flautas. Desde el primer d\u00eda se emocionaron y quer\u00edan seguir sin parar. Mis hijos me ayudaban y siempre estaban a mi lado ense\u00f1\u00e1ndoles\u201d.<\/td><\/tr><\/tbody><\/table><\/figure>\n\n\n\n<figure class=\"wp-block-table\"><table class=\"has-fixed-layout\"><tbody><tr><td><img loading=\"lazy\" decoding=\"async\" src=\"https:\/\/librosdeoro.cafam.com.co\/wp-content\/uploads\/sites\/9\/2020\/09\/Guaviare.png\" alt=\"\" width=\"950\" height=\"525\"><\/td><\/tr><\/tbody><\/table><\/figure>\n\n\n\n<div class=\"wp-block-buttons is-content-justification-center is-layout-flex wp-container-core-buttons-is-layout-16018d1d wp-block-buttons-is-layout-flex\">\n<div class=\"wp-block-button is-style-fill\" id=\"https:\/\/librosdeoro.cafam.com.co\/libro2020\/mujeres-cafam-1989-2019\/\"><a class=\"wp-block-button__link has-col-f-9-f-9-f-9-color has-col-a-0-bd-3-f-background-color has-text-color has-background has-link-color wp-element-button\" href=\"https:\/\/librosdeoro.cafam.com.co\/libro2020\/mujeres-finalistas\/\" style=\"border-radius:16px\">Volver<\/a><\/div>\n<\/div>\n","protected":false},"excerpt":{"rendered":"<p>Bernardita Imelda Ortiz Vela Mujer Cafam Guaviare La m\u00fasica: inspiraci\u00f3n del alma Cada ser humano nace con cualidades, defectos, atributos y dones que lo hacen \u00fanico e irrepetible sobre la faz de la tierra. Algunos tienen dotes f\u00edsicas como los deportistas, otros poseen dones que les permite ver todo a su alrededor de manera distinta, [&hellip;]<\/p>\n","protected":false},"author":4,"featured_media":0,"parent":0,"menu_order":0,"comment_status":"closed","ping_status":"closed","template":"","meta":{"footnotes":""},"class_list":["post-3781","page","type-page","status-publish","hentry"],"yoast_head":"<!-- This site is optimized with the Yoast SEO plugin v23.1 - https:\/\/yoast.com\/wordpress\/plugins\/seo\/ -->\n<title>Bernardita Imelda Ortiz Vela - Libros de Oro 2020<\/title>\n<meta name=\"robots\" content=\"index, follow, max-snippet:-1, max-image-preview:large, max-video-preview:-1\" \/>\n<link rel=\"canonical\" href=\"https:\/\/librosdeoro.cafam.com.co\/libro2020\/bernardita-imelda-ortiz-vela\/\" \/>\n<meta property=\"og:locale\" content=\"es_ES\" \/>\n<meta property=\"og:type\" content=\"article\" \/>\n<meta property=\"og:title\" content=\"Bernardita Imelda Ortiz Vela - Libros de Oro 2020\" \/>\n<meta property=\"og:description\" content=\"Bernardita Imelda Ortiz Vela Mujer Cafam Guaviare La m\u00fasica: inspiraci\u00f3n del alma Cada ser humano nace con cualidades, defectos, atributos y dones que lo hacen \u00fanico e irrepetible sobre la faz de la tierra. Algunos tienen dotes f\u00edsicas como los deportistas, otros poseen dones que les permite ver todo a su alrededor de manera distinta, [&hellip;]\" \/>\n<meta property=\"og:url\" content=\"https:\/\/librosdeoro.cafam.com.co\/libro2020\/bernardita-imelda-ortiz-vela\/\" \/>\n<meta property=\"og:site_name\" content=\"Libros de Oro 2020\" \/>\n<meta property=\"og:image\" content=\"https:\/\/librosdeoro.cafam.com.co\/wp-content\/uploads\/sites\/9\/2020\/02\/GUAVIARE-BERNALDITA-IMELDA-ORTIZ-VELA-IMAV_2107.jpg\" \/>\n<meta name=\"twitter:card\" content=\"summary_large_image\" \/>\n<meta name=\"twitter:label1\" content=\"Tiempo de lectura\" \/>\n\t<meta name=\"twitter:data1\" content=\"3 minutos\" \/>\n<script type=\"application\/ld+json\" class=\"yoast-schema-graph\">{\"@context\":\"https:\/\/schema.org\",\"@graph\":[{\"@type\":\"WebPage\",\"@id\":\"https:\/\/librosdeoro.cafam.com.co\/libro2020\/bernardita-imelda-ortiz-vela\/\",\"url\":\"https:\/\/librosdeoro.cafam.com.co\/libro2020\/bernardita-imelda-ortiz-vela\/\",\"name\":\"Bernardita Imelda Ortiz Vela - Libros de Oro 2020\",\"isPartOf\":{\"@id\":\"https:\/\/librosdeoro.cafam.com.co\/libro2020\/#website\"},\"primaryImageOfPage\":{\"@id\":\"https:\/\/librosdeoro.cafam.com.co\/libro2020\/bernardita-imelda-ortiz-vela\/#primaryimage\"},\"image\":{\"@id\":\"https:\/\/librosdeoro.cafam.com.co\/libro2020\/bernardita-imelda-ortiz-vela\/#primaryimage\"},\"thumbnailUrl\":\"https:\/\/librosdeoro.cafam.com.co\/wp-content\/uploads\/sites\/9\/2020\/02\/GUAVIARE-BERNALDITA-IMELDA-ORTIZ-VELA-IMAV_2107.jpg\",\"datePublished\":\"2025-07-10T21:59:26+00:00\",\"dateModified\":\"2025-07-10T21:59:26+00:00\",\"breadcrumb\":{\"@id\":\"https:\/\/librosdeoro.cafam.com.co\/libro2020\/bernardita-imelda-ortiz-vela\/#breadcrumb\"},\"inLanguage\":\"es-CO\",\"potentialAction\":[{\"@type\":\"ReadAction\",\"target\":[\"https:\/\/librosdeoro.cafam.com.co\/libro2020\/bernardita-imelda-ortiz-vela\/\"]}]},{\"@type\":\"ImageObject\",\"inLanguage\":\"es-CO\",\"@id\":\"https:\/\/librosdeoro.cafam.com.co\/libro2020\/bernardita-imelda-ortiz-vela\/#primaryimage\",\"url\":\"https:\/\/librosdeoro.cafam.com.co\/wp-content\/uploads\/sites\/9\/2020\/02\/GUAVIARE-BERNALDITA-IMELDA-ORTIZ-VELA-IMAV_2107.jpg\",\"contentUrl\":\"https:\/\/librosdeoro.cafam.com.co\/wp-content\/uploads\/sites\/9\/2020\/02\/GUAVIARE-BERNALDITA-IMELDA-ORTIZ-VELA-IMAV_2107.jpg\"},{\"@type\":\"BreadcrumbList\",\"@id\":\"https:\/\/librosdeoro.cafam.com.co\/libro2020\/bernardita-imelda-ortiz-vela\/#breadcrumb\",\"itemListElement\":[{\"@type\":\"ListItem\",\"position\":1,\"name\":\"Home\",\"item\":\"https:\/\/librosdeoro.cafam.com.co\/libro2020\/\"},{\"@type\":\"ListItem\",\"position\":2,\"name\":\"Bernardita Imelda Ortiz Vela\"}]},{\"@type\":\"WebSite\",\"@id\":\"https:\/\/librosdeoro.cafam.com.co\/libro2020\/#website\",\"url\":\"https:\/\/librosdeoro.cafam.com.co\/libro2020\/\",\"name\":\"Libros de Oro 2020\",\"description\":\"\",\"potentialAction\":[{\"@type\":\"SearchAction\",\"target\":{\"@type\":\"EntryPoint\",\"urlTemplate\":\"https:\/\/librosdeoro.cafam.com.co\/libro2020\/?s={search_term_string}\"},\"query-input\":\"required name=search_term_string\"}],\"inLanguage\":\"es-CO\"}]}<\/script>\n<!-- \/ Yoast SEO plugin. -->","yoast_head_json":{"title":"Bernardita Imelda Ortiz Vela - Libros de Oro 2020","robots":{"index":"index","follow":"follow","max-snippet":"max-snippet:-1","max-image-preview":"max-image-preview:large","max-video-preview":"max-video-preview:-1"},"canonical":"https:\/\/librosdeoro.cafam.com.co\/libro2020\/bernardita-imelda-ortiz-vela\/","og_locale":"es_ES","og_type":"article","og_title":"Bernardita Imelda Ortiz Vela - Libros de Oro 2020","og_description":"Bernardita Imelda Ortiz Vela Mujer Cafam Guaviare La m\u00fasica: inspiraci\u00f3n del alma Cada ser humano nace con cualidades, defectos, atributos y dones que lo hacen \u00fanico e irrepetible sobre la faz de la tierra. Algunos tienen dotes f\u00edsicas como los deportistas, otros poseen dones que les permite ver todo a su alrededor de manera distinta, [&hellip;]","og_url":"https:\/\/librosdeoro.cafam.com.co\/libro2020\/bernardita-imelda-ortiz-vela\/","og_site_name":"Libros de Oro 2020","og_image":[{"url":"https:\/\/librosdeoro.cafam.com.co\/wp-content\/uploads\/sites\/9\/2020\/02\/GUAVIARE-BERNALDITA-IMELDA-ORTIZ-VELA-IMAV_2107.jpg"}],"twitter_card":"summary_large_image","twitter_misc":{"Tiempo de lectura":"3 minutos"},"schema":{"@context":"https:\/\/schema.org","@graph":[{"@type":"WebPage","@id":"https:\/\/librosdeoro.cafam.com.co\/libro2020\/bernardita-imelda-ortiz-vela\/","url":"https:\/\/librosdeoro.cafam.com.co\/libro2020\/bernardita-imelda-ortiz-vela\/","name":"Bernardita Imelda Ortiz Vela - Libros de Oro 2020","isPartOf":{"@id":"https:\/\/librosdeoro.cafam.com.co\/libro2020\/#website"},"primaryImageOfPage":{"@id":"https:\/\/librosdeoro.cafam.com.co\/libro2020\/bernardita-imelda-ortiz-vela\/#primaryimage"},"image":{"@id":"https:\/\/librosdeoro.cafam.com.co\/libro2020\/bernardita-imelda-ortiz-vela\/#primaryimage"},"thumbnailUrl":"https:\/\/librosdeoro.cafam.com.co\/wp-content\/uploads\/sites\/9\/2020\/02\/GUAVIARE-BERNALDITA-IMELDA-ORTIZ-VELA-IMAV_2107.jpg","datePublished":"2025-07-10T21:59:26+00:00","dateModified":"2025-07-10T21:59:26+00:00","breadcrumb":{"@id":"https:\/\/librosdeoro.cafam.com.co\/libro2020\/bernardita-imelda-ortiz-vela\/#breadcrumb"},"inLanguage":"es-CO","potentialAction":[{"@type":"ReadAction","target":["https:\/\/librosdeoro.cafam.com.co\/libro2020\/bernardita-imelda-ortiz-vela\/"]}]},{"@type":"ImageObject","inLanguage":"es-CO","@id":"https:\/\/librosdeoro.cafam.com.co\/libro2020\/bernardita-imelda-ortiz-vela\/#primaryimage","url":"https:\/\/librosdeoro.cafam.com.co\/wp-content\/uploads\/sites\/9\/2020\/02\/GUAVIARE-BERNALDITA-IMELDA-ORTIZ-VELA-IMAV_2107.jpg","contentUrl":"https:\/\/librosdeoro.cafam.com.co\/wp-content\/uploads\/sites\/9\/2020\/02\/GUAVIARE-BERNALDITA-IMELDA-ORTIZ-VELA-IMAV_2107.jpg"},{"@type":"BreadcrumbList","@id":"https:\/\/librosdeoro.cafam.com.co\/libro2020\/bernardita-imelda-ortiz-vela\/#breadcrumb","itemListElement":[{"@type":"ListItem","position":1,"name":"Home","item":"https:\/\/librosdeoro.cafam.com.co\/libro2020\/"},{"@type":"ListItem","position":2,"name":"Bernardita Imelda Ortiz Vela"}]},{"@type":"WebSite","@id":"https:\/\/librosdeoro.cafam.com.co\/libro2020\/#website","url":"https:\/\/librosdeoro.cafam.com.co\/libro2020\/","name":"Libros de Oro 2020","description":"","potentialAction":[{"@type":"SearchAction","target":{"@type":"EntryPoint","urlTemplate":"https:\/\/librosdeoro.cafam.com.co\/libro2020\/?s={search_term_string}"},"query-input":"required name=search_term_string"}],"inLanguage":"es-CO"}]}},"_links":{"self":[{"href":"https:\/\/librosdeoro.cafam.com.co\/libro2020\/wp-json\/wp\/v2\/pages\/3781","targetHints":{"allow":["GET"]}}],"collection":[{"href":"https:\/\/librosdeoro.cafam.com.co\/libro2020\/wp-json\/wp\/v2\/pages"}],"about":[{"href":"https:\/\/librosdeoro.cafam.com.co\/libro2020\/wp-json\/wp\/v2\/types\/page"}],"author":[{"embeddable":true,"href":"https:\/\/librosdeoro.cafam.com.co\/libro2020\/wp-json\/wp\/v2\/users\/4"}],"replies":[{"embeddable":true,"href":"https:\/\/librosdeoro.cafam.com.co\/libro2020\/wp-json\/wp\/v2\/comments?post=3781"}],"version-history":[{"count":1,"href":"https:\/\/librosdeoro.cafam.com.co\/libro2020\/wp-json\/wp\/v2\/pages\/3781\/revisions"}],"predecessor-version":[{"id":3783,"href":"https:\/\/librosdeoro.cafam.com.co\/libro2020\/wp-json\/wp\/v2\/pages\/3781\/revisions\/3783"}],"wp:attachment":[{"href":"https:\/\/librosdeoro.cafam.com.co\/libro2020\/wp-json\/wp\/v2\/media?parent=3781"}],"curies":[{"name":"wp","href":"https:\/\/api.w.org\/{rel}","templated":true}]}}