{"id":3765,"date":"2025-07-10T21:50:42","date_gmt":"2025-07-10T21:50:42","guid":{"rendered":"https:\/\/librosdeoro.cafam.com.co\/libro2020\/?page_id=3765"},"modified":"2025-07-10T21:50:43","modified_gmt":"2025-07-10T21:50:43","slug":"teolinda-castelbondo-pertuz","status":"publish","type":"page","link":"https:\/\/librosdeoro.cafam.com.co\/libro2020\/teolinda-castelbondo-pertuz\/","title":{"rendered":"Teolinda Castelbondo Pertuz"},"content":{"rendered":"<div class=\"wp-block-image\">\n<figure class=\"aligncenter\"><img decoding=\"async\" src=\"https:\/\/librosdeoro.cafam.com.co\/wp-content\/uploads\/sites\/9\/2020\/02\/CESAR-TEOLINDA-CASTELBONDO-PERTUZ-IMAV_0147.jpg\" alt=\"\" class=\"wp-image-1677\" \/><\/figure><\/div>\n\n\n<h3 class=\"wp-block-heading\"><\/h3>\n\n\n\n<h1 class=\"wp-block-heading\">Teolinda Castelbondo Pertuz<\/h1>\n\n\n\n<h2 class=\"wp-block-heading\">Mujer Cafam Cesar<\/h2>\n\n\n\n<h3 class=\"wp-block-heading\">Itti Takke (Tierra Nueva): un territorio, una cultura, una cacica\u2026<\/h3>\n\n\n\n<figure class=\"wp-block-table\"><table class=\"has-fixed-layout\"><tbody><tr><td colspan=\"2\">Los chimila son una familia ind\u00edgena colombiana que, desde la Conquista, ha procurado por el respeto a sus costumbres, cosmogon\u00eda, ritos y tradiciones. A partir de esa \u00e9poca y hasta la actualidad, ellos han resistido al recorte de sus terrenos ancestrales donde habitan, recorte causado por la extensi\u00f3n de la ganader\u00eda, los cultivos de palma africana y el descubrimiento de yacimientos petroleros. Teolinda forma parte de los chimila y con su familia vivenci\u00f3 el asedio de los colonos, por lo que ella y su familia fueron desplazadas del entorno en el cual hab\u00edan crecido. Desde entonces emprendieron una peregrinaci\u00f3n por los contornos de la Sierra Nevada de Santa Marta que los condujo hasta las sabanas de Mariangola, corregimiento de Valledupar, donde tuvo dos hijos: Jos\u00e9 del Carmen y Bienvenido; all\u00ed habit\u00f3 realizando labores de jornalera en fincas de colonos de la zona, pero tambi\u00e9n vio c\u00f3mo desaparec\u00edan poco a poco sus ra\u00edces y tradiciones y comprendi\u00f3 que ese proceso terminar\u00eda por enterrarlos como pueblo, como una sola entidad.<\/td><td colspan=\"2\">En la d\u00e9cada de 1990 se asentaron en el costado suroccidental de la Sierra Nevada de Santa Marta, en un terreno que fue comprado por el antiguo Incora y entregado a su grupo familiar y algunos otros miembros de su etnia; luego les fue asignado otro predio llamado la Independencia y todo ese terreno es lo que hoy se conoce como Itti Takke. All\u00ed, en un territorio de aproximadamente 280 hect\u00e1reas, habitan 26 familias que cultivan la tierra en forma comunal lo que les permite asegurar su manutenci\u00f3n, adem\u00e1s, es un espacio en el que han revitalizado su cultura y fortalecer sus ancestrales v\u00ednculos como chimilas.<\/td><\/tr><\/tbody><\/table><\/figure>\n\n\n\n<figure class=\"wp-block-table\"><table class=\"has-fixed-layout\"><tbody><tr><td>\u00bfQui\u00e9n es Teolinda? Teolinda es una mujer de 74 a\u00f1os, nacida el 15 de junio de 1946 en el Arieuani Grande, hija mayor de Juana Francisca Pertuz y Jos\u00e9 Mar\u00eda L\u00f3pez, criada en Piedras Blancas y Riopiedra, sector de Fundaci\u00f3n; ella recibi\u00f3 el apellido de su padrastro Andr\u00e9s Castelbondo. Teolinda es reconocida desde el 2009 como cacica de su pueblo en la parcialidad de Itti Takke, como denominaron su asentamiento. Dice Teolinda que: \u201cEl territorio no se puede descuajar. Las plantas y los animales hay que cuidarlos porque son medicina y vida. Falta mucho m\u00e1s por conseguir, por conservar da la madre tierra. Las piedras y la tierra est\u00e1n vivas. Podemos avanzar para recuperar la madre tierra a la que le siguen sacando las joyas de sus cementerios y esto acarrea enfermedades y males, eso duele a los ind\u00edgenas porque eso es sagrado y es para mantener\u201d.<\/td><\/tr><\/tbody><\/table><\/figure>\n\n\n\n<figure class=\"wp-block-table\"><table class=\"has-fixed-layout\"><tbody><tr><td><img loading=\"lazy\" decoding=\"async\" src=\"https:\/\/librosdeoro.cafam.com.co\/wp-content\/uploads\/sites\/9\/2020\/09\/Cesar.png\" alt=\"\" width=\"950\" height=\"525\"><\/td><\/tr><\/tbody><\/table><\/figure>\n\n\n\n<div class=\"wp-block-buttons is-content-justification-center is-layout-flex wp-container-core-buttons-is-layout-16018d1d wp-block-buttons-is-layout-flex\">\n<div class=\"wp-block-button is-style-fill\" id=\"https:\/\/librosdeoro.cafam.com.co\/libro2020\/mujeres-cafam-1989-2019\/\"><a class=\"wp-block-button__link has-col-f-9-f-9-f-9-color has-col-a-0-bd-3-f-background-color has-text-color has-background has-link-color wp-element-button\" href=\"https:\/\/librosdeoro.cafam.com.co\/libro2020\/mujeres-finalistas\/\" style=\"border-radius:16px\">Volver<\/a><\/div>\n<\/div>\n","protected":false},"excerpt":{"rendered":"<p>Teolinda Castelbondo Pertuz Mujer Cafam Cesar Itti Takke (Tierra Nueva): un territorio, una cultura, una cacica\u2026 Los chimila son una familia ind\u00edgena colombiana que, desde la Conquista, ha procurado por el respeto a sus costumbres, cosmogon\u00eda, ritos y tradiciones. A partir de esa \u00e9poca y hasta la actualidad, ellos han resistido al recorte de sus [&hellip;]<\/p>\n","protected":false},"author":4,"featured_media":0,"parent":0,"menu_order":0,"comment_status":"closed","ping_status":"closed","template":"","meta":{"footnotes":""},"class_list":["post-3765","page","type-page","status-publish","hentry"],"yoast_head":"<!-- This site is optimized with the Yoast SEO plugin v23.1 - https:\/\/yoast.com\/wordpress\/plugins\/seo\/ -->\n<title>Teolinda Castelbondo Pertuz - Libros de Oro 2020<\/title>\n<meta name=\"robots\" content=\"index, follow, max-snippet:-1, max-image-preview:large, max-video-preview:-1\" \/>\n<link rel=\"canonical\" href=\"https:\/\/librosdeoro.cafam.com.co\/libro2020\/teolinda-castelbondo-pertuz\/\" \/>\n<meta property=\"og:locale\" content=\"es_ES\" \/>\n<meta property=\"og:type\" content=\"article\" \/>\n<meta property=\"og:title\" content=\"Teolinda Castelbondo Pertuz - Libros de Oro 2020\" \/>\n<meta property=\"og:description\" content=\"Teolinda Castelbondo Pertuz Mujer Cafam Cesar Itti Takke (Tierra Nueva): un territorio, una cultura, una cacica\u2026 Los chimila son una familia ind\u00edgena colombiana que, desde la Conquista, ha procurado por el respeto a sus costumbres, cosmogon\u00eda, ritos y tradiciones. A partir de esa \u00e9poca y hasta la actualidad, ellos han resistido al recorte de sus [&hellip;]\" \/>\n<meta property=\"og:url\" content=\"https:\/\/librosdeoro.cafam.com.co\/libro2020\/teolinda-castelbondo-pertuz\/\" \/>\n<meta property=\"og:site_name\" content=\"Libros de Oro 2020\" \/>\n<meta property=\"article:modified_time\" content=\"2025-07-10T21:50:43+00:00\" \/>\n<meta property=\"og:image\" content=\"https:\/\/librosdeoro.cafam.com.co\/wp-content\/uploads\/sites\/9\/2020\/02\/CESAR-TEOLINDA-CASTELBONDO-PERTUZ-IMAV_0147.jpg\" \/>\n<meta name=\"twitter:card\" content=\"summary_large_image\" \/>\n<meta name=\"twitter:label1\" content=\"Tiempo de lectura\" \/>\n\t<meta name=\"twitter:data1\" content=\"3 minutos\" \/>\n<script type=\"application\/ld+json\" class=\"yoast-schema-graph\">{\"@context\":\"https:\/\/schema.org\",\"@graph\":[{\"@type\":\"WebPage\",\"@id\":\"https:\/\/librosdeoro.cafam.com.co\/libro2020\/teolinda-castelbondo-pertuz\/\",\"url\":\"https:\/\/librosdeoro.cafam.com.co\/libro2020\/teolinda-castelbondo-pertuz\/\",\"name\":\"Teolinda Castelbondo Pertuz - Libros de Oro 2020\",\"isPartOf\":{\"@id\":\"https:\/\/librosdeoro.cafam.com.co\/libro2020\/#website\"},\"primaryImageOfPage\":{\"@id\":\"https:\/\/librosdeoro.cafam.com.co\/libro2020\/teolinda-castelbondo-pertuz\/#primaryimage\"},\"image\":{\"@id\":\"https:\/\/librosdeoro.cafam.com.co\/libro2020\/teolinda-castelbondo-pertuz\/#primaryimage\"},\"thumbnailUrl\":\"https:\/\/librosdeoro.cafam.com.co\/wp-content\/uploads\/sites\/9\/2020\/02\/CESAR-TEOLINDA-CASTELBONDO-PERTUZ-IMAV_0147.jpg\",\"datePublished\":\"2025-07-10T21:50:42+00:00\",\"dateModified\":\"2025-07-10T21:50:43+00:00\",\"breadcrumb\":{\"@id\":\"https:\/\/librosdeoro.cafam.com.co\/libro2020\/teolinda-castelbondo-pertuz\/#breadcrumb\"},\"inLanguage\":\"es-CO\",\"potentialAction\":[{\"@type\":\"ReadAction\",\"target\":[\"https:\/\/librosdeoro.cafam.com.co\/libro2020\/teolinda-castelbondo-pertuz\/\"]}]},{\"@type\":\"ImageObject\",\"inLanguage\":\"es-CO\",\"@id\":\"https:\/\/librosdeoro.cafam.com.co\/libro2020\/teolinda-castelbondo-pertuz\/#primaryimage\",\"url\":\"https:\/\/librosdeoro.cafam.com.co\/wp-content\/uploads\/sites\/9\/2020\/02\/CESAR-TEOLINDA-CASTELBONDO-PERTUZ-IMAV_0147.jpg\",\"contentUrl\":\"https:\/\/librosdeoro.cafam.com.co\/wp-content\/uploads\/sites\/9\/2020\/02\/CESAR-TEOLINDA-CASTELBONDO-PERTUZ-IMAV_0147.jpg\"},{\"@type\":\"BreadcrumbList\",\"@id\":\"https:\/\/librosdeoro.cafam.com.co\/libro2020\/teolinda-castelbondo-pertuz\/#breadcrumb\",\"itemListElement\":[{\"@type\":\"ListItem\",\"position\":1,\"name\":\"Home\",\"item\":\"https:\/\/librosdeoro.cafam.com.co\/libro2020\/\"},{\"@type\":\"ListItem\",\"position\":2,\"name\":\"Teolinda Castelbondo Pertuz\"}]},{\"@type\":\"WebSite\",\"@id\":\"https:\/\/librosdeoro.cafam.com.co\/libro2020\/#website\",\"url\":\"https:\/\/librosdeoro.cafam.com.co\/libro2020\/\",\"name\":\"Libros de Oro 2020\",\"description\":\"\",\"potentialAction\":[{\"@type\":\"SearchAction\",\"target\":{\"@type\":\"EntryPoint\",\"urlTemplate\":\"https:\/\/librosdeoro.cafam.com.co\/libro2020\/?s={search_term_string}\"},\"query-input\":\"required name=search_term_string\"}],\"inLanguage\":\"es-CO\"}]}<\/script>\n<!-- \/ Yoast SEO plugin. -->","yoast_head_json":{"title":"Teolinda Castelbondo Pertuz - Libros de Oro 2020","robots":{"index":"index","follow":"follow","max-snippet":"max-snippet:-1","max-image-preview":"max-image-preview:large","max-video-preview":"max-video-preview:-1"},"canonical":"https:\/\/librosdeoro.cafam.com.co\/libro2020\/teolinda-castelbondo-pertuz\/","og_locale":"es_ES","og_type":"article","og_title":"Teolinda Castelbondo Pertuz - Libros de Oro 2020","og_description":"Teolinda Castelbondo Pertuz Mujer Cafam Cesar Itti Takke (Tierra Nueva): un territorio, una cultura, una cacica\u2026 Los chimila son una familia ind\u00edgena colombiana que, desde la Conquista, ha procurado por el respeto a sus costumbres, cosmogon\u00eda, ritos y tradiciones. A partir de esa \u00e9poca y hasta la actualidad, ellos han resistido al recorte de sus [&hellip;]","og_url":"https:\/\/librosdeoro.cafam.com.co\/libro2020\/teolinda-castelbondo-pertuz\/","og_site_name":"Libros de Oro 2020","article_modified_time":"2025-07-10T21:50:43+00:00","og_image":[{"url":"https:\/\/librosdeoro.cafam.com.co\/wp-content\/uploads\/sites\/9\/2020\/02\/CESAR-TEOLINDA-CASTELBONDO-PERTUZ-IMAV_0147.jpg"}],"twitter_card":"summary_large_image","twitter_misc":{"Tiempo de lectura":"3 minutos"},"schema":{"@context":"https:\/\/schema.org","@graph":[{"@type":"WebPage","@id":"https:\/\/librosdeoro.cafam.com.co\/libro2020\/teolinda-castelbondo-pertuz\/","url":"https:\/\/librosdeoro.cafam.com.co\/libro2020\/teolinda-castelbondo-pertuz\/","name":"Teolinda Castelbondo Pertuz - Libros de Oro 2020","isPartOf":{"@id":"https:\/\/librosdeoro.cafam.com.co\/libro2020\/#website"},"primaryImageOfPage":{"@id":"https:\/\/librosdeoro.cafam.com.co\/libro2020\/teolinda-castelbondo-pertuz\/#primaryimage"},"image":{"@id":"https:\/\/librosdeoro.cafam.com.co\/libro2020\/teolinda-castelbondo-pertuz\/#primaryimage"},"thumbnailUrl":"https:\/\/librosdeoro.cafam.com.co\/wp-content\/uploads\/sites\/9\/2020\/02\/CESAR-TEOLINDA-CASTELBONDO-PERTUZ-IMAV_0147.jpg","datePublished":"2025-07-10T21:50:42+00:00","dateModified":"2025-07-10T21:50:43+00:00","breadcrumb":{"@id":"https:\/\/librosdeoro.cafam.com.co\/libro2020\/teolinda-castelbondo-pertuz\/#breadcrumb"},"inLanguage":"es-CO","potentialAction":[{"@type":"ReadAction","target":["https:\/\/librosdeoro.cafam.com.co\/libro2020\/teolinda-castelbondo-pertuz\/"]}]},{"@type":"ImageObject","inLanguage":"es-CO","@id":"https:\/\/librosdeoro.cafam.com.co\/libro2020\/teolinda-castelbondo-pertuz\/#primaryimage","url":"https:\/\/librosdeoro.cafam.com.co\/wp-content\/uploads\/sites\/9\/2020\/02\/CESAR-TEOLINDA-CASTELBONDO-PERTUZ-IMAV_0147.jpg","contentUrl":"https:\/\/librosdeoro.cafam.com.co\/wp-content\/uploads\/sites\/9\/2020\/02\/CESAR-TEOLINDA-CASTELBONDO-PERTUZ-IMAV_0147.jpg"},{"@type":"BreadcrumbList","@id":"https:\/\/librosdeoro.cafam.com.co\/libro2020\/teolinda-castelbondo-pertuz\/#breadcrumb","itemListElement":[{"@type":"ListItem","position":1,"name":"Home","item":"https:\/\/librosdeoro.cafam.com.co\/libro2020\/"},{"@type":"ListItem","position":2,"name":"Teolinda Castelbondo Pertuz"}]},{"@type":"WebSite","@id":"https:\/\/librosdeoro.cafam.com.co\/libro2020\/#website","url":"https:\/\/librosdeoro.cafam.com.co\/libro2020\/","name":"Libros de Oro 2020","description":"","potentialAction":[{"@type":"SearchAction","target":{"@type":"EntryPoint","urlTemplate":"https:\/\/librosdeoro.cafam.com.co\/libro2020\/?s={search_term_string}"},"query-input":"required name=search_term_string"}],"inLanguage":"es-CO"}]}},"_links":{"self":[{"href":"https:\/\/librosdeoro.cafam.com.co\/libro2020\/wp-json\/wp\/v2\/pages\/3765","targetHints":{"allow":["GET"]}}],"collection":[{"href":"https:\/\/librosdeoro.cafam.com.co\/libro2020\/wp-json\/wp\/v2\/pages"}],"about":[{"href":"https:\/\/librosdeoro.cafam.com.co\/libro2020\/wp-json\/wp\/v2\/types\/page"}],"author":[{"embeddable":true,"href":"https:\/\/librosdeoro.cafam.com.co\/libro2020\/wp-json\/wp\/v2\/users\/4"}],"replies":[{"embeddable":true,"href":"https:\/\/librosdeoro.cafam.com.co\/libro2020\/wp-json\/wp\/v2\/comments?post=3765"}],"version-history":[{"count":1,"href":"https:\/\/librosdeoro.cafam.com.co\/libro2020\/wp-json\/wp\/v2\/pages\/3765\/revisions"}],"predecessor-version":[{"id":3767,"href":"https:\/\/librosdeoro.cafam.com.co\/libro2020\/wp-json\/wp\/v2\/pages\/3765\/revisions\/3767"}],"wp:attachment":[{"href":"https:\/\/librosdeoro.cafam.com.co\/libro2020\/wp-json\/wp\/v2\/media?parent=3765"}],"curies":[{"name":"wp","href":"https:\/\/api.w.org\/{rel}","templated":true}]}}