{"id":3760,"date":"2025-07-10T21:45:59","date_gmt":"2025-07-10T21:45:59","guid":{"rendered":"https:\/\/librosdeoro.cafam.com.co\/libro2020\/?page_id=3760"},"modified":"2025-07-10T21:46:00","modified_gmt":"2025-07-10T21:46:00","slug":"lydia-souza-de-guerrero","status":"publish","type":"page","link":"https:\/\/librosdeoro.cafam.com.co\/libro2020\/lydia-souza-de-guerrero\/","title":{"rendered":"Lydia Souza de Guerrero"},"content":{"rendered":"\n<figure class=\"wp-block-gallery has-nested-images columns-default is-cropped wp-block-gallery-1 is-layout-flex wp-block-gallery-is-layout-flex\">\n<figure class=\"wp-block-image size-large\"><img loading=\"lazy\" decoding=\"async\" width=\"1024\" height=\"597\" data-id=\"3762\" src=\"https:\/\/librosdeoro.cafam.com.co\/libro2020\/wp-content\/uploads\/sites\/9\/2025\/07\/NARINO-LYDIA-SOUZA-DE-GUERRERO-IMAV_1645-1024x597.jpg\" alt=\"\" class=\"wp-image-3762\" srcset=\"https:\/\/librosdeoro.cafam.com.co\/libro2020\/wp-content\/uploads\/sites\/9\/2025\/07\/NARINO-LYDIA-SOUZA-DE-GUERRERO-IMAV_1645-1024x597.jpg 1024w, https:\/\/librosdeoro.cafam.com.co\/libro2020\/wp-content\/uploads\/sites\/9\/2025\/07\/NARINO-LYDIA-SOUZA-DE-GUERRERO-IMAV_1645-300x175.jpg 300w, https:\/\/librosdeoro.cafam.com.co\/libro2020\/wp-content\/uploads\/sites\/9\/2025\/07\/NARINO-LYDIA-SOUZA-DE-GUERRERO-IMAV_1645-768x448.jpg 768w, https:\/\/librosdeoro.cafam.com.co\/libro2020\/wp-content\/uploads\/sites\/9\/2025\/07\/NARINO-LYDIA-SOUZA-DE-GUERRERO-IMAV_1645-705x411.jpg 705w, https:\/\/librosdeoro.cafam.com.co\/libro2020\/wp-content\/uploads\/sites\/9\/2025\/07\/NARINO-LYDIA-SOUZA-DE-GUERRERO-IMAV_1645.jpg 1200w\" sizes=\"auto, (max-width: 1024px) 100vw, 1024px\" \/><\/figure>\n<\/figure>\n\n\n\n<h3 class=\"wp-block-heading\"><\/h3>\n\n\n\n<h1 class=\"wp-block-heading\">Lydia Souza de Guerrero<\/h1>\n\n\n\n<h2 class=\"wp-block-heading\">Mujer Cafam Nari\u00f1o<\/h2>\n\n\n\n<h3 class=\"wp-block-heading\">Letras de amor y vida<\/h3>\n\n\n\n<figure class=\"wp-block-table\"><table class=\"has-fixed-layout\"><tbody><tr><td colspan=\"2\">Los muiscas, tambi\u00e9n llamados chibchas, usaban el vocablo \u201cmink\u2019 a\u201d para denominar el trabajo comunitario en la cosecha, la construcci\u00f3n o realizar alg\u00fan tipo de trabajo en beneficio de la comunidad, esto es lo que hoy se conoce como minga, en especial en las zonas ind\u00edgenas y campesinas de la Colombia andina. Esta pr\u00e1ctica tambi\u00e9n deja una huella espiritual, agudiza los sentidos y sentimientos del ser humano y sirve de escenario para el intercambio de saberes. Y en ese intercambio se inspir\u00f3 Lydia para desarrollar La Minga de la Palabra que es una experiencia pedag\u00f3gica alternativa con ni\u00f1as y ni\u00f1os de preescolar y primaria y su comunidad en Bajo Arrayanes. Con esta iniciativa se busca una Escuela Territorio de Paz, para promover el gusto por la lectura de todos los habitantes de la vereda Los Arrayanes y formarlos como guardianes del entorno y de la vida.<\/td><td colspan=\"2\">Con esta minga se ha logrado: Ni\u00f1as y ni\u00f1os felices aprendiendo. Escuela donde se aprende con el coraz\u00f3n, con la mente y para la vida. Reconocimiento de la experiencia en diferentes \u00e9pocas y escenarios como una opci\u00f3n alternativa positiva que favorece el logro de una comunidad solidaria, complementaria, responsable con el entorno y la vida, con la identidad territorial fortalecida para proyectarse a la globalidad. Comunidad rural lectora, a trav\u00e9s de la construcci\u00f3n participativa de la palabra, a trav\u00e9s de los relatos de los guardianes de la tradici\u00f3n y los saberes populares: los abuelitos. Despertar el inter\u00e9s y la admiraci\u00f3n de los ni\u00f1os para promover la valoraci\u00f3n de su entorno, desarrollando en ellos la capacidad de discernir para tomar decisiones amigables con la naturaleza. Con sus estudiantes desarrollan propuestas de espacios o de aulas vivas en las que podemos aprender o resolver la pregunta que qued\u00f3 flotando en el aire y leen todo: el viento moviendo las hojas, el canto de los p\u00e1jaros, la luz del sol, etc\u00e9tera.<\/td><\/tr><\/tbody><\/table><\/figure>\n\n\n\n<figure class=\"wp-block-table\"><table class=\"has-fixed-layout\"><tbody><tr><td>\u00bfQui\u00e9n es Lydia? Lydia naci\u00f3 el 19 de agosto de 1955 en Pasto, Nari\u00f1o, es licenciada en Educaci\u00f3n Preescolar y Promoci\u00f3n de la Familia de la Universidad Santo Tom\u00e1s de Aquino, casada, con tres hijos y abuela de cuatro nietos. Dice Lydia que: \u201cMuchas \u2018locuras\u2019 hemos realizado, pero considero que lo m\u00e1s grande que he logrado es provocar en mis guaguas (ni\u00f1os y ni\u00f1as) el deseo de saber. Yo bot\u00e9 los apelativos de profesora, facilitadora, acompa\u00f1ante, orientadora y todos esos nombres que se da a los que estamos en las aulas, lo cambi\u00e9 por el de PROVOCADORA; y s\u00ed, soy provocadora porque de todas esas cosas bellas, aprendo\u201d.<\/td><\/tr><\/tbody><\/table><\/figure>\n\n\n\n<figure class=\"wp-block-table\"><table class=\"has-fixed-layout\"><tbody><tr><td>CEM La Caldera, sede Escuela Rural Bajo Arrayanes<br><strong>Correo electr\u00f3nico:<\/strong>\u00a0misquipurolili@hotmail.com<\/td><\/tr><\/tbody><\/table><\/figure>\n\n\n\n<div class=\"wp-block-buttons is-content-justification-center is-layout-flex wp-container-core-buttons-is-layout-16018d1d wp-block-buttons-is-layout-flex\">\n<div class=\"wp-block-button is-style-fill\" id=\"https:\/\/librosdeoro.cafam.com.co\/libro2020\/mujeres-cafam-1989-2019\/\"><a class=\"wp-block-button__link has-col-f-9-f-9-f-9-color has-col-a-0-bd-3-f-background-color has-text-color has-background has-link-color wp-element-button\" href=\"https:\/\/librosdeoro.cafam.com.co\/libro2020\/mujeres-finalistas\/\" style=\"border-radius:16px\">Volver<\/a><\/div>\n<\/div>\n","protected":false},"excerpt":{"rendered":"<p>Lydia Souza de Guerrero Mujer Cafam Nari\u00f1o Letras de amor y vida Los muiscas, tambi\u00e9n llamados chibchas, usaban el vocablo \u201cmink\u2019 a\u201d para denominar el trabajo comunitario en la cosecha, la construcci\u00f3n o realizar alg\u00fan tipo de trabajo en beneficio de la comunidad, esto es lo que hoy se conoce como minga, en especial en [&hellip;]<\/p>\n","protected":false},"author":4,"featured_media":0,"parent":0,"menu_order":0,"comment_status":"closed","ping_status":"closed","template":"","meta":{"footnotes":""},"class_list":["post-3760","page","type-page","status-publish","hentry"],"yoast_head":"<!-- This site is optimized with the Yoast SEO plugin v23.1 - https:\/\/yoast.com\/wordpress\/plugins\/seo\/ -->\n<title>Lydia Souza de Guerrero - Libros de Oro 2020<\/title>\n<meta name=\"robots\" content=\"index, follow, max-snippet:-1, max-image-preview:large, max-video-preview:-1\" \/>\n<link rel=\"canonical\" href=\"https:\/\/librosdeoro.cafam.com.co\/libro2020\/lydia-souza-de-guerrero\/\" \/>\n<meta property=\"og:locale\" content=\"es_ES\" \/>\n<meta property=\"og:type\" content=\"article\" \/>\n<meta property=\"og:title\" content=\"Lydia Souza de Guerrero - Libros de Oro 2020\" \/>\n<meta property=\"og:description\" content=\"Lydia Souza de Guerrero Mujer Cafam Nari\u00f1o Letras de amor y vida Los muiscas, tambi\u00e9n llamados chibchas, usaban el vocablo \u201cmink\u2019 a\u201d para denominar el trabajo comunitario en la cosecha, la construcci\u00f3n o realizar alg\u00fan tipo de trabajo en beneficio de la comunidad, esto es lo que hoy se conoce como minga, en especial en [&hellip;]\" \/>\n<meta property=\"og:url\" content=\"https:\/\/librosdeoro.cafam.com.co\/libro2020\/lydia-souza-de-guerrero\/\" \/>\n<meta property=\"og:site_name\" content=\"Libros de Oro 2020\" \/>\n<meta property=\"article:modified_time\" content=\"2025-07-10T21:46:00+00:00\" \/>\n<meta property=\"og:image\" content=\"https:\/\/librosdeoro.cafam.com.co\/libro2020\/wp-content\/uploads\/sites\/9\/2025\/07\/NARINO-LYDIA-SOUZA-DE-GUERRERO-IMAV_1645-1024x597.jpg\" \/>\n<meta name=\"twitter:card\" content=\"summary_large_image\" \/>\n<meta name=\"twitter:label1\" content=\"Tiempo de lectura\" \/>\n\t<meta name=\"twitter:data1\" content=\"3 minutos\" \/>\n<script type=\"application\/ld+json\" class=\"yoast-schema-graph\">{\"@context\":\"https:\/\/schema.org\",\"@graph\":[{\"@type\":\"WebPage\",\"@id\":\"https:\/\/librosdeoro.cafam.com.co\/libro2020\/lydia-souza-de-guerrero\/\",\"url\":\"https:\/\/librosdeoro.cafam.com.co\/libro2020\/lydia-souza-de-guerrero\/\",\"name\":\"Lydia Souza de Guerrero - Libros de Oro 2020\",\"isPartOf\":{\"@id\":\"https:\/\/librosdeoro.cafam.com.co\/libro2020\/#website\"},\"primaryImageOfPage\":{\"@id\":\"https:\/\/librosdeoro.cafam.com.co\/libro2020\/lydia-souza-de-guerrero\/#primaryimage\"},\"image\":{\"@id\":\"https:\/\/librosdeoro.cafam.com.co\/libro2020\/lydia-souza-de-guerrero\/#primaryimage\"},\"thumbnailUrl\":\"https:\/\/librosdeoro.cafam.com.co\/libro2020\/wp-content\/uploads\/sites\/9\/2025\/07\/NARINO-LYDIA-SOUZA-DE-GUERRERO-IMAV_1645-1024x597.jpg\",\"datePublished\":\"2025-07-10T21:45:59+00:00\",\"dateModified\":\"2025-07-10T21:46:00+00:00\",\"breadcrumb\":{\"@id\":\"https:\/\/librosdeoro.cafam.com.co\/libro2020\/lydia-souza-de-guerrero\/#breadcrumb\"},\"inLanguage\":\"es-CO\",\"potentialAction\":[{\"@type\":\"ReadAction\",\"target\":[\"https:\/\/librosdeoro.cafam.com.co\/libro2020\/lydia-souza-de-guerrero\/\"]}]},{\"@type\":\"ImageObject\",\"inLanguage\":\"es-CO\",\"@id\":\"https:\/\/librosdeoro.cafam.com.co\/libro2020\/lydia-souza-de-guerrero\/#primaryimage\",\"url\":\"https:\/\/librosdeoro.cafam.com.co\/libro2020\/wp-content\/uploads\/sites\/9\/2025\/07\/NARINO-LYDIA-SOUZA-DE-GUERRERO-IMAV_1645.jpg\",\"contentUrl\":\"https:\/\/librosdeoro.cafam.com.co\/libro2020\/wp-content\/uploads\/sites\/9\/2025\/07\/NARINO-LYDIA-SOUZA-DE-GUERRERO-IMAV_1645.jpg\",\"width\":1200,\"height\":700},{\"@type\":\"BreadcrumbList\",\"@id\":\"https:\/\/librosdeoro.cafam.com.co\/libro2020\/lydia-souza-de-guerrero\/#breadcrumb\",\"itemListElement\":[{\"@type\":\"ListItem\",\"position\":1,\"name\":\"Home\",\"item\":\"https:\/\/librosdeoro.cafam.com.co\/libro2020\/\"},{\"@type\":\"ListItem\",\"position\":2,\"name\":\"Lydia Souza de Guerrero\"}]},{\"@type\":\"WebSite\",\"@id\":\"https:\/\/librosdeoro.cafam.com.co\/libro2020\/#website\",\"url\":\"https:\/\/librosdeoro.cafam.com.co\/libro2020\/\",\"name\":\"Libros de Oro 2020\",\"description\":\"\",\"potentialAction\":[{\"@type\":\"SearchAction\",\"target\":{\"@type\":\"EntryPoint\",\"urlTemplate\":\"https:\/\/librosdeoro.cafam.com.co\/libro2020\/?s={search_term_string}\"},\"query-input\":\"required name=search_term_string\"}],\"inLanguage\":\"es-CO\"}]}<\/script>\n<!-- \/ Yoast SEO plugin. -->","yoast_head_json":{"title":"Lydia Souza de Guerrero - Libros de Oro 2020","robots":{"index":"index","follow":"follow","max-snippet":"max-snippet:-1","max-image-preview":"max-image-preview:large","max-video-preview":"max-video-preview:-1"},"canonical":"https:\/\/librosdeoro.cafam.com.co\/libro2020\/lydia-souza-de-guerrero\/","og_locale":"es_ES","og_type":"article","og_title":"Lydia Souza de Guerrero - Libros de Oro 2020","og_description":"Lydia Souza de Guerrero Mujer Cafam Nari\u00f1o Letras de amor y vida Los muiscas, tambi\u00e9n llamados chibchas, usaban el vocablo \u201cmink\u2019 a\u201d para denominar el trabajo comunitario en la cosecha, la construcci\u00f3n o realizar alg\u00fan tipo de trabajo en beneficio de la comunidad, esto es lo que hoy se conoce como minga, en especial en [&hellip;]","og_url":"https:\/\/librosdeoro.cafam.com.co\/libro2020\/lydia-souza-de-guerrero\/","og_site_name":"Libros de Oro 2020","article_modified_time":"2025-07-10T21:46:00+00:00","og_image":[{"url":"https:\/\/librosdeoro.cafam.com.co\/libro2020\/wp-content\/uploads\/sites\/9\/2025\/07\/NARINO-LYDIA-SOUZA-DE-GUERRERO-IMAV_1645-1024x597.jpg"}],"twitter_card":"summary_large_image","twitter_misc":{"Tiempo de lectura":"3 minutos"},"schema":{"@context":"https:\/\/schema.org","@graph":[{"@type":"WebPage","@id":"https:\/\/librosdeoro.cafam.com.co\/libro2020\/lydia-souza-de-guerrero\/","url":"https:\/\/librosdeoro.cafam.com.co\/libro2020\/lydia-souza-de-guerrero\/","name":"Lydia Souza de Guerrero - Libros de Oro 2020","isPartOf":{"@id":"https:\/\/librosdeoro.cafam.com.co\/libro2020\/#website"},"primaryImageOfPage":{"@id":"https:\/\/librosdeoro.cafam.com.co\/libro2020\/lydia-souza-de-guerrero\/#primaryimage"},"image":{"@id":"https:\/\/librosdeoro.cafam.com.co\/libro2020\/lydia-souza-de-guerrero\/#primaryimage"},"thumbnailUrl":"https:\/\/librosdeoro.cafam.com.co\/libro2020\/wp-content\/uploads\/sites\/9\/2025\/07\/NARINO-LYDIA-SOUZA-DE-GUERRERO-IMAV_1645-1024x597.jpg","datePublished":"2025-07-10T21:45:59+00:00","dateModified":"2025-07-10T21:46:00+00:00","breadcrumb":{"@id":"https:\/\/librosdeoro.cafam.com.co\/libro2020\/lydia-souza-de-guerrero\/#breadcrumb"},"inLanguage":"es-CO","potentialAction":[{"@type":"ReadAction","target":["https:\/\/librosdeoro.cafam.com.co\/libro2020\/lydia-souza-de-guerrero\/"]}]},{"@type":"ImageObject","inLanguage":"es-CO","@id":"https:\/\/librosdeoro.cafam.com.co\/libro2020\/lydia-souza-de-guerrero\/#primaryimage","url":"https:\/\/librosdeoro.cafam.com.co\/libro2020\/wp-content\/uploads\/sites\/9\/2025\/07\/NARINO-LYDIA-SOUZA-DE-GUERRERO-IMAV_1645.jpg","contentUrl":"https:\/\/librosdeoro.cafam.com.co\/libro2020\/wp-content\/uploads\/sites\/9\/2025\/07\/NARINO-LYDIA-SOUZA-DE-GUERRERO-IMAV_1645.jpg","width":1200,"height":700},{"@type":"BreadcrumbList","@id":"https:\/\/librosdeoro.cafam.com.co\/libro2020\/lydia-souza-de-guerrero\/#breadcrumb","itemListElement":[{"@type":"ListItem","position":1,"name":"Home","item":"https:\/\/librosdeoro.cafam.com.co\/libro2020\/"},{"@type":"ListItem","position":2,"name":"Lydia Souza de Guerrero"}]},{"@type":"WebSite","@id":"https:\/\/librosdeoro.cafam.com.co\/libro2020\/#website","url":"https:\/\/librosdeoro.cafam.com.co\/libro2020\/","name":"Libros de Oro 2020","description":"","potentialAction":[{"@type":"SearchAction","target":{"@type":"EntryPoint","urlTemplate":"https:\/\/librosdeoro.cafam.com.co\/libro2020\/?s={search_term_string}"},"query-input":"required name=search_term_string"}],"inLanguage":"es-CO"}]}},"_links":{"self":[{"href":"https:\/\/librosdeoro.cafam.com.co\/libro2020\/wp-json\/wp\/v2\/pages\/3760","targetHints":{"allow":["GET"]}}],"collection":[{"href":"https:\/\/librosdeoro.cafam.com.co\/libro2020\/wp-json\/wp\/v2\/pages"}],"about":[{"href":"https:\/\/librosdeoro.cafam.com.co\/libro2020\/wp-json\/wp\/v2\/types\/page"}],"author":[{"embeddable":true,"href":"https:\/\/librosdeoro.cafam.com.co\/libro2020\/wp-json\/wp\/v2\/users\/4"}],"replies":[{"embeddable":true,"href":"https:\/\/librosdeoro.cafam.com.co\/libro2020\/wp-json\/wp\/v2\/comments?post=3760"}],"version-history":[{"count":1,"href":"https:\/\/librosdeoro.cafam.com.co\/libro2020\/wp-json\/wp\/v2\/pages\/3760\/revisions"}],"predecessor-version":[{"id":3764,"href":"https:\/\/librosdeoro.cafam.com.co\/libro2020\/wp-json\/wp\/v2\/pages\/3760\/revisions\/3764"}],"wp:attachment":[{"href":"https:\/\/librosdeoro.cafam.com.co\/libro2020\/wp-json\/wp\/v2\/media?parent=3760"}],"curies":[{"name":"wp","href":"https:\/\/api.w.org\/{rel}","templated":true}]}}