{"id":3751,"date":"2025-07-10T21:20:06","date_gmt":"2025-07-10T21:20:06","guid":{"rendered":"https:\/\/librosdeoro.cafam.com.co\/libro2020\/?page_id=3751"},"modified":"2025-07-10T21:20:07","modified_gmt":"2025-07-10T21:20:07","slug":"nubia-castillo-baron","status":"publish","type":"page","link":"https:\/\/librosdeoro.cafam.com.co\/libro2020\/nubia-castillo-baron\/","title":{"rendered":"Nubia Castillo Bar\u00f3n"},"content":{"rendered":"<div class=\"wp-block-image\">\n<figure class=\"aligncenter\"><img decoding=\"async\" src=\"https:\/\/librosdeoro.cafam.com.co\/wp-content\/uploads\/sites\/9\/2020\/02\/CASANARE-NUBIA-CASTILLO-BARON-IMAV_0451.jpg\" alt=\"\" class=\"wp-image-1677\" \/><\/figure><\/div>\n\n\n<h3 class=\"wp-block-heading\"><\/h3>\n\n\n\n<h1 class=\"wp-block-heading\">Nubia Castillo Bar\u00f3n<\/h1>\n\n\n\n<h2 class=\"wp-block-heading\">Mujer Cafam Casanare<\/h2>\n\n\n\n<h3 class=\"wp-block-heading\">El orgullo de ser casanare\u00f1a<\/h3>\n\n\n\n<figure class=\"wp-block-table\"><table class=\"has-fixed-layout\"><tbody><tr><td colspan=\"2\">La Independencia de Colombia se forj\u00f3 en los llanos del Casanare, all\u00ed Sim\u00f3n Bol\u00edvar y Francisco de Paula Santander reorganizaron el ej\u00e9rcito patriota y emprendieron la campa\u00f1a libertadora de Colombia de 1819. La gran mayor\u00eda de casanare\u00f1os se unieron a la gesta libertadora y esta heroica acci\u00f3n sigue viva en la sangre de quienes nacen en las tierras rodeadas por el r\u00edo Casanare y el r\u00edo Meta. Y ese esp\u00edritu de servicio a los dem\u00e1s, que es inherente al de la libertad, es el que motiva a Nubia a emprender actividades de distinta \u00edndole en pro de las gentes de su departamento. Entre ellas se destacan: Fundadora del Comit\u00e9 Social Amigo de los Ni\u00f1os en Yopal, que desarroll\u00f3 labores de 1992 al 2000, para atender la salud de un promedio de 400 ni\u00f1os, gracias a las donaciones de las compa\u00f1\u00edas petroleras. Fundadora y miembro de la Junta Directiva (1995-\u00ac2000) de la Asociaci\u00f3n Femenina Social de Casanare &#8211; Asofesca en Yopal, que brinda orientaci\u00f3n y acompa\u00f1amiento a mujeres con problemas de violencia intrafamiliar.<\/td><td colspan=\"2\">Miembro de la Junta Directiva (1995-2001), de la Organizaci\u00f3n Por Ti Vive la Vida fundaci\u00f3n para el optimismo, la alegr\u00eda, el conocimiento, cuyo trabajo se encamin\u00f3 de manera especial a los j\u00f3venes, para prevenci\u00f3n y rehabilitaci\u00f3n de alcoholismo y drogadicci\u00f3n.. Fundadora y miembro del Club Rotario Yopal y presidenta (2010 \u2013 2011) que adelanta actividades como el almac\u00e9n rotario o cirug\u00edas para corregir labio leporino en alianza con la Fundaci\u00f3n Cardio-Infantil. \u2022 Fundadora e investigadora del Academia Casanare\u00f1a de Historia desde 1988 y presidenta desde el a\u00f1o 2010, con la cual se ha trabajado de manera organizada en la consolidaci\u00f3n de la historia del Departamento, especialmente en los relacionado con el Bicentenario de la Independencia de Colombia. La parte ambiental ha sido una constante integradora de las diferentes actividades que realiza Nubia, teniendo en cuenta que vive en una regi\u00f3n donde las visiones de desarrollo contrastan de manera directa con la conservaci\u00f3n del medioambiente. Por lo anterior ha participado en siembra de \u00e1rboles nativos en el cerro El Venado, adem\u00e1s de la organizaci\u00f3n y acompa\u00f1amiento a uno de sus guardabosques para obtener el t\u00edtulo de Tit\u00e1n Caracol.<\/td><\/tr><\/tbody><\/table><\/figure>\n\n\n\n<figure class=\"wp-block-table\"><table class=\"has-fixed-layout\"><tbody><tr><td>\u00bfQui\u00e9n es Nubia? Nubia naci\u00f3 el 21 de marzo de 1961 en Yopal, Casanare, es licenciada en Ling\u00fc\u00edstica y Literatura, con especializaci\u00f3n en Gerencia y Adm\u00f3n. Educativa y maestr\u00eda en Educaci\u00f3n con \u00e9nfasis en Docencia Universitaria; es profesora universitaria, investigadora en l\u00ednea \u00e9tnica y cultural, trabajadora social, dinamizadora y gestora cultural, y asesora comunidades nativas. Fue rectora del Liceo Gustavo Matamoros Le\u00f3n de Yopal durante 22 a\u00f1os; fundadora y rectora durante 5 a\u00f1os del Colegio Parroquial Rinc\u00f3n de Suba (Bogot\u00e1) y docente y conferencista en varias universidades de Colombia y del exterior. Tambi\u00e9n ha participado en la implementaci\u00f3n del proyecto de huertas autosostenibles en algunas instituciones educativas de Pore, Paz de Ariporo y Yopal, con el fin de orientar a los estudiantes en la importancia de las huertas caseras.<\/td><\/tr><\/tbody><\/table><\/figure>\n\n\n\n<figure class=\"wp-block-table\"><table class=\"has-fixed-layout\"><tbody><tr><td>Integral L\u00ednea Econom\u00eda Naranja<br><strong>Correo electr\u00f3nico:<\/strong>\u00a0nucaba@hotmail.com<br><strong>Facebook:\u00a0<\/strong>Fundaci\u00f3n Comunativa Nubia Castillo Bar\u00f3n<\/td><\/tr><\/tbody><\/table><\/figure>\n\n\n\n<div class=\"wp-block-buttons is-content-justification-center is-layout-flex wp-container-core-buttons-is-layout-16018d1d wp-block-buttons-is-layout-flex\">\n<div class=\"wp-block-button is-style-fill\" id=\"https:\/\/librosdeoro.cafam.com.co\/libro2020\/mujeres-cafam-1989-2019\/\"><a class=\"wp-block-button__link has-col-f-9-f-9-f-9-color has-col-a-0-bd-3-f-background-color has-text-color has-background has-link-color wp-element-button\" href=\"https:\/\/librosdeoro.cafam.com.co\/libro2020\/mujeres-finalistas\/\" style=\"border-radius:16px\">Volver<\/a><\/div>\n<\/div>\n","protected":false},"excerpt":{"rendered":"<p>Nubia Castillo Bar\u00f3n Mujer Cafam Casanare El orgullo de ser casanare\u00f1a La Independencia de Colombia se forj\u00f3 en los llanos del Casanare, all\u00ed Sim\u00f3n Bol\u00edvar y Francisco de Paula Santander reorganizaron el ej\u00e9rcito patriota y emprendieron la campa\u00f1a libertadora de Colombia de 1819. La gran mayor\u00eda de casanare\u00f1os se unieron a la gesta libertadora y [&hellip;]<\/p>\n","protected":false},"author":4,"featured_media":0,"parent":0,"menu_order":0,"comment_status":"closed","ping_status":"closed","template":"","meta":{"footnotes":""},"class_list":["post-3751","page","type-page","status-publish","hentry"],"yoast_head":"<!-- This site is optimized with the Yoast SEO plugin v23.1 - https:\/\/yoast.com\/wordpress\/plugins\/seo\/ -->\n<title>Nubia Castillo Bar\u00f3n - Libros de Oro 2020<\/title>\n<meta name=\"robots\" content=\"index, follow, max-snippet:-1, max-image-preview:large, max-video-preview:-1\" \/>\n<link rel=\"canonical\" href=\"https:\/\/librosdeoro.cafam.com.co\/libro2020\/nubia-castillo-baron\/\" \/>\n<meta property=\"og:locale\" content=\"es_ES\" \/>\n<meta property=\"og:type\" content=\"article\" \/>\n<meta property=\"og:title\" content=\"Nubia Castillo Bar\u00f3n - Libros de Oro 2020\" \/>\n<meta property=\"og:description\" content=\"Nubia Castillo Bar\u00f3n Mujer Cafam Casanare El orgullo de ser casanare\u00f1a La Independencia de Colombia se forj\u00f3 en los llanos del Casanare, all\u00ed Sim\u00f3n Bol\u00edvar y Francisco de Paula Santander reorganizaron el ej\u00e9rcito patriota y emprendieron la campa\u00f1a libertadora de Colombia de 1819. La gran mayor\u00eda de casanare\u00f1os se unieron a la gesta libertadora y [&hellip;]\" \/>\n<meta property=\"og:url\" content=\"https:\/\/librosdeoro.cafam.com.co\/libro2020\/nubia-castillo-baron\/\" \/>\n<meta property=\"og:site_name\" content=\"Libros de Oro 2020\" \/>\n<meta property=\"article:modified_time\" content=\"2025-07-10T21:20:07+00:00\" \/>\n<meta property=\"og:image\" content=\"https:\/\/librosdeoro.cafam.com.co\/wp-content\/uploads\/sites\/9\/2020\/02\/CASANARE-NUBIA-CASTILLO-BARON-IMAV_0451.jpg\" \/>\n<meta name=\"twitter:card\" content=\"summary_large_image\" \/>\n<meta name=\"twitter:label1\" content=\"Tiempo de lectura\" \/>\n\t<meta name=\"twitter:data1\" content=\"3 minutos\" \/>\n<script type=\"application\/ld+json\" class=\"yoast-schema-graph\">{\"@context\":\"https:\/\/schema.org\",\"@graph\":[{\"@type\":\"WebPage\",\"@id\":\"https:\/\/librosdeoro.cafam.com.co\/libro2020\/nubia-castillo-baron\/\",\"url\":\"https:\/\/librosdeoro.cafam.com.co\/libro2020\/nubia-castillo-baron\/\",\"name\":\"Nubia Castillo Bar\u00f3n - Libros de Oro 2020\",\"isPartOf\":{\"@id\":\"https:\/\/librosdeoro.cafam.com.co\/libro2020\/#website\"},\"primaryImageOfPage\":{\"@id\":\"https:\/\/librosdeoro.cafam.com.co\/libro2020\/nubia-castillo-baron\/#primaryimage\"},\"image\":{\"@id\":\"https:\/\/librosdeoro.cafam.com.co\/libro2020\/nubia-castillo-baron\/#primaryimage\"},\"thumbnailUrl\":\"https:\/\/librosdeoro.cafam.com.co\/wp-content\/uploads\/sites\/9\/2020\/02\/CASANARE-NUBIA-CASTILLO-BARON-IMAV_0451.jpg\",\"datePublished\":\"2025-07-10T21:20:06+00:00\",\"dateModified\":\"2025-07-10T21:20:07+00:00\",\"breadcrumb\":{\"@id\":\"https:\/\/librosdeoro.cafam.com.co\/libro2020\/nubia-castillo-baron\/#breadcrumb\"},\"inLanguage\":\"es-CO\",\"potentialAction\":[{\"@type\":\"ReadAction\",\"target\":[\"https:\/\/librosdeoro.cafam.com.co\/libro2020\/nubia-castillo-baron\/\"]}]},{\"@type\":\"ImageObject\",\"inLanguage\":\"es-CO\",\"@id\":\"https:\/\/librosdeoro.cafam.com.co\/libro2020\/nubia-castillo-baron\/#primaryimage\",\"url\":\"https:\/\/librosdeoro.cafam.com.co\/wp-content\/uploads\/sites\/9\/2020\/02\/CASANARE-NUBIA-CASTILLO-BARON-IMAV_0451.jpg\",\"contentUrl\":\"https:\/\/librosdeoro.cafam.com.co\/wp-content\/uploads\/sites\/9\/2020\/02\/CASANARE-NUBIA-CASTILLO-BARON-IMAV_0451.jpg\"},{\"@type\":\"BreadcrumbList\",\"@id\":\"https:\/\/librosdeoro.cafam.com.co\/libro2020\/nubia-castillo-baron\/#breadcrumb\",\"itemListElement\":[{\"@type\":\"ListItem\",\"position\":1,\"name\":\"Home\",\"item\":\"https:\/\/librosdeoro.cafam.com.co\/libro2020\/\"},{\"@type\":\"ListItem\",\"position\":2,\"name\":\"Nubia Castillo Bar\u00f3n\"}]},{\"@type\":\"WebSite\",\"@id\":\"https:\/\/librosdeoro.cafam.com.co\/libro2020\/#website\",\"url\":\"https:\/\/librosdeoro.cafam.com.co\/libro2020\/\",\"name\":\"Libros de Oro 2020\",\"description\":\"\",\"potentialAction\":[{\"@type\":\"SearchAction\",\"target\":{\"@type\":\"EntryPoint\",\"urlTemplate\":\"https:\/\/librosdeoro.cafam.com.co\/libro2020\/?s={search_term_string}\"},\"query-input\":\"required name=search_term_string\"}],\"inLanguage\":\"es-CO\"}]}<\/script>\n<!-- \/ Yoast SEO plugin. -->","yoast_head_json":{"title":"Nubia Castillo Bar\u00f3n - Libros de Oro 2020","robots":{"index":"index","follow":"follow","max-snippet":"max-snippet:-1","max-image-preview":"max-image-preview:large","max-video-preview":"max-video-preview:-1"},"canonical":"https:\/\/librosdeoro.cafam.com.co\/libro2020\/nubia-castillo-baron\/","og_locale":"es_ES","og_type":"article","og_title":"Nubia Castillo Bar\u00f3n - Libros de Oro 2020","og_description":"Nubia Castillo Bar\u00f3n Mujer Cafam Casanare El orgullo de ser casanare\u00f1a La Independencia de Colombia se forj\u00f3 en los llanos del Casanare, all\u00ed Sim\u00f3n Bol\u00edvar y Francisco de Paula Santander reorganizaron el ej\u00e9rcito patriota y emprendieron la campa\u00f1a libertadora de Colombia de 1819. La gran mayor\u00eda de casanare\u00f1os se unieron a la gesta libertadora y [&hellip;]","og_url":"https:\/\/librosdeoro.cafam.com.co\/libro2020\/nubia-castillo-baron\/","og_site_name":"Libros de Oro 2020","article_modified_time":"2025-07-10T21:20:07+00:00","og_image":[{"url":"https:\/\/librosdeoro.cafam.com.co\/wp-content\/uploads\/sites\/9\/2020\/02\/CASANARE-NUBIA-CASTILLO-BARON-IMAV_0451.jpg"}],"twitter_card":"summary_large_image","twitter_misc":{"Tiempo de lectura":"3 minutos"},"schema":{"@context":"https:\/\/schema.org","@graph":[{"@type":"WebPage","@id":"https:\/\/librosdeoro.cafam.com.co\/libro2020\/nubia-castillo-baron\/","url":"https:\/\/librosdeoro.cafam.com.co\/libro2020\/nubia-castillo-baron\/","name":"Nubia Castillo Bar\u00f3n - Libros de Oro 2020","isPartOf":{"@id":"https:\/\/librosdeoro.cafam.com.co\/libro2020\/#website"},"primaryImageOfPage":{"@id":"https:\/\/librosdeoro.cafam.com.co\/libro2020\/nubia-castillo-baron\/#primaryimage"},"image":{"@id":"https:\/\/librosdeoro.cafam.com.co\/libro2020\/nubia-castillo-baron\/#primaryimage"},"thumbnailUrl":"https:\/\/librosdeoro.cafam.com.co\/wp-content\/uploads\/sites\/9\/2020\/02\/CASANARE-NUBIA-CASTILLO-BARON-IMAV_0451.jpg","datePublished":"2025-07-10T21:20:06+00:00","dateModified":"2025-07-10T21:20:07+00:00","breadcrumb":{"@id":"https:\/\/librosdeoro.cafam.com.co\/libro2020\/nubia-castillo-baron\/#breadcrumb"},"inLanguage":"es-CO","potentialAction":[{"@type":"ReadAction","target":["https:\/\/librosdeoro.cafam.com.co\/libro2020\/nubia-castillo-baron\/"]}]},{"@type":"ImageObject","inLanguage":"es-CO","@id":"https:\/\/librosdeoro.cafam.com.co\/libro2020\/nubia-castillo-baron\/#primaryimage","url":"https:\/\/librosdeoro.cafam.com.co\/wp-content\/uploads\/sites\/9\/2020\/02\/CASANARE-NUBIA-CASTILLO-BARON-IMAV_0451.jpg","contentUrl":"https:\/\/librosdeoro.cafam.com.co\/wp-content\/uploads\/sites\/9\/2020\/02\/CASANARE-NUBIA-CASTILLO-BARON-IMAV_0451.jpg"},{"@type":"BreadcrumbList","@id":"https:\/\/librosdeoro.cafam.com.co\/libro2020\/nubia-castillo-baron\/#breadcrumb","itemListElement":[{"@type":"ListItem","position":1,"name":"Home","item":"https:\/\/librosdeoro.cafam.com.co\/libro2020\/"},{"@type":"ListItem","position":2,"name":"Nubia Castillo Bar\u00f3n"}]},{"@type":"WebSite","@id":"https:\/\/librosdeoro.cafam.com.co\/libro2020\/#website","url":"https:\/\/librosdeoro.cafam.com.co\/libro2020\/","name":"Libros de Oro 2020","description":"","potentialAction":[{"@type":"SearchAction","target":{"@type":"EntryPoint","urlTemplate":"https:\/\/librosdeoro.cafam.com.co\/libro2020\/?s={search_term_string}"},"query-input":"required name=search_term_string"}],"inLanguage":"es-CO"}]}},"_links":{"self":[{"href":"https:\/\/librosdeoro.cafam.com.co\/libro2020\/wp-json\/wp\/v2\/pages\/3751","targetHints":{"allow":["GET"]}}],"collection":[{"href":"https:\/\/librosdeoro.cafam.com.co\/libro2020\/wp-json\/wp\/v2\/pages"}],"about":[{"href":"https:\/\/librosdeoro.cafam.com.co\/libro2020\/wp-json\/wp\/v2\/types\/page"}],"author":[{"embeddable":true,"href":"https:\/\/librosdeoro.cafam.com.co\/libro2020\/wp-json\/wp\/v2\/users\/4"}],"replies":[{"embeddable":true,"href":"https:\/\/librosdeoro.cafam.com.co\/libro2020\/wp-json\/wp\/v2\/comments?post=3751"}],"version-history":[{"count":1,"href":"https:\/\/librosdeoro.cafam.com.co\/libro2020\/wp-json\/wp\/v2\/pages\/3751\/revisions"}],"predecessor-version":[{"id":3753,"href":"https:\/\/librosdeoro.cafam.com.co\/libro2020\/wp-json\/wp\/v2\/pages\/3751\/revisions\/3753"}],"wp:attachment":[{"href":"https:\/\/librosdeoro.cafam.com.co\/libro2020\/wp-json\/wp\/v2\/media?parent=3751"}],"curies":[{"name":"wp","href":"https:\/\/api.w.org\/{rel}","templated":true}]}}