{"id":3748,"date":"2025-07-10T21:15:14","date_gmt":"2025-07-10T21:15:14","guid":{"rendered":"https:\/\/librosdeoro.cafam.com.co\/libro2020\/?page_id=3748"},"modified":"2025-07-10T21:15:15","modified_gmt":"2025-07-10T21:15:15","slug":"edith-monroy-valderrama","status":"publish","type":"page","link":"https:\/\/librosdeoro.cafam.com.co\/libro2020\/edith-monroy-valderrama\/","title":{"rendered":"Edith Monroy Valderrama"},"content":{"rendered":"<div class=\"wp-block-image\">\n<figure class=\"aligncenter\"><img decoding=\"async\" src=\"https:\/\/librosdeoro.cafam.com.co\/wp-content\/uploads\/sites\/9\/2020\/02\/CAQUETA-EDITH-MONROY-VALDERRAMA-IMAV_0484.jpg\" alt=\"\" class=\"wp-image-1677\" \/><\/figure><\/div>\n\n\n<h3 class=\"wp-block-heading\"><\/h3>\n\n\n\n<h1 class=\"wp-block-heading\">Edith Monroy Valderrama<\/h1>\n\n\n\n<h2 class=\"wp-block-heading\">Mujer Cafam Caquet\u00e1<\/h2>\n\n\n\n<h3 class=\"wp-block-heading\">Un \u00e1ngel para los abuelitos<\/h3>\n\n\n\n<figure class=\"wp-block-table\"><table class=\"has-fixed-layout\"><tbody><tr><td colspan=\"2\">En todas las civilizaciones los ancianos son tenidos en cuenta por su experiencia y sabidur\u00eda para aconsejar c\u00f3mo dirigir los destinos de esas poblaciones. As\u00ed, en Grecia existi\u00f3 el Concejo de Ancianos por su sapiencia y madurez; adem\u00e1s, y sin ir muy lejos, en la Biblia se dice que las personas ancianas deben ser tratadas con respeto. Y ese respeto y amor fue el que le profes\u00f3 Edith a su padre quien fue diagnosticado con un c\u00e1ncer terminal, as\u00ed ella descubri\u00f3 una vocaci\u00f3n m\u00e1s en su vida: el servicio a las personas de la tercera edad por lo que naci\u00f3 el Asilo para Ancianos Una Luz al Final del Camino, pues siempre ha tenido en su mente y coraz\u00f3n el servicio por y hacia los dem\u00e1s.<\/td><td colspan=\"2\">Una vez se decidi\u00f3 a cuidar adultos mayores adecu\u00f3 su casa en el barrio El Timy para recibir a todos los ancianos que llegaban del campo a realizar sus tr\u00e1mites m\u00e9dicos en Florencia. Al d\u00eda de hoy el de Edith tiene doce ancianos, con diferentes historias de vida, edades y enfermedades. Pero que se caracterizan porque han sido abandonados por su propia familia. Para Edith escuchar cada una de las historias que estos ancianos tienen para contar, le permite reflexionar y crecer como ser humano, pues de una forma u otra ella se siente identificada con ellos, debido a las vicisitudes que ha tenido que superar en su vida.<\/td><\/tr><\/tbody><\/table><\/figure>\n\n\n\n<figure class=\"wp-block-table\"><table class=\"has-fixed-layout\"><tbody><tr><td>\u00bfQui\u00e9n es Edith? Edith naci\u00f3 en la vereda La Concordia, del municipio El Paujil, Caquet\u00e1, el 6 de mayo de 1968 y estudi\u00f3 hasta el segundo grado de primaria, pues desde temprana edad se dedic\u00f3 a las labores del campo. Ha conocido el amor cuyos frutos son sus hijos. Hacia el a\u00f1o 2004 su actual pareja recibi\u00f3 la baja del Ej\u00e9rcito Nacional de Colombia, lo cual fue de impacto negativo para esta familia, raz\u00f3n por la cual se vieron forzados a invadir un lote en el barrio El Timy que, en palabras de Edith: \u201c\u2026 adecuamos para vivir, no de la manera como quer\u00edamos, pero lo que prevaleci\u00f3 en ese momento, era tener un lugar donde resguardamos, recortando los gastos de arriendo, fue de la manera m\u00e1s humilde, con tejas y cauchos, una decisi\u00f3n que tomamos inmediatamente, ya que era un gran anhelo en ese tiempo\u201d.<\/td><\/tr><\/tbody><\/table><\/figure>\n\n\n\n<figure class=\"wp-block-table\"><table class=\"has-fixed-layout\"><tbody><tr><td><img loading=\"lazy\" decoding=\"async\" src=\"https:\/\/librosdeoro.cafam.com.co\/wp-content\/uploads\/sites\/9\/2020\/09\/Caqueta.png\" alt=\"\" width=\"950\" height=\"525\"><\/td><\/tr><\/tbody><\/table><\/figure>\n\n\n\n<div class=\"wp-block-buttons is-content-justification-center is-layout-flex wp-container-core-buttons-is-layout-16018d1d wp-block-buttons-is-layout-flex\">\n<div class=\"wp-block-button is-style-fill\" id=\"https:\/\/librosdeoro.cafam.com.co\/libro2020\/mujeres-cafam-1989-2019\/\"><a class=\"wp-block-button__link has-col-f-9-f-9-f-9-color has-col-a-0-bd-3-f-background-color has-text-color has-background has-link-color wp-element-button\" href=\"https:\/\/librosdeoro.cafam.com.co\/libro2020\/mujeres-finalistas\/\" style=\"border-radius:16px\">Volver<\/a><\/div>\n<\/div>\n","protected":false},"excerpt":{"rendered":"<p>Edith Monroy Valderrama Mujer Cafam Caquet\u00e1 Un \u00e1ngel para los abuelitos En todas las civilizaciones los ancianos son tenidos en cuenta por su experiencia y sabidur\u00eda para aconsejar c\u00f3mo dirigir los destinos de esas poblaciones. As\u00ed, en Grecia existi\u00f3 el Concejo de Ancianos por su sapiencia y madurez; adem\u00e1s, y sin ir muy lejos, en [&hellip;]<\/p>\n","protected":false},"author":4,"featured_media":0,"parent":0,"menu_order":0,"comment_status":"closed","ping_status":"closed","template":"","meta":{"footnotes":""},"class_list":["post-3748","page","type-page","status-publish","hentry"],"yoast_head":"<!-- This site is optimized with the Yoast SEO plugin v23.1 - https:\/\/yoast.com\/wordpress\/plugins\/seo\/ -->\n<title>Edith Monroy Valderrama - Libros de Oro 2020<\/title>\n<meta name=\"robots\" content=\"index, follow, max-snippet:-1, max-image-preview:large, max-video-preview:-1\" \/>\n<link rel=\"canonical\" href=\"https:\/\/librosdeoro.cafam.com.co\/libro2020\/edith-monroy-valderrama\/\" \/>\n<meta property=\"og:locale\" content=\"es_ES\" \/>\n<meta property=\"og:type\" content=\"article\" \/>\n<meta property=\"og:title\" content=\"Edith Monroy Valderrama - Libros de Oro 2020\" \/>\n<meta property=\"og:description\" content=\"Edith Monroy Valderrama Mujer Cafam Caquet\u00e1 Un \u00e1ngel para los abuelitos En todas las civilizaciones los ancianos son tenidos en cuenta por su experiencia y sabidur\u00eda para aconsejar c\u00f3mo dirigir los destinos de esas poblaciones. As\u00ed, en Grecia existi\u00f3 el Concejo de Ancianos por su sapiencia y madurez; adem\u00e1s, y sin ir muy lejos, en [&hellip;]\" \/>\n<meta property=\"og:url\" content=\"https:\/\/librosdeoro.cafam.com.co\/libro2020\/edith-monroy-valderrama\/\" \/>\n<meta property=\"og:site_name\" content=\"Libros de Oro 2020\" \/>\n<meta property=\"article:modified_time\" content=\"2025-07-10T21:15:15+00:00\" \/>\n<meta property=\"og:image\" content=\"https:\/\/librosdeoro.cafam.com.co\/wp-content\/uploads\/sites\/9\/2020\/02\/CAQUETA-EDITH-MONROY-VALDERRAMA-IMAV_0484.jpg\" \/>\n<meta name=\"twitter:card\" content=\"summary_large_image\" \/>\n<meta name=\"twitter:label1\" content=\"Tiempo de lectura\" \/>\n\t<meta name=\"twitter:data1\" content=\"3 minutos\" \/>\n<script type=\"application\/ld+json\" class=\"yoast-schema-graph\">{\"@context\":\"https:\/\/schema.org\",\"@graph\":[{\"@type\":\"WebPage\",\"@id\":\"https:\/\/librosdeoro.cafam.com.co\/libro2020\/edith-monroy-valderrama\/\",\"url\":\"https:\/\/librosdeoro.cafam.com.co\/libro2020\/edith-monroy-valderrama\/\",\"name\":\"Edith Monroy Valderrama - Libros de Oro 2020\",\"isPartOf\":{\"@id\":\"https:\/\/librosdeoro.cafam.com.co\/libro2020\/#website\"},\"primaryImageOfPage\":{\"@id\":\"https:\/\/librosdeoro.cafam.com.co\/libro2020\/edith-monroy-valderrama\/#primaryimage\"},\"image\":{\"@id\":\"https:\/\/librosdeoro.cafam.com.co\/libro2020\/edith-monroy-valderrama\/#primaryimage\"},\"thumbnailUrl\":\"https:\/\/librosdeoro.cafam.com.co\/wp-content\/uploads\/sites\/9\/2020\/02\/CAQUETA-EDITH-MONROY-VALDERRAMA-IMAV_0484.jpg\",\"datePublished\":\"2025-07-10T21:15:14+00:00\",\"dateModified\":\"2025-07-10T21:15:15+00:00\",\"breadcrumb\":{\"@id\":\"https:\/\/librosdeoro.cafam.com.co\/libro2020\/edith-monroy-valderrama\/#breadcrumb\"},\"inLanguage\":\"es-CO\",\"potentialAction\":[{\"@type\":\"ReadAction\",\"target\":[\"https:\/\/librosdeoro.cafam.com.co\/libro2020\/edith-monroy-valderrama\/\"]}]},{\"@type\":\"ImageObject\",\"inLanguage\":\"es-CO\",\"@id\":\"https:\/\/librosdeoro.cafam.com.co\/libro2020\/edith-monroy-valderrama\/#primaryimage\",\"url\":\"https:\/\/librosdeoro.cafam.com.co\/wp-content\/uploads\/sites\/9\/2020\/02\/CAQUETA-EDITH-MONROY-VALDERRAMA-IMAV_0484.jpg\",\"contentUrl\":\"https:\/\/librosdeoro.cafam.com.co\/wp-content\/uploads\/sites\/9\/2020\/02\/CAQUETA-EDITH-MONROY-VALDERRAMA-IMAV_0484.jpg\"},{\"@type\":\"BreadcrumbList\",\"@id\":\"https:\/\/librosdeoro.cafam.com.co\/libro2020\/edith-monroy-valderrama\/#breadcrumb\",\"itemListElement\":[{\"@type\":\"ListItem\",\"position\":1,\"name\":\"Home\",\"item\":\"https:\/\/librosdeoro.cafam.com.co\/libro2020\/\"},{\"@type\":\"ListItem\",\"position\":2,\"name\":\"Edith Monroy Valderrama\"}]},{\"@type\":\"WebSite\",\"@id\":\"https:\/\/librosdeoro.cafam.com.co\/libro2020\/#website\",\"url\":\"https:\/\/librosdeoro.cafam.com.co\/libro2020\/\",\"name\":\"Libros de Oro 2020\",\"description\":\"\",\"potentialAction\":[{\"@type\":\"SearchAction\",\"target\":{\"@type\":\"EntryPoint\",\"urlTemplate\":\"https:\/\/librosdeoro.cafam.com.co\/libro2020\/?s={search_term_string}\"},\"query-input\":\"required name=search_term_string\"}],\"inLanguage\":\"es-CO\"}]}<\/script>\n<!-- \/ Yoast SEO plugin. -->","yoast_head_json":{"title":"Edith Monroy Valderrama - Libros de Oro 2020","robots":{"index":"index","follow":"follow","max-snippet":"max-snippet:-1","max-image-preview":"max-image-preview:large","max-video-preview":"max-video-preview:-1"},"canonical":"https:\/\/librosdeoro.cafam.com.co\/libro2020\/edith-monroy-valderrama\/","og_locale":"es_ES","og_type":"article","og_title":"Edith Monroy Valderrama - Libros de Oro 2020","og_description":"Edith Monroy Valderrama Mujer Cafam Caquet\u00e1 Un \u00e1ngel para los abuelitos En todas las civilizaciones los ancianos son tenidos en cuenta por su experiencia y sabidur\u00eda para aconsejar c\u00f3mo dirigir los destinos de esas poblaciones. As\u00ed, en Grecia existi\u00f3 el Concejo de Ancianos por su sapiencia y madurez; adem\u00e1s, y sin ir muy lejos, en [&hellip;]","og_url":"https:\/\/librosdeoro.cafam.com.co\/libro2020\/edith-monroy-valderrama\/","og_site_name":"Libros de Oro 2020","article_modified_time":"2025-07-10T21:15:15+00:00","og_image":[{"url":"https:\/\/librosdeoro.cafam.com.co\/wp-content\/uploads\/sites\/9\/2020\/02\/CAQUETA-EDITH-MONROY-VALDERRAMA-IMAV_0484.jpg"}],"twitter_card":"summary_large_image","twitter_misc":{"Tiempo de lectura":"3 minutos"},"schema":{"@context":"https:\/\/schema.org","@graph":[{"@type":"WebPage","@id":"https:\/\/librosdeoro.cafam.com.co\/libro2020\/edith-monroy-valderrama\/","url":"https:\/\/librosdeoro.cafam.com.co\/libro2020\/edith-monroy-valderrama\/","name":"Edith Monroy Valderrama - Libros de Oro 2020","isPartOf":{"@id":"https:\/\/librosdeoro.cafam.com.co\/libro2020\/#website"},"primaryImageOfPage":{"@id":"https:\/\/librosdeoro.cafam.com.co\/libro2020\/edith-monroy-valderrama\/#primaryimage"},"image":{"@id":"https:\/\/librosdeoro.cafam.com.co\/libro2020\/edith-monroy-valderrama\/#primaryimage"},"thumbnailUrl":"https:\/\/librosdeoro.cafam.com.co\/wp-content\/uploads\/sites\/9\/2020\/02\/CAQUETA-EDITH-MONROY-VALDERRAMA-IMAV_0484.jpg","datePublished":"2025-07-10T21:15:14+00:00","dateModified":"2025-07-10T21:15:15+00:00","breadcrumb":{"@id":"https:\/\/librosdeoro.cafam.com.co\/libro2020\/edith-monroy-valderrama\/#breadcrumb"},"inLanguage":"es-CO","potentialAction":[{"@type":"ReadAction","target":["https:\/\/librosdeoro.cafam.com.co\/libro2020\/edith-monroy-valderrama\/"]}]},{"@type":"ImageObject","inLanguage":"es-CO","@id":"https:\/\/librosdeoro.cafam.com.co\/libro2020\/edith-monroy-valderrama\/#primaryimage","url":"https:\/\/librosdeoro.cafam.com.co\/wp-content\/uploads\/sites\/9\/2020\/02\/CAQUETA-EDITH-MONROY-VALDERRAMA-IMAV_0484.jpg","contentUrl":"https:\/\/librosdeoro.cafam.com.co\/wp-content\/uploads\/sites\/9\/2020\/02\/CAQUETA-EDITH-MONROY-VALDERRAMA-IMAV_0484.jpg"},{"@type":"BreadcrumbList","@id":"https:\/\/librosdeoro.cafam.com.co\/libro2020\/edith-monroy-valderrama\/#breadcrumb","itemListElement":[{"@type":"ListItem","position":1,"name":"Home","item":"https:\/\/librosdeoro.cafam.com.co\/libro2020\/"},{"@type":"ListItem","position":2,"name":"Edith Monroy Valderrama"}]},{"@type":"WebSite","@id":"https:\/\/librosdeoro.cafam.com.co\/libro2020\/#website","url":"https:\/\/librosdeoro.cafam.com.co\/libro2020\/","name":"Libros de Oro 2020","description":"","potentialAction":[{"@type":"SearchAction","target":{"@type":"EntryPoint","urlTemplate":"https:\/\/librosdeoro.cafam.com.co\/libro2020\/?s={search_term_string}"},"query-input":"required name=search_term_string"}],"inLanguage":"es-CO"}]}},"_links":{"self":[{"href":"https:\/\/librosdeoro.cafam.com.co\/libro2020\/wp-json\/wp\/v2\/pages\/3748","targetHints":{"allow":["GET"]}}],"collection":[{"href":"https:\/\/librosdeoro.cafam.com.co\/libro2020\/wp-json\/wp\/v2\/pages"}],"about":[{"href":"https:\/\/librosdeoro.cafam.com.co\/libro2020\/wp-json\/wp\/v2\/types\/page"}],"author":[{"embeddable":true,"href":"https:\/\/librosdeoro.cafam.com.co\/libro2020\/wp-json\/wp\/v2\/users\/4"}],"replies":[{"embeddable":true,"href":"https:\/\/librosdeoro.cafam.com.co\/libro2020\/wp-json\/wp\/v2\/comments?post=3748"}],"version-history":[{"count":1,"href":"https:\/\/librosdeoro.cafam.com.co\/libro2020\/wp-json\/wp\/v2\/pages\/3748\/revisions"}],"predecessor-version":[{"id":3750,"href":"https:\/\/librosdeoro.cafam.com.co\/libro2020\/wp-json\/wp\/v2\/pages\/3748\/revisions\/3750"}],"wp:attachment":[{"href":"https:\/\/librosdeoro.cafam.com.co\/libro2020\/wp-json\/wp\/v2\/media?parent=3748"}],"curies":[{"name":"wp","href":"https:\/\/api.w.org\/{rel}","templated":true}]}}