{"id":3743,"date":"2025-07-10T21:02:58","date_gmt":"2025-07-10T21:02:58","guid":{"rendered":"https:\/\/librosdeoro.cafam.com.co\/libro2020\/?page_id=3743"},"modified":"2025-07-10T21:02:58","modified_gmt":"2025-07-10T21:02:58","slug":"martha-lucia-loaiza-de-delgado","status":"publish","type":"page","link":"https:\/\/librosdeoro.cafam.com.co\/libro2020\/martha-lucia-loaiza-de-delgado\/","title":{"rendered":"Martha Luc\u00eda Loaiza de Delgado"},"content":{"rendered":"<div class=\"wp-block-image\">\n<figure class=\"aligncenter\"><img decoding=\"async\" src=\"https:\/\/librosdeoro.cafam.com.co\/wp-content\/uploads\/sites\/9\/2020\/02\/CALDAS-MARTHA-LUCIA-LOAIZA-DE-DELGADO-IMAV_0826.jpg\" alt=\"\" class=\"wp-image-1677\" \/><\/figure><\/div>\n\n\n<h3 class=\"wp-block-heading\"><\/h3>\n\n\n\n<h1 class=\"wp-block-heading\">Martha Luc\u00eda Loaiza de Delgado<\/h1>\n\n\n\n<h2 class=\"wp-block-heading\">Mujer Cafam Caldas<\/h2>\n\n\n\n<h3 class=\"wp-block-heading\">Cultivos para un mejor vivir<\/h3>\n\n\n\n<figure class=\"wp-block-table\"><table class=\"has-fixed-layout\"><tbody><tr><td colspan=\"2\">La agricultura es una de las m\u00e1s nobles labores del ser humano, pues brinda seguridad alimentaria al tratar con devoci\u00f3n, casi que sagrada, el suelo, las semillas, las plantas y el agua para tener una buena cosecha que dar\u00e1 bienestar y paz. Pues bien, esta vocaci\u00f3n de Martha Luc\u00eda y su familia por la tierra, por la pachamama, tiene su origen en la educaci\u00f3n recibida de sus padres, y la cual se vio reforzada cuando se cas\u00f3 con Francisco Delgado, un l\u00edder comunal del barrio San Jos\u00e9 de Manizales. En esta ciudad el gobierno local desarroll\u00f3 el Macroproyecto Comuna San Jos\u00e9 para habilitar el suelo con destino a viviendas de inter\u00e9s social, por ello se iniciaron las obras del caso: ingreso de maquinaria, demolici\u00f3n de predios con la p\u00e9rdida de la memoria del barrio, el desplazamiento de vecinos\u2026<\/td><td colspan=\"2\">Por esta raz\u00f3n, y como homenaje a Francisco quien falleci\u00f3 durante ese proceso, Martha Luc\u00eda y su hijo Juan David decidieron abrir unas peque\u00f1as huertas como punto de encuentro de la comunidad que sirvan de escenario de paz y de propuestas amigables con el medioambiente, que hoy se conocen como Comunativa Huertas Urbanas. As\u00ed cultivan y cosechan semillas ancestrales de la regi\u00f3n para el consumo de la misma comunidad y para la venta al p\u00fablico. Adem\u00e1s, cuentan con un banco de semillas y han creado una red de 80 huerteros urbanos que cultivan plantas homeop\u00e1ticas, yerbabuena, yac\u00f3n, ch\u00eda, quinua, amaranto, feijoa y chachafruto, entre otras especies.<\/td><\/tr><\/tbody><\/table><\/figure>\n\n\n\n<figure class=\"wp-block-table\"><table class=\"has-fixed-layout\"><tbody><tr><td>\u00bfQui\u00e9n es Martha Luc\u00eda? Martha Luc\u00eda naci\u00f3 en El Paujil, Caquet\u00e1, el 30 de noviembre de 1950, en una familia humilde, trabajadora y comprometida con el bienestar de sus hijos. Desde joven Martha Luc\u00eda se dedic\u00f3, junto con sus hermanos, al negocio de la sastrer\u00eda; tambi\u00e9n trabajaron fabricando guacales en madera para empacar neveras. Luego ella se emple\u00f3 en el bordado de camisas, pa\u00f1uelos y otras prendas de vestir, labor que aprendi\u00f3 de su madre, estos oficios forjaron en Martha Luc\u00eda su personalidad. \u201cTodo lo anterior \u2013dice Martha Luc\u00eda\u2013 sin perder de vista la mayor ense\u00f1anza de mis padres: \u2018ayudar a la comunidad con total desinter\u00e9s\u2019; por esta raz\u00f3n todos nuestros proyectos siguen esta premisa para generar conciencia en las mentes de ni\u00f1os, j\u00f3venes y madres cabeza de familia sobre las formas correctas para superar la pobreza, el conflicto y la corrupci\u00f3n\u201d.<\/td><\/tr><\/tbody><\/table><\/figure>\n\n\n\n<figure class=\"wp-block-table\"><table class=\"has-fixed-layout\"><tbody><tr><td>Comunativa Huertas Urbanas<br><strong>Correo electr\u00f3nico:<\/strong>\u00a0comunativahuertasurbanas@gmail.com<br><strong>Facebook:\u00a0<\/strong>Fundaci\u00f3n Comunativa Huertas Urbanas<\/td><\/tr><\/tbody><\/table><\/figure>\n\n\n\n<div class=\"wp-block-buttons is-content-justification-center is-layout-flex wp-container-core-buttons-is-layout-16018d1d wp-block-buttons-is-layout-flex\">\n<div class=\"wp-block-button is-style-fill\" id=\"https:\/\/librosdeoro.cafam.com.co\/libro2020\/mujeres-cafam-1989-2019\/\"><a class=\"wp-block-button__link has-col-f-9-f-9-f-9-color has-col-a-0-bd-3-f-background-color has-text-color has-background has-link-color wp-element-button\" href=\"https:\/\/librosdeoro.cafam.com.co\/libro2020\/mujeres-finalistas\/\" style=\"border-radius:16px\">Volver<\/a><\/div>\n<\/div>\n","protected":false},"excerpt":{"rendered":"<p>Martha Luc\u00eda Loaiza de Delgado Mujer Cafam Caldas Cultivos para un mejor vivir La agricultura es una de las m\u00e1s nobles labores del ser humano, pues brinda seguridad alimentaria al tratar con devoci\u00f3n, casi que sagrada, el suelo, las semillas, las plantas y el agua para tener una buena cosecha que dar\u00e1 bienestar y paz. [&hellip;]<\/p>\n","protected":false},"author":4,"featured_media":0,"parent":0,"menu_order":0,"comment_status":"closed","ping_status":"closed","template":"","meta":{"footnotes":""},"class_list":["post-3743","page","type-page","status-publish","hentry"],"yoast_head":"<!-- This site is optimized with the Yoast SEO plugin v23.1 - https:\/\/yoast.com\/wordpress\/plugins\/seo\/ -->\n<title>Martha Luc\u00eda Loaiza de Delgado - Libros de Oro 2020<\/title>\n<meta name=\"robots\" content=\"index, follow, max-snippet:-1, max-image-preview:large, max-video-preview:-1\" \/>\n<link rel=\"canonical\" href=\"https:\/\/librosdeoro.cafam.com.co\/libro2020\/martha-lucia-loaiza-de-delgado\/\" \/>\n<meta property=\"og:locale\" content=\"es_ES\" \/>\n<meta property=\"og:type\" content=\"article\" \/>\n<meta property=\"og:title\" content=\"Martha Luc\u00eda Loaiza de Delgado - Libros de Oro 2020\" \/>\n<meta property=\"og:description\" content=\"Martha Luc\u00eda Loaiza de Delgado Mujer Cafam Caldas Cultivos para un mejor vivir La agricultura es una de las m\u00e1s nobles labores del ser humano, pues brinda seguridad alimentaria al tratar con devoci\u00f3n, casi que sagrada, el suelo, las semillas, las plantas y el agua para tener una buena cosecha que dar\u00e1 bienestar y paz. [&hellip;]\" \/>\n<meta property=\"og:url\" content=\"https:\/\/librosdeoro.cafam.com.co\/libro2020\/martha-lucia-loaiza-de-delgado\/\" \/>\n<meta property=\"og:site_name\" content=\"Libros de Oro 2020\" \/>\n<meta property=\"og:image\" content=\"https:\/\/librosdeoro.cafam.com.co\/wp-content\/uploads\/sites\/9\/2020\/02\/CALDAS-MARTHA-LUCIA-LOAIZA-DE-DELGADO-IMAV_0826.jpg\" \/>\n<meta name=\"twitter:card\" content=\"summary_large_image\" \/>\n<meta name=\"twitter:label1\" content=\"Tiempo de lectura\" \/>\n\t<meta name=\"twitter:data1\" content=\"3 minutos\" \/>\n<script type=\"application\/ld+json\" class=\"yoast-schema-graph\">{\"@context\":\"https:\/\/schema.org\",\"@graph\":[{\"@type\":\"WebPage\",\"@id\":\"https:\/\/librosdeoro.cafam.com.co\/libro2020\/martha-lucia-loaiza-de-delgado\/\",\"url\":\"https:\/\/librosdeoro.cafam.com.co\/libro2020\/martha-lucia-loaiza-de-delgado\/\",\"name\":\"Martha Luc\u00eda Loaiza de Delgado - Libros de Oro 2020\",\"isPartOf\":{\"@id\":\"https:\/\/librosdeoro.cafam.com.co\/libro2020\/#website\"},\"primaryImageOfPage\":{\"@id\":\"https:\/\/librosdeoro.cafam.com.co\/libro2020\/martha-lucia-loaiza-de-delgado\/#primaryimage\"},\"image\":{\"@id\":\"https:\/\/librosdeoro.cafam.com.co\/libro2020\/martha-lucia-loaiza-de-delgado\/#primaryimage\"},\"thumbnailUrl\":\"https:\/\/librosdeoro.cafam.com.co\/wp-content\/uploads\/sites\/9\/2020\/02\/CALDAS-MARTHA-LUCIA-LOAIZA-DE-DELGADO-IMAV_0826.jpg\",\"datePublished\":\"2025-07-10T21:02:58+00:00\",\"dateModified\":\"2025-07-10T21:02:58+00:00\",\"breadcrumb\":{\"@id\":\"https:\/\/librosdeoro.cafam.com.co\/libro2020\/martha-lucia-loaiza-de-delgado\/#breadcrumb\"},\"inLanguage\":\"es-CO\",\"potentialAction\":[{\"@type\":\"ReadAction\",\"target\":[\"https:\/\/librosdeoro.cafam.com.co\/libro2020\/martha-lucia-loaiza-de-delgado\/\"]}]},{\"@type\":\"ImageObject\",\"inLanguage\":\"es-CO\",\"@id\":\"https:\/\/librosdeoro.cafam.com.co\/libro2020\/martha-lucia-loaiza-de-delgado\/#primaryimage\",\"url\":\"https:\/\/librosdeoro.cafam.com.co\/wp-content\/uploads\/sites\/9\/2020\/02\/CALDAS-MARTHA-LUCIA-LOAIZA-DE-DELGADO-IMAV_0826.jpg\",\"contentUrl\":\"https:\/\/librosdeoro.cafam.com.co\/wp-content\/uploads\/sites\/9\/2020\/02\/CALDAS-MARTHA-LUCIA-LOAIZA-DE-DELGADO-IMAV_0826.jpg\"},{\"@type\":\"BreadcrumbList\",\"@id\":\"https:\/\/librosdeoro.cafam.com.co\/libro2020\/martha-lucia-loaiza-de-delgado\/#breadcrumb\",\"itemListElement\":[{\"@type\":\"ListItem\",\"position\":1,\"name\":\"Home\",\"item\":\"https:\/\/librosdeoro.cafam.com.co\/libro2020\/\"},{\"@type\":\"ListItem\",\"position\":2,\"name\":\"Martha Luc\u00eda Loaiza de Delgado\"}]},{\"@type\":\"WebSite\",\"@id\":\"https:\/\/librosdeoro.cafam.com.co\/libro2020\/#website\",\"url\":\"https:\/\/librosdeoro.cafam.com.co\/libro2020\/\",\"name\":\"Libros de Oro 2020\",\"description\":\"\",\"potentialAction\":[{\"@type\":\"SearchAction\",\"target\":{\"@type\":\"EntryPoint\",\"urlTemplate\":\"https:\/\/librosdeoro.cafam.com.co\/libro2020\/?s={search_term_string}\"},\"query-input\":\"required name=search_term_string\"}],\"inLanguage\":\"es-CO\"}]}<\/script>\n<!-- \/ Yoast SEO plugin. -->","yoast_head_json":{"title":"Martha Luc\u00eda Loaiza de Delgado - Libros de Oro 2020","robots":{"index":"index","follow":"follow","max-snippet":"max-snippet:-1","max-image-preview":"max-image-preview:large","max-video-preview":"max-video-preview:-1"},"canonical":"https:\/\/librosdeoro.cafam.com.co\/libro2020\/martha-lucia-loaiza-de-delgado\/","og_locale":"es_ES","og_type":"article","og_title":"Martha Luc\u00eda Loaiza de Delgado - Libros de Oro 2020","og_description":"Martha Luc\u00eda Loaiza de Delgado Mujer Cafam Caldas Cultivos para un mejor vivir La agricultura es una de las m\u00e1s nobles labores del ser humano, pues brinda seguridad alimentaria al tratar con devoci\u00f3n, casi que sagrada, el suelo, las semillas, las plantas y el agua para tener una buena cosecha que dar\u00e1 bienestar y paz. [&hellip;]","og_url":"https:\/\/librosdeoro.cafam.com.co\/libro2020\/martha-lucia-loaiza-de-delgado\/","og_site_name":"Libros de Oro 2020","og_image":[{"url":"https:\/\/librosdeoro.cafam.com.co\/wp-content\/uploads\/sites\/9\/2020\/02\/CALDAS-MARTHA-LUCIA-LOAIZA-DE-DELGADO-IMAV_0826.jpg"}],"twitter_card":"summary_large_image","twitter_misc":{"Tiempo de lectura":"3 minutos"},"schema":{"@context":"https:\/\/schema.org","@graph":[{"@type":"WebPage","@id":"https:\/\/librosdeoro.cafam.com.co\/libro2020\/martha-lucia-loaiza-de-delgado\/","url":"https:\/\/librosdeoro.cafam.com.co\/libro2020\/martha-lucia-loaiza-de-delgado\/","name":"Martha Luc\u00eda Loaiza de Delgado - Libros de Oro 2020","isPartOf":{"@id":"https:\/\/librosdeoro.cafam.com.co\/libro2020\/#website"},"primaryImageOfPage":{"@id":"https:\/\/librosdeoro.cafam.com.co\/libro2020\/martha-lucia-loaiza-de-delgado\/#primaryimage"},"image":{"@id":"https:\/\/librosdeoro.cafam.com.co\/libro2020\/martha-lucia-loaiza-de-delgado\/#primaryimage"},"thumbnailUrl":"https:\/\/librosdeoro.cafam.com.co\/wp-content\/uploads\/sites\/9\/2020\/02\/CALDAS-MARTHA-LUCIA-LOAIZA-DE-DELGADO-IMAV_0826.jpg","datePublished":"2025-07-10T21:02:58+00:00","dateModified":"2025-07-10T21:02:58+00:00","breadcrumb":{"@id":"https:\/\/librosdeoro.cafam.com.co\/libro2020\/martha-lucia-loaiza-de-delgado\/#breadcrumb"},"inLanguage":"es-CO","potentialAction":[{"@type":"ReadAction","target":["https:\/\/librosdeoro.cafam.com.co\/libro2020\/martha-lucia-loaiza-de-delgado\/"]}]},{"@type":"ImageObject","inLanguage":"es-CO","@id":"https:\/\/librosdeoro.cafam.com.co\/libro2020\/martha-lucia-loaiza-de-delgado\/#primaryimage","url":"https:\/\/librosdeoro.cafam.com.co\/wp-content\/uploads\/sites\/9\/2020\/02\/CALDAS-MARTHA-LUCIA-LOAIZA-DE-DELGADO-IMAV_0826.jpg","contentUrl":"https:\/\/librosdeoro.cafam.com.co\/wp-content\/uploads\/sites\/9\/2020\/02\/CALDAS-MARTHA-LUCIA-LOAIZA-DE-DELGADO-IMAV_0826.jpg"},{"@type":"BreadcrumbList","@id":"https:\/\/librosdeoro.cafam.com.co\/libro2020\/martha-lucia-loaiza-de-delgado\/#breadcrumb","itemListElement":[{"@type":"ListItem","position":1,"name":"Home","item":"https:\/\/librosdeoro.cafam.com.co\/libro2020\/"},{"@type":"ListItem","position":2,"name":"Martha Luc\u00eda Loaiza de Delgado"}]},{"@type":"WebSite","@id":"https:\/\/librosdeoro.cafam.com.co\/libro2020\/#website","url":"https:\/\/librosdeoro.cafam.com.co\/libro2020\/","name":"Libros de Oro 2020","description":"","potentialAction":[{"@type":"SearchAction","target":{"@type":"EntryPoint","urlTemplate":"https:\/\/librosdeoro.cafam.com.co\/libro2020\/?s={search_term_string}"},"query-input":"required name=search_term_string"}],"inLanguage":"es-CO"}]}},"_links":{"self":[{"href":"https:\/\/librosdeoro.cafam.com.co\/libro2020\/wp-json\/wp\/v2\/pages\/3743","targetHints":{"allow":["GET"]}}],"collection":[{"href":"https:\/\/librosdeoro.cafam.com.co\/libro2020\/wp-json\/wp\/v2\/pages"}],"about":[{"href":"https:\/\/librosdeoro.cafam.com.co\/libro2020\/wp-json\/wp\/v2\/types\/page"}],"author":[{"embeddable":true,"href":"https:\/\/librosdeoro.cafam.com.co\/libro2020\/wp-json\/wp\/v2\/users\/4"}],"replies":[{"embeddable":true,"href":"https:\/\/librosdeoro.cafam.com.co\/libro2020\/wp-json\/wp\/v2\/comments?post=3743"}],"version-history":[{"count":1,"href":"https:\/\/librosdeoro.cafam.com.co\/libro2020\/wp-json\/wp\/v2\/pages\/3743\/revisions"}],"predecessor-version":[{"id":3744,"href":"https:\/\/librosdeoro.cafam.com.co\/libro2020\/wp-json\/wp\/v2\/pages\/3743\/revisions\/3744"}],"wp:attachment":[{"href":"https:\/\/librosdeoro.cafam.com.co\/libro2020\/wp-json\/wp\/v2\/media?parent=3743"}],"curies":[{"name":"wp","href":"https:\/\/api.w.org\/{rel}","templated":true}]}}