{"id":3739,"date":"2025-07-10T21:01:30","date_gmt":"2025-07-10T21:01:30","guid":{"rendered":"https:\/\/librosdeoro.cafam.com.co\/libro2020\/?page_id=3739"},"modified":"2025-07-10T21:01:30","modified_gmt":"2025-07-10T21:01:30","slug":"olga-yaneth-bocarejo-buitrago","status":"publish","type":"page","link":"https:\/\/librosdeoro.cafam.com.co\/libro2020\/olga-yaneth-bocarejo-buitrago\/","title":{"rendered":"Olga Yaneth Bocarejo Buitrago"},"content":{"rendered":"<div class=\"wp-block-image\">\n<figure class=\"aligncenter\"><img decoding=\"async\" src=\"https:\/\/librosdeoro.cafam.com.co\/wp-content\/uploads\/sites\/9\/2020\/02\/BOYACA-OLGA-YANETH-BOCAREJO-BUITRAGO-IMAV_2027.jpg\" alt=\"\" class=\"wp-image-1677\" \/><\/figure><\/div>\n\n\n<h3 class=\"wp-block-heading\"><\/h3>\n\n\n\n<h1 class=\"wp-block-heading\">Olga Yaneth Bocarejo Buitrago<\/h1>\n\n\n\n<h2 class=\"wp-block-heading\">Mujer Cafam Boyac\u00e1<\/h2>\n\n\n\n<h3 class=\"wp-block-heading\">Un banco muy particular<\/h3>\n\n\n\n<figure class=\"wp-block-table\"><table class=\"has-fixed-layout\"><tbody><tr><td colspan=\"2\">Desde tiempos inmemoriales la humanidad utiliza el trueque como una forma de comercializar bienes y servicios para satisfacer sus necesidades b\u00e1sicas. As\u00ed hay poblaciones en las que el dinero, tal como lo conocemos hoy, no es bien visto y solo aceptan el trueque el cual tambi\u00e9n permite que se estrechen o formen lazos de amistad que suelen perdurar en el tiempo. Y esta figura la ten\u00eda Olga en su mente, tal vez sin saberlo, y un d\u00eda cualquiera cuando ella solo ten\u00eda una panela y un tomate en su alacena, y muchos sue\u00f1os en la cabeza, Olga ide\u00f3 un banco de la esperanza, que pod\u00eda cambiar la vida de campesinos, bas\u00e1ndose en un elemento al que todos ten\u00edan acceso: la basura. As\u00ed estructur\u00f3 varios productos de su banco, tomando como base los residuos s\u00f3lidos antes basura, ahora moneda de cambio: Seguro de alimentaci\u00f3n pagado con residuos y cobrado con alimentos en los momentos que la situaci\u00f3n econ\u00f3mica del tomador lo Pr\u00e9stamo que se da en alimento en momento de crisis y se paga con residuos s\u00f3lidos. Cuenta de ahorros en que se consigna con residuos s\u00f3lidos y se retira en<\/td><td colspan=\"2\">Olga es la creadora de la iniciativa para la superaci\u00f3n de la pobreza <strong>Bancalimentos S.A.S. <\/strong>y de la <strong>Fundaci\u00f3n Bancalimentos B.H. <\/strong>de las que se benefician 8.400 personas de forma sostenible y permanente. Estas iniciativas le han valido ser ganadora del Ventures 2015, Mejor Iniciativa para Superar la Pobreza y ganadora del Premio al Emprendimiento Social 2016 entregado por Mohamad Yunus &#8211; Yunus Social Business. Actualmente reside en F\u00f3meque, Cundinamarca, donde abri\u00f3 un punto de Bancalimentos y en los primeros diez d\u00edas de funcionamiento, se redujo en 5% los residuos s\u00f3lidos que regularmente iban a parar al relleno sanitario de Mondo\u00f1edo. All\u00ed tambi\u00e9n trabaja para desarrollar su idea en favor de la conservaci\u00f3n del ecosistema en esta zona: el Parque Natural Chingaza.<\/td><\/tr><\/tbody><\/table><\/figure>\n\n\n\n<figure class=\"wp-block-table\"><table class=\"has-fixed-layout\"><tbody><tr><td>\u00bfQui\u00e9n es Olga? Olga Yaneth naci\u00f3 el 14 de julio de 1979 en Bogot\u00e1 y luego de haber crecido en Ciudad Bol\u00edvar, Bogot\u00e1 D.C. y atravesar una vida de pobreza, decidi\u00f3 irse a Zetaquir\u00e1, Boyac\u00e1, en busca de mejores oportunidades. Trabajando como campesina conoci\u00f3 el significado de vivir en zonas rurales dispersas, en donde el cami\u00f3n de la basura no pasa y las tiendas, adem\u00e1s de estar lejos, venden sus productos a precios costosos. Olga destaca que: \u201cTrabajamos en alianza con la Universidad Nacional de Colombia en un programa nutricional en el que los estudiantes llegan al territorio a prestar asistencia especializada para hacer una medici\u00f3n del impacto nutricional de los beneficiarios; y con la Pontificia Universidad Javeriana estamos desarrollando una barra nutricional -que se puede comprar con residuos- y que complementa los minerales y nutrientes que necesitan los ni\u00f1os durante el d\u00eda. Esta barra es parte de los productos que ofrece BancaKids, la opci\u00f3n que Bancalimentos tiene para los m\u00e1s peque\u00f1os\u201d.<\/td><\/tr><\/tbody><\/table><\/figure>\n\n\n\n<figure class=\"wp-block-table\"><table class=\"has-fixed-layout\"><tbody><tr><td><img loading=\"lazy\" decoding=\"async\" src=\"https:\/\/librosdeoro.cafam.com.co\/wp-content\/uploads\/sites\/9\/2020\/09\/Boyaca.png\" alt=\"\" width=\"950\" height=\"525\"><\/td><\/tr><\/tbody><\/table><\/figure>\n\n\n\n<div class=\"wp-block-buttons is-content-justification-center is-layout-flex wp-container-core-buttons-is-layout-16018d1d wp-block-buttons-is-layout-flex\">\n<div class=\"wp-block-button is-style-fill\" id=\"https:\/\/librosdeoro.cafam.com.co\/libro2020\/mujeres-cafam-1989-2019\/\"><a class=\"wp-block-button__link has-col-f-9-f-9-f-9-color has-col-a-0-bd-3-f-background-color has-text-color has-background has-link-color wp-element-button\" href=\"https:\/\/librosdeoro.cafam.com.co\/libro2020\/mujeres-finalistas\/\" style=\"border-radius:16px\">Volver<\/a><\/div>\n<\/div>\n","protected":false},"excerpt":{"rendered":"<p>Olga Yaneth Bocarejo Buitrago Mujer Cafam Boyac\u00e1 Un banco muy particular Desde tiempos inmemoriales la humanidad utiliza el trueque como una forma de comercializar bienes y servicios para satisfacer sus necesidades b\u00e1sicas. As\u00ed hay poblaciones en las que el dinero, tal como lo conocemos hoy, no es bien visto y solo aceptan el trueque el [&hellip;]<\/p>\n","protected":false},"author":4,"featured_media":0,"parent":0,"menu_order":0,"comment_status":"closed","ping_status":"closed","template":"","meta":{"footnotes":""},"class_list":["post-3739","page","type-page","status-publish","hentry"],"yoast_head":"<!-- This site is optimized with the Yoast SEO plugin v23.1 - https:\/\/yoast.com\/wordpress\/plugins\/seo\/ -->\n<title>Olga Yaneth Bocarejo Buitrago - Libros de Oro 2020<\/title>\n<meta name=\"robots\" content=\"index, follow, max-snippet:-1, max-image-preview:large, max-video-preview:-1\" \/>\n<link rel=\"canonical\" href=\"https:\/\/librosdeoro.cafam.com.co\/libro2020\/olga-yaneth-bocarejo-buitrago\/\" \/>\n<meta property=\"og:locale\" content=\"es_ES\" \/>\n<meta property=\"og:type\" content=\"article\" \/>\n<meta property=\"og:title\" content=\"Olga Yaneth Bocarejo Buitrago - Libros de Oro 2020\" \/>\n<meta property=\"og:description\" content=\"Olga Yaneth Bocarejo Buitrago Mujer Cafam Boyac\u00e1 Un banco muy particular Desde tiempos inmemoriales la humanidad utiliza el trueque como una forma de comercializar bienes y servicios para satisfacer sus necesidades b\u00e1sicas. As\u00ed hay poblaciones en las que el dinero, tal como lo conocemos hoy, no es bien visto y solo aceptan el trueque el [&hellip;]\" \/>\n<meta property=\"og:url\" content=\"https:\/\/librosdeoro.cafam.com.co\/libro2020\/olga-yaneth-bocarejo-buitrago\/\" \/>\n<meta property=\"og:site_name\" content=\"Libros de Oro 2020\" \/>\n<meta property=\"og:image\" content=\"https:\/\/librosdeoro.cafam.com.co\/wp-content\/uploads\/sites\/9\/2020\/02\/BOYACA-OLGA-YANETH-BOCAREJO-BUITRAGO-IMAV_2027.jpg\" \/>\n<meta name=\"twitter:card\" content=\"summary_large_image\" \/>\n<meta name=\"twitter:label1\" content=\"Tiempo de lectura\" \/>\n\t<meta name=\"twitter:data1\" content=\"3 minutos\" \/>\n<script type=\"application\/ld+json\" class=\"yoast-schema-graph\">{\"@context\":\"https:\/\/schema.org\",\"@graph\":[{\"@type\":\"WebPage\",\"@id\":\"https:\/\/librosdeoro.cafam.com.co\/libro2020\/olga-yaneth-bocarejo-buitrago\/\",\"url\":\"https:\/\/librosdeoro.cafam.com.co\/libro2020\/olga-yaneth-bocarejo-buitrago\/\",\"name\":\"Olga Yaneth Bocarejo Buitrago - Libros de Oro 2020\",\"isPartOf\":{\"@id\":\"https:\/\/librosdeoro.cafam.com.co\/libro2020\/#website\"},\"primaryImageOfPage\":{\"@id\":\"https:\/\/librosdeoro.cafam.com.co\/libro2020\/olga-yaneth-bocarejo-buitrago\/#primaryimage\"},\"image\":{\"@id\":\"https:\/\/librosdeoro.cafam.com.co\/libro2020\/olga-yaneth-bocarejo-buitrago\/#primaryimage\"},\"thumbnailUrl\":\"https:\/\/librosdeoro.cafam.com.co\/wp-content\/uploads\/sites\/9\/2020\/02\/BOYACA-OLGA-YANETH-BOCAREJO-BUITRAGO-IMAV_2027.jpg\",\"datePublished\":\"2025-07-10T21:01:30+00:00\",\"dateModified\":\"2025-07-10T21:01:30+00:00\",\"breadcrumb\":{\"@id\":\"https:\/\/librosdeoro.cafam.com.co\/libro2020\/olga-yaneth-bocarejo-buitrago\/#breadcrumb\"},\"inLanguage\":\"es-CO\",\"potentialAction\":[{\"@type\":\"ReadAction\",\"target\":[\"https:\/\/librosdeoro.cafam.com.co\/libro2020\/olga-yaneth-bocarejo-buitrago\/\"]}]},{\"@type\":\"ImageObject\",\"inLanguage\":\"es-CO\",\"@id\":\"https:\/\/librosdeoro.cafam.com.co\/libro2020\/olga-yaneth-bocarejo-buitrago\/#primaryimage\",\"url\":\"https:\/\/librosdeoro.cafam.com.co\/wp-content\/uploads\/sites\/9\/2020\/02\/BOYACA-OLGA-YANETH-BOCAREJO-BUITRAGO-IMAV_2027.jpg\",\"contentUrl\":\"https:\/\/librosdeoro.cafam.com.co\/wp-content\/uploads\/sites\/9\/2020\/02\/BOYACA-OLGA-YANETH-BOCAREJO-BUITRAGO-IMAV_2027.jpg\"},{\"@type\":\"BreadcrumbList\",\"@id\":\"https:\/\/librosdeoro.cafam.com.co\/libro2020\/olga-yaneth-bocarejo-buitrago\/#breadcrumb\",\"itemListElement\":[{\"@type\":\"ListItem\",\"position\":1,\"name\":\"Home\",\"item\":\"https:\/\/librosdeoro.cafam.com.co\/libro2020\/\"},{\"@type\":\"ListItem\",\"position\":2,\"name\":\"Olga Yaneth Bocarejo Buitrago\"}]},{\"@type\":\"WebSite\",\"@id\":\"https:\/\/librosdeoro.cafam.com.co\/libro2020\/#website\",\"url\":\"https:\/\/librosdeoro.cafam.com.co\/libro2020\/\",\"name\":\"Libros de Oro 2020\",\"description\":\"\",\"potentialAction\":[{\"@type\":\"SearchAction\",\"target\":{\"@type\":\"EntryPoint\",\"urlTemplate\":\"https:\/\/librosdeoro.cafam.com.co\/libro2020\/?s={search_term_string}\"},\"query-input\":\"required name=search_term_string\"}],\"inLanguage\":\"es-CO\"}]}<\/script>\n<!-- \/ Yoast SEO plugin. -->","yoast_head_json":{"title":"Olga Yaneth Bocarejo Buitrago - Libros de Oro 2020","robots":{"index":"index","follow":"follow","max-snippet":"max-snippet:-1","max-image-preview":"max-image-preview:large","max-video-preview":"max-video-preview:-1"},"canonical":"https:\/\/librosdeoro.cafam.com.co\/libro2020\/olga-yaneth-bocarejo-buitrago\/","og_locale":"es_ES","og_type":"article","og_title":"Olga Yaneth Bocarejo Buitrago - Libros de Oro 2020","og_description":"Olga Yaneth Bocarejo Buitrago Mujer Cafam Boyac\u00e1 Un banco muy particular Desde tiempos inmemoriales la humanidad utiliza el trueque como una forma de comercializar bienes y servicios para satisfacer sus necesidades b\u00e1sicas. As\u00ed hay poblaciones en las que el dinero, tal como lo conocemos hoy, no es bien visto y solo aceptan el trueque el [&hellip;]","og_url":"https:\/\/librosdeoro.cafam.com.co\/libro2020\/olga-yaneth-bocarejo-buitrago\/","og_site_name":"Libros de Oro 2020","og_image":[{"url":"https:\/\/librosdeoro.cafam.com.co\/wp-content\/uploads\/sites\/9\/2020\/02\/BOYACA-OLGA-YANETH-BOCAREJO-BUITRAGO-IMAV_2027.jpg"}],"twitter_card":"summary_large_image","twitter_misc":{"Tiempo de lectura":"3 minutos"},"schema":{"@context":"https:\/\/schema.org","@graph":[{"@type":"WebPage","@id":"https:\/\/librosdeoro.cafam.com.co\/libro2020\/olga-yaneth-bocarejo-buitrago\/","url":"https:\/\/librosdeoro.cafam.com.co\/libro2020\/olga-yaneth-bocarejo-buitrago\/","name":"Olga Yaneth Bocarejo Buitrago - Libros de Oro 2020","isPartOf":{"@id":"https:\/\/librosdeoro.cafam.com.co\/libro2020\/#website"},"primaryImageOfPage":{"@id":"https:\/\/librosdeoro.cafam.com.co\/libro2020\/olga-yaneth-bocarejo-buitrago\/#primaryimage"},"image":{"@id":"https:\/\/librosdeoro.cafam.com.co\/libro2020\/olga-yaneth-bocarejo-buitrago\/#primaryimage"},"thumbnailUrl":"https:\/\/librosdeoro.cafam.com.co\/wp-content\/uploads\/sites\/9\/2020\/02\/BOYACA-OLGA-YANETH-BOCAREJO-BUITRAGO-IMAV_2027.jpg","datePublished":"2025-07-10T21:01:30+00:00","dateModified":"2025-07-10T21:01:30+00:00","breadcrumb":{"@id":"https:\/\/librosdeoro.cafam.com.co\/libro2020\/olga-yaneth-bocarejo-buitrago\/#breadcrumb"},"inLanguage":"es-CO","potentialAction":[{"@type":"ReadAction","target":["https:\/\/librosdeoro.cafam.com.co\/libro2020\/olga-yaneth-bocarejo-buitrago\/"]}]},{"@type":"ImageObject","inLanguage":"es-CO","@id":"https:\/\/librosdeoro.cafam.com.co\/libro2020\/olga-yaneth-bocarejo-buitrago\/#primaryimage","url":"https:\/\/librosdeoro.cafam.com.co\/wp-content\/uploads\/sites\/9\/2020\/02\/BOYACA-OLGA-YANETH-BOCAREJO-BUITRAGO-IMAV_2027.jpg","contentUrl":"https:\/\/librosdeoro.cafam.com.co\/wp-content\/uploads\/sites\/9\/2020\/02\/BOYACA-OLGA-YANETH-BOCAREJO-BUITRAGO-IMAV_2027.jpg"},{"@type":"BreadcrumbList","@id":"https:\/\/librosdeoro.cafam.com.co\/libro2020\/olga-yaneth-bocarejo-buitrago\/#breadcrumb","itemListElement":[{"@type":"ListItem","position":1,"name":"Home","item":"https:\/\/librosdeoro.cafam.com.co\/libro2020\/"},{"@type":"ListItem","position":2,"name":"Olga Yaneth Bocarejo Buitrago"}]},{"@type":"WebSite","@id":"https:\/\/librosdeoro.cafam.com.co\/libro2020\/#website","url":"https:\/\/librosdeoro.cafam.com.co\/libro2020\/","name":"Libros de Oro 2020","description":"","potentialAction":[{"@type":"SearchAction","target":{"@type":"EntryPoint","urlTemplate":"https:\/\/librosdeoro.cafam.com.co\/libro2020\/?s={search_term_string}"},"query-input":"required name=search_term_string"}],"inLanguage":"es-CO"}]}},"_links":{"self":[{"href":"https:\/\/librosdeoro.cafam.com.co\/libro2020\/wp-json\/wp\/v2\/pages\/3739","targetHints":{"allow":["GET"]}}],"collection":[{"href":"https:\/\/librosdeoro.cafam.com.co\/libro2020\/wp-json\/wp\/v2\/pages"}],"about":[{"href":"https:\/\/librosdeoro.cafam.com.co\/libro2020\/wp-json\/wp\/v2\/types\/page"}],"author":[{"embeddable":true,"href":"https:\/\/librosdeoro.cafam.com.co\/libro2020\/wp-json\/wp\/v2\/users\/4"}],"replies":[{"embeddable":true,"href":"https:\/\/librosdeoro.cafam.com.co\/libro2020\/wp-json\/wp\/v2\/comments?post=3739"}],"version-history":[{"count":1,"href":"https:\/\/librosdeoro.cafam.com.co\/libro2020\/wp-json\/wp\/v2\/pages\/3739\/revisions"}],"predecessor-version":[{"id":3741,"href":"https:\/\/librosdeoro.cafam.com.co\/libro2020\/wp-json\/wp\/v2\/pages\/3739\/revisions\/3741"}],"wp:attachment":[{"href":"https:\/\/librosdeoro.cafam.com.co\/libro2020\/wp-json\/wp\/v2\/media?parent=3739"}],"curies":[{"name":"wp","href":"https:\/\/api.w.org\/{rel}","templated":true}]}}