{"id":3734,"date":"2025-07-10T20:57:11","date_gmt":"2025-07-10T20:57:11","guid":{"rendered":"https:\/\/librosdeoro.cafam.com.co\/libro2020\/?page_id=3734"},"modified":"2025-07-11T17:28:04","modified_gmt":"2025-07-11T17:28:04","slug":"ana-pineros-de-pelaez","status":"publish","type":"page","link":"https:\/\/librosdeoro.cafam.com.co\/libro2020\/ana-pineros-de-pelaez\/","title":{"rendered":"ANA FLORENCIA PI\u00d1EROS DE PEL\u00c1EZ"},"content":{"rendered":"\n<figure class=\"wp-block-image size-full is-resized\"><img loading=\"lazy\" decoding=\"async\" width=\"1200\" height=\"700\" src=\"https:\/\/librosdeoro.cafam.com.co\/libro2020\/wp-content\/uploads\/sites\/9\/2025\/07\/BOLIVAR-ANA-FLORENCIA-DE-LAS-MERCEDES-PINEROS-DE-PELAEZ-IMAV_0927.jpg\" alt=\"\" class=\"wp-image-3737\" style=\"width:1398px;height:auto\" srcset=\"https:\/\/librosdeoro.cafam.com.co\/libro2020\/wp-content\/uploads\/sites\/9\/2025\/07\/BOLIVAR-ANA-FLORENCIA-DE-LAS-MERCEDES-PINEROS-DE-PELAEZ-IMAV_0927.jpg 1200w, https:\/\/librosdeoro.cafam.com.co\/libro2020\/wp-content\/uploads\/sites\/9\/2025\/07\/BOLIVAR-ANA-FLORENCIA-DE-LAS-MERCEDES-PINEROS-DE-PELAEZ-IMAV_0927-300x175.jpg 300w, https:\/\/librosdeoro.cafam.com.co\/libro2020\/wp-content\/uploads\/sites\/9\/2025\/07\/BOLIVAR-ANA-FLORENCIA-DE-LAS-MERCEDES-PINEROS-DE-PELAEZ-IMAV_0927-1024x597.jpg 1024w, https:\/\/librosdeoro.cafam.com.co\/libro2020\/wp-content\/uploads\/sites\/9\/2025\/07\/BOLIVAR-ANA-FLORENCIA-DE-LAS-MERCEDES-PINEROS-DE-PELAEZ-IMAV_0927-768x448.jpg 768w, https:\/\/librosdeoro.cafam.com.co\/libro2020\/wp-content\/uploads\/sites\/9\/2025\/07\/BOLIVAR-ANA-FLORENCIA-DE-LAS-MERCEDES-PINEROS-DE-PELAEZ-IMAV_0927-705x411.jpg 705w\" sizes=\"auto, (max-width: 1200px) 100vw, 1200px\" \/><\/figure>\n\n\n\n<h3 class=\"wp-block-heading\"><\/h3>\n\n\n\n<h1 class=\"wp-block-heading\">ANA FLORENCIA PI\u00d1EROS DE PEL\u00c1EZ<\/h1>\n\n\n\n<h2 class=\"wp-block-heading\">Mujer Cafam Bol\u00edvar<\/h2>\n\n\n\n<h3 class=\"wp-block-heading\">\u00a1De jonr\u00f3n\u2026!<\/h3>\n\n\n\n<figure class=\"wp-block-table\"><table class=\"has-fixed-layout\"><tbody><tr><td colspan=\"2\">Babe Ruth, Ozzie Smith, Roberto Alomar, Orlando Cabrera o \u00c9dgar Renter\u00eda son nombres que a la mayor\u00eda de personas no les puede significar algo, pero que a los entusiastas del juego de la \u201cpelota caliente\u201d, del b\u00e9sobol les evocan grandes momentos y emociones. Y ese entusiasmo es el que lleva en su sangre Ana, en especial desde 1987 cuando llegaron a Barranquilla las Peque\u00f1as Ligas de B\u00e9isbol. All\u00ed y en ese mismo a\u00f1o, un grupo de personas lideradas por Ana organizaron la Peque\u00f1a Liga del Norte, configur\u00e1ndose de esta manera el Primer Torneo de las Peque\u00f1as Ligas de B\u00e9isbol. La filosof\u00eda del programa de Peque\u00f1as Ligas de B\u00e9isbol es la educaci\u00f3n de ni\u00f1o y j\u00f3venes a trav\u00e9s del deporte, para que no se vean sumergidos en los vicios y adquieran herramientas y compromisos para sea un ciudadano de bien que ame su pa\u00eds. El programa incluye a ni\u00f1os desde los 3 hasta los 18 a\u00f1os de edad, y se dirige, en gran parte, a la poblaci\u00f3n m\u00e1s vulnerable y con menos oportunidades, impuls\u00e1ndolos a que dediquen su tiempo a un deporte como el b\u00e9isbol que aporta valores fundamentales. Todos los ni\u00f1os participantes reciben atenci\u00f3n y valoraci\u00f3n en salud, nutrici\u00f3n, capacitaci\u00f3n t\u00e9cnico-deportiva y eventos culturales como una estrategia integral de formaci\u00f3n.<\/td><td colspan=\"2\">Las Peque\u00f1as Ligas de B\u00e9isbol en Colombia cubren una poblaci\u00f3n de aproximadamente 87.000 personas, beneficiando directamente a 20.000 ni\u00f1os y la participaci\u00f3n activa de cerca de 6.000 adultos, vinculados a este programa. Adem\u00e1s, han logrado multiplicar la iniciativa en otras regiones que disfrutan con el b\u00e9isbol y est\u00e1n interesadas en la formaci\u00f3n de una juventud nueva para Colombia. Durante el a\u00f1o se celebran los campeonatos internos de cada una de las Peque\u00f1as Ligas en los meses de marzo y abril se realizan los torneos nacionales y el equipo campe\u00f3n en cada categor\u00eda adquiere el derecho de representar a Colombia en los torneos latinoamericanos que se celebran en el mes de julio donde participan aproximadamente 16 pa\u00edses y de all\u00ed sale el campe\u00f3n que representar\u00e1 a Latinoam\u00e9rica en los torneos mundiales en los Estados Unidos.<\/td><\/tr><\/tbody><\/table><\/figure>\n\n\n\n<figure class=\"wp-block-table\"><table class=\"has-fixed-layout\"><tbody><tr><td>\u00bfQui\u00e9n es Ana? Ana naci\u00f3 en Cali, el 10 de marzo de 1942, es profesional en Idiomas del London Polytechnic y con especializaci\u00f3n en Alta Gerencia Deportiva. Es una mujer emprendedora dedicada a su labor social a trav\u00e9s del deporte por m\u00e1s de 30 a\u00f1os, beneficiando a ni\u00f1os, ni\u00f1as, adolescentes, j\u00f3venes y sus familias, y a las comunidades m\u00e1s vulnerables en 12 departamentos de Colombia. Ana manifiesta que: \u201cEl futuro de nuestro pa\u00eds est\u00e1 en las manos de nuestros ni\u00f1os. Unidos en esta gran familia nos convertimos en esa nueva fuerza que, con amor, bates y bolas lograr\u00e1 forjarlos como hombres de bien sin drogas ni violencia&#8230; el mundo ser\u00e1 mucho m\u00e1s hermoso\u201d.<\/td><\/tr><\/tbody><\/table><\/figure>\n\n\n\n<figure class=\"wp-block-table\"><table class=\"has-fixed-layout\"><tbody><tr><td><img loading=\"lazy\" decoding=\"async\" src=\"https:\/\/librosdeoro.cafam.com.co\/wp-content\/uploads\/sites\/9\/2020\/09\/Bolivar.png\" alt=\"\" width=\"950\" height=\"525\"><\/td><\/tr><\/tbody><\/table><\/figure>\n\n\n\n<div class=\"wp-block-buttons is-content-justification-center is-layout-flex wp-container-core-buttons-is-layout-16018d1d wp-block-buttons-is-layout-flex\">\n<div class=\"wp-block-button is-style-fill\" id=\"https:\/\/librosdeoro.cafam.com.co\/libro2020\/mujeres-cafam-1989-2019\/\"><a class=\"wp-block-button__link has-col-f-9-f-9-f-9-color has-col-a-0-bd-3-f-background-color has-text-color has-background has-link-color wp-element-button\" href=\"https:\/\/librosdeoro.cafam.com.co\/libro2020\/mujeres-finalistas\/\" style=\"border-radius:16px\">Volver<\/a><\/div>\n<\/div>\n","protected":false},"excerpt":{"rendered":"<p>ANA FLORENCIA PI\u00d1EROS DE PEL\u00c1EZ Mujer Cafam Bol\u00edvar \u00a1De jonr\u00f3n\u2026! Babe Ruth, Ozzie Smith, Roberto Alomar, Orlando Cabrera o \u00c9dgar Renter\u00eda son nombres que a la mayor\u00eda de personas no les puede significar algo, pero que a los entusiastas del juego de la \u201cpelota caliente\u201d, del b\u00e9sobol les evocan grandes momentos y emociones. Y ese [&hellip;]<\/p>\n","protected":false},"author":4,"featured_media":0,"parent":0,"menu_order":0,"comment_status":"closed","ping_status":"closed","template":"","meta":{"footnotes":""},"class_list":["post-3734","page","type-page","status-publish","hentry"],"yoast_head":"<!-- This site is optimized with the Yoast SEO plugin v23.1 - https:\/\/yoast.com\/wordpress\/plugins\/seo\/ -->\n<title>ANA FLORENCIA PI\u00d1EROS DE PEL\u00c1EZ - Libros de Oro 2020<\/title>\n<meta name=\"robots\" content=\"index, follow, max-snippet:-1, max-image-preview:large, max-video-preview:-1\" \/>\n<link rel=\"canonical\" href=\"https:\/\/librosdeoro.cafam.com.co\/libro2020\/ana-pineros-de-pelaez\/\" \/>\n<meta property=\"og:locale\" content=\"es_ES\" \/>\n<meta property=\"og:type\" content=\"article\" \/>\n<meta property=\"og:title\" content=\"ANA FLORENCIA PI\u00d1EROS DE PEL\u00c1EZ - Libros de Oro 2020\" \/>\n<meta property=\"og:description\" content=\"ANA FLORENCIA PI\u00d1EROS DE PEL\u00c1EZ Mujer Cafam Bol\u00edvar \u00a1De jonr\u00f3n\u2026! Babe Ruth, Ozzie Smith, Roberto Alomar, Orlando Cabrera o \u00c9dgar Renter\u00eda son nombres que a la mayor\u00eda de personas no les puede significar algo, pero que a los entusiastas del juego de la \u201cpelota caliente\u201d, del b\u00e9sobol les evocan grandes momentos y emociones. Y ese [&hellip;]\" \/>\n<meta property=\"og:url\" content=\"https:\/\/librosdeoro.cafam.com.co\/libro2020\/ana-pineros-de-pelaez\/\" \/>\n<meta property=\"og:site_name\" content=\"Libros de Oro 2020\" \/>\n<meta property=\"article:modified_time\" content=\"2025-07-11T17:28:04+00:00\" \/>\n<meta property=\"og:image\" content=\"https:\/\/librosdeoro.cafam.com.co\/libro2020\/wp-content\/uploads\/sites\/9\/2025\/07\/BOLIVAR-ANA-FLORENCIA-DE-LAS-MERCEDES-PINEROS-DE-PELAEZ-IMAV_0927.jpg\" \/>\n<meta name=\"twitter:card\" content=\"summary_large_image\" \/>\n<meta name=\"twitter:label1\" content=\"Tiempo de lectura\" \/>\n\t<meta name=\"twitter:data1\" content=\"3 minutos\" \/>\n<script type=\"application\/ld+json\" class=\"yoast-schema-graph\">{\"@context\":\"https:\/\/schema.org\",\"@graph\":[{\"@type\":\"WebPage\",\"@id\":\"https:\/\/librosdeoro.cafam.com.co\/libro2020\/ana-pineros-de-pelaez\/\",\"url\":\"https:\/\/librosdeoro.cafam.com.co\/libro2020\/ana-pineros-de-pelaez\/\",\"name\":\"ANA FLORENCIA PI\u00d1EROS DE PEL\u00c1EZ - Libros de Oro 2020\",\"isPartOf\":{\"@id\":\"https:\/\/librosdeoro.cafam.com.co\/libro2020\/#website\"},\"primaryImageOfPage\":{\"@id\":\"https:\/\/librosdeoro.cafam.com.co\/libro2020\/ana-pineros-de-pelaez\/#primaryimage\"},\"image\":{\"@id\":\"https:\/\/librosdeoro.cafam.com.co\/libro2020\/ana-pineros-de-pelaez\/#primaryimage\"},\"thumbnailUrl\":\"https:\/\/librosdeoro.cafam.com.co\/libro2020\/wp-content\/uploads\/sites\/9\/2025\/07\/BOLIVAR-ANA-FLORENCIA-DE-LAS-MERCEDES-PINEROS-DE-PELAEZ-IMAV_0927.jpg\",\"datePublished\":\"2025-07-10T20:57:11+00:00\",\"dateModified\":\"2025-07-11T17:28:04+00:00\",\"breadcrumb\":{\"@id\":\"https:\/\/librosdeoro.cafam.com.co\/libro2020\/ana-pineros-de-pelaez\/#breadcrumb\"},\"inLanguage\":\"es-CO\",\"potentialAction\":[{\"@type\":\"ReadAction\",\"target\":[\"https:\/\/librosdeoro.cafam.com.co\/libro2020\/ana-pineros-de-pelaez\/\"]}]},{\"@type\":\"ImageObject\",\"inLanguage\":\"es-CO\",\"@id\":\"https:\/\/librosdeoro.cafam.com.co\/libro2020\/ana-pineros-de-pelaez\/#primaryimage\",\"url\":\"https:\/\/librosdeoro.cafam.com.co\/libro2020\/wp-content\/uploads\/sites\/9\/2025\/07\/BOLIVAR-ANA-FLORENCIA-DE-LAS-MERCEDES-PINEROS-DE-PELAEZ-IMAV_0927.jpg\",\"contentUrl\":\"https:\/\/librosdeoro.cafam.com.co\/libro2020\/wp-content\/uploads\/sites\/9\/2025\/07\/BOLIVAR-ANA-FLORENCIA-DE-LAS-MERCEDES-PINEROS-DE-PELAEZ-IMAV_0927.jpg\",\"width\":1200,\"height\":700},{\"@type\":\"BreadcrumbList\",\"@id\":\"https:\/\/librosdeoro.cafam.com.co\/libro2020\/ana-pineros-de-pelaez\/#breadcrumb\",\"itemListElement\":[{\"@type\":\"ListItem\",\"position\":1,\"name\":\"Home\",\"item\":\"https:\/\/librosdeoro.cafam.com.co\/libro2020\/\"},{\"@type\":\"ListItem\",\"position\":2,\"name\":\"ANA FLORENCIA PI\u00d1EROS DE PEL\u00c1EZ\"}]},{\"@type\":\"WebSite\",\"@id\":\"https:\/\/librosdeoro.cafam.com.co\/libro2020\/#website\",\"url\":\"https:\/\/librosdeoro.cafam.com.co\/libro2020\/\",\"name\":\"Libros de Oro 2020\",\"description\":\"\",\"potentialAction\":[{\"@type\":\"SearchAction\",\"target\":{\"@type\":\"EntryPoint\",\"urlTemplate\":\"https:\/\/librosdeoro.cafam.com.co\/libro2020\/?s={search_term_string}\"},\"query-input\":\"required name=search_term_string\"}],\"inLanguage\":\"es-CO\"}]}<\/script>\n<!-- \/ Yoast SEO plugin. -->","yoast_head_json":{"title":"ANA FLORENCIA PI\u00d1EROS DE PEL\u00c1EZ - Libros de Oro 2020","robots":{"index":"index","follow":"follow","max-snippet":"max-snippet:-1","max-image-preview":"max-image-preview:large","max-video-preview":"max-video-preview:-1"},"canonical":"https:\/\/librosdeoro.cafam.com.co\/libro2020\/ana-pineros-de-pelaez\/","og_locale":"es_ES","og_type":"article","og_title":"ANA FLORENCIA PI\u00d1EROS DE PEL\u00c1EZ - Libros de Oro 2020","og_description":"ANA FLORENCIA PI\u00d1EROS DE PEL\u00c1EZ Mujer Cafam Bol\u00edvar \u00a1De jonr\u00f3n\u2026! Babe Ruth, Ozzie Smith, Roberto Alomar, Orlando Cabrera o \u00c9dgar Renter\u00eda son nombres que a la mayor\u00eda de personas no les puede significar algo, pero que a los entusiastas del juego de la \u201cpelota caliente\u201d, del b\u00e9sobol les evocan grandes momentos y emociones. Y ese [&hellip;]","og_url":"https:\/\/librosdeoro.cafam.com.co\/libro2020\/ana-pineros-de-pelaez\/","og_site_name":"Libros de Oro 2020","article_modified_time":"2025-07-11T17:28:04+00:00","og_image":[{"url":"https:\/\/librosdeoro.cafam.com.co\/libro2020\/wp-content\/uploads\/sites\/9\/2025\/07\/BOLIVAR-ANA-FLORENCIA-DE-LAS-MERCEDES-PINEROS-DE-PELAEZ-IMAV_0927.jpg"}],"twitter_card":"summary_large_image","twitter_misc":{"Tiempo de lectura":"3 minutos"},"schema":{"@context":"https:\/\/schema.org","@graph":[{"@type":"WebPage","@id":"https:\/\/librosdeoro.cafam.com.co\/libro2020\/ana-pineros-de-pelaez\/","url":"https:\/\/librosdeoro.cafam.com.co\/libro2020\/ana-pineros-de-pelaez\/","name":"ANA FLORENCIA PI\u00d1EROS DE PEL\u00c1EZ - Libros de Oro 2020","isPartOf":{"@id":"https:\/\/librosdeoro.cafam.com.co\/libro2020\/#website"},"primaryImageOfPage":{"@id":"https:\/\/librosdeoro.cafam.com.co\/libro2020\/ana-pineros-de-pelaez\/#primaryimage"},"image":{"@id":"https:\/\/librosdeoro.cafam.com.co\/libro2020\/ana-pineros-de-pelaez\/#primaryimage"},"thumbnailUrl":"https:\/\/librosdeoro.cafam.com.co\/libro2020\/wp-content\/uploads\/sites\/9\/2025\/07\/BOLIVAR-ANA-FLORENCIA-DE-LAS-MERCEDES-PINEROS-DE-PELAEZ-IMAV_0927.jpg","datePublished":"2025-07-10T20:57:11+00:00","dateModified":"2025-07-11T17:28:04+00:00","breadcrumb":{"@id":"https:\/\/librosdeoro.cafam.com.co\/libro2020\/ana-pineros-de-pelaez\/#breadcrumb"},"inLanguage":"es-CO","potentialAction":[{"@type":"ReadAction","target":["https:\/\/librosdeoro.cafam.com.co\/libro2020\/ana-pineros-de-pelaez\/"]}]},{"@type":"ImageObject","inLanguage":"es-CO","@id":"https:\/\/librosdeoro.cafam.com.co\/libro2020\/ana-pineros-de-pelaez\/#primaryimage","url":"https:\/\/librosdeoro.cafam.com.co\/libro2020\/wp-content\/uploads\/sites\/9\/2025\/07\/BOLIVAR-ANA-FLORENCIA-DE-LAS-MERCEDES-PINEROS-DE-PELAEZ-IMAV_0927.jpg","contentUrl":"https:\/\/librosdeoro.cafam.com.co\/libro2020\/wp-content\/uploads\/sites\/9\/2025\/07\/BOLIVAR-ANA-FLORENCIA-DE-LAS-MERCEDES-PINEROS-DE-PELAEZ-IMAV_0927.jpg","width":1200,"height":700},{"@type":"BreadcrumbList","@id":"https:\/\/librosdeoro.cafam.com.co\/libro2020\/ana-pineros-de-pelaez\/#breadcrumb","itemListElement":[{"@type":"ListItem","position":1,"name":"Home","item":"https:\/\/librosdeoro.cafam.com.co\/libro2020\/"},{"@type":"ListItem","position":2,"name":"ANA FLORENCIA PI\u00d1EROS DE PEL\u00c1EZ"}]},{"@type":"WebSite","@id":"https:\/\/librosdeoro.cafam.com.co\/libro2020\/#website","url":"https:\/\/librosdeoro.cafam.com.co\/libro2020\/","name":"Libros de Oro 2020","description":"","potentialAction":[{"@type":"SearchAction","target":{"@type":"EntryPoint","urlTemplate":"https:\/\/librosdeoro.cafam.com.co\/libro2020\/?s={search_term_string}"},"query-input":"required name=search_term_string"}],"inLanguage":"es-CO"}]}},"_links":{"self":[{"href":"https:\/\/librosdeoro.cafam.com.co\/libro2020\/wp-json\/wp\/v2\/pages\/3734","targetHints":{"allow":["GET"]}}],"collection":[{"href":"https:\/\/librosdeoro.cafam.com.co\/libro2020\/wp-json\/wp\/v2\/pages"}],"about":[{"href":"https:\/\/librosdeoro.cafam.com.co\/libro2020\/wp-json\/wp\/v2\/types\/page"}],"author":[{"embeddable":true,"href":"https:\/\/librosdeoro.cafam.com.co\/libro2020\/wp-json\/wp\/v2\/users\/4"}],"replies":[{"embeddable":true,"href":"https:\/\/librosdeoro.cafam.com.co\/libro2020\/wp-json\/wp\/v2\/comments?post=3734"}],"version-history":[{"count":2,"href":"https:\/\/librosdeoro.cafam.com.co\/libro2020\/wp-json\/wp\/v2\/pages\/3734\/revisions"}],"predecessor-version":[{"id":3836,"href":"https:\/\/librosdeoro.cafam.com.co\/libro2020\/wp-json\/wp\/v2\/pages\/3734\/revisions\/3836"}],"wp:attachment":[{"href":"https:\/\/librosdeoro.cafam.com.co\/libro2020\/wp-json\/wp\/v2\/media?parent=3734"}],"curies":[{"name":"wp","href":"https:\/\/api.w.org\/{rel}","templated":true}]}}