{"id":3731,"date":"2025-07-10T20:48:25","date_gmt":"2025-07-10T20:48:25","guid":{"rendered":"https:\/\/librosdeoro.cafam.com.co\/libro2020\/?page_id=3731"},"modified":"2025-07-10T20:48:26","modified_gmt":"2025-07-10T20:48:26","slug":"viany-magnolia-liscano-barrera","status":"publish","type":"page","link":"https:\/\/librosdeoro.cafam.com.co\/libro2020\/viany-magnolia-liscano-barrera\/","title":{"rendered":"Viany Magnolia Liscano Barrera"},"content":{"rendered":"<div class=\"wp-block-image\">\n<figure class=\"aligncenter\"><img decoding=\"async\" src=\"https:\/\/librosdeoro.cafam.com.co\/wp-content\/uploads\/sites\/9\/2020\/02\/HUILA-VIANY-MAGNOLIA-LIZCANO-BARRERA-IMAV_1280.jpg\" alt=\"\" class=\"wp-image-1677\" \/><\/figure><\/div>\n\n\n<h3 class=\"wp-block-heading\"><\/h3>\n\n\n\n<h1 class=\"wp-block-heading\">Viany Magnolia Liscano Barrera<\/h1>\n\n\n\n<h2 class=\"wp-block-heading\">Mujer Cafam Huila<\/h2>\n\n\n\n<h3 class=\"wp-block-heading\">Las ra\u00edces nunca se olvidan\u2026<\/h3>\n\n\n\n<figure class=\"wp-block-table\"><table class=\"has-fixed-layout\"><tbody><tr><td colspan=\"2\">La ni\u00f1ez de Viany estuvo rodeada de pobreza y riqueza, porque a sus cinco a\u00f1os de edad fue entregada por su padres a una prestigiosa familia de Neiva que la adopt\u00f3 durante 10 a\u00f1os y la educ\u00f3 con amor. Y el amor motiv\u00f3 a sus padres a tomar esa decisi\u00f3n, pues por vivir en extrema pobreza en un asentamiento del suroriente de Neiva se vieron obligados a tomar tan dolorosa decisi\u00f3n. Viany siempre iba a ver su familia cada vez que sus obligaciones de estudiante se lo permit\u00edan, pero a los 15 a\u00f1os de edad sus padres biol\u00f3gicos decidieron que ella retornara a su hogar, as\u00ed lo hizo pero sin perder el lazo que hab\u00eda forjado con su familia adoptiva. Esta decisi\u00f3n marcar\u00eda la vida y el rumbo de Viany a quien sus hermanos la hac\u00edan llorar cuando le dec\u00edan \u201cmedio mill\u00f3n\u201d y quienes no desaprovechaban momento para recordarle su verdadera condici\u00f3n de pobreza que se viv\u00eda dentro de su hogar y su entorno.<\/td><td colspan=\"2\">Ya profesional, recorri\u00f3 su barrio donde todav\u00eda viv\u00edan sus padres y con gran tristeza reconoci\u00f3 que la problem\u00e1tica era mucho m\u00e1s grave que a\u00f1os anteriores: hab\u00eda mucha m\u00e1s pobreza, no hab\u00eda oportunidades laborales y no exist\u00eda una figura de autoridad en los hogares porque todos los padres trabajan largas jornadas durante el d\u00eda. Viany, como madre cabeza de hogar, entendi\u00f3 que la \u00fanica forma de aportar para mejorar estas condiciones era cambiando la mentalidad y actitud de esta poblaci\u00f3n; por esto decidi\u00f3 quedarse en su barrio y poner todos sus conocimientos profesionales al servicio de los m\u00e1s necesitados para que con un cambio de mentalidad y nuevas oportunidades laborales puedan mejorar su calidad de vida a trav\u00e9s de la Precooperativa Reciclajes Tecnificados del Huila.<\/td><\/tr><\/tbody><\/table><\/figure>\n\n\n\n<figure class=\"wp-block-table\"><table class=\"has-fixed-layout\"><tbody><tr><td>\u00bfQui\u00e9n es Viany? Viany Magnolia naci\u00f3 el 28 de mayo de 1975 en Neiva, Huila. Desde muy temprana edad era reconocida por el vecindario por liderar y reunir gran cantidad de comunidad por que so\u00f1aba con ser una gran cantante o actriz; es Contadora P\u00fablica con \u00e9nfasis en Sistemas y Econom\u00eda Solidaria, miembro del Comit\u00e9 del Gremio Reciclador, coordinadora de Inclusi\u00f3n de Poblaci\u00f3n con discapacidad Corsocoth (Corporaci\u00f3n Social y Comunitaria Tejido Humano) y voluntaria de la Polic\u00eda C\u00edvica de Mayores de Neiva. Viany asegura que: \u201cTodo el mundo es necesario para alcanzar los objetivos y se necesita la creatividad, el conocimiento normativo, la tecnolog\u00eda y los recursos financieros de toda la sociedad para conseguir los Objetivos de Desarrollo Sostenible en cada contexto\u201d. Ella es una convencida de que todas las personas son innovadoras, creativas y talentosas, y pueden ser independientes y hacer lo que realmente les apasiona, teniendo libertad financiera para ayudar a su familia y crecer econ\u00f3micamente en un mundo cada vez m\u00e1s competitivo.<\/td><\/tr><\/tbody><\/table><\/figure>\n\n\n\n<figure class=\"wp-block-table\"><table class=\"has-fixed-layout\"><tbody><tr><td><img loading=\"lazy\" decoding=\"async\" src=\"https:\/\/librosdeoro.cafam.com.co\/wp-content\/uploads\/sites\/9\/2020\/09\/Huila.png\" alt=\"\" width=\"950\" height=\"525\"><\/td><\/tr><\/tbody><\/table><\/figure>\n\n\n\n<div class=\"wp-block-buttons is-content-justification-center is-layout-flex wp-container-core-buttons-is-layout-16018d1d wp-block-buttons-is-layout-flex\">\n<div class=\"wp-block-button is-style-fill\" id=\"https:\/\/librosdeoro.cafam.com.co\/libro2020\/mujeres-cafam-1989-2019\/\"><a class=\"wp-block-button__link has-col-f-9-f-9-f-9-color has-col-a-0-bd-3-f-background-color has-text-color has-background has-link-color wp-element-button\" href=\"https:\/\/librosdeoro.cafam.com.co\/libro2020\/mujeres-finalistas\/\" style=\"border-radius:16px\">Volver<\/a><\/div>\n<\/div>\n","protected":false},"excerpt":{"rendered":"<p>Viany Magnolia Liscano Barrera Mujer Cafam Huila Las ra\u00edces nunca se olvidan\u2026 La ni\u00f1ez de Viany estuvo rodeada de pobreza y riqueza, porque a sus cinco a\u00f1os de edad fue entregada por su padres a una prestigiosa familia de Neiva que la adopt\u00f3 durante 10 a\u00f1os y la educ\u00f3 con amor. Y el amor motiv\u00f3 [&hellip;]<\/p>\n","protected":false},"author":4,"featured_media":0,"parent":0,"menu_order":0,"comment_status":"closed","ping_status":"closed","template":"","meta":{"footnotes":""},"class_list":["post-3731","page","type-page","status-publish","hentry"],"yoast_head":"<!-- This site is optimized with the Yoast SEO plugin v23.1 - https:\/\/yoast.com\/wordpress\/plugins\/seo\/ -->\n<title>Viany Magnolia Liscano Barrera - Libros de Oro 2020<\/title>\n<meta name=\"robots\" content=\"index, follow, max-snippet:-1, max-image-preview:large, max-video-preview:-1\" \/>\n<link rel=\"canonical\" href=\"https:\/\/librosdeoro.cafam.com.co\/libro2020\/viany-magnolia-liscano-barrera\/\" \/>\n<meta property=\"og:locale\" content=\"es_ES\" \/>\n<meta property=\"og:type\" content=\"article\" \/>\n<meta property=\"og:title\" content=\"Viany Magnolia Liscano Barrera - Libros de Oro 2020\" \/>\n<meta property=\"og:description\" content=\"Viany Magnolia Liscano Barrera Mujer Cafam Huila Las ra\u00edces nunca se olvidan\u2026 La ni\u00f1ez de Viany estuvo rodeada de pobreza y riqueza, porque a sus cinco a\u00f1os de edad fue entregada por su padres a una prestigiosa familia de Neiva que la adopt\u00f3 durante 10 a\u00f1os y la educ\u00f3 con amor. Y el amor motiv\u00f3 [&hellip;]\" \/>\n<meta property=\"og:url\" content=\"https:\/\/librosdeoro.cafam.com.co\/libro2020\/viany-magnolia-liscano-barrera\/\" \/>\n<meta property=\"og:site_name\" content=\"Libros de Oro 2020\" \/>\n<meta property=\"article:modified_time\" content=\"2025-07-10T20:48:26+00:00\" \/>\n<meta property=\"og:image\" content=\"https:\/\/librosdeoro.cafam.com.co\/wp-content\/uploads\/sites\/9\/2020\/02\/HUILA-VIANY-MAGNOLIA-LIZCANO-BARRERA-IMAV_1280.jpg\" \/>\n<meta name=\"twitter:card\" content=\"summary_large_image\" \/>\n<meta name=\"twitter:label1\" content=\"Tiempo de lectura\" \/>\n\t<meta name=\"twitter:data1\" content=\"3 minutos\" \/>\n<script type=\"application\/ld+json\" class=\"yoast-schema-graph\">{\"@context\":\"https:\/\/schema.org\",\"@graph\":[{\"@type\":\"WebPage\",\"@id\":\"https:\/\/librosdeoro.cafam.com.co\/libro2020\/viany-magnolia-liscano-barrera\/\",\"url\":\"https:\/\/librosdeoro.cafam.com.co\/libro2020\/viany-magnolia-liscano-barrera\/\",\"name\":\"Viany Magnolia Liscano Barrera - Libros de Oro 2020\",\"isPartOf\":{\"@id\":\"https:\/\/librosdeoro.cafam.com.co\/libro2020\/#website\"},\"primaryImageOfPage\":{\"@id\":\"https:\/\/librosdeoro.cafam.com.co\/libro2020\/viany-magnolia-liscano-barrera\/#primaryimage\"},\"image\":{\"@id\":\"https:\/\/librosdeoro.cafam.com.co\/libro2020\/viany-magnolia-liscano-barrera\/#primaryimage\"},\"thumbnailUrl\":\"https:\/\/librosdeoro.cafam.com.co\/wp-content\/uploads\/sites\/9\/2020\/02\/HUILA-VIANY-MAGNOLIA-LIZCANO-BARRERA-IMAV_1280.jpg\",\"datePublished\":\"2025-07-10T20:48:25+00:00\",\"dateModified\":\"2025-07-10T20:48:26+00:00\",\"breadcrumb\":{\"@id\":\"https:\/\/librosdeoro.cafam.com.co\/libro2020\/viany-magnolia-liscano-barrera\/#breadcrumb\"},\"inLanguage\":\"es-CO\",\"potentialAction\":[{\"@type\":\"ReadAction\",\"target\":[\"https:\/\/librosdeoro.cafam.com.co\/libro2020\/viany-magnolia-liscano-barrera\/\"]}]},{\"@type\":\"ImageObject\",\"inLanguage\":\"es-CO\",\"@id\":\"https:\/\/librosdeoro.cafam.com.co\/libro2020\/viany-magnolia-liscano-barrera\/#primaryimage\",\"url\":\"https:\/\/librosdeoro.cafam.com.co\/wp-content\/uploads\/sites\/9\/2020\/02\/HUILA-VIANY-MAGNOLIA-LIZCANO-BARRERA-IMAV_1280.jpg\",\"contentUrl\":\"https:\/\/librosdeoro.cafam.com.co\/wp-content\/uploads\/sites\/9\/2020\/02\/HUILA-VIANY-MAGNOLIA-LIZCANO-BARRERA-IMAV_1280.jpg\"},{\"@type\":\"BreadcrumbList\",\"@id\":\"https:\/\/librosdeoro.cafam.com.co\/libro2020\/viany-magnolia-liscano-barrera\/#breadcrumb\",\"itemListElement\":[{\"@type\":\"ListItem\",\"position\":1,\"name\":\"Home\",\"item\":\"https:\/\/librosdeoro.cafam.com.co\/libro2020\/\"},{\"@type\":\"ListItem\",\"position\":2,\"name\":\"Viany Magnolia Liscano Barrera\"}]},{\"@type\":\"WebSite\",\"@id\":\"https:\/\/librosdeoro.cafam.com.co\/libro2020\/#website\",\"url\":\"https:\/\/librosdeoro.cafam.com.co\/libro2020\/\",\"name\":\"Libros de Oro 2020\",\"description\":\"\",\"potentialAction\":[{\"@type\":\"SearchAction\",\"target\":{\"@type\":\"EntryPoint\",\"urlTemplate\":\"https:\/\/librosdeoro.cafam.com.co\/libro2020\/?s={search_term_string}\"},\"query-input\":\"required name=search_term_string\"}],\"inLanguage\":\"es-CO\"}]}<\/script>\n<!-- \/ Yoast SEO plugin. -->","yoast_head_json":{"title":"Viany Magnolia Liscano Barrera - Libros de Oro 2020","robots":{"index":"index","follow":"follow","max-snippet":"max-snippet:-1","max-image-preview":"max-image-preview:large","max-video-preview":"max-video-preview:-1"},"canonical":"https:\/\/librosdeoro.cafam.com.co\/libro2020\/viany-magnolia-liscano-barrera\/","og_locale":"es_ES","og_type":"article","og_title":"Viany Magnolia Liscano Barrera - Libros de Oro 2020","og_description":"Viany Magnolia Liscano Barrera Mujer Cafam Huila Las ra\u00edces nunca se olvidan\u2026 La ni\u00f1ez de Viany estuvo rodeada de pobreza y riqueza, porque a sus cinco a\u00f1os de edad fue entregada por su padres a una prestigiosa familia de Neiva que la adopt\u00f3 durante 10 a\u00f1os y la educ\u00f3 con amor. Y el amor motiv\u00f3 [&hellip;]","og_url":"https:\/\/librosdeoro.cafam.com.co\/libro2020\/viany-magnolia-liscano-barrera\/","og_site_name":"Libros de Oro 2020","article_modified_time":"2025-07-10T20:48:26+00:00","og_image":[{"url":"https:\/\/librosdeoro.cafam.com.co\/wp-content\/uploads\/sites\/9\/2020\/02\/HUILA-VIANY-MAGNOLIA-LIZCANO-BARRERA-IMAV_1280.jpg"}],"twitter_card":"summary_large_image","twitter_misc":{"Tiempo de lectura":"3 minutos"},"schema":{"@context":"https:\/\/schema.org","@graph":[{"@type":"WebPage","@id":"https:\/\/librosdeoro.cafam.com.co\/libro2020\/viany-magnolia-liscano-barrera\/","url":"https:\/\/librosdeoro.cafam.com.co\/libro2020\/viany-magnolia-liscano-barrera\/","name":"Viany Magnolia Liscano Barrera - Libros de Oro 2020","isPartOf":{"@id":"https:\/\/librosdeoro.cafam.com.co\/libro2020\/#website"},"primaryImageOfPage":{"@id":"https:\/\/librosdeoro.cafam.com.co\/libro2020\/viany-magnolia-liscano-barrera\/#primaryimage"},"image":{"@id":"https:\/\/librosdeoro.cafam.com.co\/libro2020\/viany-magnolia-liscano-barrera\/#primaryimage"},"thumbnailUrl":"https:\/\/librosdeoro.cafam.com.co\/wp-content\/uploads\/sites\/9\/2020\/02\/HUILA-VIANY-MAGNOLIA-LIZCANO-BARRERA-IMAV_1280.jpg","datePublished":"2025-07-10T20:48:25+00:00","dateModified":"2025-07-10T20:48:26+00:00","breadcrumb":{"@id":"https:\/\/librosdeoro.cafam.com.co\/libro2020\/viany-magnolia-liscano-barrera\/#breadcrumb"},"inLanguage":"es-CO","potentialAction":[{"@type":"ReadAction","target":["https:\/\/librosdeoro.cafam.com.co\/libro2020\/viany-magnolia-liscano-barrera\/"]}]},{"@type":"ImageObject","inLanguage":"es-CO","@id":"https:\/\/librosdeoro.cafam.com.co\/libro2020\/viany-magnolia-liscano-barrera\/#primaryimage","url":"https:\/\/librosdeoro.cafam.com.co\/wp-content\/uploads\/sites\/9\/2020\/02\/HUILA-VIANY-MAGNOLIA-LIZCANO-BARRERA-IMAV_1280.jpg","contentUrl":"https:\/\/librosdeoro.cafam.com.co\/wp-content\/uploads\/sites\/9\/2020\/02\/HUILA-VIANY-MAGNOLIA-LIZCANO-BARRERA-IMAV_1280.jpg"},{"@type":"BreadcrumbList","@id":"https:\/\/librosdeoro.cafam.com.co\/libro2020\/viany-magnolia-liscano-barrera\/#breadcrumb","itemListElement":[{"@type":"ListItem","position":1,"name":"Home","item":"https:\/\/librosdeoro.cafam.com.co\/libro2020\/"},{"@type":"ListItem","position":2,"name":"Viany Magnolia Liscano Barrera"}]},{"@type":"WebSite","@id":"https:\/\/librosdeoro.cafam.com.co\/libro2020\/#website","url":"https:\/\/librosdeoro.cafam.com.co\/libro2020\/","name":"Libros de Oro 2020","description":"","potentialAction":[{"@type":"SearchAction","target":{"@type":"EntryPoint","urlTemplate":"https:\/\/librosdeoro.cafam.com.co\/libro2020\/?s={search_term_string}"},"query-input":"required name=search_term_string"}],"inLanguage":"es-CO"}]}},"_links":{"self":[{"href":"https:\/\/librosdeoro.cafam.com.co\/libro2020\/wp-json\/wp\/v2\/pages\/3731","targetHints":{"allow":["GET"]}}],"collection":[{"href":"https:\/\/librosdeoro.cafam.com.co\/libro2020\/wp-json\/wp\/v2\/pages"}],"about":[{"href":"https:\/\/librosdeoro.cafam.com.co\/libro2020\/wp-json\/wp\/v2\/types\/page"}],"author":[{"embeddable":true,"href":"https:\/\/librosdeoro.cafam.com.co\/libro2020\/wp-json\/wp\/v2\/users\/4"}],"replies":[{"embeddable":true,"href":"https:\/\/librosdeoro.cafam.com.co\/libro2020\/wp-json\/wp\/v2\/comments?post=3731"}],"version-history":[{"count":1,"href":"https:\/\/librosdeoro.cafam.com.co\/libro2020\/wp-json\/wp\/v2\/pages\/3731\/revisions"}],"predecessor-version":[{"id":3733,"href":"https:\/\/librosdeoro.cafam.com.co\/libro2020\/wp-json\/wp\/v2\/pages\/3731\/revisions\/3733"}],"wp:attachment":[{"href":"https:\/\/librosdeoro.cafam.com.co\/libro2020\/wp-json\/wp\/v2\/media?parent=3731"}],"curies":[{"name":"wp","href":"https:\/\/api.w.org\/{rel}","templated":true}]}}