{"id":3728,"date":"2025-07-10T20:33:31","date_gmt":"2025-07-10T20:33:31","guid":{"rendered":"https:\/\/librosdeoro.cafam.com.co\/libro2020\/?page_id=3728"},"modified":"2025-07-10T20:33:44","modified_gmt":"2025-07-10T20:33:44","slug":"3728-2","status":"publish","type":"page","link":"https:\/\/librosdeoro.cafam.com.co\/libro2020\/3728-2\/","title":{"rendered":"Johana Baham\u00f3n G\u00f3mez"},"content":{"rendered":"\n<h3 class=\"wp-block-heading\"><\/h3>\n\n\n\n<figure class=\"wp-block-image size-full is-resized\"><img loading=\"lazy\" decoding=\"async\" width=\"1200\" height=\"700\" src=\"https:\/\/librosdeoro.cafam.com.co\/libro2020\/wp-content\/uploads\/sites\/9\/2020\/02\/BOGOTA-JOHANA-CAROLINA-BAHAMON-IMAV_0759.jpg\" alt=\"\" class=\"wp-image-1681\" style=\"width:1400px;height:auto\" srcset=\"https:\/\/librosdeoro.cafam.com.co\/libro2020\/wp-content\/uploads\/sites\/9\/2020\/02\/BOGOTA-JOHANA-CAROLINA-BAHAMON-IMAV_0759.jpg 1200w, https:\/\/librosdeoro.cafam.com.co\/libro2020\/wp-content\/uploads\/sites\/9\/2020\/02\/BOGOTA-JOHANA-CAROLINA-BAHAMON-IMAV_0759-300x175.jpg 300w, https:\/\/librosdeoro.cafam.com.co\/libro2020\/wp-content\/uploads\/sites\/9\/2020\/02\/BOGOTA-JOHANA-CAROLINA-BAHAMON-IMAV_0759-1030x601.jpg 1030w, https:\/\/librosdeoro.cafam.com.co\/libro2020\/wp-content\/uploads\/sites\/9\/2020\/02\/BOGOTA-JOHANA-CAROLINA-BAHAMON-IMAV_0759-768x448.jpg 768w, https:\/\/librosdeoro.cafam.com.co\/libro2020\/wp-content\/uploads\/sites\/9\/2020\/02\/BOGOTA-JOHANA-CAROLINA-BAHAMON-IMAV_0759-705x411.jpg 705w\" sizes=\"auto, (max-width: 1200px) 100vw, 1200px\" \/><\/figure>\n\n\n\n<h1 class=\"wp-block-heading\">Johana Baham\u00f3n G\u00f3mez<\/h1>\n\n\n\n<h2 class=\"wp-block-heading\">Mujer Cafam Bogot\u00e1<\/h2>\n\n\n\n<h3 class=\"wp-block-heading\">Barrotes de libertad<\/h3>\n\n\n\n<figure class=\"wp-block-table\"><table class=\"has-fixed-layout\"><tbody><tr><td colspan=\"2\">Las c\u00e1rceles son un mundo irreal dentro de lo real, un universo paralelo lleno de situaciones impensadas, de amores, de alegr\u00edas, de tristezas, de personas que forman parte de la condici\u00f3n humana en todas sus dimensiones, pero en ese mundo tambi\u00e9n hay mujeres y hombres con talentos escondidos y estos fue lo que Johana supo c\u00f3mo descubrir all\u00ed. Johana, luego de participar como actriz en 15 producciones televisivas, se retir\u00f3 de la actuaci\u00f3n para dedicarse a trabajar en las c\u00e1rceles en procura de las segundas oportunidades para los internos. En el a\u00f1o 2012 cre\u00f3 un grupo de teatro en el centro de reclusi\u00f3n de mujeres \u201cEl Buen Pastor de Bogot\u00e1\u201d, con el que empez\u00f3 su vinculaci\u00f3n al sector carcelario. En el 2013 constituy\u00f3 la Fundaci\u00f3n Teatro Interno, hoy Fundaci\u00f3n Acci\u00f3n Interna. La Fundaci\u00f3n propende por mejorar la calidad de vida de la poblaci\u00f3n carcelaria y pospenada en el pa\u00eds, mediante oportunidades y escenarios de reconciliaci\u00f3n y resocializaci\u00f3n, a trav\u00e9s del desarrollo de sus capacidades y la generaci\u00f3n de proyectos productivos sostenibles social y econ\u00f3micamente.<\/td><td colspan=\"2\">Lo anterior se cumple mediante tres programas: Teatro Interno, Crecimiento Interno y Trabajo Interno, cada uno con sus propios proyectos y actividades productivas como el Restaurante Interno en Cartagena o la primera Agencia de Publicidad en el mundo en la c\u00e1rcel La Modelo de Bogot\u00e1, entre otros proyectos dentro de las c\u00e1rceles de Colombia. Johana es la creadora del I, II y III Festival Nacional de Teatro Carcelario. Organizadora del primer TEDx en una c\u00e1rcel de Am\u00e9rica Latina (TEDx Buen Pastor: C\u00f3mo Convertir Errores en Oportunidades), es miembro del Comit\u00e9 Dignidad Carcelaria del Ministerio de Justicia y del Derecho (desde el 2013). Cofundadora de Casa Libertad, un espacio para atenci\u00f3n al pospenado en alianza con el Ministerio de Justicia, Inpec, Colsubsidio y la Alcald\u00eda de Bogot\u00e1. Gestora, fundadora y creadora del primer restaurante en el mundo abierto al p\u00fablico en una c\u00e1rcel de mujeres, Restaurante Interno, seleccionado por la revista Time como uno de los 100 Mejores Lugares del Mundo en el 2018 En el 2014 Johana fue nombrada por el Ministerio de Justicia y del Derecho de Colombia como Embajadora de Buena Voluntad para promover la resocializaci\u00f3n y humanizaci\u00f3n del sistema penitenciario. Adem\u00e1s, es ganadora del Premio Cafam a la Mujer en su edici\u00f3n n\u00famero 32 del a\u00f1o 2020.<\/td><\/tr><\/tbody><\/table><\/figure>\n\n\n\n<figure class=\"wp-block-table\"><table class=\"has-fixed-layout\"><tbody><tr><td>\u00bfQui\u00e9n es Johana? Johana naci\u00f3 en Cali, Valle del Cauca, el 27 de julio de 1982, es profesional en Administraci\u00f3n de Empresas del Colegio de Estudios Superiores de Administraci\u00f3n &#8211; CESA de Bogot\u00e1. En el a\u00f1o 2000 inici\u00f3 su carrera actoral y complement\u00f3 sus estudios con cursos y talleres de actuaci\u00f3n en Bogot\u00e1 y en la New York Film Academy. Ha participado como conferencista en eventos como el Women&#8217;s Forum for Society and Economy en Desoville, Francia, y Sao Pablo, Brazil; TEDx Mujeres Bogot\u00e1, Woman True North en M\u00e9xico y Demand Solutions en Miami, EXMA Colombia, Alta Consejer\u00eda para los derechos de las V\u00edctimas, la Paz y la Reconciliaci\u00f3n. En el a\u00f1o 2017 fue nombrada Embajadora de Reconciliaci\u00f3n por la OEA. Ganadora del premio Emprendedor Social del a\u00f1o EY (Ernst &amp; Young) 2017. Fue seleccionada por la Fundaci\u00f3n Obama como una de las diez l\u00edderes de Colombia. Es galardonada con el Premio \u201cL\u00edder Incluyente 2019\u201d otorgado por la Fundaci\u00f3n ANDI y USAID, por el desarrollo de estrategias de competitividad inclusivas para la poblaci\u00f3n vulnerable.<\/td><\/tr><\/tbody><\/table><\/figure>\n\n\n\n<figure class=\"wp-block-table\"><table class=\"has-fixed-layout\"><tbody><tr><td><img loading=\"lazy\" decoding=\"async\" src=\"https:\/\/librosdeoro.cafam.com.co\/wp-content\/uploads\/sites\/9\/2020\/09\/Bogota.png\" alt=\"\" width=\"950\" height=\"525\"><\/td><\/tr><\/tbody><\/table><\/figure>\n\n\n\n<div class=\"wp-block-buttons is-content-justification-center is-layout-flex wp-container-core-buttons-is-layout-16018d1d wp-block-buttons-is-layout-flex\">\n<div class=\"wp-block-button is-style-fill\" id=\"https:\/\/librosdeoro.cafam.com.co\/libro2020\/mujeres-cafam-1989-2019\/\"><a class=\"wp-block-button__link has-col-f-9-f-9-f-9-color has-col-a-0-bd-3-f-background-color has-text-color has-background has-link-color wp-element-button\" href=\"https:\/\/librosdeoro.cafam.com.co\/libro2020\/mujeres-finalistas\/\" style=\"border-radius:16px\">Volver<\/a><\/div>\n<\/div>\n\n\n\n<p><\/p>\n\n\n\n<p><\/p>\n\n\n\n<p><\/p>\n\n\n\n<p><\/p>\n","protected":false},"excerpt":{"rendered":"<p>Johana Baham\u00f3n G\u00f3mez Mujer Cafam Bogot\u00e1 Barrotes de libertad Las c\u00e1rceles son un mundo irreal dentro de lo real, un universo paralelo lleno de situaciones impensadas, de amores, de alegr\u00edas, de tristezas, de personas que forman parte de la condici\u00f3n humana en todas sus dimensiones, pero en ese mundo tambi\u00e9n hay mujeres y hombres con [&hellip;]<\/p>\n","protected":false},"author":4,"featured_media":0,"parent":0,"menu_order":0,"comment_status":"closed","ping_status":"closed","template":"","meta":{"footnotes":""},"class_list":["post-3728","page","type-page","status-publish","hentry"],"yoast_head":"<!-- This site is optimized with the Yoast SEO plugin v23.1 - https:\/\/yoast.com\/wordpress\/plugins\/seo\/ -->\n<title>Johana Baham\u00f3n G\u00f3mez - Libros de Oro 2020<\/title>\n<meta name=\"robots\" content=\"index, follow, max-snippet:-1, max-image-preview:large, max-video-preview:-1\" \/>\n<link rel=\"canonical\" href=\"https:\/\/librosdeoro.cafam.com.co\/libro2020\/3728-2\/\" \/>\n<meta property=\"og:locale\" content=\"es_ES\" \/>\n<meta property=\"og:type\" content=\"article\" \/>\n<meta property=\"og:title\" content=\"Johana Baham\u00f3n G\u00f3mez - Libros de Oro 2020\" \/>\n<meta property=\"og:description\" content=\"Johana Baham\u00f3n G\u00f3mez Mujer Cafam Bogot\u00e1 Barrotes de libertad Las c\u00e1rceles son un mundo irreal dentro de lo real, un universo paralelo lleno de situaciones impensadas, de amores, de alegr\u00edas, de tristezas, de personas que forman parte de la condici\u00f3n humana en todas sus dimensiones, pero en ese mundo tambi\u00e9n hay mujeres y hombres con [&hellip;]\" \/>\n<meta property=\"og:url\" content=\"https:\/\/librosdeoro.cafam.com.co\/libro2020\/3728-2\/\" \/>\n<meta property=\"og:site_name\" content=\"Libros de Oro 2020\" \/>\n<meta property=\"article:modified_time\" content=\"2025-07-10T20:33:44+00:00\" \/>\n<meta property=\"og:image\" content=\"https:\/\/librosdeoro.cafam.com.co\/libro2020\/wp-content\/uploads\/sites\/9\/2020\/02\/BOGOTA-JOHANA-CAROLINA-BAHAMON-IMAV_0759.jpg\" \/>\n<meta name=\"twitter:card\" content=\"summary_large_image\" \/>\n<meta name=\"twitter:label1\" content=\"Tiempo de lectura\" \/>\n\t<meta name=\"twitter:data1\" content=\"3 minutos\" \/>\n<script type=\"application\/ld+json\" class=\"yoast-schema-graph\">{\"@context\":\"https:\/\/schema.org\",\"@graph\":[{\"@type\":\"WebPage\",\"@id\":\"https:\/\/librosdeoro.cafam.com.co\/libro2020\/3728-2\/\",\"url\":\"https:\/\/librosdeoro.cafam.com.co\/libro2020\/3728-2\/\",\"name\":\"Johana Baham\u00f3n G\u00f3mez - Libros de Oro 2020\",\"isPartOf\":{\"@id\":\"https:\/\/librosdeoro.cafam.com.co\/libro2020\/#website\"},\"primaryImageOfPage\":{\"@id\":\"https:\/\/librosdeoro.cafam.com.co\/libro2020\/3728-2\/#primaryimage\"},\"image\":{\"@id\":\"https:\/\/librosdeoro.cafam.com.co\/libro2020\/3728-2\/#primaryimage\"},\"thumbnailUrl\":\"https:\/\/librosdeoro.cafam.com.co\/libro2020\/wp-content\/uploads\/sites\/9\/2020\/02\/BOGOTA-JOHANA-CAROLINA-BAHAMON-IMAV_0759.jpg\",\"datePublished\":\"2025-07-10T20:33:31+00:00\",\"dateModified\":\"2025-07-10T20:33:44+00:00\",\"breadcrumb\":{\"@id\":\"https:\/\/librosdeoro.cafam.com.co\/libro2020\/3728-2\/#breadcrumb\"},\"inLanguage\":\"es-CO\",\"potentialAction\":[{\"@type\":\"ReadAction\",\"target\":[\"https:\/\/librosdeoro.cafam.com.co\/libro2020\/3728-2\/\"]}]},{\"@type\":\"ImageObject\",\"inLanguage\":\"es-CO\",\"@id\":\"https:\/\/librosdeoro.cafam.com.co\/libro2020\/3728-2\/#primaryimage\",\"url\":\"https:\/\/librosdeoro.cafam.com.co\/libro2020\/wp-content\/uploads\/sites\/9\/2020\/02\/BOGOTA-JOHANA-CAROLINA-BAHAMON-IMAV_0759.jpg\",\"contentUrl\":\"https:\/\/librosdeoro.cafam.com.co\/libro2020\/wp-content\/uploads\/sites\/9\/2020\/02\/BOGOTA-JOHANA-CAROLINA-BAHAMON-IMAV_0759.jpg\",\"width\":1200,\"height\":700},{\"@type\":\"BreadcrumbList\",\"@id\":\"https:\/\/librosdeoro.cafam.com.co\/libro2020\/3728-2\/#breadcrumb\",\"itemListElement\":[{\"@type\":\"ListItem\",\"position\":1,\"name\":\"Home\",\"item\":\"https:\/\/librosdeoro.cafam.com.co\/libro2020\/\"},{\"@type\":\"ListItem\",\"position\":2,\"name\":\"Johana Baham\u00f3n G\u00f3mez\"}]},{\"@type\":\"WebSite\",\"@id\":\"https:\/\/librosdeoro.cafam.com.co\/libro2020\/#website\",\"url\":\"https:\/\/librosdeoro.cafam.com.co\/libro2020\/\",\"name\":\"Libros de Oro 2020\",\"description\":\"\",\"potentialAction\":[{\"@type\":\"SearchAction\",\"target\":{\"@type\":\"EntryPoint\",\"urlTemplate\":\"https:\/\/librosdeoro.cafam.com.co\/libro2020\/?s={search_term_string}\"},\"query-input\":\"required name=search_term_string\"}],\"inLanguage\":\"es-CO\"}]}<\/script>\n<!-- \/ Yoast SEO plugin. -->","yoast_head_json":{"title":"Johana Baham\u00f3n G\u00f3mez - Libros de Oro 2020","robots":{"index":"index","follow":"follow","max-snippet":"max-snippet:-1","max-image-preview":"max-image-preview:large","max-video-preview":"max-video-preview:-1"},"canonical":"https:\/\/librosdeoro.cafam.com.co\/libro2020\/3728-2\/","og_locale":"es_ES","og_type":"article","og_title":"Johana Baham\u00f3n G\u00f3mez - Libros de Oro 2020","og_description":"Johana Baham\u00f3n G\u00f3mez Mujer Cafam Bogot\u00e1 Barrotes de libertad Las c\u00e1rceles son un mundo irreal dentro de lo real, un universo paralelo lleno de situaciones impensadas, de amores, de alegr\u00edas, de tristezas, de personas que forman parte de la condici\u00f3n humana en todas sus dimensiones, pero en ese mundo tambi\u00e9n hay mujeres y hombres con [&hellip;]","og_url":"https:\/\/librosdeoro.cafam.com.co\/libro2020\/3728-2\/","og_site_name":"Libros de Oro 2020","article_modified_time":"2025-07-10T20:33:44+00:00","og_image":[{"url":"https:\/\/librosdeoro.cafam.com.co\/libro2020\/wp-content\/uploads\/sites\/9\/2020\/02\/BOGOTA-JOHANA-CAROLINA-BAHAMON-IMAV_0759.jpg"}],"twitter_card":"summary_large_image","twitter_misc":{"Tiempo de lectura":"3 minutos"},"schema":{"@context":"https:\/\/schema.org","@graph":[{"@type":"WebPage","@id":"https:\/\/librosdeoro.cafam.com.co\/libro2020\/3728-2\/","url":"https:\/\/librosdeoro.cafam.com.co\/libro2020\/3728-2\/","name":"Johana Baham\u00f3n G\u00f3mez - Libros de Oro 2020","isPartOf":{"@id":"https:\/\/librosdeoro.cafam.com.co\/libro2020\/#website"},"primaryImageOfPage":{"@id":"https:\/\/librosdeoro.cafam.com.co\/libro2020\/3728-2\/#primaryimage"},"image":{"@id":"https:\/\/librosdeoro.cafam.com.co\/libro2020\/3728-2\/#primaryimage"},"thumbnailUrl":"https:\/\/librosdeoro.cafam.com.co\/libro2020\/wp-content\/uploads\/sites\/9\/2020\/02\/BOGOTA-JOHANA-CAROLINA-BAHAMON-IMAV_0759.jpg","datePublished":"2025-07-10T20:33:31+00:00","dateModified":"2025-07-10T20:33:44+00:00","breadcrumb":{"@id":"https:\/\/librosdeoro.cafam.com.co\/libro2020\/3728-2\/#breadcrumb"},"inLanguage":"es-CO","potentialAction":[{"@type":"ReadAction","target":["https:\/\/librosdeoro.cafam.com.co\/libro2020\/3728-2\/"]}]},{"@type":"ImageObject","inLanguage":"es-CO","@id":"https:\/\/librosdeoro.cafam.com.co\/libro2020\/3728-2\/#primaryimage","url":"https:\/\/librosdeoro.cafam.com.co\/libro2020\/wp-content\/uploads\/sites\/9\/2020\/02\/BOGOTA-JOHANA-CAROLINA-BAHAMON-IMAV_0759.jpg","contentUrl":"https:\/\/librosdeoro.cafam.com.co\/libro2020\/wp-content\/uploads\/sites\/9\/2020\/02\/BOGOTA-JOHANA-CAROLINA-BAHAMON-IMAV_0759.jpg","width":1200,"height":700},{"@type":"BreadcrumbList","@id":"https:\/\/librosdeoro.cafam.com.co\/libro2020\/3728-2\/#breadcrumb","itemListElement":[{"@type":"ListItem","position":1,"name":"Home","item":"https:\/\/librosdeoro.cafam.com.co\/libro2020\/"},{"@type":"ListItem","position":2,"name":"Johana Baham\u00f3n G\u00f3mez"}]},{"@type":"WebSite","@id":"https:\/\/librosdeoro.cafam.com.co\/libro2020\/#website","url":"https:\/\/librosdeoro.cafam.com.co\/libro2020\/","name":"Libros de Oro 2020","description":"","potentialAction":[{"@type":"SearchAction","target":{"@type":"EntryPoint","urlTemplate":"https:\/\/librosdeoro.cafam.com.co\/libro2020\/?s={search_term_string}"},"query-input":"required name=search_term_string"}],"inLanguage":"es-CO"}]}},"_links":{"self":[{"href":"https:\/\/librosdeoro.cafam.com.co\/libro2020\/wp-json\/wp\/v2\/pages\/3728","targetHints":{"allow":["GET"]}}],"collection":[{"href":"https:\/\/librosdeoro.cafam.com.co\/libro2020\/wp-json\/wp\/v2\/pages"}],"about":[{"href":"https:\/\/librosdeoro.cafam.com.co\/libro2020\/wp-json\/wp\/v2\/types\/page"}],"author":[{"embeddable":true,"href":"https:\/\/librosdeoro.cafam.com.co\/libro2020\/wp-json\/wp\/v2\/users\/4"}],"replies":[{"embeddable":true,"href":"https:\/\/librosdeoro.cafam.com.co\/libro2020\/wp-json\/wp\/v2\/comments?post=3728"}],"version-history":[{"count":2,"href":"https:\/\/librosdeoro.cafam.com.co\/libro2020\/wp-json\/wp\/v2\/pages\/3728\/revisions"}],"predecessor-version":[{"id":3730,"href":"https:\/\/librosdeoro.cafam.com.co\/libro2020\/wp-json\/wp\/v2\/pages\/3728\/revisions\/3730"}],"wp:attachment":[{"href":"https:\/\/librosdeoro.cafam.com.co\/libro2020\/wp-json\/wp\/v2\/media?parent=3728"}],"curies":[{"name":"wp","href":"https:\/\/api.w.org\/{rel}","templated":true}]}}